{"id":12291,"date":"2021-09-15T18:39:27","date_gmt":"2021-09-15T18:39:27","guid":{"rendered":"https:\/\/mabawater.sinclaire.com.mx\/?post_type=product&#038;p=12291"},"modified":"2026-04-11T19:34:33","modified_gmt":"2026-04-11T19:34:33","slug":"acondicionador-antisarro-1-2-1050-lts-hora","status":"publish","type":"product","link":"https:\/\/mabawater.com\/en\/product\/acondicionador-antisarro-1-2-1050-lts-hora\/","title":{"rendered":"ACONDICIONADOR ANTISARRO 1\/2&#8243; 1050LTS\/HORA"},"content":{"rendered":"<h1>ACONDICIONADOR ANTISARRO<\/h1>\n<p>El <strong>ACONDICIONADOR ANTISARRO<\/strong> 1\/2&#8243; 1050 LTS\/HORA no requiere ning\u00fan manteniemiento, no consume energ\u00eda el\u00e9ctrica y es de f\u00e1cil instlaci\u00f3n. Disocia los iones de calcio y magnesio. Evita las incrustaciones del molesto sarro.<\/p>\n<p>SE RECOMIENDA INSTALAR ESTE PRODUCTO CON LA<strong> BOLSA ANTISARRO<\/strong><\/p>\n<p>Somos una empresa mexicana especializada en soluciones h\u00eddricas sustentables, implementamos proyectos y tecnolog\u00eda que garantice una gesti\u00f3n integral del agua con el objetivo de generar ahorro, uso y manejo responsable\u00a0 y eficiente del recurso, brindar seguridad, calidad y constancia en el suministro de agua potable y saneamiento.<\/p>\n<p><strong>Nuestra Misi\u00f3n<\/strong><\/p>\n<p>Promover el desarrollo sustentable mediante la utilizaci\u00f3n de ecotecnolog\u00edas y dise\u00f1o sostenible, dirigido al sector urbano y comercial, fomentando una cultura ecol\u00f3gica en nuestros clientes ofertando y desarrollando productos y sistemas que otorguen los beneficios de:<\/p>\n<ul>\n<li>ahorro de energ\u00eda<\/li>\n<li>reducci\u00f3n del impacto ambiental<\/li>\n<li>gesti\u00f3n sustentable de los recursos h\u00eddricos<\/li>\n<li>optimizaci\u00f3n de los recursos y energ\u00edas renovables<\/li>\n<\/ul>\n<p><strong>Nuestra Visi\u00f3n<\/strong><\/p>\n<p>MabaWater es una empresa de alta confianza, responsabilidad y profesionalismo en el \u00e1mbito del desarrollo sustentable, con base en el desarrollo e implementaci\u00f3n de la m\u00e1s alta tecnolog\u00eda en sinergia con programas y campa\u00f1as para cultura de cuidado del medio ambiente.<\/p>\n<p>Nuestra garant\u00eda<\/p>\n<p>1 a\u00f1o de garantia en funcionamiento1 mes de garantia en satisfacci\u00f3n<\/p>\n<h3>Encu\u00e9ntranos es:<\/h3>\n<p>Calzada Zavaleta #1302. local 101, 75150 Puebla de Zaragoza, M\u00e9xico<\/p>\n<h3>Ll\u00e1manos a:<\/h3>\n<p>Tel\u00e9fono: 222 369 0818Ventas &#8211; Ext 1Atenci\u00f3n a clientes &#8211; Ext 2Asistencia t\u00e9cnica y \u00e1rea de ingenieria &#8211; Ext 3<\/p>\n<h3>Escribenos a:<\/h3>\n<p><a href=\"mailto:contacto@mabawater.com\">contacto@mabawater.com<\/a><\/p>\n<p>&nbsp;<\/p>\n<p>El\u00a0<b>descalcificador<\/b>\u00a0o\u00a0<b>ablandador de agua<\/b>\u00a0es un aparato que, por medios\u00a0<a title=\"Mec\u00e1nica\" href=\"https:\/\/es.wikipedia.org\/wiki\/Mec%C3%A1nica\">mec\u00e1nicos<\/a>\u00a0o\u00a0<a title=\"Qu\u00edmica\" href=\"https:\/\/es.wikipedia.org\/wiki\/Qu%C3%ADmica\">qu\u00edmicos<\/a>, trata el\u00a0<a title=\"Agua\" href=\"https:\/\/es.wikipedia.org\/wiki\/Agua\">agua<\/a>\u00a0para reducir el contenido de\u00a0<a title=\"Sales minerales\" href=\"https:\/\/es.wikipedia.org\/wiki\/Sales_minerales\">sales minerales<\/a>.<\/p>\n<p>El agua con alto contenido de sales de\u00a0<a title=\"Calcio\" href=\"https:\/\/es.wikipedia.org\/wiki\/Calcio\">calcio<\/a>\u00a0o\u00a0<a title=\"Magnesio\" href=\"https:\/\/es.wikipedia.org\/wiki\/Magnesio\">magnesio<\/a>\u00a0(<a title=\"Agua dura\" href=\"https:\/\/es.wikipedia.org\/wiki\/Agua_dura\">agua dura<\/a>) tiende a formar incrustaciones minerales en las paredes de las tuber\u00edas. En algunos casos bloquean casi la totalidad de la secci\u00f3n del tubo.<\/p>\n<p>Las sales se adhieren con m\u00e1s frecuencia a las tuber\u00edas de agua caliente as\u00ed como a las superficies de las\u00a0<a title=\"M\u00e1quina\" href=\"https:\/\/es.wikipedia.org\/wiki\/M%C3%A1quina\">m\u00e1quinas<\/a>\u00a0que trabajen o produzcan agua caliente. Un ejemplo de esto son las\u00a0<a title=\"Cafetera\" href=\"https:\/\/es.wikipedia.org\/wiki\/Cafetera\">cafeteras<\/a>\u00a0y los\u00a0<a title=\"Calentador de agua\" href=\"https:\/\/es.wikipedia.org\/wiki\/Calentador_de_agua\">calentadores de agua<\/a>. El calcio y magnesio al adherirse a las\u00a0<a title=\"Resistencia calentadora\" href=\"https:\/\/es.wikipedia.org\/wiki\/Resistencia_calentadora\">resistencias calentadores<\/a>\u00a0forma una capa que evita el contacto del agua con las resistencias, causando un sobrecalentamiento y la ruptura de la resistencia.<\/p>\n<p>Las aguas duras, cuando entran en contacto con el\u00a0<a title=\"Jab\u00f3n\" href=\"https:\/\/es.wikipedia.org\/wiki\/Jab%C3%B3n\">jab\u00f3n<\/a>, reducen su capacidad de crear espuma, obligando a aumentar el tiempo de uso. Los\u00a0<a title=\"Detergente\" href=\"https:\/\/es.wikipedia.org\/wiki\/Detergente\">detergentes<\/a>\u00a0tambi\u00e9n son afectados, forzando a emplear mayor concentraci\u00f3n del producto para cumplir con su misi\u00f3n de lavado.<\/p>\n<p>La\u00a0<a title=\"Corrosi\u00f3n\" href=\"https:\/\/es.wikipedia.org\/wiki\/Corrosi%C3%B3n\">corrosi\u00f3n<\/a>\u00a0<a title=\"Galvanizado\" href=\"https:\/\/es.wikipedia.org\/wiki\/Galvanizado\">galv\u00e1nica<\/a>\u00a0empeora en presencia de los\u00a0<a title=\"Ion\" href=\"https:\/\/es.wikipedia.org\/wiki\/Ion\">iones<\/a>\u00a0de estos\u00a0<a title=\"Metal\" href=\"https:\/\/es.wikipedia.org\/wiki\/Metal\">metales<\/a>. Las paredes de un calentador se corroen con mayor\u00a0<a title=\"Velocidad\" href=\"https:\/\/es.wikipedia.org\/wiki\/Velocidad\">velocidad<\/a>\u00a0obligando a cambiar con mayor frecuencia los\u00a0<a title=\"\u00c1nodo de sacrificio\" href=\"https:\/\/es.wikipedia.org\/wiki\/%C3%81nodo_de_sacrificio\">\u00e1nodos de sacrificio<\/a>.<\/p>\n<p>Consulta m\u00e1s de nuestro aviso de privacidad <a href=\"https:\/\/mabawater.com\/en\/aviso-de-privacidad\/\">aqu\u00ed<\/a><\/p>","protected":false},"excerpt":{"rendered":"<p><strong>Acondicionador antisarro<\/strong> ecol\u00f3gico, no requiere ning\u00fan manteniemiento, no consume energ\u00eda el\u00e9ctrica y es de f\u00e1cil instlaci\u00f3n.<\/p>\n<p>Disocia los iones de calcio y magnesio. Evita las incrustaciones del molesto sarro.<\/p>\n<p>*SE RECOMIENDA INSTALAR ESTE PRODUCTO CON LA <strong>BOLSA ANTISARRO<\/strong><\/p>\n<p>* VER <strong>KIT ANTISARRO<\/strong><\/p>","protected":false},"featured_media":12292,"comment_status":"open","ping_status":"closed","template":"","meta":[],"product_brand":[],"product_cat":[145,76],"product_tag":[],"class_list":{"0":"post-12291","1":"product","2":"type-product","3":"status-publish","4":"has-post-thumbnail","6":"product_cat-tratamiento-de-agua","7":"product_cat-linea-anti-sarro","9":"first","10":"instock","11":"shipping-taxable","12":"product-type-simple"},"yoast_head":"<!-- This site is optimized with the Yoast SEO plugin v26.6 - https:\/\/yoast.com\/wordpress\/plugins\/seo\/ -->\n<title>ACONDICIONADOR ANTISARRO 1\/2&quot; 1050LTS - Maba Water<\/title>\n<meta name=\"description\" content=\"El ACONDICIONADOR ANTISARRO 1\/2&quot; 1050 LTS\/HORA no requiere ning\u00fan manteniemiento, no consume energ\u00eda el\u00e9ctrica y es de f\u00e1cil instlaci\u00f3n.\" \/>\n<meta name=\"robots\" content=\"index, follow, max-snippet:-1, max-image-preview:large, max-video-preview:-1\" \/>\n<link rel=\"canonical\" href=\"https:\/\/mabawater.com\/en\/product\/acondicionador-antisarro-1-2-1050-lts-hora\/\" \/>\n<meta property=\"og:locale\" content=\"en_US\" \/>\n<meta property=\"og:type\" content=\"article\" \/>\n<meta property=\"og:title\" content=\"ACONDICIONADOR ANTISARRO 1\/2&quot; 1050LTS - Maba Water\" \/>\n<meta property=\"og:description\" content=\"El ACONDICIONADOR ANTISARRO 1\/2&quot; 1050 LTS\/HORA no requiere ning\u00fan manteniemiento, no consume energ\u00eda el\u00e9ctrica y es de f\u00e1cil instlaci\u00f3n.\" \/>\n<meta property=\"og:url\" content=\"https:\/\/mabawater.com\/en\/product\/acondicionador-antisarro-1-2-1050-lts-hora\/\" \/>\n<meta property=\"og:site_name\" content=\"Maba Water\" \/>\n<meta property=\"article:publisher\" content=\"https:\/\/www.facebook.com\/mabawater\/\" \/>\n<meta property=\"article:modified_time\" content=\"2026-04-11T19:34:33+00:00\" \/>\n<meta property=\"og:image\" content=\"https:\/\/mabawater.com\/wp-content\/uploads\/2021\/09\/FIL-023-1.jpg\" \/>\n\t<meta property=\"og:image:width\" content=\"756\" \/>\n\t<meta property=\"og:image:height\" content=\"756\" \/>\n\t<meta property=\"og:image:type\" content=\"image\/jpeg\" \/>\n<meta name=\"twitter:card\" content=\"summary_large_image\" \/>\n<meta name=\"twitter:label1\" content=\"Est. reading time\" \/>\n\t<meta name=\"twitter:data1\" content=\"2 minutes\" \/>\n<!-- \/ Yoast SEO plugin. -->","yoast_head_json":{"title":"ACONDICIONADOR ANTISARRO 1\/2\" 1050LTS - Maba Water","description":"El ACONDICIONADOR ANTISARRO 1\/2\" 1050 LTS\/HORA no requiere ning\u00fan manteniemiento, no consume energ\u00eda el\u00e9ctrica y es de f\u00e1cil instlaci\u00f3n.","robots":{"index":"index","follow":"follow","max-snippet":"max-snippet:-1","max-image-preview":"max-image-preview:large","max-video-preview":"max-video-preview:-1"},"canonical":"https:\/\/mabawater.com\/en\/product\/acondicionador-antisarro-1-2-1050-lts-hora\/","og_locale":"en_US","og_type":"article","og_title":"ACONDICIONADOR ANTISARRO 1\/2\" 1050LTS - Maba Water","og_description":"El ACONDICIONADOR ANTISARRO 1\/2\" 1050 LTS\/HORA no requiere ning\u00fan manteniemiento, no consume energ\u00eda el\u00e9ctrica y es de f\u00e1cil instlaci\u00f3n.","og_url":"https:\/\/mabawater.com\/en\/product\/acondicionador-antisarro-1-2-1050-lts-hora\/","og_site_name":"Maba Water","article_publisher":"https:\/\/www.facebook.com\/mabawater\/","article_modified_time":"2026-04-11T19:34:33+00:00","og_image":[{"width":756,"height":756,"url":"https:\/\/mabawater.com\/wp-content\/uploads\/2021\/09\/FIL-023-1.jpg","type":"image\/jpeg"}],"twitter_card":"summary_large_image","twitter_misc":{"Est. reading time":"2 minutes"},"schema":{"@context":"https:\/\/schema.org","@graph":[{"@type":"WebPage","@id":"https:\/\/mabawater.com\/producto\/acondicionador-antisarro-1-2-1050-lts-hora\/","url":"https:\/\/mabawater.com\/producto\/acondicionador-antisarro-1-2-1050-lts-hora\/","name":"ACONDICIONADOR ANTISARRO 1\/2\" 1050LTS - Maba Water","isPartOf":{"@id":"https:\/\/mabawater.com\/#website"},"primaryImageOfPage":{"@id":"https:\/\/mabawater.com\/producto\/acondicionador-antisarro-1-2-1050-lts-hora\/#primaryimage"},"image":{"@id":"https:\/\/mabawater.com\/producto\/acondicionador-antisarro-1-2-1050-lts-hora\/#primaryimage"},"thumbnailUrl":"https:\/\/mabawater.com\/wp-content\/uploads\/2021\/09\/FIL-023-1.jpg","datePublished":"2021-09-15T18:39:27+00:00","dateModified":"2026-04-11T19:34:33+00:00","description":"El ACONDICIONADOR ANTISARRO 1\/2\" 1050 LTS\/HORA no requiere ning\u00fan manteniemiento, no consume energ\u00eda el\u00e9ctrica y es de f\u00e1cil instlaci\u00f3n.","breadcrumb":{"@id":"https:\/\/mabawater.com\/producto\/acondicionador-antisarro-1-2-1050-lts-hora\/#breadcrumb"},"inLanguage":"en-US","potentialAction":[{"@type":"ReadAction","target":["https:\/\/mabawater.com\/producto\/acondicionador-antisarro-1-2-1050-lts-hora\/"]}]},{"@type":"ImageObject","inLanguage":"en-US","@id":"https:\/\/mabawater.com\/producto\/acondicionador-antisarro-1-2-1050-lts-hora\/#primaryimage","url":"https:\/\/mabawater.com\/wp-content\/uploads\/2021\/09\/FIL-023-1.jpg","contentUrl":"https:\/\/mabawater.com\/wp-content\/uploads\/2021\/09\/FIL-023-1.jpg","width":756,"height":756,"caption":"ACONDICIONADOR ANTISARRO 1\/2\" 1050LTS\/HORA"},{"@type":"BreadcrumbList","@id":"https:\/\/mabawater.com\/producto\/acondicionador-antisarro-1-2-1050-lts-hora\/#breadcrumb","itemListElement":[{"@type":"ListItem","position":1,"name":"Portada","item":"https:\/\/mabawater.com\/"},{"@type":"ListItem","position":2,"name":"Productos Para La Calidad Del Agua","item":"https:\/\/mabawater.com\/productos-para-la-calidad-del-agua\/"},{"@type":"ListItem","position":3,"name":"ACONDICIONADOR ANTISARRO 1\/2&#8243; 1050LTS\/HORA"}]},{"@type":"WebSite","@id":"https:\/\/mabawater.com\/#website","url":"https:\/\/mabawater.com\/","name":"Maba Water","description":"Soluciones Hidr\u00e1ulicas Sustentables","publisher":{"@id":"https:\/\/mabawater.com\/#organization"},"potentialAction":[{"@type":"SearchAction","target":{"@type":"EntryPoint","urlTemplate":"https:\/\/mabawater.com\/?s={search_term_string}"},"query-input":{"@type":"PropertyValueSpecification","valueRequired":true,"valueName":"search_term_string"}}],"inLanguage":"en-US"},{"@type":"Organization","@id":"https:\/\/mabawater.com\/#organization","name":"Maba Water","url":"https:\/\/mabawater.com\/","logo":{"@type":"ImageObject","inLanguage":"en-US","@id":"https:\/\/mabawater.com\/#\/schema\/logo\/image\/","url":"https:\/\/mabawater.com\/wp-content\/uploads\/2021\/09\/water-icon.png","contentUrl":"https:\/\/mabawater.com\/wp-content\/uploads\/2021\/09\/water-icon.png","width":410,"height":176,"caption":"Maba Water"},"image":{"@id":"https:\/\/mabawater.com\/#\/schema\/logo\/image\/"},"sameAs":["https:\/\/www.facebook.com\/mabawater\/","https:\/\/www.instagram.com\/mabawater\/?hl=es-la"]}]}},"_links":{"self":[{"href":"https:\/\/mabawater.com\/en\/wp-json\/wp\/v2\/product\/12291","targetHints":{"allow":["GET"]}}],"collection":[{"href":"https:\/\/mabawater.com\/en\/wp-json\/wp\/v2\/product"}],"about":[{"href":"https:\/\/mabawater.com\/en\/wp-json\/wp\/v2\/types\/product"}],"replies":[{"embeddable":true,"href":"https:\/\/mabawater.com\/en\/wp-json\/wp\/v2\/comments?post=12291"}],"version-history":[{"count":17,"href":"https:\/\/mabawater.com\/en\/wp-json\/wp\/v2\/product\/12291\/revisions"}],"predecessor-version":[{"id":30149,"href":"https:\/\/mabawater.com\/en\/wp-json\/wp\/v2\/product\/12291\/revisions\/30149"}],"wp:featuredmedia":[{"embeddable":true,"href":"https:\/\/mabawater.com\/en\/wp-json\/wp\/v2\/media\/12292"}],"wp:attachment":[{"href":"https:\/\/mabawater.com\/en\/wp-json\/wp\/v2\/media?parent=12291"}],"wp:term":[{"taxonomy":"product_brand","embeddable":true,"href":"https:\/\/mabawater.com\/en\/wp-json\/wp\/v2\/product_brand?post=12291"},{"taxonomy":"product_cat","embeddable":true,"href":"https:\/\/mabawater.com\/en\/wp-json\/wp\/v2\/product_cat?post=12291"},{"taxonomy":"product_tag","embeddable":true,"href":"https:\/\/mabawater.com\/en\/wp-json\/wp\/v2\/product_tag?post=12291"}],"curies":[{"name":"wp","href":"https:\/\/api.w.org\/{rel}","templated":true}]}}