{"id":12323,"date":"2021-09-15T19:32:33","date_gmt":"2021-09-15T19:32:33","guid":{"rendered":"https:\/\/mabawater.sinclaire.com.mx\/?post_type=product&#038;p=12323"},"modified":"2026-04-08T07:45:30","modified_gmt":"2026-04-08T07:45:30","slug":"kit-antisarro-maba-para-casa","status":"publish","type":"product","link":"https:\/\/mabawater.com\/en\/product\/kit-antisarro-maba-para-casa\/","title":{"rendered":"Kit antisarro MABA para casa"},"content":{"rendered":"<p>El <strong>Kit antisarro<\/strong> MABA para casa es la soluci\u00f3n econ\u00f3mica para hogares con mucha presencia de sarro. Tiene una eficiencia de 65% en la <strong>eliminaci\u00f3n del sarro<\/strong>, consta de 2 componentes (el acondicionador y la bolsa antisarro) que te ayudar\u00e1n a <strong>evitar incrustaciones de sarro<\/strong> en tus llaves y mejorar la sensaci\u00f3n al momento de tener contacto con tu agua.<\/p>\n<p>Somos una empresa mexicana especializada en soluciones h\u00eddricas sustentables, implementamos proyectos y tecnolog\u00eda que garantice una gesti\u00f3n integral del agua con el objetivo de generar ahorro, uso y manejo responsable\u00a0 y eficiente del recurso, brindar seguridad, calidad y constancia en el suministro de agua potable y saneamiento.<\/p>\n<p><strong>Nuestra Misi\u00f3n<\/strong><\/p>\n<p>Promover el desarrollo sustentable mediante la utilizaci\u00f3n de ecotecnolog\u00edas y dise\u00f1o sostenible, dirigido al sector urbano y comercial, fomentando una cultura ecol\u00f3gica en nuestros clientes ofertando y desarrollando productos y sistemas que otorguen los beneficios de:<\/p>\n<ul>\n<li>ahorro de energ\u00eda<\/li>\n<li>reducci\u00f3n del impacto ambiental<\/li>\n<li>gesti\u00f3n sustentable de los recursos h\u00eddricos<\/li>\n<li>optimizaci\u00f3n de los recursos y energ\u00edas renovables<\/li>\n<\/ul>\n<p><strong>Nuestra Visi\u00f3n<\/strong><\/p>\n<p>MabaWater es una empresa de alta confianza, responsabilidad y profesionalismo en el \u00e1mbito del desarrollo sustentable, con base en el desarrollo e implementaci\u00f3n de la m\u00e1s alta tecnolog\u00eda en sinergia con programas y campa\u00f1as para cultura de cuidado del medio ambiente.<\/p>\n<p>Nuestra garant\u00eda<\/p>\n<p>1 a\u00f1o de garantia en funcionamiento1 mes de garantia en satisfacci\u00f3n<\/p>\n<h3>Encu\u00e9ntranos es:<\/h3>\n<p>Calzada Zavaleta #1302. local 101, 75150 Puebla de Zaragoza, M\u00e9xico<\/p>\n<h3>Ll\u00e1manos a:<\/h3>\n<p>Tel\u00e9fono: 222 369 0818Ventas &#8211; Ext 1Atenci\u00f3n a clientes &#8211; Ext 2Asistencia t\u00e9cnica y \u00e1rea de ingenieria &#8211; Ext 3<\/p>\n<h3>Escribenos a:<\/h3>\n<p><a href=\"mailto:contacto@mabawater.com\">contacto@mabawater.com<\/a><\/p>\n<p>El agua se hace circular por un\u00a0<a title=\"Racor\" href=\"https:\/\/es.wikipedia.org\/wiki\/Racor\">racor<\/a>\u00a0con\u00a0<a title=\"Zeolita\" href=\"https:\/\/es.wikipedia.org\/wiki\/Zeolita\">zeolita<\/a>\u00a0(un compuesto qu\u00edmico de sales de\u00a0<a title=\"Sodio\" href=\"https:\/\/es.wikipedia.org\/wiki\/Sodio\">sodio<\/a>\u00a0o\u00a0<a title=\"Potasio\" href=\"https:\/\/es.wikipedia.org\/wiki\/Potasio\">potasio<\/a>). Los iones de calcio y magnesio reemplazan los iones de sodio o potasio. El sodio o potasio liberado no se adhiere a las paredes de las tuber\u00edas ni reacciona con el jab\u00f3n, solucionando ambos problemas.<\/p>\n<p>Consulta m\u00e1s de nuestro aviso de privacidad <a href=\"https:\/\/mabawater.com\/en\/aviso-de-privacidad\/\">aqu\u00ed<\/a><\/p>","protected":false},"excerpt":{"rendered":"<p>El <strong>kit antisarro<\/strong> MABA PARA CASA es la soluci\u00f3n econ\u00f3mica para hogares con mucha presencia de sarro.<\/p>\n<p>Tiene una eficiencia de 65% en la <strong>eliminaci\u00f3n del sarro<\/strong>, consta de 2 componentes (el acondicionador y la <strong>bolsa antisarro<\/strong>) que te ayudar\u00e1n a <strong>evitar incrustaciones de sarro<\/strong> en tus llaves y mejorar la sensaci\u00f3n al momento de tener contacto con tu agua.<\/p>","protected":false},"featured_media":12324,"comment_status":"open","ping_status":"closed","template":"","meta":[],"product_brand":[],"product_cat":[145,76],"product_tag":[],"class_list":{"0":"post-12323","1":"product","2":"type-product","3":"status-publish","4":"has-post-thumbnail","6":"product_cat-tratamiento-de-agua","7":"product_cat-linea-anti-sarro","9":"first","10":"instock","11":"sale","12":"shipping-taxable","13":"product-type-simple"},"yoast_head":"<!-- This site is optimized with the Yoast SEO plugin v26.6 - https:\/\/yoast.com\/wordpress\/plugins\/seo\/ -->\n<title>Kit antisarro MABA para casa - Maba Water<\/title>\n<meta name=\"description\" content=\"Kit antisarro MABA para casa es la soluci\u00f3n econ\u00f3mica para hogares con mucha presencia de sarro. Tiene una eficiencia de 65% en la eliminaci\u00f3n del sarro\" \/>\n<meta name=\"robots\" content=\"index, follow, max-snippet:-1, max-image-preview:large, max-video-preview:-1\" \/>\n<link rel=\"canonical\" href=\"https:\/\/mabawater.com\/en\/product\/kit-antisarro-maba-para-casa\/\" \/>\n<meta property=\"og:locale\" content=\"en_US\" \/>\n<meta property=\"og:type\" content=\"article\" \/>\n<meta property=\"og:title\" content=\"Kit antisarro MABA para casa - Maba Water\" \/>\n<meta property=\"og:description\" content=\"Kit antisarro MABA para casa es la soluci\u00f3n econ\u00f3mica para hogares con mucha presencia de sarro. Tiene una eficiencia de 65% en la eliminaci\u00f3n del sarro\" \/>\n<meta property=\"og:url\" content=\"https:\/\/mabawater.com\/en\/product\/kit-antisarro-maba-para-casa\/\" \/>\n<meta property=\"og:site_name\" content=\"Maba Water\" \/>\n<meta property=\"article:publisher\" content=\"https:\/\/www.facebook.com\/mabawater\/\" \/>\n<meta property=\"article:modified_time\" content=\"2026-04-08T07:45:30+00:00\" \/>\n<meta property=\"og:image\" content=\"https:\/\/mabawater.com\/wp-content\/uploads\/2021\/09\/kit-antisarro-1.jpeg\" \/>\n\t<meta property=\"og:image:width\" content=\"1280\" \/>\n\t<meta property=\"og:image:height\" content=\"1280\" \/>\n\t<meta property=\"og:image:type\" content=\"image\/jpeg\" \/>\n<meta name=\"twitter:card\" content=\"summary_large_image\" \/>\n<meta name=\"twitter:label1\" content=\"Est. reading time\" \/>\n\t<meta name=\"twitter:data1\" content=\"2 minutes\" \/>\n<!-- \/ Yoast SEO plugin. -->","yoast_head_json":{"title":"Kit antisarro MABA para casa - Maba Water","description":"Kit antisarro MABA para casa es la soluci\u00f3n econ\u00f3mica para hogares con mucha presencia de sarro. Tiene una eficiencia de 65% en la eliminaci\u00f3n del sarro","robots":{"index":"index","follow":"follow","max-snippet":"max-snippet:-1","max-image-preview":"max-image-preview:large","max-video-preview":"max-video-preview:-1"},"canonical":"https:\/\/mabawater.com\/en\/product\/kit-antisarro-maba-para-casa\/","og_locale":"en_US","og_type":"article","og_title":"Kit antisarro MABA para casa - Maba Water","og_description":"Kit antisarro MABA para casa es la soluci\u00f3n econ\u00f3mica para hogares con mucha presencia de sarro. Tiene una eficiencia de 65% en la eliminaci\u00f3n del sarro","og_url":"https:\/\/mabawater.com\/en\/product\/kit-antisarro-maba-para-casa\/","og_site_name":"Maba Water","article_publisher":"https:\/\/www.facebook.com\/mabawater\/","article_modified_time":"2026-04-08T07:45:30+00:00","og_image":[{"width":1280,"height":1280,"url":"https:\/\/mabawater.com\/wp-content\/uploads\/2021\/09\/kit-antisarro-1.jpeg","type":"image\/jpeg"}],"twitter_card":"summary_large_image","twitter_misc":{"Est. reading time":"2 minutes"},"schema":{"@context":"https:\/\/schema.org","@graph":[{"@type":"WebPage","@id":"https:\/\/mabawater.com\/producto\/kit-antisarro-maba-para-casa\/","url":"https:\/\/mabawater.com\/producto\/kit-antisarro-maba-para-casa\/","name":"Kit antisarro MABA para casa - Maba Water","isPartOf":{"@id":"https:\/\/mabawater.com\/#website"},"primaryImageOfPage":{"@id":"https:\/\/mabawater.com\/producto\/kit-antisarro-maba-para-casa\/#primaryimage"},"image":{"@id":"https:\/\/mabawater.com\/producto\/kit-antisarro-maba-para-casa\/#primaryimage"},"thumbnailUrl":"https:\/\/mabawater.com\/wp-content\/uploads\/2021\/09\/kit-antisarro-1.jpeg","datePublished":"2021-09-15T19:32:33+00:00","dateModified":"2026-04-08T07:45:30+00:00","description":"Kit antisarro MABA para casa es la soluci\u00f3n econ\u00f3mica para hogares con mucha presencia de sarro. Tiene una eficiencia de 65% en la eliminaci\u00f3n del sarro","breadcrumb":{"@id":"https:\/\/mabawater.com\/producto\/kit-antisarro-maba-para-casa\/#breadcrumb"},"inLanguage":"en-US","potentialAction":[{"@type":"ReadAction","target":["https:\/\/mabawater.com\/producto\/kit-antisarro-maba-para-casa\/"]}]},{"@type":"ImageObject","inLanguage":"en-US","@id":"https:\/\/mabawater.com\/producto\/kit-antisarro-maba-para-casa\/#primaryimage","url":"https:\/\/mabawater.com\/wp-content\/uploads\/2021\/09\/kit-antisarro-1.jpeg","contentUrl":"https:\/\/mabawater.com\/wp-content\/uploads\/2021\/09\/kit-antisarro-1.jpeg","width":1280,"height":1280,"caption":"Kit antisarro"},{"@type":"BreadcrumbList","@id":"https:\/\/mabawater.com\/producto\/kit-antisarro-maba-para-casa\/#breadcrumb","itemListElement":[{"@type":"ListItem","position":1,"name":"Portada","item":"https:\/\/mabawater.com\/"},{"@type":"ListItem","position":2,"name":"Productos Para La Calidad Del Agua","item":"https:\/\/mabawater.com\/productos-para-la-calidad-del-agua\/"},{"@type":"ListItem","position":3,"name":"Kit antisarro MABA para casa"}]},{"@type":"WebSite","@id":"https:\/\/mabawater.com\/#website","url":"https:\/\/mabawater.com\/","name":"Maba Water","description":"Soluciones Hidr\u00e1ulicas Sustentables","publisher":{"@id":"https:\/\/mabawater.com\/#organization"},"potentialAction":[{"@type":"SearchAction","target":{"@type":"EntryPoint","urlTemplate":"https:\/\/mabawater.com\/?s={search_term_string}"},"query-input":{"@type":"PropertyValueSpecification","valueRequired":true,"valueName":"search_term_string"}}],"inLanguage":"en-US"},{"@type":"Organization","@id":"https:\/\/mabawater.com\/#organization","name":"Maba Water","url":"https:\/\/mabawater.com\/","logo":{"@type":"ImageObject","inLanguage":"en-US","@id":"https:\/\/mabawater.com\/#\/schema\/logo\/image\/","url":"https:\/\/mabawater.com\/wp-content\/uploads\/2021\/09\/water-icon.png","contentUrl":"https:\/\/mabawater.com\/wp-content\/uploads\/2021\/09\/water-icon.png","width":410,"height":176,"caption":"Maba Water"},"image":{"@id":"https:\/\/mabawater.com\/#\/schema\/logo\/image\/"},"sameAs":["https:\/\/www.facebook.com\/mabawater\/","https:\/\/www.instagram.com\/mabawater\/?hl=es-la"]}]}},"_links":{"self":[{"href":"https:\/\/mabawater.com\/en\/wp-json\/wp\/v2\/product\/12323","targetHints":{"allow":["GET"]}}],"collection":[{"href":"https:\/\/mabawater.com\/en\/wp-json\/wp\/v2\/product"}],"about":[{"href":"https:\/\/mabawater.com\/en\/wp-json\/wp\/v2\/types\/product"}],"replies":[{"embeddable":true,"href":"https:\/\/mabawater.com\/en\/wp-json\/wp\/v2\/comments?post=12323"}],"version-history":[{"count":10,"href":"https:\/\/mabawater.com\/en\/wp-json\/wp\/v2\/product\/12323\/revisions"}],"predecessor-version":[{"id":30211,"href":"https:\/\/mabawater.com\/en\/wp-json\/wp\/v2\/product\/12323\/revisions\/30211"}],"wp:featuredmedia":[{"embeddable":true,"href":"https:\/\/mabawater.com\/en\/wp-json\/wp\/v2\/media\/12324"}],"wp:attachment":[{"href":"https:\/\/mabawater.com\/en\/wp-json\/wp\/v2\/media?parent=12323"}],"wp:term":[{"taxonomy":"product_brand","embeddable":true,"href":"https:\/\/mabawater.com\/en\/wp-json\/wp\/v2\/product_brand?post=12323"},{"taxonomy":"product_cat","embeddable":true,"href":"https:\/\/mabawater.com\/en\/wp-json\/wp\/v2\/product_cat?post=12323"},{"taxonomy":"product_tag","embeddable":true,"href":"https:\/\/mabawater.com\/en\/wp-json\/wp\/v2\/product_tag?post=12323"}],"curies":[{"name":"wp","href":"https:\/\/api.w.org\/{rel}","templated":true}]}}