{"id":12351,"date":"2021-09-15T20:07:48","date_gmt":"2021-09-15T20:07:48","guid":{"rendered":"https:\/\/mabawater.sinclaire.com.mx\/?post_type=product&#038;p=12351"},"modified":"2026-04-11T19:36:43","modified_gmt":"2026-04-11T19:36:43","slug":"paquetren-antisarro-maba-para-casa","status":"publish","type":"product","link":"https:\/\/mabawater.com\/en\/product\/paquetren-antisarro-maba-para-casa\/","title":{"rendered":"Paquetren antisarro MABA \u2013 para casa"},"content":{"rendered":"<h1>Paquetren antisarro MABA \u2013 para casa<\/h1>\n<p>Nuestro Paquetren antisarro MABA \u2013 para casa m\u00e1s completo, IDEAL PARA CASA que cuenta con tanque de almacenamiento (tinaco o cisterna). Se instala f\u00e1cilmente. Eficiencia en la eliminaci\u00f3n del sarro de un 65% y mediante el filtro de carb\u00f3n activado retiene sedimentos en el agua. Quita olor, color, sabor y cloro del agua.<\/p>\n<p>En\u00a0<a title=\"Qu\u00edmica\" href=\"https:\/\/es.wikipedia.org\/wiki\/Qu%C3%ADmica\">qu\u00edmica<\/a>, el\u00a0<b>agua calc\u00e1rea<\/b>\u00a0o\u00a0<b>agua dura<\/b>\u00a0\u2014por contraposici\u00f3n al\u00a0<a title=\"Agua blanda\" href=\"https:\/\/es.wikipedia.org\/wiki\/Agua_blanda\">agua blanda<\/a>\u2014 es aquella que contiene un alto nivel de minerales, en particular\u00a0<a title=\"Sal (qu\u00edmica)\" href=\"https:\/\/es.wikipedia.org\/wiki\/Sal_(qu%C3%ADmica)\">sales<\/a>\u00a0de\u00a0<a title=\"Magnesio\" href=\"https:\/\/es.wikipedia.org\/wiki\/Magnesio\">magnesio<\/a>\u00a0y\u00a0<a title=\"Calcio\" href=\"https:\/\/es.wikipedia.org\/wiki\/Calcio\">calcio<\/a>.<sup id=\"cite_ref-1\" class=\"reference separada\"><a href=\"https:\/\/es.wikipedia.org\/wiki\/Agua_dura#cite_note-1\">1<\/a><\/sup>\u200b A veces se da como l\u00edmite para denominar a un agua como dura una dureza superior a 120\u00a0<a title=\"Miligramo\" href=\"https:\/\/es.wikipedia.org\/wiki\/Miligramo\">mg<\/a>\/<a title=\"Litro\" href=\"https:\/\/es.wikipedia.org\/wiki\/Litro\">L<\/a>\u00a0CaCO<sub>3<\/sub>.<sup id=\"cite_ref-2\" class=\"reference separada\"><a href=\"https:\/\/es.wikipedia.org\/wiki\/Agua_dura#cite_note-2\">2<\/a><\/sup>\u200b<\/p>\n<p>Somos una empresa mexicana especializada en soluciones h\u00eddricas sustentables, implementamos proyectos y tecnolog\u00eda que garantice una gesti\u00f3n integral del agua con el objetivo de generar ahorro, uso y manejo responsable\u00a0 y eficiente del recurso, brindar seguridad, calidad y constancia en el suministro de agua potable y saneamiento.<\/p>\n<p><strong>Nuestra Misi\u00f3n<\/strong><\/p>\n<p>Promover el desarrollo sustentable mediante la utilizaci\u00f3n de ecotecnolog\u00edas y dise\u00f1o sostenible, dirigido al sector urbano y comercial, fomentando una cultura ecol\u00f3gica en nuestros clientes ofertando y desarrollando productos y sistemas que otorguen los beneficios de:<\/p>\n<ul>\n<li>ahorro de energ\u00eda<\/li>\n<li>reducci\u00f3n del impacto ambiental<\/li>\n<li>gesti\u00f3n sustentable de los recursos h\u00eddricos<\/li>\n<li>optimizaci\u00f3n de los recursos y energ\u00edas renovables<\/li>\n<\/ul>\n<p><strong>Nuestra Visi\u00f3n<\/strong><\/p>\n<p>MabaWater es una empresa de alta confianza, responsabilidad y profesionalismo en el \u00e1mbito del desarrollo sustentable, con base en el desarrollo e implementaci\u00f3n de la m\u00e1s alta tecnolog\u00eda en sinergia con programas y campa\u00f1as para cultura de cuidado del medio ambiente.<\/p>\n<p>Nuestra garant\u00eda<\/p>\n<p>1 a\u00f1o de garantia en funcionamiento1 mes de garantia en satisfacci\u00f3n<\/p>\n<h3>Encu\u00e9ntranos es:<\/h3>\n<p>Calzada Zavaleta #1302. local 101, 75150 Puebla de Zaragoza, M\u00e9xico<\/p>\n<h3>Ll\u00e1manos a:<\/h3>\n<p>Tel\u00e9fono: 222 369 0818Ventas &#8211; Ext 1Atenci\u00f3n a clientes &#8211; Ext 2Asistencia t\u00e9cnica y \u00e1rea de ingenieria &#8211; Ext 3<\/p>\n<h3>Escribenos a:<\/h3>\n<p><a href=\"mailto:contacto@mabawater.com\">contacto@mabawater.com<\/a><\/p>\n<p>Ver m\u00e1s acerca del tema, aqu\u00ed<\/p>\n<p>Consulta m\u00e1s de nuestro aviso de privacidad <a href=\"https:\/\/mabawater.com\/en\/aviso-de-privacidad\/\">aqu\u00ed<\/a><\/p>","protected":false},"excerpt":{"rendered":"<p data-start=\"199\" data-end=\"616\">El <strong data-start=\"202\" data-end=\"240\">Paquetren Antisarro MABA para Casa<\/strong> es un sistema integral dise\u00f1ado para <strong data-start=\"278\" data-end=\"353\">reducir la formaci\u00f3n de sarro y mejorar la calidad del agua en el hogar<\/strong>.<\/p>\n<p data-start=\"199\" data-end=\"616\">Este equipo es ideal para viviendas que cuentan con <strong data-start=\"407\" data-end=\"428\">tinaco o cisterna<\/strong>, ya que se instala f\u00e1cilmente en el sistema hidr\u00e1ulico para proteger tuber\u00edas, calentadores, llaves y electrodom\u00e9sticos que trabajan con agua dura.<\/p>\n<p data-start=\"618\" data-end=\"909\">","protected":false},"featured_media":12352,"comment_status":"open","ping_status":"closed","template":"","meta":[],"product_brand":[],"product_cat":[145,76],"product_tag":[],"class_list":{"0":"post-12351","1":"product","2":"type-product","3":"status-publish","4":"has-post-thumbnail","6":"product_cat-tratamiento-de-agua","7":"product_cat-linea-anti-sarro","9":"first","10":"instock","11":"shipping-taxable","12":"product-type-simple"},"yoast_head":"<!-- This site is optimized with the Yoast SEO plugin v26.6 - https:\/\/yoast.com\/wordpress\/plugins\/seo\/ -->\n<title>Paquetren antisarro MABA \u2013 para casa - Maba Water<\/title>\n<meta name=\"description\" content=\"Nuestro Paquetren antisarro MABA es ideal ideal para casas que cuenten con tanque de almacenamiento (tinaco o cisterna). Eliminaci\u00f3n del sarro asegurada.\" \/>\n<meta name=\"robots\" content=\"index, follow, max-snippet:-1, max-image-preview:large, max-video-preview:-1\" \/>\n<link rel=\"canonical\" href=\"https:\/\/mabawater.com\/en\/product\/paquetren-antisarro-maba-para-casa\/\" \/>\n<meta property=\"og:locale\" content=\"en_US\" \/>\n<meta property=\"og:type\" content=\"article\" \/>\n<meta property=\"og:title\" content=\"Paquetren antisarro MABA \u2013 para casa - Maba Water\" \/>\n<meta property=\"og:description\" content=\"Nuestro Paquetren antisarro MABA es ideal ideal para casas que cuenten con tanque de almacenamiento (tinaco o cisterna). Eliminaci\u00f3n del sarro asegurada.\" \/>\n<meta property=\"og:url\" content=\"https:\/\/mabawater.com\/en\/product\/paquetren-antisarro-maba-para-casa\/\" \/>\n<meta property=\"og:site_name\" content=\"Maba Water\" \/>\n<meta property=\"article:publisher\" content=\"https:\/\/www.facebook.com\/mabawater\/\" \/>\n<meta property=\"article:modified_time\" content=\"2026-04-11T19:36:43+00:00\" \/>\n<meta property=\"og:image\" content=\"https:\/\/mabawater.com\/wp-content\/uploads\/2021\/09\/WhatsApp-Image-2020-05-07-at-09.32.40.jpeg\" \/>\n\t<meta property=\"og:image:width\" content=\"1280\" \/>\n\t<meta property=\"og:image:height\" content=\"1280\" \/>\n\t<meta property=\"og:image:type\" content=\"image\/jpeg\" \/>\n<meta name=\"twitter:card\" content=\"summary_large_image\" \/>\n<meta name=\"twitter:label1\" content=\"Est. reading time\" \/>\n\t<meta name=\"twitter:data1\" content=\"2 minutes\" \/>\n<!-- \/ Yoast SEO plugin. -->","yoast_head_json":{"title":"Paquetren antisarro MABA \u2013 para casa - Maba Water","description":"Nuestro Paquetren antisarro MABA es ideal ideal para casas que cuenten con tanque de almacenamiento (tinaco o cisterna). Eliminaci\u00f3n del sarro asegurada.","robots":{"index":"index","follow":"follow","max-snippet":"max-snippet:-1","max-image-preview":"max-image-preview:large","max-video-preview":"max-video-preview:-1"},"canonical":"https:\/\/mabawater.com\/en\/product\/paquetren-antisarro-maba-para-casa\/","og_locale":"en_US","og_type":"article","og_title":"Paquetren antisarro MABA \u2013 para casa - Maba Water","og_description":"Nuestro Paquetren antisarro MABA es ideal ideal para casas que cuenten con tanque de almacenamiento (tinaco o cisterna). Eliminaci\u00f3n del sarro asegurada.","og_url":"https:\/\/mabawater.com\/en\/product\/paquetren-antisarro-maba-para-casa\/","og_site_name":"Maba Water","article_publisher":"https:\/\/www.facebook.com\/mabawater\/","article_modified_time":"2026-04-11T19:36:43+00:00","og_image":[{"width":1280,"height":1280,"url":"https:\/\/mabawater.com\/wp-content\/uploads\/2021\/09\/WhatsApp-Image-2020-05-07-at-09.32.40.jpeg","type":"image\/jpeg"}],"twitter_card":"summary_large_image","twitter_misc":{"Est. reading time":"2 minutes"},"schema":{"@context":"https:\/\/schema.org","@graph":[{"@type":"WebPage","@id":"https:\/\/mabawater.com\/producto\/paquetren-antisarro-maba-para-casa\/","url":"https:\/\/mabawater.com\/producto\/paquetren-antisarro-maba-para-casa\/","name":"Paquetren antisarro MABA \u2013 para casa - Maba Water","isPartOf":{"@id":"https:\/\/mabawater.com\/#website"},"primaryImageOfPage":{"@id":"https:\/\/mabawater.com\/producto\/paquetren-antisarro-maba-para-casa\/#primaryimage"},"image":{"@id":"https:\/\/mabawater.com\/producto\/paquetren-antisarro-maba-para-casa\/#primaryimage"},"thumbnailUrl":"https:\/\/mabawater.com\/wp-content\/uploads\/2021\/09\/WhatsApp-Image-2020-05-07-at-09.32.40.jpeg","datePublished":"2021-09-15T20:07:48+00:00","dateModified":"2026-04-11T19:36:43+00:00","description":"Nuestro Paquetren antisarro MABA es ideal ideal para casas que cuenten con tanque de almacenamiento (tinaco o cisterna). Eliminaci\u00f3n del sarro asegurada.","breadcrumb":{"@id":"https:\/\/mabawater.com\/producto\/paquetren-antisarro-maba-para-casa\/#breadcrumb"},"inLanguage":"en-US","potentialAction":[{"@type":"ReadAction","target":["https:\/\/mabawater.com\/producto\/paquetren-antisarro-maba-para-casa\/"]}]},{"@type":"ImageObject","inLanguage":"en-US","@id":"https:\/\/mabawater.com\/producto\/paquetren-antisarro-maba-para-casa\/#primaryimage","url":"https:\/\/mabawater.com\/wp-content\/uploads\/2021\/09\/WhatsApp-Image-2020-05-07-at-09.32.40.jpeg","contentUrl":"https:\/\/mabawater.com\/wp-content\/uploads\/2021\/09\/WhatsApp-Image-2020-05-07-at-09.32.40.jpeg","width":1280,"height":1280,"caption":"Paquetren antisarro MABA \u2013 para casa"},{"@type":"BreadcrumbList","@id":"https:\/\/mabawater.com\/producto\/paquetren-antisarro-maba-para-casa\/#breadcrumb","itemListElement":[{"@type":"ListItem","position":1,"name":"Portada","item":"https:\/\/mabawater.com\/"},{"@type":"ListItem","position":2,"name":"Productos Para La Calidad Del Agua","item":"https:\/\/mabawater.com\/productos-para-la-calidad-del-agua\/"},{"@type":"ListItem","position":3,"name":"Paquetren antisarro MABA \u2013 para casa"}]},{"@type":"WebSite","@id":"https:\/\/mabawater.com\/#website","url":"https:\/\/mabawater.com\/","name":"Maba Water","description":"Soluciones Hidr\u00e1ulicas Sustentables","publisher":{"@id":"https:\/\/mabawater.com\/#organization"},"potentialAction":[{"@type":"SearchAction","target":{"@type":"EntryPoint","urlTemplate":"https:\/\/mabawater.com\/?s={search_term_string}"},"query-input":{"@type":"PropertyValueSpecification","valueRequired":true,"valueName":"search_term_string"}}],"inLanguage":"en-US"},{"@type":"Organization","@id":"https:\/\/mabawater.com\/#organization","name":"Maba Water","url":"https:\/\/mabawater.com\/","logo":{"@type":"ImageObject","inLanguage":"en-US","@id":"https:\/\/mabawater.com\/#\/schema\/logo\/image\/","url":"https:\/\/mabawater.com\/wp-content\/uploads\/2021\/09\/water-icon.png","contentUrl":"https:\/\/mabawater.com\/wp-content\/uploads\/2021\/09\/water-icon.png","width":410,"height":176,"caption":"Maba Water"},"image":{"@id":"https:\/\/mabawater.com\/#\/schema\/logo\/image\/"},"sameAs":["https:\/\/www.facebook.com\/mabawater\/","https:\/\/www.instagram.com\/mabawater\/?hl=es-la"]}]}},"_links":{"self":[{"href":"https:\/\/mabawater.com\/en\/wp-json\/wp\/v2\/product\/12351","targetHints":{"allow":["GET"]}}],"collection":[{"href":"https:\/\/mabawater.com\/en\/wp-json\/wp\/v2\/product"}],"about":[{"href":"https:\/\/mabawater.com\/en\/wp-json\/wp\/v2\/types\/product"}],"replies":[{"embeddable":true,"href":"https:\/\/mabawater.com\/en\/wp-json\/wp\/v2\/comments?post=12351"}],"version-history":[{"count":9,"href":"https:\/\/mabawater.com\/en\/wp-json\/wp\/v2\/product\/12351\/revisions"}],"predecessor-version":[{"id":30288,"href":"https:\/\/mabawater.com\/en\/wp-json\/wp\/v2\/product\/12351\/revisions\/30288"}],"wp:featuredmedia":[{"embeddable":true,"href":"https:\/\/mabawater.com\/en\/wp-json\/wp\/v2\/media\/12352"}],"wp:attachment":[{"href":"https:\/\/mabawater.com\/en\/wp-json\/wp\/v2\/media?parent=12351"}],"wp:term":[{"taxonomy":"product_brand","embeddable":true,"href":"https:\/\/mabawater.com\/en\/wp-json\/wp\/v2\/product_brand?post=12351"},{"taxonomy":"product_cat","embeddable":true,"href":"https:\/\/mabawater.com\/en\/wp-json\/wp\/v2\/product_cat?post=12351"},{"taxonomy":"product_tag","embeddable":true,"href":"https:\/\/mabawater.com\/en\/wp-json\/wp\/v2\/product_tag?post=12351"}],"curies":[{"name":"wp","href":"https:\/\/api.w.org\/{rel}","templated":true}]}}