{"id":12389,"date":"2021-09-15T23:19:26","date_gmt":"2021-09-15T23:19:26","guid":{"rendered":"https:\/\/mabawater.sinclaire.com.mx\/?post_type=product&#038;p=12389"},"modified":"2025-04-29T23:45:36","modified_gmt":"2025-04-29T23:45:36","slug":"recarga-1-kg-de-polifosfato-de-sodio","status":"publish","type":"product","link":"https:\/\/mabawater.com\/en\/product\/recarga-1-kg-de-polifosfato-de-sodio\/","title":{"rendered":"RECARGA 1 KG DE POLIFOSFATO DE SODIO"},"content":{"rendered":"<h1>1KG DE POLIFOSFATO DE SODIO<\/h1>\n<p>El STPP es una sal incolora, que existe tanto en forma anhidra como bajo la forma de hexahidrato. El ani\u00f3n puede ser descrito como la cadena pentaani\u00f3nica [O<sub>3<\/sub>POP(O)<sub>2<\/sub>OPO<sub>3<\/sub>]<sup>5-<\/sup>.<sup id=\"cite_ref-4\" class=\"reference separada\"><a href=\"https:\/\/es.wikipedia.org\/wiki\/Tripolifosfato_de_sodio#cite_note-4\">4<\/a><\/sup>\u200b<sup id=\"cite_ref-5\" class=\"reference separada\"><a href=\"https:\/\/es.wikipedia.org\/wiki\/Tripolifosfato_de_sodio#cite_note-5\">5<\/a><\/sup>\u200b Son conocidos muchos compuestos relacionados, como di-, tri-, y polifosfatos, incluyendo el trifosfato c\u00edclico P<sub>3<\/sub>O<sub>9<\/sub><sup>3-<\/sup>. Se une fuertemente a cationes met\u00e1licos como tanto un agente quelante bidentado y tridentado.<\/p>\n<p>Somos una empresa mexicana especializada en <strong>soluciones h\u00eddricas<\/strong> sustentables, implementamos proyectos y tecnolog\u00eda que garantice una gesti\u00f3n integral del agua con el objetivo de generar ahorro, uso y manejo responsable\u00a0 y eficiente del recurso, brindar seguridad, calidad y constancia en el suministro de agua potable y saneamiento.<\/p>\n<p><strong>Nuestra Misi\u00f3n<\/strong><\/p>\n<p>Promover el desarrollo sustentable mediante la utilizaci\u00f3n de ecotecnolog\u00edas y dise\u00f1o sostenible, dirigido al sector urbano y comercial, fomentando una cultura ecol\u00f3gica en nuestros clientes ofertando y desarrollando productos y sistemas que otorguen los beneficios de:<\/p>\n<ul>\n<li>ahorro de energ\u00eda<\/li>\n<li>reducci\u00f3n del impacto ambiental<\/li>\n<li>gesti\u00f3n sustentable de los recursos h\u00eddricos<\/li>\n<li>optimizaci\u00f3n de los recursos y energ\u00edas renovables<\/li>\n<\/ul>\n<p><strong>Nuestra Visi\u00f3n<\/strong><\/p>\n<p>MabaWater es una empresa de alta confianza, responsabilidad y profesionalismo en el \u00e1mbito del desarrollo sustentable, con base en el desarrollo e implementaci\u00f3n de la m\u00e1s alta tecnolog\u00eda en sinergia con programas y campa\u00f1as para cultura de cuidado del medio ambiente.<\/p>\n<p>Nuestra garant\u00eda<\/p>\n<p>1 a\u00f1o de garantia en funcionamiento1 mes de garantia en satisfacci\u00f3n<\/p>\n<h3>Encu\u00e9ntranos es:<\/h3>\n<p>Calzada Zavaleta #1302. local 101, 75150 Puebla de Zaragoza, M\u00e9xico<\/p>\n<h3>Ll\u00e1manos a:<\/h3>\n<p>Tel\u00e9fono: 222 369 0818Ventas &#8211; Ext 1Atenci\u00f3n a clientes &#8211; Ext 2Asistencia t\u00e9cnica y \u00e1rea de ingenieria &#8211; Ext 3<\/p>\n<h3>Escribenos a:<\/h3>\n<p><a href=\"mailto:contacto@mabawater.com\">contacto@mabawater.com<\/a><\/p>\n<h2>Acerca del polifosfato<\/h2>\n<p>Se trata de la sal de sodio del polifosfato penta-ani\u00f3n, que es la base conjugada del \u00e1cido trifosf\u00f3rico.Se produce a gran escala como un componente de muchos productos dom\u00e9sticos e industriales, especialmente detergentes. Se utiliza como dispersante, emulsificante y estabilizante.<\/p>\n<p>Tambi\u00e9n es usado como agente secuestrante y como aditivo en productos para la limpieza como detergentes y jabones en polvo.<\/p>\n<p>Encuentra aplicaciones en industrias y sectores tan variados como la agricultura, la arcilla y pigmentos, caucho, cemento y cer\u00e1mica, construcci\u00f3n, detergentes y productos de limpieza, lubricantes, pulpa y papel, carpetas para diferentes prop\u00f3sitos, el aceite de las industrias, los fabricantes de textiles y textiles, pinturas y recubrimientos, tratamiento de agua, art\u00edculos de vidrio, tratamiento de superficies y formuladores, etc.<sup id=\"cite_ref-6\" class=\"reference separada\"><a href=\"https:\/\/es.wikipedia.org\/wiki\/Tripolifosfato_de_sodio#cite_note-6\">6<\/a><\/sup>\u200b<\/p>\n<p>Responsable en parte del proceso degenerativo de la\u00a0<a class=\"mw-redirect\" title=\"\" href=\"https:\/\/es.wikipedia.org\/wiki\/Eutroficaci%C3%B3n\">eutroficaci\u00f3n<\/a>\u00a0o\u00a0<a title=\"Eutrofizaci\u00f3n\" href=\"https:\/\/es.wikipedia.org\/wiki\/Eutrofizaci%C3%B3n\">eutrofizaci\u00f3n<\/a>, en lagos y mantos acu\u00edferos en general, su utilizaci\u00f3n ha sido reducida significativamente en las d\u00e9cadas recientes como integrante en la formulaci\u00f3n de detergentes dom\u00e9sticos.<\/p>\n<p>Consulta m\u00e1s de nuestro aviso de privacidad <a href=\"https:\/\/mabawater.com\/en\/aviso-de-privacidad\/\">aqu\u00ed<\/a><\/p>","protected":false},"excerpt":{"rendered":"<p>La<strong> RECARGA 1 KG DE POLIFOSFATO DE SODIO<\/strong> de MABA con un <strong>cartucho de Polifosfato<\/strong> de Sodio, excelente para departamentos o viviendas que no cuentan con cisterna ni tinaco. Opci\u00f3n que se instala directamente en la l\u00ednea de tuber\u00eda o cuadro de medidor.<\/p>\n<p>Mantenimiento anual m\u00ednimo.<\/p>","protected":false},"featured_media":12390,"comment_status":"open","ping_status":"closed","template":"","meta":[],"product_brand":[],"product_cat":[145,76],"product_tag":[],"class_list":{"0":"post-12389","1":"product","2":"type-product","3":"status-publish","4":"has-post-thumbnail","6":"product_cat-tratamiento-de-agua","7":"product_cat-linea-anti-sarro","9":"first","10":"instock","11":"shipping-taxable","12":"product-type-simple"},"yoast_head":"<!-- This site is optimized with the Yoast SEO plugin v26.6 - https:\/\/yoast.com\/wordpress\/plugins\/seo\/ -->\n<title>RECARGA 1 KG DE POLIFOSFATO DE SODIO - Maba Water<\/title>\n<meta name=\"description\" content=\"Recarga de 1 kg de polifosfato de sodio con un cartucho de Polifosfato de Sodio, excelente para departamentos o viviendas que no cuentan con cisterna ni tinaco.\" \/>\n<meta name=\"robots\" content=\"index, follow, max-snippet:-1, max-image-preview:large, max-video-preview:-1\" \/>\n<link rel=\"canonical\" href=\"https:\/\/mabawater.com\/en\/product\/recarga-1-kg-de-polifosfato-de-sodio\/\" \/>\n<meta property=\"og:locale\" content=\"en_US\" \/>\n<meta property=\"og:type\" content=\"article\" \/>\n<meta property=\"og:title\" content=\"RECARGA 1 KG DE POLIFOSFATO DE SODIO - Maba Water\" \/>\n<meta property=\"og:description\" content=\"Recarga de 1 kg de polifosfato de sodio con un cartucho de Polifosfato de Sodio, excelente para departamentos o viviendas que no cuentan con cisterna ni tinaco.\" \/>\n<meta property=\"og:url\" content=\"https:\/\/mabawater.com\/en\/product\/recarga-1-kg-de-polifosfato-de-sodio\/\" \/>\n<meta property=\"og:site_name\" content=\"Maba Water\" \/>\n<meta property=\"article:publisher\" content=\"https:\/\/www.facebook.com\/mabawater\/\" \/>\n<meta property=\"article:modified_time\" content=\"2025-04-29T23:45:36+00:00\" \/>\n<meta property=\"og:image\" content=\"https:\/\/mabawater.com\/wp-content\/uploads\/2021\/09\/MABA18-1.jpg\" \/>\n\t<meta property=\"og:image:width\" content=\"1512\" \/>\n\t<meta property=\"og:image:height\" content=\"1512\" \/>\n\t<meta property=\"og:image:type\" content=\"image\/jpeg\" \/>\n<meta name=\"twitter:card\" content=\"summary_large_image\" \/>\n<meta name=\"twitter:label1\" content=\"Est. reading time\" \/>\n\t<meta name=\"twitter:data1\" content=\"2 minutes\" \/>\n<!-- \/ Yoast SEO plugin. -->","yoast_head_json":{"title":"RECARGA 1 KG DE POLIFOSFATO DE SODIO - Maba Water","description":"Recarga de 1 kg de polifosfato de sodio con un cartucho de Polifosfato de Sodio, excelente para departamentos o viviendas que no cuentan con cisterna ni tinaco.","robots":{"index":"index","follow":"follow","max-snippet":"max-snippet:-1","max-image-preview":"max-image-preview:large","max-video-preview":"max-video-preview:-1"},"canonical":"https:\/\/mabawater.com\/en\/product\/recarga-1-kg-de-polifosfato-de-sodio\/","og_locale":"en_US","og_type":"article","og_title":"RECARGA 1 KG DE POLIFOSFATO DE SODIO - Maba Water","og_description":"Recarga de 1 kg de polifosfato de sodio con un cartucho de Polifosfato de Sodio, excelente para departamentos o viviendas que no cuentan con cisterna ni tinaco.","og_url":"https:\/\/mabawater.com\/en\/product\/recarga-1-kg-de-polifosfato-de-sodio\/","og_site_name":"Maba Water","article_publisher":"https:\/\/www.facebook.com\/mabawater\/","article_modified_time":"2025-04-29T23:45:36+00:00","og_image":[{"width":1512,"height":1512,"url":"https:\/\/mabawater.com\/wp-content\/uploads\/2021\/09\/MABA18-1.jpg","type":"image\/jpeg"}],"twitter_card":"summary_large_image","twitter_misc":{"Est. reading time":"2 minutes"},"schema":{"@context":"https:\/\/schema.org","@graph":[{"@type":"WebPage","@id":"https:\/\/mabawater.com\/producto\/recarga-1-kg-de-polifosfato-de-sodio\/","url":"https:\/\/mabawater.com\/producto\/recarga-1-kg-de-polifosfato-de-sodio\/","name":"RECARGA 1 KG DE POLIFOSFATO DE SODIO - Maba Water","isPartOf":{"@id":"https:\/\/mabawater.com\/#website"},"primaryImageOfPage":{"@id":"https:\/\/mabawater.com\/producto\/recarga-1-kg-de-polifosfato-de-sodio\/#primaryimage"},"image":{"@id":"https:\/\/mabawater.com\/producto\/recarga-1-kg-de-polifosfato-de-sodio\/#primaryimage"},"thumbnailUrl":"https:\/\/mabawater.com\/wp-content\/uploads\/2021\/09\/MABA18-1.jpg","datePublished":"2021-09-15T23:19:26+00:00","dateModified":"2025-04-29T23:45:36+00:00","description":"Recarga de 1 kg de polifosfato de sodio con un cartucho de Polifosfato de Sodio, excelente para departamentos o viviendas que no cuentan con cisterna ni tinaco.","breadcrumb":{"@id":"https:\/\/mabawater.com\/producto\/recarga-1-kg-de-polifosfato-de-sodio\/#breadcrumb"},"inLanguage":"en-US","potentialAction":[{"@type":"ReadAction","target":["https:\/\/mabawater.com\/producto\/recarga-1-kg-de-polifosfato-de-sodio\/"]}]},{"@type":"ImageObject","inLanguage":"en-US","@id":"https:\/\/mabawater.com\/producto\/recarga-1-kg-de-polifosfato-de-sodio\/#primaryimage","url":"https:\/\/mabawater.com\/wp-content\/uploads\/2021\/09\/MABA18-1.jpg","contentUrl":"https:\/\/mabawater.com\/wp-content\/uploads\/2021\/09\/MABA18-1.jpg","width":1512,"height":1512,"caption":"1KG DE POLIFOSFATO DE SODIO"},{"@type":"BreadcrumbList","@id":"https:\/\/mabawater.com\/producto\/recarga-1-kg-de-polifosfato-de-sodio\/#breadcrumb","itemListElement":[{"@type":"ListItem","position":1,"name":"Portada","item":"https:\/\/mabawater.com\/"},{"@type":"ListItem","position":2,"name":"Productos Para La Calidad Del Agua","item":"https:\/\/mabawater.com\/productos-para-la-calidad-del-agua\/"},{"@type":"ListItem","position":3,"name":"RECARGA 1 KG DE POLIFOSFATO DE SODIO"}]},{"@type":"WebSite","@id":"https:\/\/mabawater.com\/#website","url":"https:\/\/mabawater.com\/","name":"Maba Water","description":"Soluciones Hidr\u00e1ulicas Sustentables","publisher":{"@id":"https:\/\/mabawater.com\/#organization"},"potentialAction":[{"@type":"SearchAction","target":{"@type":"EntryPoint","urlTemplate":"https:\/\/mabawater.com\/?s={search_term_string}"},"query-input":{"@type":"PropertyValueSpecification","valueRequired":true,"valueName":"search_term_string"}}],"inLanguage":"en-US"},{"@type":"Organization","@id":"https:\/\/mabawater.com\/#organization","name":"Maba Water","url":"https:\/\/mabawater.com\/","logo":{"@type":"ImageObject","inLanguage":"en-US","@id":"https:\/\/mabawater.com\/#\/schema\/logo\/image\/","url":"https:\/\/mabawater.com\/wp-content\/uploads\/2021\/09\/water-icon.png","contentUrl":"https:\/\/mabawater.com\/wp-content\/uploads\/2021\/09\/water-icon.png","width":410,"height":176,"caption":"Maba Water"},"image":{"@id":"https:\/\/mabawater.com\/#\/schema\/logo\/image\/"},"sameAs":["https:\/\/www.facebook.com\/mabawater\/","https:\/\/www.instagram.com\/mabawater\/?hl=es-la"]}]}},"_links":{"self":[{"href":"https:\/\/mabawater.com\/en\/wp-json\/wp\/v2\/product\/12389","targetHints":{"allow":["GET"]}}],"collection":[{"href":"https:\/\/mabawater.com\/en\/wp-json\/wp\/v2\/product"}],"about":[{"href":"https:\/\/mabawater.com\/en\/wp-json\/wp\/v2\/types\/product"}],"replies":[{"embeddable":true,"href":"https:\/\/mabawater.com\/en\/wp-json\/wp\/v2\/comments?post=12389"}],"version-history":[{"count":14,"href":"https:\/\/mabawater.com\/en\/wp-json\/wp\/v2\/product\/12389\/revisions"}],"predecessor-version":[{"id":29306,"href":"https:\/\/mabawater.com\/en\/wp-json\/wp\/v2\/product\/12389\/revisions\/29306"}],"wp:featuredmedia":[{"embeddable":true,"href":"https:\/\/mabawater.com\/en\/wp-json\/wp\/v2\/media\/12390"}],"wp:attachment":[{"href":"https:\/\/mabawater.com\/en\/wp-json\/wp\/v2\/media?parent=12389"}],"wp:term":[{"taxonomy":"product_brand","embeddable":true,"href":"https:\/\/mabawater.com\/en\/wp-json\/wp\/v2\/product_brand?post=12389"},{"taxonomy":"product_cat","embeddable":true,"href":"https:\/\/mabawater.com\/en\/wp-json\/wp\/v2\/product_cat?post=12389"},{"taxonomy":"product_tag","embeddable":true,"href":"https:\/\/mabawater.com\/en\/wp-json\/wp\/v2\/product_tag?post=12389"}],"curies":[{"name":"wp","href":"https:\/\/api.w.org\/{rel}","templated":true}]}}