{"id":12402,"date":"2021-09-16T00:05:22","date_gmt":"2021-09-16T00:05:22","guid":{"rendered":"https:\/\/mabawater.sinclaire.com.mx\/?post_type=product&#038;p=12402"},"modified":"2026-01-10T17:58:49","modified_gmt":"2026-01-10T17:58:49","slug":"kit-suavizador-de-resina-cationica-1-ft3","status":"publish","type":"product","link":"https:\/\/mabawater.com\/en\/product\/kit-suavizador-de-resina-cationica-1-ft3\/","title":{"rendered":"Kit Suavizador De Resina Cati\u00f3nica 1 Ft3"},"content":{"rendered":"<div data-elementor-type=\"wp-post\" data-elementor-id=\"12402\" class=\"elementor elementor-12402\">\n\t\t\t\t\t\t<section class=\"wd-negative-gap elementor-section elementor-top-section elementor-element elementor-element-3391358 elementor-section-content-top elementor-section-boxed elementor-section-height-default elementor-section-height-default\" data-id=\"3391358\" data-element_type=\"section\">\n\t\t\t\t\t\t<div class=\"elementor-container elementor-column-gap-default\">\n\t\t\t\t\t<div class=\"elementor-column elementor-col-100 elementor-top-column elementor-element elementor-element-3639598\" data-id=\"3639598\" data-element_type=\"column\">\n\t\t\t<div class=\"elementor-widget-wrap elementor-element-populated\">\n\t\t\t\t\t\t<div class=\"elementor-element elementor-element-e20781f wd-width-100 elementor-widget elementor-widget-wd_images_gallery\" data-id=\"e20781f\" data-element_type=\"widget\" data-widget_type=\"wd_images_gallery.default\">\n\t\t\t\t<div class=\"elementor-widget-container\">\n\t\t\t\t\t\t\t<div class=\"wd-images-gallery photoswipe-images wd-carousel-container\" style=\"--wd-align-items:center; --wd-justify-content:center;\">\n\t\t\t\t\t\t\t<div class=\"wd-carousel-inner\">\n\t\t\t\t\t\t<div class=\"wd-carousel wd-grid\" data-scroll_per_page=\"yes\" style=\"--wd-col-lg:1;--wd-col-md:1;--wd-col-sm:1;--wd-gap-lg:0px;\">\n\t\t\t\t\t\t\t\t\t<div class=\"wd-carousel-wrap\">\n\t\t\t\t\t\t\t\t\t\t\t\t\t\t\t\t\t\t<div class=\"wd-gallery-item wd-carousel-item\">\n\t\t\t\t\t\t\t\t\t\t\t\t\t<a  href=\"https:\/\/mabawater.com\/wp-content\/uploads\/2021\/09\/descarga-9.png\" data-width=\"1050\" data-height=\"1401\" data-index=\"1\" data-elementor-open-lightbox=\"no\">\n\t\t\t\t\t\t\n\t\t\t\t\t\t<img loading=\"lazy\" decoding=\"async\" width=\"767\" height=\"1024\" src=\"https:\/\/mabawater.com\/wp-content\/uploads\/2021\/09\/descarga-9-767x1024.png\" class=\"attachment-large size-large\" alt=\"descarga\" srcset=\"https:\/\/mabawater.com\/wp-content\/uploads\/2021\/09\/descarga-9-767x1024.png 767w, https:\/\/mabawater.com\/wp-content\/uploads\/2021\/09\/descarga-9-225x300.png 225w, https:\/\/mabawater.com\/wp-content\/uploads\/2021\/09\/descarga-9-768x1025.png 768w, https:\/\/mabawater.com\/wp-content\/uploads\/2021\/09\/descarga-9-150x200.png 150w, https:\/\/mabawater.com\/wp-content\/uploads\/2021\/09\/descarga-9.png 1050w\" sizes=\"auto, (max-width: 767px) 100vw, 767px\" \/>\n\t\t\t\t\t\t\t\t\t\t\t\t\t<\/a>\n\t\t\t\t\t\t\t\t\t\t\t<\/div>\n\t\t\t\t\t\t\t\t\t\t\t\t\t\t\t\t<\/div>\n\t\t\t\t\t\t\t\t<\/div>\n\t\t\t\t\t\t\t\t\t\t\t\t\t\t<div class=\"wd-nav-arrows wd-pos-sep wd-hover-1 wd-icon-1\">\n\t\t\t<div class=\"wd-btn-arrow wd-prev wd-disabled\">\n\t\t\t\t<div class=\"wd-arrow-inner\"><\/div>\n\t\t\t<\/div>\n\t\t\t<div class=\"wd-btn-arrow wd-next\">\n\t\t\t\t<div class=\"wd-arrow-inner\"><\/div>\n\t\t\t<\/div>\n\t\t<\/div>\n\t\t\t\t\t\t\n\t\t\t\t<\/div>\n\n\t\t\t\t\t\t<div class=\"wd-nav-pagin-wrap text-center wd-style-shape wd-hide-md-sm wd-hide-sm\">\n\t\t\t<ul class=\"wd-nav-pagin\"><\/ul>\n\t\t<\/div>\n\t\t\t\t\t\t\t\t\t\t\t<\/div>\n\t\t\t\t\t\t<\/div>\n\t\t\t\t<\/div>\n\t\t\t\t\t<\/div>\n\t\t<\/div>\n\t\t\t\t\t<\/div>\n\t\t<\/section>\n\t\t\t\t<\/div>","protected":false},"excerpt":{"rendered":"<p><strong>SUAVIZADOR DE AGUA<\/strong> IDEAL PARA BAJO CONSUMO. El suavizador de agua tiene una eficiencia en la <strong>eliminaci\u00f3n del sarro<\/strong> de hasta un 95%.<\/p>\n<ul>\n<li>Se requiere presi\u00f3n en la l\u00ednea para que el equipo funcione, esto significa que requiere un equipo <strong>hidroneum\u00e1tico<\/strong> o <strong>bomba presurizadora<\/strong> para ejercer la presi\u00f3n suficiente en el agua.<\/li>\n<li>Se recomienda para casa-habitaci\u00f3n de 2-3 personas.<\/li>\n<li>Suavizador: Atura 1.70 m<\/li>\n<li>Di\u00e1metro 0.23 m<\/li>\n<li>Tanque salmuera: Atura 0.88 m<\/li>\n<li>Di\u00e1metro 0.46 m<\/li>\n<\/ul>","protected":false},"featured_media":12403,"comment_status":"open","ping_status":"closed","template":"","meta":[],"product_brand":[],"product_cat":[77,76],"product_tag":[70],"class_list":{"0":"post-12402","1":"product","2":"type-product","3":"status-publish","4":"has-post-thumbnail","6":"product_cat-suavizadores-de-agua","7":"product_cat-linea-anti-sarro","8":"product_tag-suavizador","10":"first","11":"instock","12":"shipping-taxable","13":"product-type-simple"},"yoast_head":"<!-- This site is optimized with the Yoast SEO plugin v26.6 - https:\/\/yoast.com\/wordpress\/plugins\/seo\/ -->\n<title>Kit Suavizador De Resina Cati\u00f3nica 1 Ft3 - Maba Water<\/title>\n<meta name=\"description\" content=\"Kit Suavizador De Resina Cati\u00f3nica 1 Ft3, ideal para bajo consumo. El suavizador de agua tiene una eficiencia en la eliminaci\u00f3n del sarro de hasta un 95%.\" \/>\n<meta name=\"robots\" content=\"index, follow, max-snippet:-1, max-image-preview:large, max-video-preview:-1\" \/>\n<link rel=\"canonical\" href=\"https:\/\/mabawater.com\/en\/product\/kit-suavizador-de-resina-cationica-1-ft3\/\" \/>\n<meta property=\"og:locale\" content=\"en_US\" \/>\n<meta property=\"og:type\" content=\"article\" \/>\n<meta property=\"og:title\" content=\"Kit Suavizador De Resina Cati\u00f3nica 1 Ft3 - Maba Water\" \/>\n<meta property=\"og:description\" content=\"Kit Suavizador De Resina Cati\u00f3nica 1 Ft3, ideal para bajo consumo. El suavizador de agua tiene una eficiencia en la eliminaci\u00f3n del sarro de hasta un 95%.\" \/>\n<meta property=\"og:url\" content=\"https:\/\/mabawater.com\/en\/product\/kit-suavizador-de-resina-cationica-1-ft3\/\" \/>\n<meta property=\"og:site_name\" content=\"Maba Water\" \/>\n<meta property=\"article:publisher\" content=\"https:\/\/www.facebook.com\/mabawater\/\" \/>\n<meta property=\"article:modified_time\" content=\"2026-01-10T17:58:49+00:00\" \/>\n<meta property=\"og:image\" content=\"https:\/\/mabawater.com\/wp-content\/uploads\/2021\/09\/SUAVIZADOR.jpe\" \/>\n\t<meta property=\"og:image:width\" content=\"225\" \/>\n\t<meta property=\"og:image:height\" content=\"225\" \/>\n\t<meta property=\"og:image:type\" content=\"image\/jpeg\" \/>\n<meta name=\"twitter:card\" content=\"summary_large_image\" \/>\n<!-- \/ Yoast SEO plugin. -->","yoast_head_json":{"title":"Kit Suavizador De Resina Cati\u00f3nica 1 Ft3 - Maba Water","description":"Kit Suavizador De Resina Cati\u00f3nica 1 Ft3, ideal para bajo consumo. El suavizador de agua tiene una eficiencia en la eliminaci\u00f3n del sarro de hasta un 95%.","robots":{"index":"index","follow":"follow","max-snippet":"max-snippet:-1","max-image-preview":"max-image-preview:large","max-video-preview":"max-video-preview:-1"},"canonical":"https:\/\/mabawater.com\/en\/product\/kit-suavizador-de-resina-cationica-1-ft3\/","og_locale":"en_US","og_type":"article","og_title":"Kit Suavizador De Resina Cati\u00f3nica 1 Ft3 - Maba Water","og_description":"Kit Suavizador De Resina Cati\u00f3nica 1 Ft3, ideal para bajo consumo. El suavizador de agua tiene una eficiencia en la eliminaci\u00f3n del sarro de hasta un 95%.","og_url":"https:\/\/mabawater.com\/en\/product\/kit-suavizador-de-resina-cationica-1-ft3\/","og_site_name":"Maba Water","article_publisher":"https:\/\/www.facebook.com\/mabawater\/","article_modified_time":"2026-01-10T17:58:49+00:00","og_image":[{"width":225,"height":225,"url":"https:\/\/mabawater.com\/wp-content\/uploads\/2021\/09\/SUAVIZADOR.jpe","type":"image\/jpeg"}],"twitter_card":"summary_large_image","schema":{"@context":"https:\/\/schema.org","@graph":[{"@type":"WebPage","@id":"https:\/\/mabawater.com\/producto\/kit-suavizador-de-resina-cationica-1-ft3\/","url":"https:\/\/mabawater.com\/producto\/kit-suavizador-de-resina-cationica-1-ft3\/","name":"Kit Suavizador De Resina Cati\u00f3nica 1 Ft3 - Maba Water","isPartOf":{"@id":"https:\/\/mabawater.com\/#website"},"primaryImageOfPage":{"@id":"https:\/\/mabawater.com\/producto\/kit-suavizador-de-resina-cationica-1-ft3\/#primaryimage"},"image":{"@id":"https:\/\/mabawater.com\/producto\/kit-suavizador-de-resina-cationica-1-ft3\/#primaryimage"},"thumbnailUrl":"https:\/\/mabawater.com\/wp-content\/uploads\/2021\/09\/SUAVIZADOR.jpe","datePublished":"2021-09-16T00:05:22+00:00","dateModified":"2026-01-10T17:58:49+00:00","description":"Kit Suavizador De Resina Cati\u00f3nica 1 Ft3, ideal para bajo consumo. El suavizador de agua tiene una eficiencia en la eliminaci\u00f3n del sarro de hasta un 95%.","breadcrumb":{"@id":"https:\/\/mabawater.com\/producto\/kit-suavizador-de-resina-cationica-1-ft3\/#breadcrumb"},"inLanguage":"en-US","potentialAction":[{"@type":"ReadAction","target":["https:\/\/mabawater.com\/producto\/kit-suavizador-de-resina-cationica-1-ft3\/"]}]},{"@type":"ImageObject","inLanguage":"en-US","@id":"https:\/\/mabawater.com\/producto\/kit-suavizador-de-resina-cationica-1-ft3\/#primaryimage","url":"https:\/\/mabawater.com\/wp-content\/uploads\/2021\/09\/SUAVIZADOR.jpe","contentUrl":"https:\/\/mabawater.com\/wp-content\/uploads\/2021\/09\/SUAVIZADOR.jpe","width":225,"height":225,"caption":"Kit Suavizador De Resina Cati\u00f3nica 1.5 Ft3"},{"@type":"BreadcrumbList","@id":"https:\/\/mabawater.com\/producto\/kit-suavizador-de-resina-cationica-1-ft3\/#breadcrumb","itemListElement":[{"@type":"ListItem","position":1,"name":"Portada","item":"https:\/\/mabawater.com\/"},{"@type":"ListItem","position":2,"name":"Productos Para La Calidad Del Agua","item":"https:\/\/mabawater.com\/productos-para-la-calidad-del-agua\/"},{"@type":"ListItem","position":3,"name":"Kit Suavizador De Resina Cati\u00f3nica 1 Ft3"}]},{"@type":"WebSite","@id":"https:\/\/mabawater.com\/#website","url":"https:\/\/mabawater.com\/","name":"Maba Water","description":"Soluciones Hidr\u00e1ulicas Sustentables","publisher":{"@id":"https:\/\/mabawater.com\/#organization"},"potentialAction":[{"@type":"SearchAction","target":{"@type":"EntryPoint","urlTemplate":"https:\/\/mabawater.com\/?s={search_term_string}"},"query-input":{"@type":"PropertyValueSpecification","valueRequired":true,"valueName":"search_term_string"}}],"inLanguage":"en-US"},{"@type":"Organization","@id":"https:\/\/mabawater.com\/#organization","name":"Maba Water","url":"https:\/\/mabawater.com\/","logo":{"@type":"ImageObject","inLanguage":"en-US","@id":"https:\/\/mabawater.com\/#\/schema\/logo\/image\/","url":"https:\/\/mabawater.com\/wp-content\/uploads\/2021\/09\/water-icon.png","contentUrl":"https:\/\/mabawater.com\/wp-content\/uploads\/2021\/09\/water-icon.png","width":410,"height":176,"caption":"Maba Water"},"image":{"@id":"https:\/\/mabawater.com\/#\/schema\/logo\/image\/"},"sameAs":["https:\/\/www.facebook.com\/mabawater\/","https:\/\/www.instagram.com\/mabawater\/?hl=es-la"]}]}},"_links":{"self":[{"href":"https:\/\/mabawater.com\/en\/wp-json\/wp\/v2\/product\/12402","targetHints":{"allow":["GET"]}}],"collection":[{"href":"https:\/\/mabawater.com\/en\/wp-json\/wp\/v2\/product"}],"about":[{"href":"https:\/\/mabawater.com\/en\/wp-json\/wp\/v2\/types\/product"}],"replies":[{"embeddable":true,"href":"https:\/\/mabawater.com\/en\/wp-json\/wp\/v2\/comments?post=12402"}],"version-history":[{"count":8,"href":"https:\/\/mabawater.com\/en\/wp-json\/wp\/v2\/product\/12402\/revisions"}],"predecessor-version":[{"id":30141,"href":"https:\/\/mabawater.com\/en\/wp-json\/wp\/v2\/product\/12402\/revisions\/30141"}],"wp:featuredmedia":[{"embeddable":true,"href":"https:\/\/mabawater.com\/en\/wp-json\/wp\/v2\/media\/12403"}],"wp:attachment":[{"href":"https:\/\/mabawater.com\/en\/wp-json\/wp\/v2\/media?parent=12402"}],"wp:term":[{"taxonomy":"product_brand","embeddable":true,"href":"https:\/\/mabawater.com\/en\/wp-json\/wp\/v2\/product_brand?post=12402"},{"taxonomy":"product_cat","embeddable":true,"href":"https:\/\/mabawater.com\/en\/wp-json\/wp\/v2\/product_cat?post=12402"},{"taxonomy":"product_tag","embeddable":true,"href":"https:\/\/mabawater.com\/en\/wp-json\/wp\/v2\/product_tag?post=12402"}],"curies":[{"name":"wp","href":"https:\/\/api.w.org\/{rel}","templated":true}]}}