{"id":12419,"date":"2021-09-16T00:23:33","date_gmt":"2021-09-16T00:23:33","guid":{"rendered":"https:\/\/mabawater.sinclaire.com.mx\/?post_type=product&#038;p=12419"},"modified":"2026-01-12T17:00:44","modified_gmt":"2026-01-12T17:00:44","slug":"equipo-suavizador-de-agua-purikor-ensamblado-en-gabinete-1-5ft%c2%b3-tanque-12-9-galones-110-volts","status":"publish","type":"product","link":"https:\/\/mabawater.com\/en\/product\/equipo-suavizador-de-agua-purikor-ensamblado-en-gabinete-1-5ft%c2%b3-tanque-12-9-galones-110-volts\/","title":{"rendered":"Equipo suavizador de agua PURIKOR ensamblado en gabinete, 1.5ft\u00b3, tanque 12.9 galones, 110 volts"},"content":{"rendered":"<h1>Equipo suavizador de agua PURIKOR ensamblado<\/h1>\n<p>Equipo<strong> suavizador de agua PURIKOR<\/strong> ensamblado en gabinete, 1.5ft\u00b3, tanque 12.9 galones, 110 volts<\/p>\n<p>Somos una empresa mexicana especializada en soluciones h\u00eddricas sustentables, implementamos proyectos y tecnolog\u00eda que garantice una gesti\u00f3n integral del agua con el objetivo de generar ahorro, uso y manejo responsable\u00a0 y eficiente del recurso, brindar seguridad, calidad y constancia en el suministro de <strong>agua potable y saneamiento<\/strong>.<\/p>\n<p><strong>Nuestra Misi\u00f3n<\/strong><\/p>\n<p>Promover el desarrollo sustentable mediante la utilizaci\u00f3n de ecotecnolog\u00edas y dise\u00f1o sostenible, dirigido al sector urbano y comercial, fomentando una cultura ecol\u00f3gica en nuestros clientes ofertando y desarrollando productos y sistemas que otorguen los beneficios de:<\/p>\n<ul>\n<li>ahorro de energ\u00eda<\/li>\n<li>reducci\u00f3n del impacto ambiental<\/li>\n<li>gesti\u00f3n sustentable de los recursos h\u00eddricos<\/li>\n<li>optimizaci\u00f3n de los recursos y energ\u00edas renovables<\/li>\n<\/ul>\n<p><strong>Nuestra Visi\u00f3n<\/strong><\/p>\n<p>MabaWater es una empresa de alta confianza, responsabilidad y profesionalismo en el \u00e1mbito del desarrollo sustentable, con base en el desarrollo e implementaci\u00f3n de la m\u00e1s alta tecnolog\u00eda en sinergia con programas y campa\u00f1as para cultura de cuidado del medio ambiente.<\/p>\n<p>Nuestra garant\u00eda<\/p>\n<p>1 a\u00f1o de garantia en funcionamiento1 mes de garantia en satisfacci\u00f3n<\/p>\n<h3>Encu\u00e9ntranos es:<\/h3>\n<p>Calzada Zavaleta #1302. local 101, 75150 Puebla de Zaragoza, M\u00e9xico<\/p>\n<h3>Ll\u00e1manos a:<\/h3>\n<p>Tel\u00e9fono: 222 369 0818Ventas &#8211; Ext 1Atenci\u00f3n a clientes &#8211; Ext 2Asistencia t\u00e9cnica y \u00e1rea de ingenieria &#8211; Ext 3<\/p>\n<h3>Escribenos a:<\/h3>\n<p><a href=\"mailto:contacto@mabawater.com\">contacto@mabawater.com<\/a><\/p>\n<p>El\u00a0<b>descalcificador<\/b>\u00a0o\u00a0<b>ablandador de agua<\/b>\u00a0es un aparato que, por medios\u00a0<a title=\"Mec\u00e1nica\" href=\"https:\/\/es.wikipedia.org\/wiki\/Mec%C3%A1nica\">mec\u00e1nicos<\/a>\u00a0o\u00a0<a title=\"Qu\u00edmica\" href=\"https:\/\/es.wikipedia.org\/wiki\/Qu%C3%ADmica\">qu\u00edmicos<\/a>, trata el\u00a0<a title=\"Agua\" href=\"https:\/\/es.wikipedia.org\/wiki\/Agua\">agua<\/a>\u00a0para reducir el contenido de\u00a0<a title=\"Sales minerales\" href=\"https:\/\/es.wikipedia.org\/wiki\/Sales_minerales\">sales minerales<\/a>.<\/p>\n<p>El agua con alto contenido de sales de\u00a0<a title=\"Calcio\" href=\"https:\/\/es.wikipedia.org\/wiki\/Calcio\">calcio<\/a>\u00a0o\u00a0<a title=\"Magnesio\" href=\"https:\/\/es.wikipedia.org\/wiki\/Magnesio\">magnesio<\/a>\u00a0(<a title=\"Agua dura\" href=\"https:\/\/es.wikipedia.org\/wiki\/Agua_dura\">agua dura<\/a>) tiende a formar incrustaciones minerales en las paredes de las tuber\u00edas. En algunos casos bloquean casi la totalidad de la secci\u00f3n del tubo.<\/p>\n<p>Las sales se adhieren con m\u00e1s frecuencia a las tuber\u00edas de agua caliente as\u00ed como a las superficies de las\u00a0<a title=\"M\u00e1quina\" href=\"https:\/\/es.wikipedia.org\/wiki\/M%C3%A1quina\">m\u00e1quinas<\/a>\u00a0que trabajen o produzcan agua caliente. Un ejemplo de esto son las\u00a0<a title=\"Cafetera\" href=\"https:\/\/es.wikipedia.org\/wiki\/Cafetera\">cafeteras<\/a>\u00a0y los\u00a0<a title=\"Calentador de agua\" href=\"https:\/\/es.wikipedia.org\/wiki\/Calentador_de_agua\">calentadores de agua<\/a>. El calcio y magnesio al adherirse a las\u00a0<a title=\"Resistencia calentadora\" href=\"https:\/\/es.wikipedia.org\/wiki\/Resistencia_calentadora\">resistencias calentadores<\/a>\u00a0forma una capa que evita el contacto del agua con las resistencias, causando un sobrecalentamiento y la ruptura de la resistencia.<\/p>\n<p>Consulta m\u00e1s de nuestro aviso de privacidad <a href=\"https:\/\/mabawater.com\/en\/aviso-de-privacidad\/\">aqu\u00ed<\/a><\/p>\n<p>Descarga la ficha t\u00e9cnica <a href=\"https:\/\/mabawater.com\/wp-content\/uploads\/2022\/07\/ft_ficha_tecnica-1-5.pdf\">aqu\u00ed<\/a><\/p>","protected":false},"excerpt":{"rendered":"<div class=\"woocommerce-product-details__short-description\">\n<p><strong>SUAVIZADOR DE AGUA<\/strong> IDEAL PARA DEPARTAMENTOS CON ESPACIO LIMITADO.<\/p>\n<p>Es el <strong>suavizador<\/strong> m\u00e1s adaptable en espacios peque\u00f1os. El <strong>suavizador de agua<\/strong> tiene una eficiencia en la eliminaci\u00f3n del sarro de hasta un 95%. Se requiere alta presi\u00f3n en la l\u00ednea para que el equipo funcione, esto significa que requiere un equipo <strong>hidroneum\u00e1tico<\/strong> o <strong>presurizador<\/strong> para ejercer la presi\u00f3n suficiente.<\/p>\n<\/div>","protected":false},"featured_media":12420,"comment_status":"open","ping_status":"closed","template":"","meta":[],"product_brand":[],"product_cat":[145,76],"product_tag":[],"class_list":{"0":"post-12419","1":"product","2":"type-product","3":"status-publish","4":"has-post-thumbnail","6":"product_cat-tratamiento-de-agua","7":"product_cat-linea-anti-sarro","9":"first","10":"instock","11":"shipping-taxable","12":"product-type-simple"},"yoast_head":"<!-- This site is optimized with the Yoast SEO plugin v26.6 - https:\/\/yoast.com\/wordpress\/plugins\/seo\/ -->\n<title>Equipo suavizador de agua PURIKOR ensamblado. - Maba Water<\/title>\n<meta name=\"description\" content=\"Equipo suavizador de agua PURIKOR ensamblado en gabinete, 1.5ft\u00b3, tanque 12.9 galones, 110 voltsSomos una empresa mexicana especializada en soluciones\" \/>\n<meta name=\"robots\" content=\"index, follow, max-snippet:-1, max-image-preview:large, max-video-preview:-1\" \/>\n<link rel=\"canonical\" href=\"https:\/\/mabawater.com\/en\/product\/equipo-suavizador-de-agua-purikor-ensamblado-en-gabinete-1-5ft\u00b3-tanque-12-9-galones-110-volts\/\" \/>\n<meta property=\"og:locale\" content=\"en_US\" \/>\n<meta property=\"og:type\" content=\"article\" \/>\n<meta property=\"og:title\" content=\"Equipo suavizador de agua PURIKOR ensamblado. - Maba Water\" \/>\n<meta property=\"og:description\" content=\"Equipo suavizador de agua PURIKOR ensamblado en gabinete, 1.5ft\u00b3, tanque 12.9 galones, 110 voltsSomos una empresa mexicana especializada en soluciones\" \/>\n<meta property=\"og:url\" content=\"https:\/\/mabawater.com\/en\/product\/equipo-suavizador-de-agua-purikor-ensamblado-en-gabinete-1-5ft\u00b3-tanque-12-9-galones-110-volts\/\" \/>\n<meta property=\"og:site_name\" content=\"Maba Water\" \/>\n<meta property=\"article:publisher\" content=\"https:\/\/www.facebook.com\/mabawater\/\" \/>\n<meta property=\"article:modified_time\" content=\"2026-01-12T17:00:44+00:00\" \/>\n<meta property=\"og:image\" content=\"https:\/\/mabawater.com\/wp-content\/uploads\/2021\/09\/pksoft1044-15g.jpg\" \/>\n\t<meta property=\"og:image:width\" content=\"1000\" \/>\n\t<meta property=\"og:image:height\" content=\"1000\" \/>\n\t<meta property=\"og:image:type\" content=\"image\/jpeg\" \/>\n<meta name=\"twitter:card\" content=\"summary_large_image\" \/>\n<meta name=\"twitter:label1\" content=\"Est. reading time\" \/>\n\t<meta name=\"twitter:data1\" content=\"1 minute\" \/>\n<!-- \/ Yoast SEO plugin. -->","yoast_head_json":{"title":"Equipo suavizador de agua PURIKOR ensamblado. - Maba Water","description":"Equipo suavizador de agua PURIKOR ensamblado en gabinete, 1.5ft\u00b3, tanque 12.9 galones, 110 voltsSomos una empresa mexicana especializada en soluciones","robots":{"index":"index","follow":"follow","max-snippet":"max-snippet:-1","max-image-preview":"max-image-preview:large","max-video-preview":"max-video-preview:-1"},"canonical":"https:\/\/mabawater.com\/en\/product\/equipo-suavizador-de-agua-purikor-ensamblado-en-gabinete-1-5ft\u00b3-tanque-12-9-galones-110-volts\/","og_locale":"en_US","og_type":"article","og_title":"Equipo suavizador de agua PURIKOR ensamblado. - Maba Water","og_description":"Equipo suavizador de agua PURIKOR ensamblado en gabinete, 1.5ft\u00b3, tanque 12.9 galones, 110 voltsSomos una empresa mexicana especializada en soluciones","og_url":"https:\/\/mabawater.com\/en\/product\/equipo-suavizador-de-agua-purikor-ensamblado-en-gabinete-1-5ft\u00b3-tanque-12-9-galones-110-volts\/","og_site_name":"Maba Water","article_publisher":"https:\/\/www.facebook.com\/mabawater\/","article_modified_time":"2026-01-12T17:00:44+00:00","og_image":[{"width":1000,"height":1000,"url":"https:\/\/mabawater.com\/wp-content\/uploads\/2021\/09\/pksoft1044-15g.jpg","type":"image\/jpeg"}],"twitter_card":"summary_large_image","twitter_misc":{"Est. reading time":"1 minute"},"schema":{"@context":"https:\/\/schema.org","@graph":[{"@type":"WebPage","@id":"https:\/\/mabawater.com\/producto\/equipo-suavizador-de-agua-purikor-ensamblado-en-gabinete-1-5ft%c2%b3-tanque-12-9-galones-110-volts\/","url":"https:\/\/mabawater.com\/producto\/equipo-suavizador-de-agua-purikor-ensamblado-en-gabinete-1-5ft%c2%b3-tanque-12-9-galones-110-volts\/","name":"Equipo suavizador de agua PURIKOR ensamblado. - Maba Water","isPartOf":{"@id":"https:\/\/mabawater.com\/#website"},"primaryImageOfPage":{"@id":"https:\/\/mabawater.com\/producto\/equipo-suavizador-de-agua-purikor-ensamblado-en-gabinete-1-5ft%c2%b3-tanque-12-9-galones-110-volts\/#primaryimage"},"image":{"@id":"https:\/\/mabawater.com\/producto\/equipo-suavizador-de-agua-purikor-ensamblado-en-gabinete-1-5ft%c2%b3-tanque-12-9-galones-110-volts\/#primaryimage"},"thumbnailUrl":"https:\/\/mabawater.com\/wp-content\/uploads\/2021\/09\/pksoft1044-15g.jpg","datePublished":"2021-09-16T00:23:33+00:00","dateModified":"2026-01-12T17:00:44+00:00","description":"Equipo suavizador de agua PURIKOR ensamblado en gabinete, 1.5ft\u00b3, tanque 12.9 galones, 110 voltsSomos una empresa mexicana especializada en soluciones","breadcrumb":{"@id":"https:\/\/mabawater.com\/producto\/equipo-suavizador-de-agua-purikor-ensamblado-en-gabinete-1-5ft%c2%b3-tanque-12-9-galones-110-volts\/#breadcrumb"},"inLanguage":"en-US","potentialAction":[{"@type":"ReadAction","target":["https:\/\/mabawater.com\/producto\/equipo-suavizador-de-agua-purikor-ensamblado-en-gabinete-1-5ft%c2%b3-tanque-12-9-galones-110-volts\/"]}]},{"@type":"ImageObject","inLanguage":"en-US","@id":"https:\/\/mabawater.com\/producto\/equipo-suavizador-de-agua-purikor-ensamblado-en-gabinete-1-5ft%c2%b3-tanque-12-9-galones-110-volts\/#primaryimage","url":"https:\/\/mabawater.com\/wp-content\/uploads\/2021\/09\/pksoft1044-15g.jpg","contentUrl":"https:\/\/mabawater.com\/wp-content\/uploads\/2021\/09\/pksoft1044-15g.jpg","width":1000,"height":1000,"caption":"Equipo suavizador de agua PURIKOR ensamblado"},{"@type":"BreadcrumbList","@id":"https:\/\/mabawater.com\/producto\/equipo-suavizador-de-agua-purikor-ensamblado-en-gabinete-1-5ft%c2%b3-tanque-12-9-galones-110-volts\/#breadcrumb","itemListElement":[{"@type":"ListItem","position":1,"name":"Portada","item":"https:\/\/mabawater.com\/"},{"@type":"ListItem","position":2,"name":"Productos Para La Calidad Del Agua","item":"https:\/\/mabawater.com\/productos-para-la-calidad-del-agua\/"},{"@type":"ListItem","position":3,"name":"Equipo suavizador de agua PURIKOR ensamblado en gabinete, 1.5ft\u00b3, tanque 12.9 galones, 110 volts"}]},{"@type":"WebSite","@id":"https:\/\/mabawater.com\/#website","url":"https:\/\/mabawater.com\/","name":"Maba Water","description":"Soluciones Hidr\u00e1ulicas Sustentables","publisher":{"@id":"https:\/\/mabawater.com\/#organization"},"potentialAction":[{"@type":"SearchAction","target":{"@type":"EntryPoint","urlTemplate":"https:\/\/mabawater.com\/?s={search_term_string}"},"query-input":{"@type":"PropertyValueSpecification","valueRequired":true,"valueName":"search_term_string"}}],"inLanguage":"en-US"},{"@type":"Organization","@id":"https:\/\/mabawater.com\/#organization","name":"Maba Water","url":"https:\/\/mabawater.com\/","logo":{"@type":"ImageObject","inLanguage":"en-US","@id":"https:\/\/mabawater.com\/#\/schema\/logo\/image\/","url":"https:\/\/mabawater.com\/wp-content\/uploads\/2021\/09\/water-icon.png","contentUrl":"https:\/\/mabawater.com\/wp-content\/uploads\/2021\/09\/water-icon.png","width":410,"height":176,"caption":"Maba Water"},"image":{"@id":"https:\/\/mabawater.com\/#\/schema\/logo\/image\/"},"sameAs":["https:\/\/www.facebook.com\/mabawater\/","https:\/\/www.instagram.com\/mabawater\/?hl=es-la"]}]}},"_links":{"self":[{"href":"https:\/\/mabawater.com\/en\/wp-json\/wp\/v2\/product\/12419","targetHints":{"allow":["GET"]}}],"collection":[{"href":"https:\/\/mabawater.com\/en\/wp-json\/wp\/v2\/product"}],"about":[{"href":"https:\/\/mabawater.com\/en\/wp-json\/wp\/v2\/types\/product"}],"replies":[{"embeddable":true,"href":"https:\/\/mabawater.com\/en\/wp-json\/wp\/v2\/comments?post=12419"}],"version-history":[{"count":13,"href":"https:\/\/mabawater.com\/en\/wp-json\/wp\/v2\/product\/12419\/revisions"}],"predecessor-version":[{"id":30151,"href":"https:\/\/mabawater.com\/en\/wp-json\/wp\/v2\/product\/12419\/revisions\/30151"}],"wp:featuredmedia":[{"embeddable":true,"href":"https:\/\/mabawater.com\/en\/wp-json\/wp\/v2\/media\/12420"}],"wp:attachment":[{"href":"https:\/\/mabawater.com\/en\/wp-json\/wp\/v2\/media?parent=12419"}],"wp:term":[{"taxonomy":"product_brand","embeddable":true,"href":"https:\/\/mabawater.com\/en\/wp-json\/wp\/v2\/product_brand?post=12419"},{"taxonomy":"product_cat","embeddable":true,"href":"https:\/\/mabawater.com\/en\/wp-json\/wp\/v2\/product_cat?post=12419"},{"taxonomy":"product_tag","embeddable":true,"href":"https:\/\/mabawater.com\/en\/wp-json\/wp\/v2\/product_tag?post=12419"}],"curies":[{"name":"wp","href":"https:\/\/api.w.org\/{rel}","templated":true}]}}