{"id":12429,"date":"2021-09-16T00:32:32","date_gmt":"2021-09-16T00:32:32","guid":{"rendered":"https:\/\/mabawater.sinclaire.com.mx\/?post_type=product&#038;p=12429"},"modified":"2026-03-24T18:43:04","modified_gmt":"2026-03-24T18:43:04","slug":"suavizador-de-resina-cationica-5-0-ft3","status":"publish","type":"product","link":"https:\/\/mabawater.com\/en\/product\/suavizador-de-resina-cationica-5-0-ft3\/","title":{"rendered":"Suavizador De Resina Cati\u00f3nica 5.0 Ft3"},"content":{"rendered":"<h1>Suavizador De Resina Cati\u00f3nica 5.0 Ft3<\/h1>\n<p>El agua se hace circular por un\u00a0<a title=\"Racor\" href=\"https:\/\/es.wikipedia.org\/wiki\/Racor\">racor<\/a>\u00a0con\u00a0<a title=\"Zeolita\" href=\"https:\/\/es.wikipedia.org\/wiki\/Zeolita\">zeolita<\/a>\u00a0(un compuesto qu\u00edmico de sales de\u00a0<a title=\"Sodio\" href=\"https:\/\/es.wikipedia.org\/wiki\/Sodio\">sodio<\/a>\u00a0o\u00a0<a title=\"Potasio\" href=\"https:\/\/es.wikipedia.org\/wiki\/Potasio\">potasio<\/a>). Los iones de calcio y magnesio reemplazan los iones de sodio o potasio. El sodio o potasio liberado no se adhiere a las paredes de las tuber\u00edas ni reacciona con el jab\u00f3n, solucionando ambos problemas.<\/p>\n<p>Somos una empresa mexicana especializada en soluciones h\u00eddricas sustentables, implementamos proyectos y tecnolog\u00eda que garantice una gesti\u00f3n integral del agua con el objetivo de generar ahorro, uso y manejo responsable\u00a0 y eficiente del recurso, brindar seguridad, calidad y constancia en el suministro de agua potable y saneamiento.<\/p>\n<p><strong>Nuestra Misi\u00f3n<\/strong><\/p>\n<p>Promover el desarrollo sustentable mediante la utilizaci\u00f3n de ecotecnolog\u00edas y dise\u00f1o sostenible, dirigido al sector urbano y comercial, fomentando una cultura ecol\u00f3gica en nuestros clientes ofertando y desarrollando productos y sistemas que otorguen los beneficios de:<\/p>\n<ul>\n<li>ahorro de energ\u00eda<\/li>\n<li>reducci\u00f3n del impacto ambiental<\/li>\n<li>gesti\u00f3n sustentable de los recursos h\u00eddricos<\/li>\n<li>optimizaci\u00f3n de los recursos y energ\u00edas renovables<\/li>\n<\/ul>\n<p><strong>Nuestra Visi\u00f3n<\/strong><\/p>\n<p>MabaWater es una empresa de alta confianza, responsabilidad y profesionalismo en el \u00e1mbito del desarrollo sustentable, con base en el desarrollo e implementaci\u00f3n de la m\u00e1s alta tecnolog\u00eda en sinergia con programas y campa\u00f1as para cultura de cuidado del medio ambiente.<\/p>\n<p>Nuestra garant\u00eda<\/p>\n<p>1 a\u00f1o de garantia en funcionamiento1 mes de garantia en satisfacci\u00f3n<\/p>\n<h3>Encu\u00e9ntranos es:<\/h3>\n<p>Calzada Zavaleta #1302. local 101, 75150 Puebla de Zaragoza, M\u00e9xico<\/p>\n<h3>Ll\u00e1manos a:<\/h3>\n<p>Tel\u00e9fono: 222 369 0818Ventas &#8211; Ext 1Atenci\u00f3n a clientes &#8211; Ext 2Asistencia t\u00e9cnica y \u00e1rea de ingenieria &#8211; Ext 3<\/p>\n<h3>Escribenos a:<\/h3>\n<p><a href=\"mailto:contacto@mabawater.com\">contacto@mabawater.com<\/a><\/p>\n<p>El agua se hace circular por un\u00a0<a title=\"Racor\" href=\"https:\/\/es.wikipedia.org\/wiki\/Racor\">racor<\/a>\u00a0con\u00a0<a title=\"Zeolita\" href=\"https:\/\/es.wikipedia.org\/wiki\/Zeolita\">zeolita<\/a>\u00a0(un compuesto qu\u00edmico de sales de\u00a0<a title=\"Sodio\" href=\"https:\/\/es.wikipedia.org\/wiki\/Sodio\">sodio<\/a>\u00a0o\u00a0<a title=\"Potasio\" href=\"https:\/\/es.wikipedia.org\/wiki\/Potasio\">potasio<\/a>). Los iones de calcio y magnesio reemplazan los iones de sodio o potasio. El sodio o potasio liberado no se adhiere a las paredes de las tuber\u00edas ni reacciona con el jab\u00f3n, solucionando ambos problemas.<\/p>\n<p>Consulta m\u00e1s de nuestro aviso de privacidad <a href=\"https:\/\/mabawater.com\/en\/aviso-de-privacidad\/\">aqu\u00ed<\/a><\/p>","protected":false},"excerpt":{"rendered":"<p><strong>SUAVIZADOR DE AGUA<\/strong> IDEAL PARA ALTO CONSUMO.<\/p>\n<p>El<strong> suavizador de agua<\/strong> tiene una eficiencia en la <strong>eliminaci\u00f3n del sarro<\/strong> de hasta un 95%.<\/p>\n<ul>\n<li>Se requiere de alta presi\u00f3n en la l\u00ednea para que el equipo funcione<\/li>\n<li>Esto significa que requiere un<strong> sistema hidroneum\u00e1tico<\/strong> o <strong>presurizador<\/strong> para contar con la presi\u00f3n suficiente.<\/li>\n<\/ul>","protected":false},"featured_media":12430,"comment_status":"open","ping_status":"closed","template":"","meta":[],"product_brand":[],"product_cat":[77,76],"product_tag":[],"class_list":{"0":"post-12429","1":"product","2":"type-product","3":"status-publish","4":"has-post-thumbnail","6":"product_cat-suavizadores-de-agua","7":"product_cat-linea-anti-sarro","9":"first","10":"instock","11":"sale","12":"shipping-taxable","13":"product-type-simple"},"yoast_head":"<!-- This site is optimized with the Yoast SEO plugin v26.6 - https:\/\/yoast.com\/wordpress\/plugins\/seo\/ -->\n<title>Suavizador De Resina Cati\u00f3nica 5.0 Ft3 - Maba Water<\/title>\n<meta name=\"description\" content=\"El agua se hace circular por un\u00a0racor\u00a0con\u00a0zeolita\u00a0(un compuesto qu\u00edmico de sales de\u00a0sodio\u00a0o\u00a0potasio). Los iones de calcio y magnesio reemplazan los iones\" \/>\n<meta name=\"robots\" content=\"index, follow, max-snippet:-1, max-image-preview:large, max-video-preview:-1\" \/>\n<link rel=\"canonical\" href=\"https:\/\/mabawater.com\/en\/product\/suavizador-de-resina-cationica-5-0-ft3\/\" \/>\n<meta property=\"og:locale\" content=\"en_US\" \/>\n<meta property=\"og:type\" content=\"article\" \/>\n<meta property=\"og:title\" content=\"Suavizador De Resina Cati\u00f3nica 5.0 Ft3 - Maba Water\" \/>\n<meta property=\"og:description\" content=\"El agua se hace circular por un\u00a0racor\u00a0con\u00a0zeolita\u00a0(un compuesto qu\u00edmico de sales de\u00a0sodio\u00a0o\u00a0potasio). Los iones de calcio y magnesio reemplazan los iones\" \/>\n<meta property=\"og:url\" content=\"https:\/\/mabawater.com\/en\/product\/suavizador-de-resina-cationica-5-0-ft3\/\" \/>\n<meta property=\"og:site_name\" content=\"Maba Water\" \/>\n<meta property=\"article:publisher\" content=\"https:\/\/www.facebook.com\/mabawater\/\" \/>\n<meta property=\"article:modified_time\" content=\"2026-03-24T18:43:04+00:00\" \/>\n<meta property=\"og:image\" content=\"https:\/\/mabawater.com\/wp-content\/uploads\/2021\/09\/soft5ft.jpg\" \/>\n\t<meta property=\"og:image:width\" content=\"1500\" \/>\n\t<meta property=\"og:image:height\" content=\"1470\" \/>\n\t<meta property=\"og:image:type\" content=\"image\/jpeg\" \/>\n<meta name=\"twitter:card\" content=\"summary_large_image\" \/>\n<meta name=\"twitter:label1\" content=\"Est. reading time\" \/>\n\t<meta name=\"twitter:data1\" content=\"2 minutes\" \/>\n<!-- \/ Yoast SEO plugin. -->","yoast_head_json":{"title":"Suavizador De Resina Cati\u00f3nica 5.0 Ft3 - Maba Water","description":"El agua se hace circular por un\u00a0racor\u00a0con\u00a0zeolita\u00a0(un compuesto qu\u00edmico de sales de\u00a0sodio\u00a0o\u00a0potasio). Los iones de calcio y magnesio reemplazan los iones","robots":{"index":"index","follow":"follow","max-snippet":"max-snippet:-1","max-image-preview":"max-image-preview:large","max-video-preview":"max-video-preview:-1"},"canonical":"https:\/\/mabawater.com\/en\/product\/suavizador-de-resina-cationica-5-0-ft3\/","og_locale":"en_US","og_type":"article","og_title":"Suavizador De Resina Cati\u00f3nica 5.0 Ft3 - Maba Water","og_description":"El agua se hace circular por un\u00a0racor\u00a0con\u00a0zeolita\u00a0(un compuesto qu\u00edmico de sales de\u00a0sodio\u00a0o\u00a0potasio). Los iones de calcio y magnesio reemplazan los iones","og_url":"https:\/\/mabawater.com\/en\/product\/suavizador-de-resina-cationica-5-0-ft3\/","og_site_name":"Maba Water","article_publisher":"https:\/\/www.facebook.com\/mabawater\/","article_modified_time":"2026-03-24T18:43:04+00:00","og_image":[{"width":1500,"height":1470,"url":"https:\/\/mabawater.com\/wp-content\/uploads\/2021\/09\/soft5ft.jpg","type":"image\/jpeg"}],"twitter_card":"summary_large_image","twitter_misc":{"Est. reading time":"2 minutes"},"schema":{"@context":"https:\/\/schema.org","@graph":[{"@type":"WebPage","@id":"https:\/\/mabawater.com\/producto\/suavizador-de-resina-cationica-5-0-ft3\/","url":"https:\/\/mabawater.com\/producto\/suavizador-de-resina-cationica-5-0-ft3\/","name":"Suavizador De Resina Cati\u00f3nica 5.0 Ft3 - Maba Water","isPartOf":{"@id":"https:\/\/mabawater.com\/#website"},"primaryImageOfPage":{"@id":"https:\/\/mabawater.com\/producto\/suavizador-de-resina-cationica-5-0-ft3\/#primaryimage"},"image":{"@id":"https:\/\/mabawater.com\/producto\/suavizador-de-resina-cationica-5-0-ft3\/#primaryimage"},"thumbnailUrl":"https:\/\/mabawater.com\/wp-content\/uploads\/2021\/09\/soft5ft.jpg","datePublished":"2021-09-16T00:32:32+00:00","dateModified":"2026-03-24T18:43:04+00:00","description":"El agua se hace circular por un\u00a0racor\u00a0con\u00a0zeolita\u00a0(un compuesto qu\u00edmico de sales de\u00a0sodio\u00a0o\u00a0potasio). Los iones de calcio y magnesio reemplazan los iones","breadcrumb":{"@id":"https:\/\/mabawater.com\/producto\/suavizador-de-resina-cationica-5-0-ft3\/#breadcrumb"},"inLanguage":"en-US","potentialAction":[{"@type":"ReadAction","target":["https:\/\/mabawater.com\/producto\/suavizador-de-resina-cationica-5-0-ft3\/"]}]},{"@type":"ImageObject","inLanguage":"en-US","@id":"https:\/\/mabawater.com\/producto\/suavizador-de-resina-cationica-5-0-ft3\/#primaryimage","url":"https:\/\/mabawater.com\/wp-content\/uploads\/2021\/09\/soft5ft.jpg","contentUrl":"https:\/\/mabawater.com\/wp-content\/uploads\/2021\/09\/soft5ft.jpg","width":1500,"height":1470,"caption":"Suavizador De Resina Cati\u00f3nica 5.0 Ft3"},{"@type":"BreadcrumbList","@id":"https:\/\/mabawater.com\/producto\/suavizador-de-resina-cationica-5-0-ft3\/#breadcrumb","itemListElement":[{"@type":"ListItem","position":1,"name":"Portada","item":"https:\/\/mabawater.com\/"},{"@type":"ListItem","position":2,"name":"Productos Para La Calidad Del Agua","item":"https:\/\/mabawater.com\/productos-para-la-calidad-del-agua\/"},{"@type":"ListItem","position":3,"name":"Suavizador De Resina Cati\u00f3nica 5.0 Ft3"}]},{"@type":"WebSite","@id":"https:\/\/mabawater.com\/#website","url":"https:\/\/mabawater.com\/","name":"Maba Water","description":"Soluciones Hidr\u00e1ulicas Sustentables","publisher":{"@id":"https:\/\/mabawater.com\/#organization"},"potentialAction":[{"@type":"SearchAction","target":{"@type":"EntryPoint","urlTemplate":"https:\/\/mabawater.com\/?s={search_term_string}"},"query-input":{"@type":"PropertyValueSpecification","valueRequired":true,"valueName":"search_term_string"}}],"inLanguage":"en-US"},{"@type":"Organization","@id":"https:\/\/mabawater.com\/#organization","name":"Maba Water","url":"https:\/\/mabawater.com\/","logo":{"@type":"ImageObject","inLanguage":"en-US","@id":"https:\/\/mabawater.com\/#\/schema\/logo\/image\/","url":"https:\/\/mabawater.com\/wp-content\/uploads\/2021\/09\/water-icon.png","contentUrl":"https:\/\/mabawater.com\/wp-content\/uploads\/2021\/09\/water-icon.png","width":410,"height":176,"caption":"Maba Water"},"image":{"@id":"https:\/\/mabawater.com\/#\/schema\/logo\/image\/"},"sameAs":["https:\/\/www.facebook.com\/mabawater\/","https:\/\/www.instagram.com\/mabawater\/?hl=es-la"]}]}},"_links":{"self":[{"href":"https:\/\/mabawater.com\/en\/wp-json\/wp\/v2\/product\/12429","targetHints":{"allow":["GET"]}}],"collection":[{"href":"https:\/\/mabawater.com\/en\/wp-json\/wp\/v2\/product"}],"about":[{"href":"https:\/\/mabawater.com\/en\/wp-json\/wp\/v2\/types\/product"}],"replies":[{"embeddable":true,"href":"https:\/\/mabawater.com\/en\/wp-json\/wp\/v2\/comments?post=12429"}],"version-history":[{"count":5,"href":"https:\/\/mabawater.com\/en\/wp-json\/wp\/v2\/product\/12429\/revisions"}],"predecessor-version":[{"id":30145,"href":"https:\/\/mabawater.com\/en\/wp-json\/wp\/v2\/product\/12429\/revisions\/30145"}],"wp:featuredmedia":[{"embeddable":true,"href":"https:\/\/mabawater.com\/en\/wp-json\/wp\/v2\/media\/12430"}],"wp:attachment":[{"href":"https:\/\/mabawater.com\/en\/wp-json\/wp\/v2\/media?parent=12429"}],"wp:term":[{"taxonomy":"product_brand","embeddable":true,"href":"https:\/\/mabawater.com\/en\/wp-json\/wp\/v2\/product_brand?post=12429"},{"taxonomy":"product_cat","embeddable":true,"href":"https:\/\/mabawater.com\/en\/wp-json\/wp\/v2\/product_cat?post=12429"},{"taxonomy":"product_tag","embeddable":true,"href":"https:\/\/mabawater.com\/en\/wp-json\/wp\/v2\/product_tag?post=12429"}],"curies":[{"name":"wp","href":"https:\/\/api.w.org\/{rel}","templated":true}]}}