{"id":12434,"date":"2021-09-16T00:39:36","date_gmt":"2021-09-16T00:39:36","guid":{"rendered":"https:\/\/mabawater.sinclaire.com.mx\/?post_type=product&#038;p=12434"},"modified":"2026-01-12T16:50:16","modified_gmt":"2026-01-12T16:50:16","slug":"valvula-automatica-para-suavizador","status":"publish","type":"product","link":"https:\/\/mabawater.com\/en\/product\/valvula-automatica-para-suavizador\/","title":{"rendered":"V\u00e1lvula Autom\u00e1tica Para Suavizador"},"content":{"rendered":"<h1>V\u00e1lvula Autom\u00e1tica Para Suavizador<\/h1>\n<p>Una V\u00e1lvula Autom\u00e1tica Para Suavizador en buen estado hace m\u00e1s eficiente el proceso de suavizaci\u00f3n, ya que realiza los retrolavados para regenerar la resina cati\u00f3nica en funci\u00f3n al flujo del agua.<\/p>\n<p>Somos una empresa mexicana especializada en soluciones h\u00eddricas sustentables, implementamos proyectos y tecnolog\u00eda que garantice una gesti\u00f3n integral del agua con el objetivo de generar ahorro, uso y manejo responsable\u00a0 y eficiente del recurso, brindar seguridad, calidad y constancia en el suministro de agua potable y saneamiento.<\/p>\n<p><strong>Nuestra Misi\u00f3n<\/strong><\/p>\n<p>Promover el desarrollo sustentable mediante la utilizaci\u00f3n de ecotecnolog\u00edas y dise\u00f1o sostenible, dirigido al sector urbano y comercial, fomentando una cultura ecol\u00f3gica en nuestros clientes ofertando y desarrollando productos y sistemas que otorguen los beneficios de:<\/p>\n<ul>\n<li>ahorro de energ\u00eda<\/li>\n<li>reducci\u00f3n del impacto ambiental<\/li>\n<li>gesti\u00f3n sustentable de los recursos h\u00eddricos<\/li>\n<li>optimizaci\u00f3n de los recursos y energ\u00edas renovables<\/li>\n<\/ul>\n<p><strong>Nuestra Visi\u00f3n<\/strong><\/p>\n<p>MabaWater es una empresa de alta confianza, responsabilidad y profesionalismo en el \u00e1mbito del desarrollo sustentable, con base en el desarrollo e implementaci\u00f3n de la m\u00e1s alta tecnolog\u00eda en sinergia con programas y campa\u00f1as para cultura de cuidado del medio ambiente.<\/p>\n<p>Nuestra garant\u00eda<\/p>\n<p>1 a\u00f1o de garantia en funcionamiento1 mes de garantia en satisfacci\u00f3n<\/p>\n<h3>Encu\u00e9ntranos es:<\/h3>\n<p>Calzada Zavaleta #1302. local 101, 75150 Puebla de Zaragoza, M\u00e9xico<\/p>\n<h3>Ll\u00e1manos a:<\/h3>\n<p>Tel\u00e9fono: 222 369 0818Ventas &#8211; Ext 1Atenci\u00f3n a clientes &#8211; Ext 2Asistencia t\u00e9cnica y \u00e1rea de ingenieria &#8211; Ext 3<\/p>\n<h3>Escribenos a:<\/h3>\n<p><a href=\"mailto:contacto@mabawater.com\">contacto@mabawater.com<\/a><\/p>\n<p>El\u00a0<b>descalcificador<\/b>\u00a0o\u00a0<b>ablandador de agua<\/b>\u00a0es un aparato que, por medios\u00a0<a title=\"Mec\u00e1nica\" href=\"https:\/\/es.wikipedia.org\/wiki\/Mec%C3%A1nica\">mec\u00e1nicos<\/a>\u00a0o\u00a0<a title=\"Qu\u00edmica\" href=\"https:\/\/es.wikipedia.org\/wiki\/Qu%C3%ADmica\">qu\u00edmicos<\/a>, trata el\u00a0<a title=\"Agua\" href=\"https:\/\/es.wikipedia.org\/wiki\/Agua\">agua<\/a>\u00a0para reducir el contenido de\u00a0<a title=\"Sales minerales\" href=\"https:\/\/es.wikipedia.org\/wiki\/Sales_minerales\">sales minerales<\/a>.<\/p>\n<p>El agua con alto contenido de sales de\u00a0<a title=\"Calcio\" href=\"https:\/\/es.wikipedia.org\/wiki\/Calcio\">calcio<\/a>\u00a0o\u00a0<a title=\"Magnesio\" href=\"https:\/\/es.wikipedia.org\/wiki\/Magnesio\">magnesio<\/a>\u00a0(<a title=\"Agua dura\" href=\"https:\/\/es.wikipedia.org\/wiki\/Agua_dura\">agua dura<\/a>) tiende a formar incrustaciones minerales en las paredes de las tuber\u00edas. En algunos casos bloquean casi la totalidad de la secci\u00f3n del tubo.<\/p>\n<p>Las sales se adhieren con m\u00e1s frecuencia a las tuber\u00edas de agua caliente as\u00ed como a las superficies de las\u00a0<a title=\"M\u00e1quina\" href=\"https:\/\/es.wikipedia.org\/wiki\/M%C3%A1quina\">m\u00e1quinas<\/a>\u00a0que trabajen o produzcan agua caliente. Un ejemplo de esto son las\u00a0<a title=\"Cafetera\" href=\"https:\/\/es.wikipedia.org\/wiki\/Cafetera\">cafeteras<\/a>\u00a0y los\u00a0<a title=\"Calentador de agua\" href=\"https:\/\/es.wikipedia.org\/wiki\/Calentador_de_agua\">calentadores de agua<\/a>. El calcio y magnesio al adherirse a las\u00a0<a title=\"Resistencia calentadora\" href=\"https:\/\/es.wikipedia.org\/wiki\/Resistencia_calentadora\">resistencias calentadores<\/a>\u00a0forma una capa que evita el contacto del agua con las resistencias, causando un sobrecalentamiento y la ruptura de la resistencia.<\/p>\n<p>Las aguas duras, cuando entran en contacto con el\u00a0<a title=\"Jab\u00f3n\" href=\"https:\/\/es.wikipedia.org\/wiki\/Jab%C3%B3n\">jab\u00f3n<\/a>, reducen su capacidad de crear espuma, obligando a aumentar el tiempo de uso. Los\u00a0<a title=\"Detergente\" href=\"https:\/\/es.wikipedia.org\/wiki\/Detergente\">detergentes<\/a>\u00a0tambi\u00e9n son afectados, forzando a emplear mayor concentraci\u00f3n del producto para cumplir con su misi\u00f3n de lavado.<\/p>\n<p>La\u00a0<a title=\"Corrosi\u00f3n\" href=\"https:\/\/es.wikipedia.org\/wiki\/Corrosi%C3%B3n\">corrosi\u00f3n<\/a>\u00a0<a title=\"Galvanizado\" href=\"https:\/\/es.wikipedia.org\/wiki\/Galvanizado\">galv\u00e1nica<\/a>\u00a0empeora en presencia de los\u00a0<a title=\"Ion\" href=\"https:\/\/es.wikipedia.org\/wiki\/Ion\">iones<\/a>\u00a0de estos\u00a0<a title=\"Metal\" href=\"https:\/\/es.wikipedia.org\/wiki\/Metal\">metales<\/a>. Las paredes de un calentador se corroen con mayor\u00a0<a title=\"Velocidad\" href=\"https:\/\/es.wikipedia.org\/wiki\/Velocidad\">velocidad<\/a>\u00a0obligando a cambiar con mayor frecuencia los\u00a0<a title=\"\u00c1nodo de sacrificio\" href=\"https:\/\/es.wikipedia.org\/wiki\/%C3%81nodo_de_sacrificio\">\u00e1nodos de sacrificio<\/a>.<\/p>\n<p>Consulta m\u00e1s de nuestro aviso de privacidad <a href=\"https:\/\/mabawater.com\/en\/aviso-de-privacidad\/\">aqu\u00ed<\/a><\/p>\n<p>&nbsp;<\/p>\n<p>&nbsp;<\/p>","protected":false},"excerpt":{"rendered":"<p><strong>V\u00e1lvula de respuesto<\/strong> autom\u00e1tica por demanda para <strong>suavizador<\/strong>.<\/p>\n<p>Una v\u00e1lvula en buen estado hace m\u00e1s eficiente el proceso de<strong> suavizaci\u00f3n de agua<\/strong>, ya que realiza los retrolavados para regenerar la resina cati\u00f3nica en funci\u00f3n al flujo del agua.<\/p>","protected":false},"featured_media":12435,"comment_status":"open","ping_status":"closed","template":"","meta":[],"product_brand":[],"product_cat":[77,76],"product_tag":[],"class_list":{"0":"post-12434","1":"product","2":"type-product","3":"status-publish","4":"has-post-thumbnail","6":"product_cat-suavizadores-de-agua","7":"product_cat-linea-anti-sarro","9":"first","10":"instock","11":"shipping-taxable","12":"product-type-simple"},"yoast_head":"<!-- This site is optimized with the Yoast SEO plugin v26.6 - https:\/\/yoast.com\/wordpress\/plugins\/seo\/ -->\n<title>V\u00e1lvula Autom\u00e1tica Para Suavizador - Maba Water<\/title>\n<meta name=\"description\" content=\"Una V\u00e1lvula Autom\u00e1tica Para Suavizador en buen estado hace m\u00e1s eficiente el proceso de suavizaci\u00f3n, ya que realiza los retrolavados para regenerar la resina\" \/>\n<meta name=\"robots\" content=\"index, follow, max-snippet:-1, max-image-preview:large, max-video-preview:-1\" \/>\n<link rel=\"canonical\" href=\"https:\/\/mabawater.com\/en\/product\/valvula-automatica-para-suavizador\/\" \/>\n<meta property=\"og:locale\" content=\"en_US\" \/>\n<meta property=\"og:type\" content=\"article\" \/>\n<meta property=\"og:title\" content=\"V\u00e1lvula Autom\u00e1tica Para Suavizador - Maba Water\" \/>\n<meta property=\"og:description\" content=\"Una V\u00e1lvula Autom\u00e1tica Para Suavizador en buen estado hace m\u00e1s eficiente el proceso de suavizaci\u00f3n, ya que realiza los retrolavados para regenerar la resina\" \/>\n<meta property=\"og:url\" content=\"https:\/\/mabawater.com\/en\/product\/valvula-automatica-para-suavizador\/\" \/>\n<meta property=\"og:site_name\" content=\"Maba Water\" \/>\n<meta property=\"article:publisher\" content=\"https:\/\/www.facebook.com\/mabawater\/\" \/>\n<meta property=\"article:modified_time\" content=\"2026-01-12T16:50:16+00:00\" \/>\n<meta property=\"og:image\" content=\"https:\/\/mabawater.com\/wp-content\/uploads\/2021\/09\/Diapositiva19.png\" \/>\n\t<meta property=\"og:image:width\" content=\"1512\" \/>\n\t<meta property=\"og:image:height\" content=\"1512\" \/>\n\t<meta property=\"og:image:type\" content=\"image\/png\" \/>\n<meta name=\"twitter:card\" content=\"summary_large_image\" \/>\n<meta name=\"twitter:label1\" content=\"Est. reading time\" \/>\n\t<meta name=\"twitter:data1\" content=\"2 minutes\" \/>\n<!-- \/ Yoast SEO plugin. -->","yoast_head_json":{"title":"V\u00e1lvula Autom\u00e1tica Para Suavizador - Maba Water","description":"Una V\u00e1lvula Autom\u00e1tica Para Suavizador en buen estado hace m\u00e1s eficiente el proceso de suavizaci\u00f3n, ya que realiza los retrolavados para regenerar la resina","robots":{"index":"index","follow":"follow","max-snippet":"max-snippet:-1","max-image-preview":"max-image-preview:large","max-video-preview":"max-video-preview:-1"},"canonical":"https:\/\/mabawater.com\/en\/product\/valvula-automatica-para-suavizador\/","og_locale":"en_US","og_type":"article","og_title":"V\u00e1lvula Autom\u00e1tica Para Suavizador - Maba Water","og_description":"Una V\u00e1lvula Autom\u00e1tica Para Suavizador en buen estado hace m\u00e1s eficiente el proceso de suavizaci\u00f3n, ya que realiza los retrolavados para regenerar la resina","og_url":"https:\/\/mabawater.com\/en\/product\/valvula-automatica-para-suavizador\/","og_site_name":"Maba Water","article_publisher":"https:\/\/www.facebook.com\/mabawater\/","article_modified_time":"2026-01-12T16:50:16+00:00","og_image":[{"width":1512,"height":1512,"url":"https:\/\/mabawater.com\/wp-content\/uploads\/2021\/09\/Diapositiva19.png","type":"image\/png"}],"twitter_card":"summary_large_image","twitter_misc":{"Est. reading time":"2 minutes"},"schema":{"@context":"https:\/\/schema.org","@graph":[{"@type":"WebPage","@id":"https:\/\/mabawater.com\/producto\/valvula-automatica-para-suavizador\/","url":"https:\/\/mabawater.com\/producto\/valvula-automatica-para-suavizador\/","name":"V\u00e1lvula Autom\u00e1tica Para Suavizador - Maba Water","isPartOf":{"@id":"https:\/\/mabawater.com\/#website"},"primaryImageOfPage":{"@id":"https:\/\/mabawater.com\/producto\/valvula-automatica-para-suavizador\/#primaryimage"},"image":{"@id":"https:\/\/mabawater.com\/producto\/valvula-automatica-para-suavizador\/#primaryimage"},"thumbnailUrl":"https:\/\/mabawater.com\/wp-content\/uploads\/2021\/09\/Diapositiva19.png","datePublished":"2021-09-16T00:39:36+00:00","dateModified":"2026-01-12T16:50:16+00:00","description":"Una V\u00e1lvula Autom\u00e1tica Para Suavizador en buen estado hace m\u00e1s eficiente el proceso de suavizaci\u00f3n, ya que realiza los retrolavados para regenerar la resina","breadcrumb":{"@id":"https:\/\/mabawater.com\/producto\/valvula-automatica-para-suavizador\/#breadcrumb"},"inLanguage":"en-US","potentialAction":[{"@type":"ReadAction","target":["https:\/\/mabawater.com\/producto\/valvula-automatica-para-suavizador\/"]}]},{"@type":"ImageObject","inLanguage":"en-US","@id":"https:\/\/mabawater.com\/producto\/valvula-automatica-para-suavizador\/#primaryimage","url":"https:\/\/mabawater.com\/wp-content\/uploads\/2021\/09\/Diapositiva19.png","contentUrl":"https:\/\/mabawater.com\/wp-content\/uploads\/2021\/09\/Diapositiva19.png","width":1512,"height":1512,"caption":"V\u00e1lvula Autom\u00e1tica Para Suavizador"},{"@type":"BreadcrumbList","@id":"https:\/\/mabawater.com\/producto\/valvula-automatica-para-suavizador\/#breadcrumb","itemListElement":[{"@type":"ListItem","position":1,"name":"Portada","item":"https:\/\/mabawater.com\/"},{"@type":"ListItem","position":2,"name":"Productos Para La Calidad Del Agua","item":"https:\/\/mabawater.com\/productos-para-la-calidad-del-agua\/"},{"@type":"ListItem","position":3,"name":"V\u00e1lvula Autom\u00e1tica Para Suavizador"}]},{"@type":"WebSite","@id":"https:\/\/mabawater.com\/#website","url":"https:\/\/mabawater.com\/","name":"Maba Water","description":"Soluciones Hidr\u00e1ulicas Sustentables","publisher":{"@id":"https:\/\/mabawater.com\/#organization"},"potentialAction":[{"@type":"SearchAction","target":{"@type":"EntryPoint","urlTemplate":"https:\/\/mabawater.com\/?s={search_term_string}"},"query-input":{"@type":"PropertyValueSpecification","valueRequired":true,"valueName":"search_term_string"}}],"inLanguage":"en-US"},{"@type":"Organization","@id":"https:\/\/mabawater.com\/#organization","name":"Maba Water","url":"https:\/\/mabawater.com\/","logo":{"@type":"ImageObject","inLanguage":"en-US","@id":"https:\/\/mabawater.com\/#\/schema\/logo\/image\/","url":"https:\/\/mabawater.com\/wp-content\/uploads\/2021\/09\/water-icon.png","contentUrl":"https:\/\/mabawater.com\/wp-content\/uploads\/2021\/09\/water-icon.png","width":410,"height":176,"caption":"Maba Water"},"image":{"@id":"https:\/\/mabawater.com\/#\/schema\/logo\/image\/"},"sameAs":["https:\/\/www.facebook.com\/mabawater\/","https:\/\/www.instagram.com\/mabawater\/?hl=es-la"]}]}},"_links":{"self":[{"href":"https:\/\/mabawater.com\/en\/wp-json\/wp\/v2\/product\/12434","targetHints":{"allow":["GET"]}}],"collection":[{"href":"https:\/\/mabawater.com\/en\/wp-json\/wp\/v2\/product"}],"about":[{"href":"https:\/\/mabawater.com\/en\/wp-json\/wp\/v2\/types\/product"}],"replies":[{"embeddable":true,"href":"https:\/\/mabawater.com\/en\/wp-json\/wp\/v2\/comments?post=12434"}],"version-history":[{"count":8,"href":"https:\/\/mabawater.com\/en\/wp-json\/wp\/v2\/product\/12434\/revisions"}],"predecessor-version":[{"id":30147,"href":"https:\/\/mabawater.com\/en\/wp-json\/wp\/v2\/product\/12434\/revisions\/30147"}],"wp:featuredmedia":[{"embeddable":true,"href":"https:\/\/mabawater.com\/en\/wp-json\/wp\/v2\/media\/12435"}],"wp:attachment":[{"href":"https:\/\/mabawater.com\/en\/wp-json\/wp\/v2\/media?parent=12434"}],"wp:term":[{"taxonomy":"product_brand","embeddable":true,"href":"https:\/\/mabawater.com\/en\/wp-json\/wp\/v2\/product_brand?post=12434"},{"taxonomy":"product_cat","embeddable":true,"href":"https:\/\/mabawater.com\/en\/wp-json\/wp\/v2\/product_cat?post=12434"},{"taxonomy":"product_tag","embeddable":true,"href":"https:\/\/mabawater.com\/en\/wp-json\/wp\/v2\/product_tag?post=12434"}],"curies":[{"name":"wp","href":"https:\/\/api.w.org\/{rel}","templated":true}]}}