{"id":12453,"date":"2021-09-16T00:56:38","date_gmt":"2021-09-16T00:56:38","guid":{"rendered":"https:\/\/mabawater.sinclaire.com.mx\/?post_type=product&#038;p=12453"},"modified":"2026-04-08T02:29:12","modified_gmt":"2026-04-08T02:29:12","slug":"bolsa-antisarro-3-kg-polifosfato-de-sodio","status":"publish","type":"product","link":"https:\/\/mabawater.com\/en\/product\/bolsa-antisarro-3-kg-polifosfato-de-sodio\/","title":{"rendered":"BOLSA ANTISARRO 3 KG POLIFOSFATO DE SODIO"},"content":{"rendered":"<h1>BOLSA ANTISARRO 3 KG POLIFOSFATO DE SODIO<\/h1>\n<p>El BOLSA ANTISARRO 3 KG POLIFOSFATO DE SODIO de lenta solubilidad en presentaci\u00f3n de esferas.<\/p>\n<p>El componente antisarro m\u00e1s sencillo y f\u00e1cil de instalar: la bolsa antisarro te brindar\u00e1 una mejor sensaci\u00f3n al momento de tener contacto con tu agua. \u00danicamente sumerge la bolsa en tu cisterna o tinaco para obtener resultados.<\/p>\n<p>*SE RECOMIENDA INSTALAR JUNTO CON EL ACONDICIONADOR ANTISARRO PAR MEJORES RESULTADOS<\/p>\n<p>* VER KIT ANTISARRO<\/p>\n<p>Se trata de la <strong>sal de sodio del polifosfato<\/strong> penta-ani\u00f3n, que es la base conjugada del \u00e1cido trifosf\u00f3rico. Se produce a gran escala como un componente de muchos productos dom\u00e9sticos e industriales, especialmente detergentes.<\/p>\n<p>Somos una empresa mexicana especializada en soluciones h\u00eddricas sustentables, implementamos proyectos y tecnolog\u00eda que garantice una gesti\u00f3n integral del agua con el objetivo de generar ahorro, uso y manejo responsable\u00a0 y eficiente del recurso, brindar seguridad, calidad y constancia en el <strong>suministro de agua potable<\/strong> y saneamiento.<\/p>\n<p><strong>Nuestra Misi\u00f3n<\/strong><\/p>\n<p>Promover el desarrollo sustentable mediante la utilizaci\u00f3n de ecotecnolog\u00edas y dise\u00f1o sostenible, dirigido al sector urbano y comercial, fomentando una cultura ecol\u00f3gica en nuestros clientes ofertando y desarrollando productos y sistemas que otorguen los beneficios de:<\/p>\n<ul>\n<li>ahorro de energ\u00eda<\/li>\n<li>reducci\u00f3n del impacto ambiental<\/li>\n<li>gesti\u00f3n sustentable de los recursos h\u00eddricos<\/li>\n<li>optimizaci\u00f3n de los recursos y energ\u00edas renovables<\/li>\n<\/ul>\n<p><strong>Nuestra Visi\u00f3n<\/strong><\/p>\n<p>MabaWater es una empresa de alta confianza, responsabilidad y profesionalismo en el \u00e1mbito del desarrollo sustentable, con base en el desarrollo e implementaci\u00f3n de la m\u00e1s alta tecnolog\u00eda en sinergia con programas y campa\u00f1as para cultura de cuidado del medio ambiente.<\/p>\n<p>Nuestra garant\u00eda<\/p>\n<p>1 a\u00f1o de garantia en funcionamiento1 mes de garantia en satisfacci\u00f3n<\/p>\n<h3>Encu\u00e9ntranos es:<\/h3>\n<p>Calzada Zavaleta #1302. local 101, 75150 Puebla de Zaragoza, M\u00e9xico<\/p>\n<h3>Ll\u00e1manos a:<\/h3>\n<p>Tel\u00e9fono: 222 369 0818Ventas &#8211; Ext 1Atenci\u00f3n a clientes &#8211; Ext 2Asistencia t\u00e9cnica y \u00e1rea de ingenieria &#8211; Ext 3<\/p>\n<h3>Escribenos a:<\/h3>\n<p><a href=\"mailto:contacto@mabawater.com\">contacto@mabawater.com<\/a><\/p>\n<p>Consulta m\u00e1s de nuestro aviso de privacidad <a href=\"https:\/\/mabawater.com\/en\/aviso-de-privacidad\/\">aqu\u00ed<\/a><\/p>","protected":false},"excerpt":{"rendered":"<p><strong>Polifosfato de sodio<\/strong> de lenta solubilidad en presentaci\u00f3n de esferas.<\/p>\n<p>El componente <strong>antisarro<\/strong> m\u00e1s sencillo y f\u00e1cil de instalar: la <strong>bolsa antisarro<\/strong> te brindar\u00e1 una mejor sensaci\u00f3n al momento de tener contacto con tu agua. \u00danicamente sumerge la bolsa en tu cisterna o tinaco para obtener resultados.<\/p>","protected":false},"featured_media":12444,"comment_status":"open","ping_status":"closed","template":"","meta":[],"product_brand":[],"product_cat":[145,76],"product_tag":[],"class_list":{"0":"post-12453","1":"product","2":"type-product","3":"status-publish","4":"has-post-thumbnail","6":"product_cat-tratamiento-de-agua","7":"product_cat-linea-anti-sarro","9":"first","10":"instock","11":"shipping-taxable","12":"product-type-simple"},"yoast_head":"<!-- This site is optimized with the Yoast SEO plugin v26.6 - https:\/\/yoast.com\/wordpress\/plugins\/seo\/ -->\n<title>BOLSA ANTISARRO 3 KG POLIFOSFATO DE SODIO -<\/title>\n<meta name=\"description\" content=\"El BOLSA ANTISARRO 3 KG POLIFOSFATO DE SODIO de lenta solubilidad en presentaci\u00f3n de esferas.El componente antisarro m\u00e1s sencillo y f\u00e1cil de instalar\" \/>\n<meta name=\"robots\" content=\"index, follow, max-snippet:-1, max-image-preview:large, max-video-preview:-1\" \/>\n<link rel=\"canonical\" href=\"https:\/\/mabawater.com\/en\/product\/bolsa-antisarro-3-kg-polifosfato-de-sodio\/\" \/>\n<meta property=\"og:locale\" content=\"en_US\" \/>\n<meta property=\"og:type\" content=\"article\" \/>\n<meta property=\"og:title\" content=\"BOLSA ANTISARRO 3 KG POLIFOSFATO DE SODIO -\" \/>\n<meta property=\"og:description\" content=\"El BOLSA ANTISARRO 3 KG POLIFOSFATO DE SODIO de lenta solubilidad en presentaci\u00f3n de esferas.El componente antisarro m\u00e1s sencillo y f\u00e1cil de instalar\" \/>\n<meta property=\"og:url\" content=\"https:\/\/mabawater.com\/en\/product\/bolsa-antisarro-3-kg-polifosfato-de-sodio\/\" \/>\n<meta property=\"og:site_name\" content=\"Maba Water\" \/>\n<meta property=\"article:publisher\" content=\"https:\/\/www.facebook.com\/mabawater\/\" \/>\n<meta property=\"article:modified_time\" content=\"2026-04-08T02:29:12+00:00\" \/>\n<meta property=\"og:image\" content=\"https:\/\/mabawater.com\/wp-content\/uploads\/2021\/09\/FIL-25-Y-FIL-26-1.jpg\" \/>\n\t<meta property=\"og:image:width\" content=\"756\" \/>\n\t<meta property=\"og:image:height\" content=\"756\" \/>\n\t<meta property=\"og:image:type\" content=\"image\/jpeg\" \/>\n<meta name=\"twitter:card\" content=\"summary_large_image\" \/>\n<meta name=\"twitter:label1\" content=\"Est. reading time\" \/>\n\t<meta name=\"twitter:data1\" content=\"2 minutes\" \/>\n<!-- \/ Yoast SEO plugin. -->","yoast_head_json":{"title":"BOLSA ANTISARRO 3 KG POLIFOSFATO DE SODIO -","description":"El BOLSA ANTISARRO 3 KG POLIFOSFATO DE SODIO de lenta solubilidad en presentaci\u00f3n de esferas.El componente antisarro m\u00e1s sencillo y f\u00e1cil de instalar","robots":{"index":"index","follow":"follow","max-snippet":"max-snippet:-1","max-image-preview":"max-image-preview:large","max-video-preview":"max-video-preview:-1"},"canonical":"https:\/\/mabawater.com\/en\/product\/bolsa-antisarro-3-kg-polifosfato-de-sodio\/","og_locale":"en_US","og_type":"article","og_title":"BOLSA ANTISARRO 3 KG POLIFOSFATO DE SODIO -","og_description":"El BOLSA ANTISARRO 3 KG POLIFOSFATO DE SODIO de lenta solubilidad en presentaci\u00f3n de esferas.El componente antisarro m\u00e1s sencillo y f\u00e1cil de instalar","og_url":"https:\/\/mabawater.com\/en\/product\/bolsa-antisarro-3-kg-polifosfato-de-sodio\/","og_site_name":"Maba Water","article_publisher":"https:\/\/www.facebook.com\/mabawater\/","article_modified_time":"2026-04-08T02:29:12+00:00","og_image":[{"width":756,"height":756,"url":"https:\/\/mabawater.com\/wp-content\/uploads\/2021\/09\/FIL-25-Y-FIL-26-1.jpg","type":"image\/jpeg"}],"twitter_card":"summary_large_image","twitter_misc":{"Est. reading time":"2 minutes"},"schema":{"@context":"https:\/\/schema.org","@graph":[{"@type":"WebPage","@id":"https:\/\/mabawater.com\/producto\/bolsa-antisarro-3-kg-polifosfato-de-sodio\/","url":"https:\/\/mabawater.com\/producto\/bolsa-antisarro-3-kg-polifosfato-de-sodio\/","name":"BOLSA ANTISARRO 3 KG POLIFOSFATO DE SODIO -","isPartOf":{"@id":"https:\/\/mabawater.com\/#website"},"primaryImageOfPage":{"@id":"https:\/\/mabawater.com\/producto\/bolsa-antisarro-3-kg-polifosfato-de-sodio\/#primaryimage"},"image":{"@id":"https:\/\/mabawater.com\/producto\/bolsa-antisarro-3-kg-polifosfato-de-sodio\/#primaryimage"},"thumbnailUrl":"https:\/\/mabawater.com\/wp-content\/uploads\/2021\/09\/FIL-25-Y-FIL-26-1.jpg","datePublished":"2021-09-16T00:56:38+00:00","dateModified":"2026-04-08T02:29:12+00:00","description":"El BOLSA ANTISARRO 3 KG POLIFOSFATO DE SODIO de lenta solubilidad en presentaci\u00f3n de esferas.El componente antisarro m\u00e1s sencillo y f\u00e1cil de instalar","breadcrumb":{"@id":"https:\/\/mabawater.com\/producto\/bolsa-antisarro-3-kg-polifosfato-de-sodio\/#breadcrumb"},"inLanguage":"en-US","potentialAction":[{"@type":"ReadAction","target":["https:\/\/mabawater.com\/producto\/bolsa-antisarro-3-kg-polifosfato-de-sodio\/"]}]},{"@type":"ImageObject","inLanguage":"en-US","@id":"https:\/\/mabawater.com\/producto\/bolsa-antisarro-3-kg-polifosfato-de-sodio\/#primaryimage","url":"https:\/\/mabawater.com\/wp-content\/uploads\/2021\/09\/FIL-25-Y-FIL-26-1.jpg","contentUrl":"https:\/\/mabawater.com\/wp-content\/uploads\/2021\/09\/FIL-25-Y-FIL-26-1.jpg","width":756,"height":756,"caption":"BOLSA ANTISARRO 5 KG POLIFOSFATO DE SODIO"},{"@type":"BreadcrumbList","@id":"https:\/\/mabawater.com\/producto\/bolsa-antisarro-3-kg-polifosfato-de-sodio\/#breadcrumb","itemListElement":[{"@type":"ListItem","position":1,"name":"Portada","item":"https:\/\/mabawater.com\/"},{"@type":"ListItem","position":2,"name":"Productos Para La Calidad Del Agua","item":"https:\/\/mabawater.com\/productos-para-la-calidad-del-agua\/"},{"@type":"ListItem","position":3,"name":"BOLSA ANTISARRO 3 KG POLIFOSFATO DE SODIO"}]},{"@type":"WebSite","@id":"https:\/\/mabawater.com\/#website","url":"https:\/\/mabawater.com\/","name":"Maba Water","description":"Soluciones Hidr\u00e1ulicas Sustentables","publisher":{"@id":"https:\/\/mabawater.com\/#organization"},"potentialAction":[{"@type":"SearchAction","target":{"@type":"EntryPoint","urlTemplate":"https:\/\/mabawater.com\/?s={search_term_string}"},"query-input":{"@type":"PropertyValueSpecification","valueRequired":true,"valueName":"search_term_string"}}],"inLanguage":"en-US"},{"@type":"Organization","@id":"https:\/\/mabawater.com\/#organization","name":"Maba Water","url":"https:\/\/mabawater.com\/","logo":{"@type":"ImageObject","inLanguage":"en-US","@id":"https:\/\/mabawater.com\/#\/schema\/logo\/image\/","url":"https:\/\/mabawater.com\/wp-content\/uploads\/2021\/09\/water-icon.png","contentUrl":"https:\/\/mabawater.com\/wp-content\/uploads\/2021\/09\/water-icon.png","width":410,"height":176,"caption":"Maba Water"},"image":{"@id":"https:\/\/mabawater.com\/#\/schema\/logo\/image\/"},"sameAs":["https:\/\/www.facebook.com\/mabawater\/","https:\/\/www.instagram.com\/mabawater\/?hl=es-la"]}]}},"_links":{"self":[{"href":"https:\/\/mabawater.com\/en\/wp-json\/wp\/v2\/product\/12453","targetHints":{"allow":["GET"]}}],"collection":[{"href":"https:\/\/mabawater.com\/en\/wp-json\/wp\/v2\/product"}],"about":[{"href":"https:\/\/mabawater.com\/en\/wp-json\/wp\/v2\/types\/product"}],"replies":[{"embeddable":true,"href":"https:\/\/mabawater.com\/en\/wp-json\/wp\/v2\/comments?post=12453"}],"version-history":[{"count":6,"href":"https:\/\/mabawater.com\/en\/wp-json\/wp\/v2\/product\/12453\/revisions"}],"predecessor-version":[{"id":28994,"href":"https:\/\/mabawater.com\/en\/wp-json\/wp\/v2\/product\/12453\/revisions\/28994"}],"wp:featuredmedia":[{"embeddable":true,"href":"https:\/\/mabawater.com\/en\/wp-json\/wp\/v2\/media\/12444"}],"wp:attachment":[{"href":"https:\/\/mabawater.com\/en\/wp-json\/wp\/v2\/media?parent=12453"}],"wp:term":[{"taxonomy":"product_brand","embeddable":true,"href":"https:\/\/mabawater.com\/en\/wp-json\/wp\/v2\/product_brand?post=12453"},{"taxonomy":"product_cat","embeddable":true,"href":"https:\/\/mabawater.com\/en\/wp-json\/wp\/v2\/product_cat?post=12453"},{"taxonomy":"product_tag","embeddable":true,"href":"https:\/\/mabawater.com\/en\/wp-json\/wp\/v2\/product_tag?post=12453"}],"curies":[{"name":"wp","href":"https:\/\/api.w.org\/{rel}","templated":true}]}}