{"id":12465,"date":"2021-09-16T19:43:52","date_gmt":"2021-09-16T19:43:52","guid":{"rendered":"https:\/\/mabawater.sinclaire.com.mx\/?post_type=product&#038;p=12465"},"modified":"2025-08-12T17:06:12","modified_gmt":"2025-08-12T17:06:12","slug":"cartucho-antisedimentos-smart-pp-20","status":"publish","type":"product","link":"https:\/\/mabawater.com\/en\/product\/cartucho-antisedimentos-smart-pp-20\/","title":{"rendered":"Cartucho Antisedimentos Smart PP20"},"content":{"rendered":"<p><a href=\"https:\/\/mabawater.sinclaire.com.mx\/wp-content\/uploads\/2021\/09\/descarga-13.png\" data-width=\"1050\" data-height=\"1401\" data-index=\"1\" data-elementor-open-lightbox=\"no\"><br \/>\n<img decoding=\"async\" src=\"https:\/\/mabawater.sinclaire.com.mx\/wp-content\/uploads\/2021\/09\/descarga-13-767x1024.png\" \/><br \/>\n<\/a><\/p>\n<h1>Cartucho Antisedimentos Smart PP20<\/h1>\n<p>El Cartucho Antisedimentos Smart PP20, Cambio de cartucho recomendable cada 3 \u2013 6 meses.<\/p>\n<p>Somos una empresa mexicana especializada en soluciones h\u00eddricas sustentables, implementamos proyectos y tecnolog\u00eda que garantice una gesti\u00f3n integral del agua con el objetivo de generar ahorro, uso y manejo responsable\u00a0 y eficiente del recurso, brindar seguridad, calidad y constancia en el suministro de agua potable y saneamiento.<\/p>\n<p><strong>Nuestra Misi\u00f3n<\/strong><\/p>\n<p>Promover el desarrollo sustentable mediante la utilizaci\u00f3n de ecotecnolog\u00edas y dise\u00f1o sostenible, dirigido al sector urbano y comercial, fomentando una cultura ecol\u00f3gica en nuestros clientes ofertando y desarrollando productos y sistemas que otorguen los beneficios de:<\/p>\n<ul>\n<li>ahorro de energ\u00eda<\/li>\n<li>reducci\u00f3n del impacto ambiental<\/li>\n<li>gesti\u00f3n sustentable de los recursos h\u00eddricos<\/li>\n<li>optimizaci\u00f3n de los recursos y energ\u00edas renovables<\/li>\n<\/ul>\n<p><strong>Nuestra Visi\u00f3n<\/strong><\/p>\n<p>MabaWater es una empresa de alta confianza, responsabilidad y profesionalismo en el \u00e1mbito del desarrollo sustentable, con base en el desarrollo e implementaci\u00f3n de la m\u00e1s alta tecnolog\u00eda en sinergia con programas y campa\u00f1as para cultura de cuidado del medio ambiente.<\/p>\n<p>Nuestra garant\u00eda<\/p>\n<p>1 a\u00f1o de garantia en funcionamiento1 mes de garantia en satisfacci\u00f3n<\/p>\n<h3>Encu\u00e9ntranos es:<\/h3>\n<p>Calzada Zavaleta #1302. local 101, 75150 Puebla de Zaragoza, M\u00e9xico<\/p>\n<h3>Ll\u00e1manos a:<\/h3>\n<p>Tel\u00e9fono: 222 369 0818Ventas &#8211; Ext 1Atenci\u00f3n a clientes &#8211; Ext 2Asistencia t\u00e9cnica y \u00e1rea de ingenieria &#8211; Ext 3<\/p>\n<h3>Escribenos a:<\/h3>\n<p><a href=\"mailto:contacto@mabawater.com\">contacto@mabawater.com<\/a><\/p>\n<p><a title=\"Filtraci\u00f3n\" href=\"https:\/\/es.wikipedia.org\/wiki\/Filtraci%C3%B3n\">Filtraci\u00f3n<\/a>: es el proceso mediante el cual el agua es separada de materia en suspensi\u00f3n haci\u00e9ndola pasar a trav\u00e9s de un elemento poroso, generalmente arena.<\/p>\n<p>En s\u00edntesis, en la filtraci\u00f3n se hace pasar agua a trav\u00e9s de filtros de arena, en donde se eliminan los pocos fl\u00f3culos o grumos que hayan quedado. Hay dos clases de filtros de arena: los de acci\u00f3n lenta y los de acci\u00f3n r\u00e1pida, y estos \u00faltimos se dividen en filtros de superficie libre y filtros de presi\u00f3n.<\/p>\n<p>En los filtro de acci\u00f3n lenta, el agua pasa por gravedad a trav\u00e9s de arena a baja velocidad. La separaci\u00f3n de los materiales s\u00f3lidos se efect\u00faa al pasar el agua por los poros del material filtrante y al adherirse las part\u00edculas a los granos de arena. En los filtros de acci\u00f3n r\u00e1pida con superficie libre, el agua desciende por gravedad a trav\u00e9s de arena a una velocidad mayor.<\/p>\n<p>Es imprescindible el tratamiento previo con coagulante para sacar la mayor cantidad de s\u00f3lidos en suspensi\u00f3n. El filtro se lava con una corriente de agua en sentido contrario al de filtrado, que expande el lecho y lleva al desag\u00fce los s\u00f3lidos acumulados.<\/p>\n<p>El resultado final de la filtraci\u00f3n ser\u00e1 un agua m\u00e1s clara, eliminando hasta un 95% de todos los microorganismos presentes.<\/p>\n<p>Consulta m\u00e1s de nuestro aviso de privacidad <a href=\"https:\/\/mabawater.com\/en\/aviso-de-privacidad\/\">aqu\u00ed<\/a><\/p>","protected":false},"excerpt":{"rendered":"<p><strong>Cartucho Antisedimentos<\/strong> Smart PP20:<strong> repuesto original para filtro Smart<\/strong>, dise\u00f1ado para <strong>eliminar sedimentos<\/strong>, arena y part\u00edculas s\u00f3lidas del agua. Recomendado cambiar cada 3 a 6 meses para mantener un \u00f3ptimo rendimiento y agua m\u00e1s limpia en tu hogar o negocio<\/p>","protected":false},"featured_media":12466,"comment_status":"open","ping_status":"closed","template":"","meta":[],"product_brand":[],"product_cat":[79,80],"product_tag":[],"class_list":{"0":"post-12465","1":"product","2":"type-product","3":"status-publish","4":"has-post-thumbnail","6":"product_cat-maba-filtros","7":"product_cat-antisedimentos","9":"first","10":"instock","11":"shipping-taxable","12":"product-type-simple"},"yoast_head":"<!-- This site is optimized with the Yoast SEO plugin v26.6 - https:\/\/yoast.com\/wordpress\/plugins\/seo\/ -->\n<title>Cartucho Antisedimentos Smart PP20 - Maba Water<\/title>\n<meta name=\"description\" content=\"Cartucho Antisedimentos Smart PP20: repuesto original para filtro Smart, dise\u00f1ado para eliminar sedimentos, arena y part\u00edculas s\u00f3lidas del agua\" \/>\n<meta name=\"robots\" content=\"index, follow, max-snippet:-1, max-image-preview:large, max-video-preview:-1\" \/>\n<link rel=\"canonical\" href=\"https:\/\/mabawater.com\/en\/product\/cartucho-antisedimentos-smart-pp-20\/\" \/>\n<meta property=\"og:locale\" content=\"en_US\" \/>\n<meta property=\"og:type\" content=\"article\" \/>\n<meta property=\"og:title\" content=\"Cartucho Antisedimentos Smart PP20 - Maba Water\" \/>\n<meta property=\"og:description\" content=\"Cartucho Antisedimentos Smart PP20: repuesto original para filtro Smart, dise\u00f1ado para eliminar sedimentos, arena y part\u00edculas s\u00f3lidas del agua\" \/>\n<meta property=\"og:url\" content=\"https:\/\/mabawater.com\/en\/product\/cartucho-antisedimentos-smart-pp-20\/\" \/>\n<meta property=\"og:site_name\" content=\"Maba Water\" \/>\n<meta property=\"article:publisher\" content=\"https:\/\/www.facebook.com\/mabawater\/\" \/>\n<meta property=\"article:modified_time\" content=\"2025-08-12T17:06:12+00:00\" \/>\n<meta property=\"og:image\" content=\"https:\/\/mabawater.com\/wp-content\/uploads\/2021\/09\/MABA9.jpg\" \/>\n\t<meta property=\"og:image:width\" content=\"1512\" \/>\n\t<meta property=\"og:image:height\" content=\"1512\" \/>\n\t<meta property=\"og:image:type\" content=\"image\/jpeg\" \/>\n<meta name=\"twitter:card\" content=\"summary_large_image\" \/>\n<meta name=\"twitter:label1\" content=\"Est. reading time\" \/>\n\t<meta name=\"twitter:data1\" content=\"2 minutes\" \/>\n<!-- \/ Yoast SEO plugin. -->","yoast_head_json":{"title":"Cartucho Antisedimentos Smart PP20 - Maba Water","description":"Cartucho Antisedimentos Smart PP20: repuesto original para filtro Smart, dise\u00f1ado para eliminar sedimentos, arena y part\u00edculas s\u00f3lidas del agua","robots":{"index":"index","follow":"follow","max-snippet":"max-snippet:-1","max-image-preview":"max-image-preview:large","max-video-preview":"max-video-preview:-1"},"canonical":"https:\/\/mabawater.com\/en\/product\/cartucho-antisedimentos-smart-pp-20\/","og_locale":"en_US","og_type":"article","og_title":"Cartucho Antisedimentos Smart PP20 - Maba Water","og_description":"Cartucho Antisedimentos Smart PP20: repuesto original para filtro Smart, dise\u00f1ado para eliminar sedimentos, arena y part\u00edculas s\u00f3lidas del agua","og_url":"https:\/\/mabawater.com\/en\/product\/cartucho-antisedimentos-smart-pp-20\/","og_site_name":"Maba Water","article_publisher":"https:\/\/www.facebook.com\/mabawater\/","article_modified_time":"2025-08-12T17:06:12+00:00","og_image":[{"width":1512,"height":1512,"url":"https:\/\/mabawater.com\/wp-content\/uploads\/2021\/09\/MABA9.jpg","type":"image\/jpeg"}],"twitter_card":"summary_large_image","twitter_misc":{"Est. reading time":"2 minutes"},"schema":{"@context":"https:\/\/schema.org","@graph":[{"@type":"WebPage","@id":"https:\/\/mabawater.com\/producto\/cartucho-antisedimentos-smart-pp-20\/","url":"https:\/\/mabawater.com\/producto\/cartucho-antisedimentos-smart-pp-20\/","name":"Cartucho Antisedimentos Smart PP20 - Maba Water","isPartOf":{"@id":"https:\/\/mabawater.com\/#website"},"primaryImageOfPage":{"@id":"https:\/\/mabawater.com\/producto\/cartucho-antisedimentos-smart-pp-20\/#primaryimage"},"image":{"@id":"https:\/\/mabawater.com\/producto\/cartucho-antisedimentos-smart-pp-20\/#primaryimage"},"thumbnailUrl":"https:\/\/mabawater.com\/wp-content\/uploads\/2021\/09\/MABA9.jpg","datePublished":"2021-09-16T19:43:52+00:00","dateModified":"2025-08-12T17:06:12+00:00","description":"Cartucho Antisedimentos Smart PP20: repuesto original para filtro Smart, dise\u00f1ado para eliminar sedimentos, arena y part\u00edculas s\u00f3lidas del agua","breadcrumb":{"@id":"https:\/\/mabawater.com\/producto\/cartucho-antisedimentos-smart-pp-20\/#breadcrumb"},"inLanguage":"en-US","potentialAction":[{"@type":"ReadAction","target":["https:\/\/mabawater.com\/producto\/cartucho-antisedimentos-smart-pp-20\/"]}]},{"@type":"ImageObject","inLanguage":"en-US","@id":"https:\/\/mabawater.com\/producto\/cartucho-antisedimentos-smart-pp-20\/#primaryimage","url":"https:\/\/mabawater.com\/wp-content\/uploads\/2021\/09\/MABA9.jpg","contentUrl":"https:\/\/mabawater.com\/wp-content\/uploads\/2021\/09\/MABA9.jpg","width":1512,"height":1512},{"@type":"BreadcrumbList","@id":"https:\/\/mabawater.com\/producto\/cartucho-antisedimentos-smart-pp-20\/#breadcrumb","itemListElement":[{"@type":"ListItem","position":1,"name":"Portada","item":"https:\/\/mabawater.com\/"},{"@type":"ListItem","position":2,"name":"Productos Para La Calidad Del Agua","item":"https:\/\/mabawater.com\/productos-para-la-calidad-del-agua\/"},{"@type":"ListItem","position":3,"name":"Cartucho Antisedimentos Smart PP20"}]},{"@type":"WebSite","@id":"https:\/\/mabawater.com\/#website","url":"https:\/\/mabawater.com\/","name":"Maba Water","description":"Soluciones Hidr\u00e1ulicas Sustentables","publisher":{"@id":"https:\/\/mabawater.com\/#organization"},"potentialAction":[{"@type":"SearchAction","target":{"@type":"EntryPoint","urlTemplate":"https:\/\/mabawater.com\/?s={search_term_string}"},"query-input":{"@type":"PropertyValueSpecification","valueRequired":true,"valueName":"search_term_string"}}],"inLanguage":"en-US"},{"@type":"Organization","@id":"https:\/\/mabawater.com\/#organization","name":"Maba Water","url":"https:\/\/mabawater.com\/","logo":{"@type":"ImageObject","inLanguage":"en-US","@id":"https:\/\/mabawater.com\/#\/schema\/logo\/image\/","url":"https:\/\/mabawater.com\/wp-content\/uploads\/2021\/09\/water-icon.png","contentUrl":"https:\/\/mabawater.com\/wp-content\/uploads\/2021\/09\/water-icon.png","width":410,"height":176,"caption":"Maba Water"},"image":{"@id":"https:\/\/mabawater.com\/#\/schema\/logo\/image\/"},"sameAs":["https:\/\/www.facebook.com\/mabawater\/","https:\/\/www.instagram.com\/mabawater\/?hl=es-la"]}]}},"_links":{"self":[{"href":"https:\/\/mabawater.com\/en\/wp-json\/wp\/v2\/product\/12465","targetHints":{"allow":["GET"]}}],"collection":[{"href":"https:\/\/mabawater.com\/en\/wp-json\/wp\/v2\/product"}],"about":[{"href":"https:\/\/mabawater.com\/en\/wp-json\/wp\/v2\/types\/product"}],"replies":[{"embeddable":true,"href":"https:\/\/mabawater.com\/en\/wp-json\/wp\/v2\/comments?post=12465"}],"version-history":[{"count":5,"href":"https:\/\/mabawater.com\/en\/wp-json\/wp\/v2\/product\/12465\/revisions"}],"predecessor-version":[{"id":29563,"href":"https:\/\/mabawater.com\/en\/wp-json\/wp\/v2\/product\/12465\/revisions\/29563"}],"wp:featuredmedia":[{"embeddable":true,"href":"https:\/\/mabawater.com\/en\/wp-json\/wp\/v2\/media\/12466"}],"wp:attachment":[{"href":"https:\/\/mabawater.com\/en\/wp-json\/wp\/v2\/media?parent=12465"}],"wp:term":[{"taxonomy":"product_brand","embeddable":true,"href":"https:\/\/mabawater.com\/en\/wp-json\/wp\/v2\/product_brand?post=12465"},{"taxonomy":"product_cat","embeddable":true,"href":"https:\/\/mabawater.com\/en\/wp-json\/wp\/v2\/product_cat?post=12465"},{"taxonomy":"product_tag","embeddable":true,"href":"https:\/\/mabawater.com\/en\/wp-json\/wp\/v2\/product_tag?post=12465"}],"curies":[{"name":"wp","href":"https:\/\/api.w.org\/{rel}","templated":true}]}}