{"id":12517,"date":"2021-09-16T20:49:23","date_gmt":"2021-09-16T20:49:23","guid":{"rendered":"https:\/\/mabawater.sinclaire.com.mx\/?post_type=product&#038;p=12517"},"modified":"2026-04-15T00:58:18","modified_gmt":"2026-04-15T00:58:18","slug":"cartucho-cto-smart-20","status":"publish","type":"product","link":"https:\/\/mabawater.com\/en\/product\/cartucho-cto-smart-20\/","title":{"rendered":"Cartucho Carb\u00f3n activado CTO Smart 20"},"content":{"rendered":"<p><span style=\"color: #1b1919; font-size: 28px;\">Cartucho Carb\u00f3n activado CTO Smart 20<\/span><\/p>\n<div class=\"woocommerce-product-details__short-description\">\n<p>El Repuesto de cartucho de carb\u00f3n activado en bloque CTO Smart 20 Carb\u00f3n Block 20\u2033<\/p>\n<p><b><a title=\"Carb\u00f3n vegetal\" href=\"https:\/\/es.wikipedia.org\/wiki\/Carb%C3%B3n_vegetal\">Carb\u00f3n<\/a>\u00a0activado<\/b>\u00a0o\u00a0<b>carb\u00f3n activo<\/b>\u00a0es un t\u00e9rmino gen\u00e9rico que describe una familia de\u00a0<a title=\"Adsorci\u00f3n\" href=\"https:\/\/es.wikipedia.org\/wiki\/Adsorci%C3%B3n\">adsorbentes<\/a>\u00a0carbon\u00e1ceos altamente\u00a0<a title=\"Estructura cristalina\" href=\"https:\/\/es.wikipedia.org\/wiki\/Estructura_cristalina\">cristalinos<\/a>\u00a0y con una\u00a0<a title=\"Porosidad\" href=\"https:\/\/es.wikipedia.org\/wiki\/Porosidad\">porosidad<\/a>\u00a0interna altamente desarrollada.<\/p>\n<p>Existe una amplia variedad de productos de carb\u00f3n activado que muestran diferentes caracter\u00edsticas, dependiendo del material de partida y la t\u00e9cnica de activaci\u00f3n usada en su producci\u00f3n.<sup id=\"cite_ref-CPL_1-0\" class=\"reference separada\"><a href=\"https:\/\/es.wikipedia.org\/wiki\/Carb%C3%B3n_activado#cite_note-CPL-1\">1<\/a><\/sup>\u200b<\/p>\n<\/div>\n<p>Somos una empresa mexicana especializada en soluciones h\u00eddricas sustentables, implementamos proyectos y tecnolog\u00eda que garantice una gesti\u00f3n integral del agua con el objetivo de generar ahorro, uso y manejo responsable\u00a0 y eficiente del recurso, brindar seguridad, calidad y constancia en el suministro de agua potable y saneamiento.<\/p>\n<p><strong>Nuestra Misi\u00f3n<\/strong><\/p>\n<p>Promover el desarrollo sustentable mediante la utilizaci\u00f3n de ecotecnolog\u00edas y dise\u00f1o sostenible, dirigido al sector urbano y comercial, fomentando una cultura ecol\u00f3gica en nuestros clientes ofertando y desarrollando productos y sistemas que otorguen los beneficios de:<\/p>\n<ul>\n<li>ahorro de energ\u00eda<\/li>\n<li>reducci\u00f3n del impacto ambiental<\/li>\n<li>gesti\u00f3n sustentable de los recursos h\u00eddricos<\/li>\n<li>optimizaci\u00f3n de los recursos y energ\u00edas renovables<\/li>\n<\/ul>\n<p><strong>Nuestra Visi\u00f3n<\/strong><\/p>\n<p>MabaWater es una empresa de alta confianza, responsabilidad y profesionalismo en el \u00e1mbito del desarrollo sustentable, con base en el desarrollo e implementaci\u00f3n de la m\u00e1s alta tecnolog\u00eda en sinergia con programas y campa\u00f1as para cultura de cuidado del medio ambiente.<\/p>\n<p>Nuestra garant\u00eda<\/p>\n<p>1 a\u00f1o de garantia en funcionamiento1 mes de garantia en satisfacci\u00f3n<\/p>\n<h3>Encu\u00e9ntranos es:<\/h3>\n<p>Calzada Zavaleta #1302. local 101, 75150 Puebla de Zaragoza, M\u00e9xico<\/p>\n<h3>Ll\u00e1manos a:<\/h3>\n<p>Tel\u00e9fono: 222 369 0818Ventas &#8211; Ext 1Atenci\u00f3n a clientes &#8211; Ext 2Asistencia t\u00e9cnica y \u00e1rea de ingenieria &#8211; Ext 3<\/p>\n<h3>Escribenos a:<\/h3>\n<p><a href=\"mailto:contacto@mabawater.com\">contacto@mabawater.com<\/a><\/p>\n<p>Ver m\u00e1s acerca del tema, aqu\u00ed<\/p>\n<p>Consulta m\u00e1s de nuestro aviso de privacidad <a href=\"https:\/\/mabawater.com\/en\/aviso-de-privacidad\/\">aqu\u00ed<\/a><\/p>","protected":false},"excerpt":{"rendered":"<p data-start=\"502\" data-end=\"890\">El <strong>cartucho CTO Smart<\/strong> 20\u201d de carb\u00f3n activado en bloque es un repuesto esencial para <strong>sistemas de filtraci\u00f3n de agua<\/strong>, dise\u00f1ado para mejorar la calidad del agua en aplicaciones residenciales y comerciales.<\/p>\n<p data-start=\"502\" data-end=\"890\">Su estructura de carb\u00f3n block permite una filtraci\u00f3n eficiente, reteniendo contaminantes y mejorando las caracter\u00edsticas organol\u00e9pticas del agua.<\/p>\n<p data-start=\"892\" data-end=\"1261\">","protected":false},"featured_media":24328,"comment_status":"open","ping_status":"closed","template":"","meta":[],"product_brand":[],"product_cat":[108],"product_tag":[],"class_list":{"0":"post-12517","1":"product","2":"type-product","3":"status-publish","4":"has-post-thumbnail","6":"product_cat-repuestos-purificadores-residenciales","8":"first","9":"instock","10":"shipping-taxable","11":"product-type-simple"},"yoast_head":"<!-- This site is optimized with the Yoast SEO plugin v26.6 - https:\/\/yoast.com\/wordpress\/plugins\/seo\/ -->\n<title>Cartucho Carb\u00f3n activado CTO Smart 20 - Maba Water<\/title>\n<meta name=\"description\" content=\"Repuesto de cartucho de carb\u00f3n activado en bloque CTO Smart 20 Carb\u00f3n Block 20Carb\u00f3n\u00a0activado\u00a0o\u00a0carb\u00f3n activo\u00a0es un t\u00e9rmino gen\u00e9rico\" \/>\n<meta name=\"robots\" content=\"index, follow, max-snippet:-1, max-image-preview:large, max-video-preview:-1\" \/>\n<link rel=\"canonical\" href=\"https:\/\/mabawater.com\/en\/product\/cartucho-cto-smart-20\/\" \/>\n<meta property=\"og:locale\" content=\"en_US\" \/>\n<meta property=\"og:type\" content=\"article\" \/>\n<meta property=\"og:title\" content=\"Cartucho Carb\u00f3n activado CTO Smart 20 - Maba Water\" \/>\n<meta property=\"og:description\" content=\"Repuesto de cartucho de carb\u00f3n activado en bloque CTO Smart 20 Carb\u00f3n Block 20Carb\u00f3n\u00a0activado\u00a0o\u00a0carb\u00f3n activo\u00a0es un t\u00e9rmino gen\u00e9rico\" \/>\n<meta property=\"og:url\" content=\"https:\/\/mabawater.com\/en\/product\/cartucho-cto-smart-20\/\" \/>\n<meta property=\"og:site_name\" content=\"Maba Water\" \/>\n<meta property=\"article:publisher\" content=\"https:\/\/www.facebook.com\/mabawater\/\" \/>\n<meta property=\"article:modified_time\" content=\"2026-04-15T00:58:18+00:00\" \/>\n<meta property=\"og:image\" content=\"https:\/\/mabawater.com\/wp-content\/uploads\/2021\/09\/Cartucho-Carbon-activado-CTO-Smart-20.png\" \/>\n\t<meta property=\"og:image:width\" content=\"1000\" \/>\n\t<meta property=\"og:image:height\" content=\"1000\" \/>\n\t<meta property=\"og:image:type\" content=\"image\/png\" \/>\n<meta name=\"twitter:card\" content=\"summary_large_image\" \/>\n<meta name=\"twitter:label1\" content=\"Est. reading time\" \/>\n\t<meta name=\"twitter:data1\" content=\"2 minutes\" \/>\n<!-- \/ Yoast SEO plugin. -->","yoast_head_json":{"title":"Cartucho Carb\u00f3n activado CTO Smart 20 - Maba Water","description":"Repuesto de cartucho de carb\u00f3n activado en bloque CTO Smart 20 Carb\u00f3n Block 20Carb\u00f3n\u00a0activado\u00a0o\u00a0carb\u00f3n activo\u00a0es un t\u00e9rmino gen\u00e9rico","robots":{"index":"index","follow":"follow","max-snippet":"max-snippet:-1","max-image-preview":"max-image-preview:large","max-video-preview":"max-video-preview:-1"},"canonical":"https:\/\/mabawater.com\/en\/product\/cartucho-cto-smart-20\/","og_locale":"en_US","og_type":"article","og_title":"Cartucho Carb\u00f3n activado CTO Smart 20 - Maba Water","og_description":"Repuesto de cartucho de carb\u00f3n activado en bloque CTO Smart 20 Carb\u00f3n Block 20Carb\u00f3n\u00a0activado\u00a0o\u00a0carb\u00f3n activo\u00a0es un t\u00e9rmino gen\u00e9rico","og_url":"https:\/\/mabawater.com\/en\/product\/cartucho-cto-smart-20\/","og_site_name":"Maba Water","article_publisher":"https:\/\/www.facebook.com\/mabawater\/","article_modified_time":"2026-04-15T00:58:18+00:00","og_image":[{"width":1000,"height":1000,"url":"https:\/\/mabawater.com\/wp-content\/uploads\/2021\/09\/Cartucho-Carbon-activado-CTO-Smart-20.png","type":"image\/png"}],"twitter_card":"summary_large_image","twitter_misc":{"Est. reading time":"2 minutes"},"schema":{"@context":"https:\/\/schema.org","@graph":[{"@type":"WebPage","@id":"https:\/\/mabawater.com\/producto\/cartucho-cto-smart-20\/","url":"https:\/\/mabawater.com\/producto\/cartucho-cto-smart-20\/","name":"Cartucho Carb\u00f3n activado CTO Smart 20 - Maba Water","isPartOf":{"@id":"https:\/\/mabawater.com\/#website"},"primaryImageOfPage":{"@id":"https:\/\/mabawater.com\/producto\/cartucho-cto-smart-20\/#primaryimage"},"image":{"@id":"https:\/\/mabawater.com\/producto\/cartucho-cto-smart-20\/#primaryimage"},"thumbnailUrl":"https:\/\/mabawater.com\/wp-content\/uploads\/2021\/09\/Cartucho-Carbon-activado-CTO-Smart-20.png","datePublished":"2021-09-16T20:49:23+00:00","dateModified":"2026-04-15T00:58:18+00:00","description":"Repuesto de cartucho de carb\u00f3n activado en bloque CTO Smart 20 Carb\u00f3n Block 20Carb\u00f3n\u00a0activado\u00a0o\u00a0carb\u00f3n activo\u00a0es un t\u00e9rmino gen\u00e9rico","breadcrumb":{"@id":"https:\/\/mabawater.com\/producto\/cartucho-cto-smart-20\/#breadcrumb"},"inLanguage":"en-US","potentialAction":[{"@type":"ReadAction","target":["https:\/\/mabawater.com\/producto\/cartucho-cto-smart-20\/"]}]},{"@type":"ImageObject","inLanguage":"en-US","@id":"https:\/\/mabawater.com\/producto\/cartucho-cto-smart-20\/#primaryimage","url":"https:\/\/mabawater.com\/wp-content\/uploads\/2021\/09\/Cartucho-Carbon-activado-CTO-Smart-20.png","contentUrl":"https:\/\/mabawater.com\/wp-content\/uploads\/2021\/09\/Cartucho-Carbon-activado-CTO-Smart-20.png","width":1000,"height":1000},{"@type":"BreadcrumbList","@id":"https:\/\/mabawater.com\/producto\/cartucho-cto-smart-20\/#breadcrumb","itemListElement":[{"@type":"ListItem","position":1,"name":"Portada","item":"https:\/\/mabawater.com\/"},{"@type":"ListItem","position":2,"name":"Productos Para La Calidad Del Agua","item":"https:\/\/mabawater.com\/productos-para-la-calidad-del-agua\/"},{"@type":"ListItem","position":3,"name":"Cartucho Carb\u00f3n activado CTO Smart 20"}]},{"@type":"WebSite","@id":"https:\/\/mabawater.com\/#website","url":"https:\/\/mabawater.com\/","name":"Maba Water","description":"Soluciones Hidr\u00e1ulicas Sustentables","publisher":{"@id":"https:\/\/mabawater.com\/#organization"},"potentialAction":[{"@type":"SearchAction","target":{"@type":"EntryPoint","urlTemplate":"https:\/\/mabawater.com\/?s={search_term_string}"},"query-input":{"@type":"PropertyValueSpecification","valueRequired":true,"valueName":"search_term_string"}}],"inLanguage":"en-US"},{"@type":"Organization","@id":"https:\/\/mabawater.com\/#organization","name":"Maba Water","url":"https:\/\/mabawater.com\/","logo":{"@type":"ImageObject","inLanguage":"en-US","@id":"https:\/\/mabawater.com\/#\/schema\/logo\/image\/","url":"https:\/\/mabawater.com\/wp-content\/uploads\/2021\/09\/water-icon.png","contentUrl":"https:\/\/mabawater.com\/wp-content\/uploads\/2021\/09\/water-icon.png","width":410,"height":176,"caption":"Maba Water"},"image":{"@id":"https:\/\/mabawater.com\/#\/schema\/logo\/image\/"},"sameAs":["https:\/\/www.facebook.com\/mabawater\/","https:\/\/www.instagram.com\/mabawater\/?hl=es-la"]}]}},"_links":{"self":[{"href":"https:\/\/mabawater.com\/en\/wp-json\/wp\/v2\/product\/12517","targetHints":{"allow":["GET"]}}],"collection":[{"href":"https:\/\/mabawater.com\/en\/wp-json\/wp\/v2\/product"}],"about":[{"href":"https:\/\/mabawater.com\/en\/wp-json\/wp\/v2\/types\/product"}],"replies":[{"embeddable":true,"href":"https:\/\/mabawater.com\/en\/wp-json\/wp\/v2\/comments?post=12517"}],"version-history":[{"count":9,"href":"https:\/\/mabawater.com\/en\/wp-json\/wp\/v2\/product\/12517\/revisions"}],"predecessor-version":[{"id":30404,"href":"https:\/\/mabawater.com\/en\/wp-json\/wp\/v2\/product\/12517\/revisions\/30404"}],"wp:featuredmedia":[{"embeddable":true,"href":"https:\/\/mabawater.com\/en\/wp-json\/wp\/v2\/media\/24328"}],"wp:attachment":[{"href":"https:\/\/mabawater.com\/en\/wp-json\/wp\/v2\/media?parent=12517"}],"wp:term":[{"taxonomy":"product_brand","embeddable":true,"href":"https:\/\/mabawater.com\/en\/wp-json\/wp\/v2\/product_brand?post=12517"},{"taxonomy":"product_cat","embeddable":true,"href":"https:\/\/mabawater.com\/en\/wp-json\/wp\/v2\/product_cat?post=12517"},{"taxonomy":"product_tag","embeddable":true,"href":"https:\/\/mabawater.com\/en\/wp-json\/wp\/v2\/product_tag?post=12517"}],"curies":[{"name":"wp","href":"https:\/\/api.w.org\/{rel}","templated":true}]}}