{"id":12524,"date":"2021-09-16T20:53:16","date_gmt":"2021-09-16T20:53:16","guid":{"rendered":"https:\/\/mabawater.sinclaire.com.mx\/?post_type=product&#038;p=12524"},"modified":"2025-08-12T17:27:26","modified_gmt":"2025-08-12T17:27:26","slug":"cartucho-gac-small-10","status":"publish","type":"product","link":"https:\/\/mabawater.com\/en\/product\/cartucho-gac-small-10\/","title":{"rendered":"Cartucho de carb\u00f3n activado granular GAC Small 10"},"content":{"rendered":"<p><a href=\"https:\/\/mabawater.sinclaire.com.mx\/wp-content\/uploads\/2021\/09\/descarga-18.png\" data-width=\"1050\" data-height=\"1401\" data-index=\"1\" data-elementor-open-lightbox=\"no\"><br \/>\n<img decoding=\"async\" src=\"https:\/\/mabawater.sinclaire.com.mx\/wp-content\/uploads\/2021\/09\/descarga-18-767x1024.png\" \/><br \/>\n<\/a><\/p>\n<h1>Cartucho de carb\u00f3n activado granular GAC Small 10<\/h1>\n<p>El Cartucho de carb\u00f3n activado granular GAC Small 10 repuesto de cartucho de carb\u00f3n activado granular<\/p>\n<p>El tipo de material con el que se produce el carb\u00f3n activado afecta el tama\u00f1o de los poros y las caracter\u00edsticas de regeneraci\u00f3n del carb\u00f3n activado. Los dos tipos de clasificaci\u00f3n son: carb\u00f3n activado en polvo, con di\u00e1metro menor o igual a 0.25mm y el carb\u00f3n granular, con di\u00e1metro superior a los 0.25mm.<\/p>\n<p>Los tama\u00f1os de los poros van desde los m\u00e1s peque\u00f1os, llamados microporos (hasta 2.0\u00a0<a class=\"mw-redirect\" title=\"Nm\" href=\"https:\/\/es.wikipedia.org\/wiki\/Nm\">nm<\/a>), hasta los mesoporos (de 2.0 a 50 nm) y macroporos (mayores de 50 nm).<\/p>\n<p>Somos una empresa mexicana especializada en soluciones h\u00eddricas sustentables, implementamos proyectos y tecnolog\u00eda que garantice una gesti\u00f3n integral del agua con el objetivo de generar ahorro, uso y manejo responsable\u00a0 y eficiente del recurso, brindar seguridad, calidad y constancia en el suministro de agua potable y saneamiento.<\/p>\n<p><strong>Nuestra Misi\u00f3n<\/strong><\/p>\n<p>Promover el desarrollo sustentable mediante la utilizaci\u00f3n de ecotecnolog\u00edas y dise\u00f1o sostenible, dirigido al sector urbano y comercial, fomentando una cultura ecol\u00f3gica en nuestros clientes ofertando y desarrollando productos y sistemas que otorguen los beneficios de:<\/p>\n<ul>\n<li>ahorro de energ\u00eda<\/li>\n<li>reducci\u00f3n del impacto ambiental<\/li>\n<li>gesti\u00f3n sustentable de los recursos h\u00eddricos<\/li>\n<li>optimizaci\u00f3n de los recursos y energ\u00edas renovables<\/li>\n<\/ul>\n<p><strong>Nuestra Visi\u00f3n<\/strong><\/p>\n<p>MabaWater es una empresa de alta confianza, responsabilidad y profesionalismo en el \u00e1mbito del desarrollo sustentable, con base en el desarrollo e implementaci\u00f3n de la m\u00e1s alta tecnolog\u00eda en sinergia con programas y campa\u00f1as para cultura de cuidado del medio ambiente.<\/p>\n<p>Nuestra garant\u00eda<\/p>\n<p>1 a\u00f1o de garantia en funcionamiento1 mes de garantia en satisfacci\u00f3n<\/p>\n<h3>Encu\u00e9ntranos es:<\/h3>\n<p>Calzada Zavaleta #1302. local 101, 75150 Puebla de Zaragoza, M\u00e9xico<\/p>\n<h3>Ll\u00e1manos a:<\/h3>\n<p>Tel\u00e9fono: 222 369 0818Ventas &#8211; Ext 1Atenci\u00f3n a clientes &#8211; Ext 2Asistencia t\u00e9cnica y \u00e1rea de ingenieria &#8211; Ext 3<\/p>\n<h3>Escribenos a:<\/h3>\n<p><a href=\"mailto:contacto@mabawater.com\">contacto@mabawater.com<\/a><\/p>\n<h2><b>C<\/b><b>arb\u00f3n activo<\/b><\/h2>\n<p><b><a title=\"Carb\u00f3n vegetal\" href=\"https:\/\/es.wikipedia.org\/wiki\/Carb%C3%B3n_vegetal\">Carb\u00f3n<\/a>\u00a0activado<\/b>\u00a0o\u00a0<b>carb\u00f3n activo<\/b>\u00a0es un t\u00e9rmino gen\u00e9rico que describe una familia de\u00a0<a title=\"Adsorci\u00f3n\" href=\"https:\/\/es.wikipedia.org\/wiki\/Adsorci%C3%B3n\">adsorbentes<\/a>\u00a0carbon\u00e1ceos altamente\u00a0<a title=\"Estructura cristalina\" href=\"https:\/\/es.wikipedia.org\/wiki\/Estructura_cristalina\">cristalinos<\/a>\u00a0y con una\u00a0<a title=\"Porosidad\" href=\"https:\/\/es.wikipedia.org\/wiki\/Porosidad\">porosidad<\/a>\u00a0interna altamente desarrollada.<\/p>\n<p>Existe una amplia variedad de productos de carb\u00f3n activado que muestran diferentes caracter\u00edsticas, dependiendo del material.\u200b<\/p>\n<p>Consulta m\u00e1s de nuestro aviso de privacidad <a href=\"https:\/\/mabawater.com\/en\/aviso-de-privacidad\/\">aqu\u00ed<\/a><\/p>","protected":false},"excerpt":{"rendered":"<p><strong>Cartucho de Carb\u00f3n Activado Granular<\/strong> GAC Small 10\u2033: Repuesto ideal para <strong>sistemas de filtraci\u00f3n<\/strong> que requieren <strong>eliminaci\u00f3n de cloro<\/strong>, olores, sabor y materia org\u00e1nica. <strong>Mejora la calidad del agua<\/strong> en aplicaciones dom\u00e9sticas o comerciales. Compatible con carcasas Small de 10 pulgadas.<\/p>","protected":false},"featured_media":12525,"comment_status":"open","ping_status":"closed","template":"","meta":[],"product_brand":[],"product_cat":[79,108],"product_tag":[],"class_list":{"0":"post-12524","1":"product","2":"type-product","3":"status-publish","4":"has-post-thumbnail","6":"product_cat-maba-filtros","7":"product_cat-repuestos-purificadores-residenciales","9":"first","10":"instock","11":"shipping-taxable","12":"product-type-simple"},"yoast_head":"<!-- This site is optimized with the Yoast SEO plugin v26.6 - https:\/\/yoast.com\/wordpress\/plugins\/seo\/ -->\n<title>CaCartucho cartucho de carb\u00f3n activado granular- Maba Water<\/title>\n<meta name=\"description\" content=\"Cartucho de Carb\u00f3n Activado Granular GAC Small 10\u2033: Repuesto ideal para sistemas de filtraci\u00f3n que requieren eliminaci\u00f3n de cloro, olores, sabor, etc\" \/>\n<meta name=\"robots\" content=\"index, follow, max-snippet:-1, max-image-preview:large, max-video-preview:-1\" \/>\n<link rel=\"canonical\" href=\"https:\/\/mabawater.com\/en\/product\/cartucho-gac-small-10\/\" \/>\n<meta property=\"og:locale\" content=\"en_US\" \/>\n<meta property=\"og:type\" content=\"article\" \/>\n<meta property=\"og:title\" content=\"CaCartucho cartucho de carb\u00f3n activado granular- Maba Water\" \/>\n<meta property=\"og:description\" content=\"Cartucho de Carb\u00f3n Activado Granular GAC Small 10\u2033: Repuesto ideal para sistemas de filtraci\u00f3n que requieren eliminaci\u00f3n de cloro, olores, sabor, etc\" \/>\n<meta property=\"og:url\" content=\"https:\/\/mabawater.com\/en\/product\/cartucho-gac-small-10\/\" \/>\n<meta property=\"og:site_name\" content=\"Maba Water\" \/>\n<meta property=\"article:publisher\" content=\"https:\/\/www.facebook.com\/mabawater\/\" \/>\n<meta property=\"article:modified_time\" content=\"2025-08-12T17:27:26+00:00\" \/>\n<meta property=\"og:image\" content=\"https:\/\/mabawater.com\/wp-content\/uploads\/2021\/09\/Pro12-2.jpg\" \/>\n\t<meta property=\"og:image:width\" content=\"1512\" \/>\n\t<meta property=\"og:image:height\" content=\"1512\" \/>\n\t<meta property=\"og:image:type\" content=\"image\/jpeg\" \/>\n<meta name=\"twitter:card\" content=\"summary_large_image\" \/>\n<meta name=\"twitter:label1\" content=\"Est. reading time\" \/>\n\t<meta name=\"twitter:data1\" content=\"2 minutes\" \/>\n<!-- \/ Yoast SEO plugin. -->","yoast_head_json":{"title":"CaCartucho cartucho de carb\u00f3n activado granular- Maba Water","description":"Cartucho de Carb\u00f3n Activado Granular GAC Small 10\u2033: Repuesto ideal para sistemas de filtraci\u00f3n que requieren eliminaci\u00f3n de cloro, olores, sabor, etc","robots":{"index":"index","follow":"follow","max-snippet":"max-snippet:-1","max-image-preview":"max-image-preview:large","max-video-preview":"max-video-preview:-1"},"canonical":"https:\/\/mabawater.com\/en\/product\/cartucho-gac-small-10\/","og_locale":"en_US","og_type":"article","og_title":"CaCartucho cartucho de carb\u00f3n activado granular- Maba Water","og_description":"Cartucho de Carb\u00f3n Activado Granular GAC Small 10\u2033: Repuesto ideal para sistemas de filtraci\u00f3n que requieren eliminaci\u00f3n de cloro, olores, sabor, etc","og_url":"https:\/\/mabawater.com\/en\/product\/cartucho-gac-small-10\/","og_site_name":"Maba Water","article_publisher":"https:\/\/www.facebook.com\/mabawater\/","article_modified_time":"2025-08-12T17:27:26+00:00","og_image":[{"width":1512,"height":1512,"url":"https:\/\/mabawater.com\/wp-content\/uploads\/2021\/09\/Pro12-2.jpg","type":"image\/jpeg"}],"twitter_card":"summary_large_image","twitter_misc":{"Est. reading time":"2 minutes"},"schema":{"@context":"https:\/\/schema.org","@graph":[{"@type":"WebPage","@id":"https:\/\/mabawater.com\/producto\/cartucho-gac-small-10\/","url":"https:\/\/mabawater.com\/producto\/cartucho-gac-small-10\/","name":"CaCartucho cartucho de carb\u00f3n activado granular- Maba Water","isPartOf":{"@id":"https:\/\/mabawater.com\/#website"},"primaryImageOfPage":{"@id":"https:\/\/mabawater.com\/producto\/cartucho-gac-small-10\/#primaryimage"},"image":{"@id":"https:\/\/mabawater.com\/producto\/cartucho-gac-small-10\/#primaryimage"},"thumbnailUrl":"https:\/\/mabawater.com\/wp-content\/uploads\/2021\/09\/Pro12-2.jpg","datePublished":"2021-09-16T20:53:16+00:00","dateModified":"2025-08-12T17:27:26+00:00","description":"Cartucho de Carb\u00f3n Activado Granular GAC Small 10\u2033: Repuesto ideal para sistemas de filtraci\u00f3n que requieren eliminaci\u00f3n de cloro, olores, sabor, etc","breadcrumb":{"@id":"https:\/\/mabawater.com\/producto\/cartucho-gac-small-10\/#breadcrumb"},"inLanguage":"en-US","potentialAction":[{"@type":"ReadAction","target":["https:\/\/mabawater.com\/producto\/cartucho-gac-small-10\/"]}]},{"@type":"ImageObject","inLanguage":"en-US","@id":"https:\/\/mabawater.com\/producto\/cartucho-gac-small-10\/#primaryimage","url":"https:\/\/mabawater.com\/wp-content\/uploads\/2021\/09\/Pro12-2.jpg","contentUrl":"https:\/\/mabawater.com\/wp-content\/uploads\/2021\/09\/Pro12-2.jpg","width":1512,"height":1512,"caption":"Cartucho cartucho de carb\u00f3n activado granular"},{"@type":"BreadcrumbList","@id":"https:\/\/mabawater.com\/producto\/cartucho-gac-small-10\/#breadcrumb","itemListElement":[{"@type":"ListItem","position":1,"name":"Portada","item":"https:\/\/mabawater.com\/"},{"@type":"ListItem","position":2,"name":"Productos Para La Calidad Del Agua","item":"https:\/\/mabawater.com\/productos-para-la-calidad-del-agua\/"},{"@type":"ListItem","position":3,"name":"Cartucho de carb\u00f3n activado granular GAC Small 10"}]},{"@type":"WebSite","@id":"https:\/\/mabawater.com\/#website","url":"https:\/\/mabawater.com\/","name":"Maba Water","description":"Soluciones Hidr\u00e1ulicas Sustentables","publisher":{"@id":"https:\/\/mabawater.com\/#organization"},"potentialAction":[{"@type":"SearchAction","target":{"@type":"EntryPoint","urlTemplate":"https:\/\/mabawater.com\/?s={search_term_string}"},"query-input":{"@type":"PropertyValueSpecification","valueRequired":true,"valueName":"search_term_string"}}],"inLanguage":"en-US"},{"@type":"Organization","@id":"https:\/\/mabawater.com\/#organization","name":"Maba Water","url":"https:\/\/mabawater.com\/","logo":{"@type":"ImageObject","inLanguage":"en-US","@id":"https:\/\/mabawater.com\/#\/schema\/logo\/image\/","url":"https:\/\/mabawater.com\/wp-content\/uploads\/2021\/09\/water-icon.png","contentUrl":"https:\/\/mabawater.com\/wp-content\/uploads\/2021\/09\/water-icon.png","width":410,"height":176,"caption":"Maba Water"},"image":{"@id":"https:\/\/mabawater.com\/#\/schema\/logo\/image\/"},"sameAs":["https:\/\/www.facebook.com\/mabawater\/","https:\/\/www.instagram.com\/mabawater\/?hl=es-la"]}]}},"_links":{"self":[{"href":"https:\/\/mabawater.com\/en\/wp-json\/wp\/v2\/product\/12524","targetHints":{"allow":["GET"]}}],"collection":[{"href":"https:\/\/mabawater.com\/en\/wp-json\/wp\/v2\/product"}],"about":[{"href":"https:\/\/mabawater.com\/en\/wp-json\/wp\/v2\/types\/product"}],"replies":[{"embeddable":true,"href":"https:\/\/mabawater.com\/en\/wp-json\/wp\/v2\/comments?post=12524"}],"version-history":[{"count":13,"href":"https:\/\/mabawater.com\/en\/wp-json\/wp\/v2\/product\/12524\/revisions"}],"predecessor-version":[{"id":29570,"href":"https:\/\/mabawater.com\/en\/wp-json\/wp\/v2\/product\/12524\/revisions\/29570"}],"wp:featuredmedia":[{"embeddable":true,"href":"https:\/\/mabawater.com\/en\/wp-json\/wp\/v2\/media\/12525"}],"wp:attachment":[{"href":"https:\/\/mabawater.com\/en\/wp-json\/wp\/v2\/media?parent=12524"}],"wp:term":[{"taxonomy":"product_brand","embeddable":true,"href":"https:\/\/mabawater.com\/en\/wp-json\/wp\/v2\/product_brand?post=12524"},{"taxonomy":"product_cat","embeddable":true,"href":"https:\/\/mabawater.com\/en\/wp-json\/wp\/v2\/product_cat?post=12524"},{"taxonomy":"product_tag","embeddable":true,"href":"https:\/\/mabawater.com\/en\/wp-json\/wp\/v2\/product_tag?post=12524"}],"curies":[{"name":"wp","href":"https:\/\/api.w.org\/{rel}","templated":true}]}}