{"id":12545,"date":"2021-09-16T21:16:14","date_gmt":"2021-09-16T21:16:14","guid":{"rendered":"https:\/\/mabawater.sinclaire.com.mx\/?post_type=product&#038;p=12545"},"modified":"2024-02-02T23:20:04","modified_gmt":"2024-02-02T23:20:04","slug":"filtro-small-10-carbon-block-5-micras","status":"publish","type":"product","link":"https:\/\/mabawater.com\/en\/product\/filtro-small-10-carbon-block-5-micras\/","title":{"rendered":"Filtro Small 10 Carb\u00f3n Block 5 Micras"},"content":{"rendered":"<p><a href=\"https:\/\/mabawater.sinclaire.com.mx\/wp-content\/uploads\/2021\/09\/descarga-20.png\" data-width=\"1050\" data-height=\"1401\" data-index=\"1\" data-elementor-open-lightbox=\"no\"><br \/>\n<img decoding=\"async\" src=\"https:\/\/mabawater.sinclaire.com.mx\/wp-content\/uploads\/2021\/09\/descarga-20-767x1024.png\" \/><br \/>\n<\/a><\/p>\n<div class=\"woocommerce-product-details__short-description\">\n<h1>Filtro Small 10 Carb\u00f3n Block 5 Micras<\/h1>\n<p>El Filtro Small 10 Carb\u00f3n Block 5 Micras PARA ELIMINAR OLOR, SABOR, COLOR Y CLORO EN EL AGUA en lugares de BAJO CONSUMO. Nuestro filtro small es ideal para una vivienda de 1 a 2 personas (casa o departamento). Ayuda a evitar sedimentos, cloro, malos olores, colores y sabores del agua. Si tienes problemas de azufre en el agua o colores no deseados, \u00e9sta es la soluci\u00f3n!<\/p>\n<p>Di\u00e1mtero de conexi\u00f3n: 3\/4\u2033<br \/>\nCartucho: CTO Small 10\u2033<\/p>\n<\/div>\n<p>Somos una empresa mexicana especializada en soluciones h\u00eddricas sustentables, implementamos proyectos y tecnolog\u00eda que garantice una gesti\u00f3n integral del agua con el objetivo de generar ahorro, uso y manejo responsable\u00a0 y eficiente del recurso, brindar seguridad, calidad y constancia en el suministro de agua potable y saneamiento.<\/p>\n<p><strong>Nuestra Misi\u00f3n<\/strong><\/p>\n<p>Promover el desarrollo sustentable mediante la utilizaci\u00f3n de ecotecnolog\u00edas y dise\u00f1o sostenible, dirigido al sector urbano y comercial, fomentando una cultura ecol\u00f3gica en nuestros clientes ofertando y desarrollando productos y sistemas que otorguen los beneficios de:<\/p>\n<ul>\n<li>ahorro de energ\u00eda<\/li>\n<li>reducci\u00f3n del impacto ambiental<\/li>\n<li>gesti\u00f3n sustentable de los recursos h\u00eddricos<\/li>\n<li>optimizaci\u00f3n de los recursos y energ\u00edas renovables<\/li>\n<\/ul>\n<p><strong>Nuestra Visi\u00f3n<\/strong><\/p>\n<p>MabaWater es una empresa de alta confianza, responsabilidad y profesionalismo en el \u00e1mbito del desarrollo sustentable, con base en el desarrollo e implementaci\u00f3n de la m\u00e1s alta tecnolog\u00eda en sinergia con programas y campa\u00f1as para cultura de cuidado del medio ambiente.<\/p>\n<p>Nuestra garant\u00eda<\/p>\n<p>1 a\u00f1o de garantia en funcionamiento1 mes de garantia en satisfacci\u00f3n<\/p>\n<h3>Encu\u00e9ntranos es:<\/h3>\n<p>Calzada Zavaleta #1302. local 101, 75150 Puebla de Zaragoza, M\u00e9xico<\/p>\n<h3>Ll\u00e1manos a:<\/h3>\n<p>Tel\u00e9fono: 222 369 0818Ventas &#8211; Ext 1Atenci\u00f3n a clientes &#8211; Ext 2Asistencia t\u00e9cnica y \u00e1rea de ingenieria &#8211; Ext 3<\/p>\n<h3>Escribenos a:<\/h3>\n<p><a href=\"mailto:contacto@mabawater.com\">contacto@mabawater.com<\/a><\/p>\n<p>Ver m\u00e1s acerca del tema, aqu\u00ed<\/p>\n<p>Consulta m\u00e1s de nuestro aviso de privacidad <a href=\"https:\/\/mabawater.com\/en\/aviso-de-privacidad\/\">aqu\u00ed<\/a><\/p>\n<p>&nbsp;<\/p>","protected":false},"excerpt":{"rendered":"<p>PARA ELIMINAR OLOR, SABOR, COLOR Y CLORO EN EL AGUA en lugares de BAJO CONSUMO. Nuestro filtro small es ideal para una vivienda de 1 a 2 personas (casa o departamento). Ayuda a evitar sedimentos, cloro, malos olores, colores y sabores del agua. Si tienes problemas de azufre en el agua o colores no deseados, \u00e9sta es la soluci\u00f3n!<\/p>\n<p>Di\u00e1mtero de conexi\u00f3n: 3\/4\u2033<br \/>\nCartucho: CTO Small 10\u2033<\/p>","protected":false},"featured_media":24319,"comment_status":"open","ping_status":"closed","template":"","meta":[],"product_brand":[],"product_cat":[79],"product_tag":[86,71,89],"class_list":{"0":"post-12545","1":"product","2":"type-product","3":"status-publish","4":"has-post-thumbnail","6":"product_cat-maba-filtros","7":"product_tag-cloro","8":"product_tag-filtro","9":"product_tag-smart","11":"first","12":"instock","13":"shipping-taxable","14":"product-type-simple"},"yoast_head":"<!-- This site is optimized with the Yoast SEO plugin v26.6 - https:\/\/yoast.com\/wordpress\/plugins\/seo\/ -->\n<title>Filtro Small 10 Carb\u00f3n Block 5 Micras - Maba Water<\/title>\n<meta name=\"description\" content=\"El Filtro Small 10 Carb\u00f3n Block 5 Micras PARA ELIMINAR OLOR, SABOR, COLOR Y CLORO EN EL AGUA en lugares de BAJO CONSUMO\" \/>\n<meta name=\"robots\" content=\"index, follow, max-snippet:-1, max-image-preview:large, max-video-preview:-1\" \/>\n<link rel=\"canonical\" href=\"https:\/\/mabawater.com\/en\/product\/filtro-small-10-carbon-block-5-micras\/\" \/>\n<meta property=\"og:locale\" content=\"en_US\" \/>\n<meta property=\"og:type\" content=\"article\" \/>\n<meta property=\"og:title\" content=\"Filtro Small 10 Carb\u00f3n Block 5 Micras - Maba Water\" \/>\n<meta property=\"og:description\" content=\"El Filtro Small 10 Carb\u00f3n Block 5 Micras PARA ELIMINAR OLOR, SABOR, COLOR Y CLORO EN EL AGUA en lugares de BAJO CONSUMO\" \/>\n<meta property=\"og:url\" content=\"https:\/\/mabawater.com\/en\/product\/filtro-small-10-carbon-block-5-micras\/\" \/>\n<meta property=\"og:site_name\" content=\"Maba Water\" \/>\n<meta property=\"article:publisher\" content=\"https:\/\/www.facebook.com\/mabawater\/\" \/>\n<meta property=\"article:modified_time\" content=\"2024-02-02T23:20:04+00:00\" \/>\n<meta property=\"og:image\" content=\"https:\/\/mabawater.com\/wp-content\/uploads\/2021\/09\/Filtro-Small-10-Carbon.png\" \/>\n\t<meta property=\"og:image:width\" content=\"1000\" \/>\n\t<meta property=\"og:image:height\" content=\"1000\" \/>\n\t<meta property=\"og:image:type\" content=\"image\/png\" \/>\n<meta name=\"twitter:card\" content=\"summary_large_image\" \/>\n<meta name=\"twitter:label1\" content=\"Est. reading time\" \/>\n\t<meta name=\"twitter:data1\" content=\"2 minutes\" \/>\n<!-- \/ Yoast SEO plugin. -->","yoast_head_json":{"title":"Filtro Small 10 Carb\u00f3n Block 5 Micras - Maba Water","description":"El Filtro Small 10 Carb\u00f3n Block 5 Micras PARA ELIMINAR OLOR, SABOR, COLOR Y CLORO EN EL AGUA en lugares de BAJO CONSUMO","robots":{"index":"index","follow":"follow","max-snippet":"max-snippet:-1","max-image-preview":"max-image-preview:large","max-video-preview":"max-video-preview:-1"},"canonical":"https:\/\/mabawater.com\/en\/product\/filtro-small-10-carbon-block-5-micras\/","og_locale":"en_US","og_type":"article","og_title":"Filtro Small 10 Carb\u00f3n Block 5 Micras - Maba Water","og_description":"El Filtro Small 10 Carb\u00f3n Block 5 Micras PARA ELIMINAR OLOR, SABOR, COLOR Y CLORO EN EL AGUA en lugares de BAJO CONSUMO","og_url":"https:\/\/mabawater.com\/en\/product\/filtro-small-10-carbon-block-5-micras\/","og_site_name":"Maba Water","article_publisher":"https:\/\/www.facebook.com\/mabawater\/","article_modified_time":"2024-02-02T23:20:04+00:00","og_image":[{"width":1000,"height":1000,"url":"https:\/\/mabawater.com\/wp-content\/uploads\/2021\/09\/Filtro-Small-10-Carbon.png","type":"image\/png"}],"twitter_card":"summary_large_image","twitter_misc":{"Est. reading time":"2 minutes"},"schema":{"@context":"https:\/\/schema.org","@graph":[{"@type":"WebPage","@id":"https:\/\/mabawater.com\/producto\/filtro-small-10-carbon-block-5-micras\/","url":"https:\/\/mabawater.com\/producto\/filtro-small-10-carbon-block-5-micras\/","name":"Filtro Small 10 Carb\u00f3n Block 5 Micras - Maba Water","isPartOf":{"@id":"https:\/\/mabawater.com\/#website"},"primaryImageOfPage":{"@id":"https:\/\/mabawater.com\/producto\/filtro-small-10-carbon-block-5-micras\/#primaryimage"},"image":{"@id":"https:\/\/mabawater.com\/producto\/filtro-small-10-carbon-block-5-micras\/#primaryimage"},"thumbnailUrl":"https:\/\/mabawater.com\/wp-content\/uploads\/2021\/09\/Filtro-Small-10-Carbon.png","datePublished":"2021-09-16T21:16:14+00:00","dateModified":"2024-02-02T23:20:04+00:00","description":"El Filtro Small 10 Carb\u00f3n Block 5 Micras PARA ELIMINAR OLOR, SABOR, COLOR Y CLORO EN EL AGUA en lugares de BAJO CONSUMO","breadcrumb":{"@id":"https:\/\/mabawater.com\/producto\/filtro-small-10-carbon-block-5-micras\/#breadcrumb"},"inLanguage":"en-US","potentialAction":[{"@type":"ReadAction","target":["https:\/\/mabawater.com\/producto\/filtro-small-10-carbon-block-5-micras\/"]}]},{"@type":"ImageObject","inLanguage":"en-US","@id":"https:\/\/mabawater.com\/producto\/filtro-small-10-carbon-block-5-micras\/#primaryimage","url":"https:\/\/mabawater.com\/wp-content\/uploads\/2021\/09\/Filtro-Small-10-Carbon.png","contentUrl":"https:\/\/mabawater.com\/wp-content\/uploads\/2021\/09\/Filtro-Small-10-Carbon.png","width":1000,"height":1000},{"@type":"BreadcrumbList","@id":"https:\/\/mabawater.com\/producto\/filtro-small-10-carbon-block-5-micras\/#breadcrumb","itemListElement":[{"@type":"ListItem","position":1,"name":"Portada","item":"https:\/\/mabawater.com\/"},{"@type":"ListItem","position":2,"name":"Productos Para La Calidad Del Agua","item":"https:\/\/mabawater.com\/productos-para-la-calidad-del-agua\/"},{"@type":"ListItem","position":3,"name":"Filtro Small 10 Carb\u00f3n Block 5 Micras"}]},{"@type":"WebSite","@id":"https:\/\/mabawater.com\/#website","url":"https:\/\/mabawater.com\/","name":"Maba Water","description":"Soluciones Hidr\u00e1ulicas Sustentables","publisher":{"@id":"https:\/\/mabawater.com\/#organization"},"potentialAction":[{"@type":"SearchAction","target":{"@type":"EntryPoint","urlTemplate":"https:\/\/mabawater.com\/?s={search_term_string}"},"query-input":{"@type":"PropertyValueSpecification","valueRequired":true,"valueName":"search_term_string"}}],"inLanguage":"en-US"},{"@type":"Organization","@id":"https:\/\/mabawater.com\/#organization","name":"Maba Water","url":"https:\/\/mabawater.com\/","logo":{"@type":"ImageObject","inLanguage":"en-US","@id":"https:\/\/mabawater.com\/#\/schema\/logo\/image\/","url":"https:\/\/mabawater.com\/wp-content\/uploads\/2021\/09\/water-icon.png","contentUrl":"https:\/\/mabawater.com\/wp-content\/uploads\/2021\/09\/water-icon.png","width":410,"height":176,"caption":"Maba Water"},"image":{"@id":"https:\/\/mabawater.com\/#\/schema\/logo\/image\/"},"sameAs":["https:\/\/www.facebook.com\/mabawater\/","https:\/\/www.instagram.com\/mabawater\/?hl=es-la"]}]}},"_links":{"self":[{"href":"https:\/\/mabawater.com\/en\/wp-json\/wp\/v2\/product\/12545","targetHints":{"allow":["GET"]}}],"collection":[{"href":"https:\/\/mabawater.com\/en\/wp-json\/wp\/v2\/product"}],"about":[{"href":"https:\/\/mabawater.com\/en\/wp-json\/wp\/v2\/types\/product"}],"replies":[{"embeddable":true,"href":"https:\/\/mabawater.com\/en\/wp-json\/wp\/v2\/comments?post=12545"}],"version-history":[{"count":4,"href":"https:\/\/mabawater.com\/en\/wp-json\/wp\/v2\/product\/12545\/revisions"}],"predecessor-version":[{"id":21531,"href":"https:\/\/mabawater.com\/en\/wp-json\/wp\/v2\/product\/12545\/revisions\/21531"}],"wp:featuredmedia":[{"embeddable":true,"href":"https:\/\/mabawater.com\/en\/wp-json\/wp\/v2\/media\/24319"}],"wp:attachment":[{"href":"https:\/\/mabawater.com\/en\/wp-json\/wp\/v2\/media?parent=12545"}],"wp:term":[{"taxonomy":"product_brand","embeddable":true,"href":"https:\/\/mabawater.com\/en\/wp-json\/wp\/v2\/product_brand?post=12545"},{"taxonomy":"product_cat","embeddable":true,"href":"https:\/\/mabawater.com\/en\/wp-json\/wp\/v2\/product_cat?post=12545"},{"taxonomy":"product_tag","embeddable":true,"href":"https:\/\/mabawater.com\/en\/wp-json\/wp\/v2\/product_tag?post=12545"}],"curies":[{"name":"wp","href":"https:\/\/api.w.org\/{rel}","templated":true}]}}