{"id":12624,"date":"2021-09-17T15:02:40","date_gmt":"2021-09-17T15:02:40","guid":{"rendered":"https:\/\/mabawater.sinclaire.com.mx\/?post_type=product&#038;p=12624"},"modified":"2024-06-17T20:20:29","modified_gmt":"2024-06-17T20:20:29","slug":"bomba-manual-sifon","status":"publish","type":"product","link":"https:\/\/mabawater.com\/en\/product\/bomba-manual-sifon\/","title":{"rendered":"Bomba Manual Sif\u00f3n"},"content":{"rendered":"<div data-elementor-type=\"wp-post\" data-elementor-id=\"12624\" class=\"elementor elementor-12624\">\n\t\t\t\t\t\t<section class=\"wd-negative-gap elementor-section elementor-top-section elementor-element elementor-element-3391358 elementor-section-content-top elementor-section-boxed elementor-section-height-default elementor-section-height-default\" data-id=\"3391358\" data-element_type=\"section\">\n\t\t\t\t\t\t<div class=\"elementor-container elementor-column-gap-default\">\n\t\t\t\t\t<div class=\"elementor-column elementor-col-100 elementor-top-column elementor-element elementor-element-3639598\" data-id=\"3639598\" data-element_type=\"column\">\n\t\t\t<div class=\"elementor-widget-wrap elementor-element-populated\">\n\t\t\t\t\t\t<div class=\"elementor-element elementor-element-e20781f wd-width-100 elementor-widget elementor-widget-wd_images_gallery\" data-id=\"e20781f\" data-element_type=\"widget\" data-widget_type=\"wd_images_gallery.default\">\n\t\t\t\t<div class=\"elementor-widget-container\">\n\t\t\t\t\t\t\t<div class=\"wd-images-gallery photoswipe-images wd-carousel-container\" style=\"--wd-align-items:center; --wd-justify-content:center;\">\n\t\t\t\t\t\t\t<div class=\"wd-carousel-inner\">\n\t\t\t\t\t\t<div class=\"wd-carousel wd-grid\" data-scroll_per_page=\"yes\" style=\"--wd-col-lg:1;--wd-col-md:1;--wd-col-sm:1;--wd-gap-lg:0px;\">\n\t\t\t\t\t\t\t\t\t<div class=\"wd-carousel-wrap\">\n\t\t\t\t\t\t\t\t\t\t\t\t\t\t\t\t\t\t<div class=\"wd-gallery-item wd-carousel-item\">\n\t\t\t\t\t\t\t\t\t\t\t\t\t<a  href=\"https:\/\/mabawater.com\/wp-content\/uploads\/2021\/09\/descarga-28.png\" data-width=\"1050\" data-height=\"1359\" data-index=\"1\" data-elementor-open-lightbox=\"no\">\n\t\t\t\t\t\t\n\t\t\t\t\t\t<img loading=\"lazy\" decoding=\"async\" width=\"791\" height=\"1024\" src=\"https:\/\/mabawater.com\/wp-content\/uploads\/2021\/09\/descarga-28-791x1024.png\" class=\"attachment-large size-large\" alt=\"descarga\" srcset=\"https:\/\/mabawater.com\/wp-content\/uploads\/2021\/09\/descarga-28-791x1024.png 791w, https:\/\/mabawater.com\/wp-content\/uploads\/2021\/09\/descarga-28-232x300.png 232w, https:\/\/mabawater.com\/wp-content\/uploads\/2021\/09\/descarga-28-768x994.png 768w, https:\/\/mabawater.com\/wp-content\/uploads\/2021\/09\/descarga-28-150x194.png 150w, https:\/\/mabawater.com\/wp-content\/uploads\/2021\/09\/descarga-28.png 1050w\" sizes=\"auto, (max-width: 791px) 100vw, 791px\" \/>\n\t\t\t\t\t\t\t\t\t\t\t\t\t<\/a>\n\t\t\t\t\t\t\t\t\t\t\t<\/div>\n\t\t\t\t\t\t\t\t\t\t\t\t\t\t\t<div class=\"wd-gallery-item wd-carousel-item\">\n\t\t\t\t\t\t\t\t\t\t\t\t\t<a  href=\"https:\/\/mabawater.com\/wp-content\/uploads\/2021\/09\/descarga-1-9.png\" data-width=\"1050\" data-height=\"1359\" data-index=\"2\" data-elementor-open-lightbox=\"no\">\n\t\t\t\t\t\t\n\t\t\t\t\t\t<img loading=\"lazy\" decoding=\"async\" width=\"791\" height=\"1024\" src=\"https:\/\/mabawater.com\/wp-content\/uploads\/2021\/09\/descarga-1-9-791x1024.png\" class=\"attachment-large size-large\" alt=\"descarga (1)\" srcset=\"https:\/\/mabawater.com\/wp-content\/uploads\/2021\/09\/descarga-1-9-791x1024.png 791w, https:\/\/mabawater.com\/wp-content\/uploads\/2021\/09\/descarga-1-9-232x300.png 232w, https:\/\/mabawater.com\/wp-content\/uploads\/2021\/09\/descarga-1-9-768x994.png 768w, https:\/\/mabawater.com\/wp-content\/uploads\/2021\/09\/descarga-1-9-150x194.png 150w, https:\/\/mabawater.com\/wp-content\/uploads\/2021\/09\/descarga-1-9.png 1050w\" sizes=\"auto, (max-width: 791px) 100vw, 791px\" \/>\n\t\t\t\t\t\t\t\t\t\t\t\t\t<\/a>\n\t\t\t\t\t\t\t\t\t\t\t<\/div>\n\t\t\t\t\t\t\t\t\t\t\t\t\t\t\t<div class=\"wd-gallery-item wd-carousel-item\">\n\t\t\t\t\t\t\t\t\t\t\t\t\t<a  href=\"https:\/\/mabawater.com\/wp-content\/uploads\/2021\/09\/descarga-2-4.png\" data-width=\"1050\" data-height=\"1359\" data-index=\"3\" data-elementor-open-lightbox=\"no\">\n\t\t\t\t\t\t\n\t\t\t\t\t\t<img loading=\"lazy\" decoding=\"async\" width=\"791\" height=\"1024\" src=\"https:\/\/mabawater.com\/wp-content\/uploads\/2021\/09\/descarga-2-4-791x1024.png\" class=\"attachment-large size-large\" alt=\"descarga (2)\" srcset=\"https:\/\/mabawater.com\/wp-content\/uploads\/2021\/09\/descarga-2-4-791x1024.png 791w, https:\/\/mabawater.com\/wp-content\/uploads\/2021\/09\/descarga-2-4-232x300.png 232w, https:\/\/mabawater.com\/wp-content\/uploads\/2021\/09\/descarga-2-4-768x994.png 768w, https:\/\/mabawater.com\/wp-content\/uploads\/2021\/09\/descarga-2-4-150x194.png 150w, https:\/\/mabawater.com\/wp-content\/uploads\/2021\/09\/descarga-2-4.png 1050w\" sizes=\"auto, (max-width: 791px) 100vw, 791px\" \/>\n\t\t\t\t\t\t\t\t\t\t\t\t\t<\/a>\n\t\t\t\t\t\t\t\t\t\t\t<\/div>\n\t\t\t\t\t\t\t\t\t\t\t\t\t\t\t<div class=\"wd-gallery-item wd-carousel-item\">\n\t\t\t\t\t\t\t\t\t\t\t\t\t<a  href=\"https:\/\/mabawater.com\/wp-content\/uploads\/2021\/09\/descarga-3-1.png\" data-width=\"1050\" data-height=\"1359\" data-index=\"4\" data-elementor-open-lightbox=\"no\">\n\t\t\t\t\t\t\n\t\t\t\t\t\t<img loading=\"lazy\" decoding=\"async\" width=\"791\" height=\"1024\" src=\"https:\/\/mabawater.com\/wp-content\/uploads\/2021\/09\/descarga-3-1-791x1024.png\" class=\"attachment-large size-large\" alt=\"descarga (3)\" srcset=\"https:\/\/mabawater.com\/wp-content\/uploads\/2021\/09\/descarga-3-1-791x1024.png 791w, https:\/\/mabawater.com\/wp-content\/uploads\/2021\/09\/descarga-3-1-232x300.png 232w, https:\/\/mabawater.com\/wp-content\/uploads\/2021\/09\/descarga-3-1-768x994.png 768w, https:\/\/mabawater.com\/wp-content\/uploads\/2021\/09\/descarga-3-1-150x194.png 150w, https:\/\/mabawater.com\/wp-content\/uploads\/2021\/09\/descarga-3-1.png 1050w\" sizes=\"auto, (max-width: 791px) 100vw, 791px\" \/>\n\t\t\t\t\t\t\t\t\t\t\t\t\t<\/a>\n\t\t\t\t\t\t\t\t\t\t\t<\/div>\n\t\t\t\t\t\t\t\t\t\t\t\t\t\t\t\t<\/div>\n\t\t\t\t\t\t\t\t<\/div>\n\t\t\t\t\t\t\t\t\t\t\t\t\t\t<div class=\"wd-nav-arrows wd-pos-sep wd-hover-1 wd-icon-1\">\n\t\t\t<div class=\"wd-btn-arrow wd-prev wd-disabled\">\n\t\t\t\t<div class=\"wd-arrow-inner\"><\/div>\n\t\t\t<\/div>\n\t\t\t<div class=\"wd-btn-arrow wd-next\">\n\t\t\t\t<div class=\"wd-arrow-inner\"><\/div>\n\t\t\t<\/div>\n\t\t<\/div>\n\t\t\t\t\t\t\n\t\t\t\t<\/div>\n\n\t\t\t\t\t\t<div class=\"wd-nav-pagin-wrap text-center wd-style-shape wd-hide-md-sm wd-hide-sm\">\n\t\t\t<ul class=\"wd-nav-pagin\"><\/ul>\n\t\t<\/div>\n\t\t\t\t\t\t\t\t\t\t\t<\/div>\n\t\t\t\t\t\t<\/div>\n\t\t\t\t<\/div>\n\t\t\t\t\t<\/div>\n\t\t<\/div>\n\t\t\t\t\t<\/div>\n\t\t<\/section>\n\t\t\t\t<\/div>","protected":false},"excerpt":{"rendered":"<p><strong>Bombas<\/strong> utilizadas para proyectos rurales de sistemas de <strong>captaci\u00f3n pluvial<\/strong>. Muy pr\u00e1cticas y simples de instalar y operar. Soluciones sin consumo de energ\u00eda el\u00e9ctrica.<\/p>","protected":false},"featured_media":12230,"comment_status":"open","ping_status":"closed","template":"","meta":[],"product_brand":[],"product_cat":[122],"product_tag":[],"class_list":{"0":"post-12624","1":"product","2":"type-product","3":"status-publish","4":"has-post-thumbnail","6":"product_cat-sistemas-de-captacion-pluvial","8":"first","9":"outofstock","10":"shipping-taxable","11":"product-type-simple"},"yoast_head":"<!-- This site is optimized with the Yoast SEO plugin v26.6 - https:\/\/yoast.com\/wordpress\/plugins\/seo\/ -->\n<title>Bomba Manual Sif\u00f3n - Maba Water<\/title>\n<meta name=\"description\" content=\"Bomba Manual Sif\u00f3n. Bombas utilizadas para proyectos rurales de sistemas de captaci\u00f3n pluvial. Muy pr\u00e1cticas y simples de instalar y operar.\" \/>\n<meta name=\"robots\" content=\"index, follow, max-snippet:-1, max-image-preview:large, max-video-preview:-1\" \/>\n<link rel=\"canonical\" href=\"https:\/\/mabawater.com\/en\/product\/bomba-manual-sifon\/\" \/>\n<meta property=\"og:locale\" content=\"en_US\" \/>\n<meta property=\"og:type\" content=\"article\" \/>\n<meta property=\"og:title\" content=\"Bomba Manual Sif\u00f3n - Maba Water\" \/>\n<meta property=\"og:description\" content=\"Bomba Manual Sif\u00f3n. Bombas utilizadas para proyectos rurales de sistemas de captaci\u00f3n pluvial. Muy pr\u00e1cticas y simples de instalar y operar.\" \/>\n<meta property=\"og:url\" content=\"https:\/\/mabawater.com\/en\/product\/bomba-manual-sifon\/\" \/>\n<meta property=\"og:site_name\" content=\"Maba Water\" \/>\n<meta property=\"article:publisher\" content=\"https:\/\/www.facebook.com\/mabawater\/\" \/>\n<meta property=\"article:modified_time\" content=\"2024-06-17T20:20:29+00:00\" \/>\n<meta property=\"og:image\" content=\"https:\/\/mabawater.com\/wp-content\/uploads\/2021\/09\/BOMBA-MANUAL1-copiasmall.jpg\" \/>\n\t<meta property=\"og:image:width\" content=\"1500\" \/>\n\t<meta property=\"og:image:height\" content=\"1200\" \/>\n\t<meta property=\"og:image:type\" content=\"image\/jpeg\" \/>\n<meta name=\"twitter:card\" content=\"summary_large_image\" \/>\n<!-- \/ Yoast SEO plugin. -->","yoast_head_json":{"title":"Bomba Manual Sif\u00f3n - Maba Water","description":"Bomba Manual Sif\u00f3n. Bombas utilizadas para proyectos rurales de sistemas de captaci\u00f3n pluvial. Muy pr\u00e1cticas y simples de instalar y operar.","robots":{"index":"index","follow":"follow","max-snippet":"max-snippet:-1","max-image-preview":"max-image-preview:large","max-video-preview":"max-video-preview:-1"},"canonical":"https:\/\/mabawater.com\/en\/product\/bomba-manual-sifon\/","og_locale":"en_US","og_type":"article","og_title":"Bomba Manual Sif\u00f3n - Maba Water","og_description":"Bomba Manual Sif\u00f3n. Bombas utilizadas para proyectos rurales de sistemas de captaci\u00f3n pluvial. Muy pr\u00e1cticas y simples de instalar y operar.","og_url":"https:\/\/mabawater.com\/en\/product\/bomba-manual-sifon\/","og_site_name":"Maba Water","article_publisher":"https:\/\/www.facebook.com\/mabawater\/","article_modified_time":"2024-06-17T20:20:29+00:00","og_image":[{"width":1500,"height":1200,"url":"https:\/\/mabawater.com\/wp-content\/uploads\/2021\/09\/BOMBA-MANUAL1-copiasmall.jpg","type":"image\/jpeg"}],"twitter_card":"summary_large_image","schema":{"@context":"https:\/\/schema.org","@graph":[{"@type":"WebPage","@id":"https:\/\/mabawater.com\/producto\/bomba-manual-sifon\/","url":"https:\/\/mabawater.com\/producto\/bomba-manual-sifon\/","name":"Bomba Manual Sif\u00f3n - Maba Water","isPartOf":{"@id":"https:\/\/mabawater.com\/#website"},"primaryImageOfPage":{"@id":"https:\/\/mabawater.com\/producto\/bomba-manual-sifon\/#primaryimage"},"image":{"@id":"https:\/\/mabawater.com\/producto\/bomba-manual-sifon\/#primaryimage"},"thumbnailUrl":"https:\/\/mabawater.com\/wp-content\/uploads\/2021\/09\/BOMBA-MANUAL1-copiasmall.jpg","datePublished":"2021-09-17T15:02:40+00:00","dateModified":"2024-06-17T20:20:29+00:00","description":"Bomba Manual Sif\u00f3n. Bombas utilizadas para proyectos rurales de sistemas de captaci\u00f3n pluvial. Muy pr\u00e1cticas y simples de instalar y operar.","breadcrumb":{"@id":"https:\/\/mabawater.com\/producto\/bomba-manual-sifon\/#breadcrumb"},"inLanguage":"en-US","potentialAction":[{"@type":"ReadAction","target":["https:\/\/mabawater.com\/producto\/bomba-manual-sifon\/"]}]},{"@type":"ImageObject","inLanguage":"en-US","@id":"https:\/\/mabawater.com\/producto\/bomba-manual-sifon\/#primaryimage","url":"https:\/\/mabawater.com\/wp-content\/uploads\/2021\/09\/BOMBA-MANUAL1-copiasmall.jpg","contentUrl":"https:\/\/mabawater.com\/wp-content\/uploads\/2021\/09\/BOMBA-MANUAL1-copiasmall.jpg","width":1500,"height":1200},{"@type":"BreadcrumbList","@id":"https:\/\/mabawater.com\/producto\/bomba-manual-sifon\/#breadcrumb","itemListElement":[{"@type":"ListItem","position":1,"name":"Portada","item":"https:\/\/mabawater.com\/"},{"@type":"ListItem","position":2,"name":"Productos Para La Calidad Del Agua","item":"https:\/\/mabawater.com\/productos-para-la-calidad-del-agua\/"},{"@type":"ListItem","position":3,"name":"Bomba Manual Sif\u00f3n"}]},{"@type":"WebSite","@id":"https:\/\/mabawater.com\/#website","url":"https:\/\/mabawater.com\/","name":"Maba Water","description":"Soluciones Hidr\u00e1ulicas Sustentables","publisher":{"@id":"https:\/\/mabawater.com\/#organization"},"potentialAction":[{"@type":"SearchAction","target":{"@type":"EntryPoint","urlTemplate":"https:\/\/mabawater.com\/?s={search_term_string}"},"query-input":{"@type":"PropertyValueSpecification","valueRequired":true,"valueName":"search_term_string"}}],"inLanguage":"en-US"},{"@type":"Organization","@id":"https:\/\/mabawater.com\/#organization","name":"Maba Water","url":"https:\/\/mabawater.com\/","logo":{"@type":"ImageObject","inLanguage":"en-US","@id":"https:\/\/mabawater.com\/#\/schema\/logo\/image\/","url":"https:\/\/mabawater.com\/wp-content\/uploads\/2021\/09\/water-icon.png","contentUrl":"https:\/\/mabawater.com\/wp-content\/uploads\/2021\/09\/water-icon.png","width":410,"height":176,"caption":"Maba Water"},"image":{"@id":"https:\/\/mabawater.com\/#\/schema\/logo\/image\/"},"sameAs":["https:\/\/www.facebook.com\/mabawater\/","https:\/\/www.instagram.com\/mabawater\/?hl=es-la"]}]}},"_links":{"self":[{"href":"https:\/\/mabawater.com\/en\/wp-json\/wp\/v2\/product\/12624","targetHints":{"allow":["GET"]}}],"collection":[{"href":"https:\/\/mabawater.com\/en\/wp-json\/wp\/v2\/product"}],"about":[{"href":"https:\/\/mabawater.com\/en\/wp-json\/wp\/v2\/types\/product"}],"replies":[{"embeddable":true,"href":"https:\/\/mabawater.com\/en\/wp-json\/wp\/v2\/comments?post=12624"}],"version-history":[{"count":6,"href":"https:\/\/mabawater.com\/en\/wp-json\/wp\/v2\/product\/12624\/revisions"}],"predecessor-version":[{"id":27964,"href":"https:\/\/mabawater.com\/en\/wp-json\/wp\/v2\/product\/12624\/revisions\/27964"}],"wp:featuredmedia":[{"embeddable":true,"href":"https:\/\/mabawater.com\/en\/wp-json\/wp\/v2\/media\/12230"}],"wp:attachment":[{"href":"https:\/\/mabawater.com\/en\/wp-json\/wp\/v2\/media?parent=12624"}],"wp:term":[{"taxonomy":"product_brand","embeddable":true,"href":"https:\/\/mabawater.com\/en\/wp-json\/wp\/v2\/product_brand?post=12624"},{"taxonomy":"product_cat","embeddable":true,"href":"https:\/\/mabawater.com\/en\/wp-json\/wp\/v2\/product_cat?post=12624"},{"taxonomy":"product_tag","embeddable":true,"href":"https:\/\/mabawater.com\/en\/wp-json\/wp\/v2\/product_tag?post=12624"}],"curies":[{"name":"wp","href":"https:\/\/api.w.org\/{rel}","templated":true}]}}