{"id":12716,"date":"2021-09-17T23:21:25","date_gmt":"2021-09-17T23:21:25","guid":{"rendered":"https:\/\/mabawater.sinclaire.com.mx\/?post_type=product&#038;p=12716"},"modified":"2022-12-17T16:35:11","modified_gmt":"2022-12-17T16:35:11","slug":"filtro-purificador-ultrafiltracion-5-etapas","status":"publish","type":"product","link":"https:\/\/mabawater.com\/en\/product\/filtro-purificador-ultrafiltracion-5-etapas\/","title":{"rendered":"Filtro Purificador Ultrafiltraci\u00f3n 5 Etapas"},"content":{"rendered":"<h1>Filtro Purificador Ultrafiltraci\u00f3n 5 Etapas<\/h1>\n<p>El Filtro Purificador Ultrafiltraci\u00f3n 5 Etapas es ideal para viviendas que <strong>no<\/strong>\u00a0cuentan con alta presi\u00f3n (hidroneum\u00e1tico) y desean un fitro purificador que brinde certeza de agua purificada y cumpla con las NOM de COFEPRIS. Incluso, el filtro purificador se puede utilizar mediante bombeo manual.<\/p>\n<p>PRECIO NO INCLUYE\u00a0<strong>INSTALACI\u00d3N<\/strong>\u00a0NI\u00a0<strong>ENV\u00cdO<\/strong><\/p>\n<p>Somos una empresa mexicana especializada en soluciones h\u00eddricas sustentables, implementamos proyectos y tecnolog\u00eda que garantice una gesti\u00f3n integral del agua con el objetivo de generar ahorro, uso y manejo responsable\u00a0 y eficiente del recurso, brindar seguridad, calidad y constancia en el suministro de agua potable y saneamiento.<\/p>\n<p><strong>Nuestra Misi\u00f3n<\/strong><\/p>\n<p>Promover el desarrollo sustentable mediante la utilizaci\u00f3n de ecotecnolog\u00edas y dise\u00f1o sostenible, dirigido al sector urbano y comercial, fomentando una cultura ecol\u00f3gica en nuestros clientes ofertando y desarrollando productos y sistemas que otorguen los beneficios de:<\/p>\n<ul>\n<li>ahorro de energ\u00eda<\/li>\n<li>reducci\u00f3n del impacto ambiental<\/li>\n<li>gesti\u00f3n sustentable de los recursos h\u00eddricos<\/li>\n<li>optimizaci\u00f3n de los recursos y energ\u00edas renovables<\/li>\n<\/ul>\n<p><strong>Nuestra Visi\u00f3n<\/strong><\/p>\n<p>MabaWater es una empresa de alta confianza, responsabilidad y profesionalismo en el \u00e1mbito del desarrollo sustentable, con base en el desarrollo e implementaci\u00f3n de la m\u00e1s alta tecnolog\u00eda en sinergia con programas y campa\u00f1as para cultura de cuidado del medio ambiente.<\/p>\n<p>Nuestra garant\u00eda<\/p>\n<p>1 a\u00f1o de garantia en funcionamiento1 mes de garantia en satisfacci\u00f3n<\/p>\n<h3>Encu\u00e9ntranos es:<\/h3>\n<p>Calzada Zavaleta #1302. local 101, 75150 Puebla de Zaragoza, M\u00e9xico<\/p>\n<h3>Ll\u00e1manos a:<\/h3>\n<p>Tel\u00e9fono: 222 369 0818Ventas &#8211; Ext 1Atenci\u00f3n a clientes &#8211; Ext 2Asistencia t\u00e9cnica y \u00e1rea de ingenieria &#8211; Ext 3<\/p>\n<h3>Escribenos a:<\/h3>\n<p><a href=\"mailto:contacto@mabawater.com\">contacto@mabawater.com<\/a><\/p>\n<p>Una purificadora de agua es una\u00a0<b>m\u00e1quina encargada de filtrar agua mediante determinados sistemas mec\u00e1nicos o el\u00e9ctricos.<\/b>\u00a0 Se encarga de eliminar todo tipo de residuos qu\u00edmicos que puedan ser da\u00f1inos, como part\u00edculas o bacterias.<\/p>\n<p>Para realizar este proceso, cuentan con un sistema de filtros por los que circula el agua hasta llegar al grifo.<\/p>\n<p>Hay algunas que son muy sencillas y consisten en un filtro que se coloca en el grifo.<\/p>\n<p>Tambi\u00e9n hay otras m\u00e1s complejas con un sistema de filtros m\u00faltiples que te garantizan un agua m\u00e1s pura. Se suelen utilizar en espacios de trabajo y oficinas.<\/p>\n<p>Las plantas purificadoras de agua son plataformas hidrol\u00f3gicas que se encargan del saneamiento de agua procedentes de la lluvia, pozos, redes municipales y poseen 12 equipos para su funcionamiento.<\/p>\n<p>Consulta m\u00e1s de nuestro aviso de privacidad <a href=\"https:\/\/mabawater.com\/en\/aviso-de-privacidad\/\">aqu\u00ed<\/a><\/p>","protected":false},"excerpt":{"rendered":"<p>El filtro purificador 5 etapas es ideal para viviendas que\u00a0<strong>no<\/strong>\u00a0cuentan con alta presi\u00f3n (hidroneum\u00e1tico) y desean un fitro purificador que brinde certeza de agua purificada y cumpla con las NOM de COFEPRIS. Incluso, el filtro purificador se puede utilizar mediante bombeo manual.<\/p>\n<p>PRECIO NO INCLUYE\u00a0<strong>INSTALACI\u00d3N<\/strong>\u00a0NI\u00a0<strong>ENV\u00cdO<\/strong><\/p>","protected":false},"featured_media":12717,"comment_status":"open","ping_status":"closed","template":"","meta":[],"product_brand":[],"product_cat":[107],"product_tag":[110,111,112],"class_list":{"0":"post-12716","1":"product","2":"type-product","3":"status-publish","4":"has-post-thumbnail","6":"product_cat-purificadores-residenciales","7":"product_tag-purificador","8":"product_tag-purificador-de-agua","9":"product_tag-ultrafiltracion-5-etapas","11":"first","12":"instock","13":"shipping-taxable","14":"product-type-simple"},"yoast_head":"<!-- This site is optimized with the Yoast SEO plugin v26.6 - https:\/\/yoast.com\/wordpress\/plugins\/seo\/ -->\n<title>Filtro Purificador Ultrafiltraci\u00f3n 5 Etapas - Maba Water<\/title>\n<meta name=\"description\" content=\"El Filtro Purificador Ultrafiltraci\u00f3n 5 Etapas es ideal para viviendas que no\u00a0cuentan con alta presi\u00f3n (hidroneum\u00e1tico) y desean un fitro purificador\" \/>\n<meta name=\"robots\" content=\"index, follow, max-snippet:-1, max-image-preview:large, max-video-preview:-1\" \/>\n<link rel=\"canonical\" href=\"https:\/\/mabawater.com\/en\/product\/filtro-purificador-ultrafiltracion-5-etapas\/\" \/>\n<meta property=\"og:locale\" content=\"en_US\" \/>\n<meta property=\"og:type\" content=\"article\" \/>\n<meta property=\"og:title\" content=\"Filtro Purificador Ultrafiltraci\u00f3n 5 Etapas - Maba Water\" \/>\n<meta property=\"og:description\" content=\"El Filtro Purificador Ultrafiltraci\u00f3n 5 Etapas es ideal para viviendas que no\u00a0cuentan con alta presi\u00f3n (hidroneum\u00e1tico) y desean un fitro purificador\" \/>\n<meta property=\"og:url\" content=\"https:\/\/mabawater.com\/en\/product\/filtro-purificador-ultrafiltracion-5-etapas\/\" \/>\n<meta property=\"og:site_name\" content=\"Maba Water\" \/>\n<meta property=\"article:publisher\" content=\"https:\/\/www.facebook.com\/mabawater\/\" \/>\n<meta property=\"article:modified_time\" content=\"2022-12-17T16:35:11+00:00\" \/>\n<meta property=\"og:image\" content=\"https:\/\/mabawater.com\/wp-content\/uploads\/2021\/09\/WhatsApp-Image-2021-06-11-at-16.49.28.jpeg\" \/>\n\t<meta property=\"og:image:width\" content=\"1200\" \/>\n\t<meta property=\"og:image:height\" content=\"1600\" \/>\n\t<meta property=\"og:image:type\" content=\"image\/jpeg\" \/>\n<meta name=\"twitter:card\" content=\"summary_large_image\" \/>\n<meta name=\"twitter:label1\" content=\"Est. reading time\" \/>\n\t<meta name=\"twitter:data1\" content=\"2 minutes\" \/>\n<!-- \/ Yoast SEO plugin. -->","yoast_head_json":{"title":"Filtro Purificador Ultrafiltraci\u00f3n 5 Etapas - Maba Water","description":"El Filtro Purificador Ultrafiltraci\u00f3n 5 Etapas es ideal para viviendas que no\u00a0cuentan con alta presi\u00f3n (hidroneum\u00e1tico) y desean un fitro purificador","robots":{"index":"index","follow":"follow","max-snippet":"max-snippet:-1","max-image-preview":"max-image-preview:large","max-video-preview":"max-video-preview:-1"},"canonical":"https:\/\/mabawater.com\/en\/product\/filtro-purificador-ultrafiltracion-5-etapas\/","og_locale":"en_US","og_type":"article","og_title":"Filtro Purificador Ultrafiltraci\u00f3n 5 Etapas - Maba Water","og_description":"El Filtro Purificador Ultrafiltraci\u00f3n 5 Etapas es ideal para viviendas que no\u00a0cuentan con alta presi\u00f3n (hidroneum\u00e1tico) y desean un fitro purificador","og_url":"https:\/\/mabawater.com\/en\/product\/filtro-purificador-ultrafiltracion-5-etapas\/","og_site_name":"Maba Water","article_publisher":"https:\/\/www.facebook.com\/mabawater\/","article_modified_time":"2022-12-17T16:35:11+00:00","og_image":[{"width":1200,"height":1600,"url":"https:\/\/mabawater.com\/wp-content\/uploads\/2021\/09\/WhatsApp-Image-2021-06-11-at-16.49.28.jpeg","type":"image\/jpeg"}],"twitter_card":"summary_large_image","twitter_misc":{"Est. reading time":"2 minutes"},"schema":{"@context":"https:\/\/schema.org","@graph":[{"@type":"WebPage","@id":"https:\/\/mabawater.com\/producto\/filtro-purificador-ultrafiltracion-5-etapas\/","url":"https:\/\/mabawater.com\/producto\/filtro-purificador-ultrafiltracion-5-etapas\/","name":"Filtro Purificador Ultrafiltraci\u00f3n 5 Etapas - Maba Water","isPartOf":{"@id":"https:\/\/mabawater.com\/#website"},"primaryImageOfPage":{"@id":"https:\/\/mabawater.com\/producto\/filtro-purificador-ultrafiltracion-5-etapas\/#primaryimage"},"image":{"@id":"https:\/\/mabawater.com\/producto\/filtro-purificador-ultrafiltracion-5-etapas\/#primaryimage"},"thumbnailUrl":"https:\/\/mabawater.com\/wp-content\/uploads\/2021\/09\/WhatsApp-Image-2021-06-11-at-16.49.28.jpeg","datePublished":"2021-09-17T23:21:25+00:00","dateModified":"2022-12-17T16:35:11+00:00","description":"El Filtro Purificador Ultrafiltraci\u00f3n 5 Etapas es ideal para viviendas que no\u00a0cuentan con alta presi\u00f3n (hidroneum\u00e1tico) y desean un fitro purificador","breadcrumb":{"@id":"https:\/\/mabawater.com\/producto\/filtro-purificador-ultrafiltracion-5-etapas\/#breadcrumb"},"inLanguage":"en-US","potentialAction":[{"@type":"ReadAction","target":["https:\/\/mabawater.com\/producto\/filtro-purificador-ultrafiltracion-5-etapas\/"]}]},{"@type":"ImageObject","inLanguage":"en-US","@id":"https:\/\/mabawater.com\/producto\/filtro-purificador-ultrafiltracion-5-etapas\/#primaryimage","url":"https:\/\/mabawater.com\/wp-content\/uploads\/2021\/09\/WhatsApp-Image-2021-06-11-at-16.49.28.jpeg","contentUrl":"https:\/\/mabawater.com\/wp-content\/uploads\/2021\/09\/WhatsApp-Image-2021-06-11-at-16.49.28.jpeg","width":1200,"height":1600},{"@type":"BreadcrumbList","@id":"https:\/\/mabawater.com\/producto\/filtro-purificador-ultrafiltracion-5-etapas\/#breadcrumb","itemListElement":[{"@type":"ListItem","position":1,"name":"Portada","item":"https:\/\/mabawater.com\/"},{"@type":"ListItem","position":2,"name":"Productos Para La Calidad Del Agua","item":"https:\/\/mabawater.com\/productos-para-la-calidad-del-agua\/"},{"@type":"ListItem","position":3,"name":"Filtro Purificador Ultrafiltraci\u00f3n 5 Etapas"}]},{"@type":"WebSite","@id":"https:\/\/mabawater.com\/#website","url":"https:\/\/mabawater.com\/","name":"Maba Water","description":"Soluciones Hidr\u00e1ulicas Sustentables","publisher":{"@id":"https:\/\/mabawater.com\/#organization"},"potentialAction":[{"@type":"SearchAction","target":{"@type":"EntryPoint","urlTemplate":"https:\/\/mabawater.com\/?s={search_term_string}"},"query-input":{"@type":"PropertyValueSpecification","valueRequired":true,"valueName":"search_term_string"}}],"inLanguage":"en-US"},{"@type":"Organization","@id":"https:\/\/mabawater.com\/#organization","name":"Maba Water","url":"https:\/\/mabawater.com\/","logo":{"@type":"ImageObject","inLanguage":"en-US","@id":"https:\/\/mabawater.com\/#\/schema\/logo\/image\/","url":"https:\/\/mabawater.com\/wp-content\/uploads\/2021\/09\/water-icon.png","contentUrl":"https:\/\/mabawater.com\/wp-content\/uploads\/2021\/09\/water-icon.png","width":410,"height":176,"caption":"Maba Water"},"image":{"@id":"https:\/\/mabawater.com\/#\/schema\/logo\/image\/"},"sameAs":["https:\/\/www.facebook.com\/mabawater\/","https:\/\/www.instagram.com\/mabawater\/?hl=es-la"]}]}},"_links":{"self":[{"href":"https:\/\/mabawater.com\/en\/wp-json\/wp\/v2\/product\/12716","targetHints":{"allow":["GET"]}}],"collection":[{"href":"https:\/\/mabawater.com\/en\/wp-json\/wp\/v2\/product"}],"about":[{"href":"https:\/\/mabawater.com\/en\/wp-json\/wp\/v2\/types\/product"}],"replies":[{"embeddable":true,"href":"https:\/\/mabawater.com\/en\/wp-json\/wp\/v2\/comments?post=12716"}],"version-history":[{"count":7,"href":"https:\/\/mabawater.com\/en\/wp-json\/wp\/v2\/product\/12716\/revisions"}],"predecessor-version":[{"id":21561,"href":"https:\/\/mabawater.com\/en\/wp-json\/wp\/v2\/product\/12716\/revisions\/21561"}],"wp:featuredmedia":[{"embeddable":true,"href":"https:\/\/mabawater.com\/en\/wp-json\/wp\/v2\/media\/12717"}],"wp:attachment":[{"href":"https:\/\/mabawater.com\/en\/wp-json\/wp\/v2\/media?parent=12716"}],"wp:term":[{"taxonomy":"product_brand","embeddable":true,"href":"https:\/\/mabawater.com\/en\/wp-json\/wp\/v2\/product_brand?post=12716"},{"taxonomy":"product_cat","embeddable":true,"href":"https:\/\/mabawater.com\/en\/wp-json\/wp\/v2\/product_cat?post=12716"},{"taxonomy":"product_tag","embeddable":true,"href":"https:\/\/mabawater.com\/en\/wp-json\/wp\/v2\/product_tag?post=12716"}],"curies":[{"name":"wp","href":"https:\/\/api.w.org\/{rel}","templated":true}]}}