{"id":12744,"date":"2021-09-18T01:38:59","date_gmt":"2021-09-18T01:38:59","guid":{"rendered":"https:\/\/mabawater.sinclaire.com.mx\/?post_type=product&#038;p=12744"},"modified":"2026-04-08T07:47:38","modified_gmt":"2026-04-08T07:47:38","slug":"purificador-de-agua-6-etapas-ultrafiltracion-luz-uv","status":"publish","type":"product","link":"https:\/\/mabawater.com\/en\/product\/purificador-de-agua-6-etapas-ultrafiltracion-luz-uv\/","title":{"rendered":"Purificador De Agua 6 Etapas Ultrafiltraci\u00f3n + Luz UV"},"content":{"rendered":"<p><a href=\"https:\/\/mabawater.sinclaire.com.mx\/wp-content\/uploads\/2021\/09\/descarga-39.png\" data-width=\"1050\" data-height=\"1401\" data-index=\"1\" data-elementor-open-lightbox=\"no\"><br \/>\n<img decoding=\"async\" src=\"https:\/\/mabawater.sinclaire.com.mx\/wp-content\/uploads\/2021\/09\/descarga-39-767x1024.png\" \/><br \/>\n<\/a><\/p>\n<h1>Purificador De Agua 6 Etapas Ultrafiltraci\u00f3n + Luz UV<\/h1>\n<p>El Purificador De Agua 6 Etapas Ultrafiltraci\u00f3n + Luz UV es NUESTRO PURIFICADOR M\u00c1S VERS\u00c1TIL. El purificador de 6 etapas se instala generalmente bajo la tarja de la cocina, es una gran opci\u00f3n para brindar agua purificada en tu hogar sin necesidad de comprar garrafones.<\/p>\n<p>Membrana de ultrafiltraci\u00f3n y tecnolog\u00eda de luz ultravioleta que elimina g\u00e9rmenes, bacterias y virus.<\/p>\n<p>Somos una empresa mexicana especializada en soluciones h\u00eddricas sustentables, implementamos proyectos y tecnolog\u00eda que garantice una gesti\u00f3n integral del agua con el objetivo de generar ahorro, uso y manejo responsable\u00a0 y eficiente del recurso, brindar seguridad, calidad y constancia en el suministro de agua potable y saneamiento.<\/p>\n<p><strong>Nuestra Misi\u00f3n<\/strong><\/p>\n<p>Promover el desarrollo sustentable mediante la utilizaci\u00f3n de ecotecnolog\u00edas y dise\u00f1o sostenible, dirigido al sector urbano y comercial, fomentando una cultura ecol\u00f3gica en nuestros clientes ofertando y desarrollando productos y sistemas que otorguen los beneficios de:<\/p>\n<ul>\n<li>ahorro de energ\u00eda<\/li>\n<li>reducci\u00f3n del impacto ambiental<\/li>\n<li>gesti\u00f3n sustentable de los recursos h\u00eddricos<\/li>\n<li>optimizaci\u00f3n de los recursos y energ\u00edas renovables<\/li>\n<\/ul>\n<p><strong>Nuestra Visi\u00f3n<\/strong><\/p>\n<p>MabaWater es una empresa de alta confianza, responsabilidad y profesionalismo en el \u00e1mbito del desarrollo sustentable, con base en el desarrollo e implementaci\u00f3n de la m\u00e1s alta tecnolog\u00eda en sinergia con programas y campa\u00f1as para cultura de cuidado del medio ambiente.<\/p>\n<p>Nuestra garant\u00eda<\/p>\n<p>1 a\u00f1o de garantia en funcionamiento1 mes de garantia en satisfacci\u00f3n<\/p>\n<h3>Encu\u00e9ntranos es:<\/h3>\n<p>Calzada Zavaleta #1302. local 101, 75150 Puebla de Zaragoza, M\u00e9xico<\/p>\n<h3>Ll\u00e1manos a:<\/h3>\n<p>Tel\u00e9fono: 222 369 0818Ventas &#8211; Ext 1Atenci\u00f3n a clientes &#8211; Ext 2Asistencia t\u00e9cnica y \u00e1rea de ingenieria &#8211; Ext 3<\/p>\n<h3>Escribenos a:<\/h3>\n<p><a href=\"mailto:contacto@mabawater.com\">contacto@mabawater.com<\/a><\/p>\n<p>Ver m\u00e1s acerca del tema, aqu\u00ed<\/p>\n<p>Consulta m\u00e1s de nuestro aviso de privacidad <a href=\"https:\/\/mabawater.com\/en\/aviso-de-privacidad\/\">aqu\u00ed<\/a><\/p>","protected":false},"excerpt":{"rendered":"<p>NUESTRO PURIFICADOR M\u00c1S VERS\u00c1TIL. El purificador de 6 etapas se instala generalmente bajo la tarja de la cocina, es una gran opci\u00f3n para brindar agua purificada en tu hogar sin necesidad de comprar garrafones.<\/p>\n<p>Membrana de ultrafiltraci\u00f3n y tecnolog\u00eda de luz ultravioleta que elimina g\u00e9rmenes, bacterias y virus.<\/p>","protected":false},"featured_media":12745,"comment_status":"open","ping_status":"closed","template":"","meta":[],"product_brand":[],"product_cat":[107],"product_tag":[110,115,114],"class_list":{"0":"post-12744","1":"product","2":"type-product","3":"status-publish","4":"has-post-thumbnail","6":"product_cat-purificadores-residenciales","7":"product_tag-purificador","8":"product_tag-ultrafiltracion","9":"product_tag-ultravioleta","11":"first","12":"instock","13":"sale","14":"shipping-taxable","15":"product-type-simple"},"yoast_head":"<!-- This site is optimized with the Yoast SEO plugin v26.6 - https:\/\/yoast.com\/wordpress\/plugins\/seo\/ -->\n<title>Purificador De Agua 6 Etapas Ultrafiltraci\u00f3n + Luz UV - Maba Water<\/title>\n<meta name=\"description\" content=\"El Purificador De Agua 6 Etapas Ultrafiltraci\u00f3n + Luz UV es NUESTRO PURIFICADOR M\u00c1S VERS\u00c1TIL. El purificador de 6 etapas se instala generalmente bajo la tarja\" \/>\n<meta name=\"robots\" content=\"index, follow, max-snippet:-1, max-image-preview:large, max-video-preview:-1\" \/>\n<link rel=\"canonical\" href=\"https:\/\/mabawater.com\/en\/product\/purificador-de-agua-6-etapas-ultrafiltracion-luz-uv\/\" \/>\n<meta property=\"og:locale\" content=\"en_US\" \/>\n<meta property=\"og:type\" content=\"article\" \/>\n<meta property=\"og:title\" content=\"Purificador De Agua 6 Etapas Ultrafiltraci\u00f3n + Luz UV - Maba Water\" \/>\n<meta property=\"og:description\" content=\"El Purificador De Agua 6 Etapas Ultrafiltraci\u00f3n + Luz UV es NUESTRO PURIFICADOR M\u00c1S VERS\u00c1TIL. El purificador de 6 etapas se instala generalmente bajo la tarja\" \/>\n<meta property=\"og:url\" content=\"https:\/\/mabawater.com\/en\/product\/purificador-de-agua-6-etapas-ultrafiltracion-luz-uv\/\" \/>\n<meta property=\"og:site_name\" content=\"Maba Water\" \/>\n<meta property=\"article:publisher\" content=\"https:\/\/www.facebook.com\/mabawater\/\" \/>\n<meta property=\"article:modified_time\" content=\"2026-04-08T07:47:38+00:00\" \/>\n<meta property=\"og:image\" content=\"https:\/\/mabawater.com\/wp-content\/uploads\/2021\/09\/Diapositiva51.jpg\" \/>\n\t<meta property=\"og:image:width\" content=\"1512\" \/>\n\t<meta property=\"og:image:height\" content=\"1512\" \/>\n\t<meta property=\"og:image:type\" content=\"image\/jpeg\" \/>\n<meta name=\"twitter:card\" content=\"summary_large_image\" \/>\n<meta name=\"twitter:label1\" content=\"Est. reading time\" \/>\n\t<meta name=\"twitter:data1\" content=\"2 minutes\" \/>\n<!-- \/ Yoast SEO plugin. -->","yoast_head_json":{"title":"Purificador De Agua 6 Etapas Ultrafiltraci\u00f3n + Luz UV - Maba Water","description":"El Purificador De Agua 6 Etapas Ultrafiltraci\u00f3n + Luz UV es NUESTRO PURIFICADOR M\u00c1S VERS\u00c1TIL. El purificador de 6 etapas se instala generalmente bajo la tarja","robots":{"index":"index","follow":"follow","max-snippet":"max-snippet:-1","max-image-preview":"max-image-preview:large","max-video-preview":"max-video-preview:-1"},"canonical":"https:\/\/mabawater.com\/en\/product\/purificador-de-agua-6-etapas-ultrafiltracion-luz-uv\/","og_locale":"en_US","og_type":"article","og_title":"Purificador De Agua 6 Etapas Ultrafiltraci\u00f3n + Luz UV - Maba Water","og_description":"El Purificador De Agua 6 Etapas Ultrafiltraci\u00f3n + Luz UV es NUESTRO PURIFICADOR M\u00c1S VERS\u00c1TIL. El purificador de 6 etapas se instala generalmente bajo la tarja","og_url":"https:\/\/mabawater.com\/en\/product\/purificador-de-agua-6-etapas-ultrafiltracion-luz-uv\/","og_site_name":"Maba Water","article_publisher":"https:\/\/www.facebook.com\/mabawater\/","article_modified_time":"2026-04-08T07:47:38+00:00","og_image":[{"width":1512,"height":1512,"url":"https:\/\/mabawater.com\/wp-content\/uploads\/2021\/09\/Diapositiva51.jpg","type":"image\/jpeg"}],"twitter_card":"summary_large_image","twitter_misc":{"Est. reading time":"2 minutes"},"schema":{"@context":"https:\/\/schema.org","@graph":[{"@type":"WebPage","@id":"https:\/\/mabawater.com\/producto\/purificador-de-agua-6-etapas-ultrafiltracion-luz-uv\/","url":"https:\/\/mabawater.com\/producto\/purificador-de-agua-6-etapas-ultrafiltracion-luz-uv\/","name":"Purificador De Agua 6 Etapas Ultrafiltraci\u00f3n + Luz UV - Maba Water","isPartOf":{"@id":"https:\/\/mabawater.com\/#website"},"primaryImageOfPage":{"@id":"https:\/\/mabawater.com\/producto\/purificador-de-agua-6-etapas-ultrafiltracion-luz-uv\/#primaryimage"},"image":{"@id":"https:\/\/mabawater.com\/producto\/purificador-de-agua-6-etapas-ultrafiltracion-luz-uv\/#primaryimage"},"thumbnailUrl":"https:\/\/mabawater.com\/wp-content\/uploads\/2021\/09\/Diapositiva51.jpg","datePublished":"2021-09-18T01:38:59+00:00","dateModified":"2026-04-08T07:47:38+00:00","description":"El Purificador De Agua 6 Etapas Ultrafiltraci\u00f3n + Luz UV es NUESTRO PURIFICADOR M\u00c1S VERS\u00c1TIL. El purificador de 6 etapas se instala generalmente bajo la tarja","breadcrumb":{"@id":"https:\/\/mabawater.com\/producto\/purificador-de-agua-6-etapas-ultrafiltracion-luz-uv\/#breadcrumb"},"inLanguage":"en-US","potentialAction":[{"@type":"ReadAction","target":["https:\/\/mabawater.com\/producto\/purificador-de-agua-6-etapas-ultrafiltracion-luz-uv\/"]}]},{"@type":"ImageObject","inLanguage":"en-US","@id":"https:\/\/mabawater.com\/producto\/purificador-de-agua-6-etapas-ultrafiltracion-luz-uv\/#primaryimage","url":"https:\/\/mabawater.com\/wp-content\/uploads\/2021\/09\/Diapositiva51.jpg","contentUrl":"https:\/\/mabawater.com\/wp-content\/uploads\/2021\/09\/Diapositiva51.jpg","width":1512,"height":1512,"caption":"Purificador De Agua 6 Etapas Ultrafiltraci\u00f3n + Luz UV"},{"@type":"BreadcrumbList","@id":"https:\/\/mabawater.com\/producto\/purificador-de-agua-6-etapas-ultrafiltracion-luz-uv\/#breadcrumb","itemListElement":[{"@type":"ListItem","position":1,"name":"Portada","item":"https:\/\/mabawater.com\/"},{"@type":"ListItem","position":2,"name":"Productos Para La Calidad Del Agua","item":"https:\/\/mabawater.com\/productos-para-la-calidad-del-agua\/"},{"@type":"ListItem","position":3,"name":"Purificador De Agua 6 Etapas Ultrafiltraci\u00f3n + Luz UV"}]},{"@type":"WebSite","@id":"https:\/\/mabawater.com\/#website","url":"https:\/\/mabawater.com\/","name":"Maba Water","description":"Soluciones Hidr\u00e1ulicas Sustentables","publisher":{"@id":"https:\/\/mabawater.com\/#organization"},"potentialAction":[{"@type":"SearchAction","target":{"@type":"EntryPoint","urlTemplate":"https:\/\/mabawater.com\/?s={search_term_string}"},"query-input":{"@type":"PropertyValueSpecification","valueRequired":true,"valueName":"search_term_string"}}],"inLanguage":"en-US"},{"@type":"Organization","@id":"https:\/\/mabawater.com\/#organization","name":"Maba Water","url":"https:\/\/mabawater.com\/","logo":{"@type":"ImageObject","inLanguage":"en-US","@id":"https:\/\/mabawater.com\/#\/schema\/logo\/image\/","url":"https:\/\/mabawater.com\/wp-content\/uploads\/2021\/09\/water-icon.png","contentUrl":"https:\/\/mabawater.com\/wp-content\/uploads\/2021\/09\/water-icon.png","width":410,"height":176,"caption":"Maba Water"},"image":{"@id":"https:\/\/mabawater.com\/#\/schema\/logo\/image\/"},"sameAs":["https:\/\/www.facebook.com\/mabawater\/","https:\/\/www.instagram.com\/mabawater\/?hl=es-la"]}]}},"_links":{"self":[{"href":"https:\/\/mabawater.com\/en\/wp-json\/wp\/v2\/product\/12744","targetHints":{"allow":["GET"]}}],"collection":[{"href":"https:\/\/mabawater.com\/en\/wp-json\/wp\/v2\/product"}],"about":[{"href":"https:\/\/mabawater.com\/en\/wp-json\/wp\/v2\/types\/product"}],"replies":[{"embeddable":true,"href":"https:\/\/mabawater.com\/en\/wp-json\/wp\/v2\/comments?post=12744"}],"version-history":[{"count":7,"href":"https:\/\/mabawater.com\/en\/wp-json\/wp\/v2\/product\/12744\/revisions"}],"predecessor-version":[{"id":21547,"href":"https:\/\/mabawater.com\/en\/wp-json\/wp\/v2\/product\/12744\/revisions\/21547"}],"wp:featuredmedia":[{"embeddable":true,"href":"https:\/\/mabawater.com\/en\/wp-json\/wp\/v2\/media\/12745"}],"wp:attachment":[{"href":"https:\/\/mabawater.com\/en\/wp-json\/wp\/v2\/media?parent=12744"}],"wp:term":[{"taxonomy":"product_brand","embeddable":true,"href":"https:\/\/mabawater.com\/en\/wp-json\/wp\/v2\/product_brand?post=12744"},{"taxonomy":"product_cat","embeddable":true,"href":"https:\/\/mabawater.com\/en\/wp-json\/wp\/v2\/product_cat?post=12744"},{"taxonomy":"product_tag","embeddable":true,"href":"https:\/\/mabawater.com\/en\/wp-json\/wp\/v2\/product_tag?post=12744"}],"curies":[{"name":"wp","href":"https:\/\/api.w.org\/{rel}","templated":true}]}}