{"id":12754,"date":"2021-09-18T01:49:45","date_gmt":"2021-09-18T01:49:45","guid":{"rendered":"https:\/\/mabawater.sinclaire.com.mx\/?post_type=product&#038;p=12754"},"modified":"2025-02-26T20:38:36","modified_gmt":"2025-02-26T20:38:36","slug":"purificador-de-agua-para-cocina","status":"publish","type":"product","link":"https:\/\/mabawater.com\/en\/product\/purificador-de-agua-para-cocina\/","title":{"rendered":"Purificador de Agua para Cocina"},"content":{"rendered":"<div data-elementor-type=\"wp-post\" data-elementor-id=\"12754\" class=\"elementor elementor-12754\">\n\t\t\t\t\t\t<section class=\"wd-negative-gap elementor-section elementor-top-section elementor-element elementor-element-3391358 elementor-section-content-top elementor-section-boxed elementor-section-height-default elementor-section-height-default\" data-id=\"3391358\" data-element_type=\"section\">\n\t\t\t\t\t\t<div class=\"elementor-container elementor-column-gap-default\">\n\t\t\t\t\t<div class=\"elementor-column elementor-col-100 elementor-top-column elementor-element elementor-element-3639598\" data-id=\"3639598\" data-element_type=\"column\">\n\t\t\t<div class=\"elementor-widget-wrap elementor-element-populated\">\n\t\t\t\t\t\t<div class=\"elementor-element elementor-element-e20781f wd-width-100 elementor-widget elementor-widget-wd_images_gallery\" data-id=\"e20781f\" data-element_type=\"widget\" data-widget_type=\"wd_images_gallery.default\">\n\t\t\t\t<div class=\"elementor-widget-container\">\n\t\t\t\t\t\t\t<div class=\"wd-images-gallery photoswipe-images wd-carousel-container\" style=\"--wd-align-items:center; --wd-justify-content:center;\">\n\t\t\t\t\t\t\t<div class=\"wd-carousel-inner\">\n\t\t\t\t\t\t<div class=\"wd-carousel wd-grid\" data-scroll_per_page=\"yes\" style=\"--wd-col-lg:1;--wd-col-md:1;--wd-col-sm:1;--wd-gap-lg:0px;\">\n\t\t\t\t\t\t\t\t\t<div class=\"wd-carousel-wrap\">\n\t\t\t\t\t\t\t\t\t\t\t\t\t\t\t\t\t\t<div class=\"wd-gallery-item wd-carousel-item\">\n\t\t\t\t\t\t\t\t\t\t\t\t\t<a  href=\"https:\/\/mabawater.com\/wp-content\/uploads\/2021\/09\/descarga-40.png\" data-width=\"1050\" data-height=\"1401\" data-index=\"1\" data-elementor-open-lightbox=\"no\">\n\t\t\t\t\t\t\n\t\t\t\t\t\t<img loading=\"lazy\" decoding=\"async\" width=\"767\" height=\"1024\" src=\"https:\/\/mabawater.com\/wp-content\/uploads\/2021\/09\/descarga-40-767x1024.png\" class=\"attachment-large size-large\" alt=\"descarga\" srcset=\"https:\/\/mabawater.com\/wp-content\/uploads\/2021\/09\/descarga-40-767x1024.png 767w, https:\/\/mabawater.com\/wp-content\/uploads\/2021\/09\/descarga-40-225x300.png 225w, https:\/\/mabawater.com\/wp-content\/uploads\/2021\/09\/descarga-40-768x1025.png 768w, https:\/\/mabawater.com\/wp-content\/uploads\/2021\/09\/descarga-40-150x200.png 150w, https:\/\/mabawater.com\/wp-content\/uploads\/2021\/09\/descarga-40.png 1050w\" sizes=\"auto, (max-width: 767px) 100vw, 767px\" \/>\n\t\t\t\t\t\t\t\t\t\t\t\t\t<\/a>\n\t\t\t\t\t\t\t\t\t\t\t<\/div>\n\t\t\t\t\t\t\t\t\t\t\t\t\t\t\t\t<\/div>\n\t\t\t\t\t\t\t\t<\/div>\n\t\t\t\t\t\t\t\t\t\t\t\t\t\t<div class=\"wd-nav-arrows wd-pos-sep wd-hover-1 wd-icon-1\">\n\t\t\t<div class=\"wd-btn-arrow wd-prev wd-disabled\">\n\t\t\t\t<div class=\"wd-arrow-inner\"><\/div>\n\t\t\t<\/div>\n\t\t\t<div class=\"wd-btn-arrow wd-next\">\n\t\t\t\t<div class=\"wd-arrow-inner\"><\/div>\n\t\t\t<\/div>\n\t\t<\/div>\n\t\t\t\t\t\t\n\t\t\t\t<\/div>\n\n\t\t\t\t\t\t<div class=\"wd-nav-pagin-wrap text-center wd-style-shape wd-hide-md-sm wd-hide-sm\">\n\t\t\t<ul class=\"wd-nav-pagin\"><\/ul>\n\t\t<\/div>\n\t\t\t\t\t\t\t\t\t\t\t<\/div>\n\t\t\t\t\t\t<\/div>\n\t\t\t\t<\/div>\n\t\t\t\t\t<\/div>\n\t\t<\/div>\n\t\t\t\t\t<\/div>\n\t\t<\/section>\n\t\t\t\t<\/div>","protected":false},"excerpt":{"rendered":"<p>EL PURIFICADOR M\u00c1S F\u00c1CIL DE INSTALAR, hazlo tu mismo!<\/p>\n<p>El <strong>purificador<\/strong> EOZ es un gran purificador a pesar de su tama\u00f1o. Esto lo convierte en uno de los purificadores m\u00e1s vers\u00e1tiles del mercado.<\/p>\n<p>*No se recomienda para aguas con mucho sedimento, sarro o metales pesados. No necesita energ\u00eda el\u00e9ctrica.<\/p>","protected":false},"featured_media":24342,"comment_status":"open","ping_status":"closed","template":"","meta":[],"product_brand":[],"product_cat":[107],"product_tag":[],"class_list":{"0":"post-12754","1":"product","2":"type-product","3":"status-publish","4":"has-post-thumbnail","6":"product_cat-purificadores-residenciales","8":"first","9":"instock","10":"shipping-taxable","11":"product-type-simple"},"yoast_head":"<!-- This site is optimized with the Yoast SEO plugin v26.6 - https:\/\/yoast.com\/wordpress\/plugins\/seo\/ -->\n<title>Purificador de Agua para Cocina - Maba Water<\/title>\n<meta name=\"description\" content=\"Descubre el mejor purificador de agua para cocina, dise\u00f1ado para mejorar la calidad del agua en tu hogar. F\u00e1cil de instalar y mantener.\" \/>\n<meta name=\"robots\" content=\"index, follow, max-snippet:-1, max-image-preview:large, max-video-preview:-1\" \/>\n<link rel=\"canonical\" href=\"https:\/\/mabawater.com\/en\/product\/purificador-de-agua-para-cocina\/\" \/>\n<meta property=\"og:locale\" content=\"en_US\" \/>\n<meta property=\"og:type\" content=\"article\" \/>\n<meta property=\"og:title\" content=\"Purificador de Agua para Cocina - Maba Water\" \/>\n<meta property=\"og:description\" content=\"Descubre el mejor purificador de agua para cocina, dise\u00f1ado para mejorar la calidad del agua en tu hogar. F\u00e1cil de instalar y mantener.\" \/>\n<meta property=\"og:url\" content=\"https:\/\/mabawater.com\/en\/product\/purificador-de-agua-para-cocina\/\" \/>\n<meta property=\"og:site_name\" content=\"Maba Water\" \/>\n<meta property=\"article:publisher\" content=\"https:\/\/www.facebook.com\/mabawater\/\" \/>\n<meta property=\"article:modified_time\" content=\"2025-02-26T20:38:36+00:00\" \/>\n<meta property=\"og:image\" content=\"https:\/\/mabawater.com\/wp-content\/uploads\/2021\/09\/Purificador-de-Agua-para-Cocina.png\" \/>\n\t<meta property=\"og:image:width\" content=\"1080\" \/>\n\t<meta property=\"og:image:height\" content=\"1080\" \/>\n\t<meta property=\"og:image:type\" content=\"image\/png\" \/>\n<meta name=\"twitter:card\" content=\"summary_large_image\" \/>\n<!-- \/ Yoast SEO plugin. -->","yoast_head_json":{"title":"Purificador de Agua para Cocina - Maba Water","description":"Descubre el mejor purificador de agua para cocina, dise\u00f1ado para mejorar la calidad del agua en tu hogar. F\u00e1cil de instalar y mantener.","robots":{"index":"index","follow":"follow","max-snippet":"max-snippet:-1","max-image-preview":"max-image-preview:large","max-video-preview":"max-video-preview:-1"},"canonical":"https:\/\/mabawater.com\/en\/product\/purificador-de-agua-para-cocina\/","og_locale":"en_US","og_type":"article","og_title":"Purificador de Agua para Cocina - Maba Water","og_description":"Descubre el mejor purificador de agua para cocina, dise\u00f1ado para mejorar la calidad del agua en tu hogar. F\u00e1cil de instalar y mantener.","og_url":"https:\/\/mabawater.com\/en\/product\/purificador-de-agua-para-cocina\/","og_site_name":"Maba Water","article_publisher":"https:\/\/www.facebook.com\/mabawater\/","article_modified_time":"2025-02-26T20:38:36+00:00","og_image":[{"width":1080,"height":1080,"url":"https:\/\/mabawater.com\/wp-content\/uploads\/2021\/09\/Purificador-de-Agua-para-Cocina.png","type":"image\/png"}],"twitter_card":"summary_large_image","schema":{"@context":"https:\/\/schema.org","@graph":[{"@type":"WebPage","@id":"https:\/\/mabawater.com\/producto\/purificador-de-agua-para-cocina\/","url":"https:\/\/mabawater.com\/producto\/purificador-de-agua-para-cocina\/","name":"Purificador de Agua para Cocina - Maba Water","isPartOf":{"@id":"https:\/\/mabawater.com\/#website"},"primaryImageOfPage":{"@id":"https:\/\/mabawater.com\/producto\/purificador-de-agua-para-cocina\/#primaryimage"},"image":{"@id":"https:\/\/mabawater.com\/producto\/purificador-de-agua-para-cocina\/#primaryimage"},"thumbnailUrl":"https:\/\/mabawater.com\/wp-content\/uploads\/2021\/09\/Purificador-de-Agua-para-Cocina.png","datePublished":"2021-09-18T01:49:45+00:00","dateModified":"2025-02-26T20:38:36+00:00","description":"Descubre el mejor purificador de agua para cocina, dise\u00f1ado para mejorar la calidad del agua en tu hogar. F\u00e1cil de instalar y mantener.","breadcrumb":{"@id":"https:\/\/mabawater.com\/producto\/purificador-de-agua-para-cocina\/#breadcrumb"},"inLanguage":"en-US","potentialAction":[{"@type":"ReadAction","target":["https:\/\/mabawater.com\/producto\/purificador-de-agua-para-cocina\/"]}]},{"@type":"ImageObject","inLanguage":"en-US","@id":"https:\/\/mabawater.com\/producto\/purificador-de-agua-para-cocina\/#primaryimage","url":"https:\/\/mabawater.com\/wp-content\/uploads\/2021\/09\/Purificador-de-Agua-para-Cocina.png","contentUrl":"https:\/\/mabawater.com\/wp-content\/uploads\/2021\/09\/Purificador-de-Agua-para-Cocina.png","width":1080,"height":1080},{"@type":"BreadcrumbList","@id":"https:\/\/mabawater.com\/producto\/purificador-de-agua-para-cocina\/#breadcrumb","itemListElement":[{"@type":"ListItem","position":1,"name":"Portada","item":"https:\/\/mabawater.com\/"},{"@type":"ListItem","position":2,"name":"Productos Para La Calidad Del Agua","item":"https:\/\/mabawater.com\/productos-para-la-calidad-del-agua\/"},{"@type":"ListItem","position":3,"name":"Purificador de Agua para Cocina"}]},{"@type":"WebSite","@id":"https:\/\/mabawater.com\/#website","url":"https:\/\/mabawater.com\/","name":"Maba Water","description":"Soluciones Hidr\u00e1ulicas Sustentables","publisher":{"@id":"https:\/\/mabawater.com\/#organization"},"potentialAction":[{"@type":"SearchAction","target":{"@type":"EntryPoint","urlTemplate":"https:\/\/mabawater.com\/?s={search_term_string}"},"query-input":{"@type":"PropertyValueSpecification","valueRequired":true,"valueName":"search_term_string"}}],"inLanguage":"en-US"},{"@type":"Organization","@id":"https:\/\/mabawater.com\/#organization","name":"Maba Water","url":"https:\/\/mabawater.com\/","logo":{"@type":"ImageObject","inLanguage":"en-US","@id":"https:\/\/mabawater.com\/#\/schema\/logo\/image\/","url":"https:\/\/mabawater.com\/wp-content\/uploads\/2021\/09\/water-icon.png","contentUrl":"https:\/\/mabawater.com\/wp-content\/uploads\/2021\/09\/water-icon.png","width":410,"height":176,"caption":"Maba Water"},"image":{"@id":"https:\/\/mabawater.com\/#\/schema\/logo\/image\/"},"sameAs":["https:\/\/www.facebook.com\/mabawater\/","https:\/\/www.instagram.com\/mabawater\/?hl=es-la"]}]}},"_links":{"self":[{"href":"https:\/\/mabawater.com\/en\/wp-json\/wp\/v2\/product\/12754","targetHints":{"allow":["GET"]}}],"collection":[{"href":"https:\/\/mabawater.com\/en\/wp-json\/wp\/v2\/product"}],"about":[{"href":"https:\/\/mabawater.com\/en\/wp-json\/wp\/v2\/types\/product"}],"replies":[{"embeddable":true,"href":"https:\/\/mabawater.com\/en\/wp-json\/wp\/v2\/comments?post=12754"}],"version-history":[{"count":7,"href":"https:\/\/mabawater.com\/en\/wp-json\/wp\/v2\/product\/12754\/revisions"}],"predecessor-version":[{"id":29072,"href":"https:\/\/mabawater.com\/en\/wp-json\/wp\/v2\/product\/12754\/revisions\/29072"}],"wp:featuredmedia":[{"embeddable":true,"href":"https:\/\/mabawater.com\/en\/wp-json\/wp\/v2\/media\/24342"}],"wp:attachment":[{"href":"https:\/\/mabawater.com\/en\/wp-json\/wp\/v2\/media?parent=12754"}],"wp:term":[{"taxonomy":"product_brand","embeddable":true,"href":"https:\/\/mabawater.com\/en\/wp-json\/wp\/v2\/product_brand?post=12754"},{"taxonomy":"product_cat","embeddable":true,"href":"https:\/\/mabawater.com\/en\/wp-json\/wp\/v2\/product_cat?post=12754"},{"taxonomy":"product_tag","embeddable":true,"href":"https:\/\/mabawater.com\/en\/wp-json\/wp\/v2\/product_tag?post=12754"}],"curies":[{"name":"wp","href":"https:\/\/api.w.org\/{rel}","templated":true}]}}