{"id":12773,"date":"2021-09-18T02:06:55","date_gmt":"2021-09-18T02:06:55","guid":{"rendered":"https:\/\/mabawater.sinclaire.com.mx\/?post_type=product&#038;p=12773"},"modified":"2022-12-30T15:35:47","modified_gmt":"2022-12-30T15:35:47","slug":"purificador-residencial-osmosis-inversa-6-etapas","status":"publish","type":"product","link":"https:\/\/mabawater.com\/en\/product\/purificador-residencial-osmosis-inversa-6-etapas\/","title":{"rendered":"Purificador Residencial \u00d3smosis Inversa 6 Etapas"},"content":{"rendered":"<p><a href=\"https:\/\/mabawater.sinclaire.com.mx\/wp-content\/uploads\/2021\/09\/descarga-42.png\" data-width=\"1050\" data-height=\"1401\" data-index=\"1\" data-elementor-open-lightbox=\"no\"><br \/>\n<img decoding=\"async\" src=\"https:\/\/mabawater.sinclaire.com.mx\/wp-content\/uploads\/2021\/09\/descarga-42-767x1024.png\" \/><br \/>\n<\/a><\/p>\n<h1>Purificador Residencial \u00d3smosis Inversa<\/h1>\n<p>El Purificador Residencial \u00d3smosis Inversa no s\u00f3lo logra purificar el agua a nivel consumo humano si no que tambi\u00e9n elimina el sarro y metales pesados.<\/p>\n<p>Con la l\u00e1mpara Ultra violeta, el purificador elimina el 99.9% de las bacterias en el agua.<\/p>\n<p>Tecnolog\u00eda de \u00f3smosis inversa + luz ultravioleta<\/p>\n<p>En el proceso normal de\u00a0<a title=\"\u00d3smosis\" href=\"https:\/\/es.wikipedia.org\/wiki\/%C3%93smosis\">\u00f3smosis<\/a>, el solvente se mueve naturalmente de un \u00e1rea de baja concentraci\u00f3n de la disoluci\u00f3n (alto\u00a0<a title=\"Potencial h\u00eddrico\" href=\"https:\/\/es.wikipedia.org\/wiki\/Potencial_h%C3%ADdrico\">potencial h\u00eddrico<\/a>), a trav\u00e9s de una membrana, hacia un \u00e1rea de alta concentraci\u00f3n de la disoluci\u00f3n (bajo potencial h\u00eddrico).<\/p>\n<p>Somos una empresa mexicana especializada en soluciones h\u00eddricas sustentables, implementamos proyectos y tecnolog\u00eda que garantice una gesti\u00f3n integral del agua con el objetivo de generar ahorro,<\/p>\n<p>uso y manejo responsable\u00a0 y eficiente del recurso, brindar seguridad, calidad y constancia en el suministro de agua potable y saneamiento.<\/p>\n<p><strong>Nuestra Misi\u00f3n<\/strong><\/p>\n<p>Promover el desarrollo sustentable mediante la utilizaci\u00f3n de ecotecnolog\u00edas y dise\u00f1o sostenible, dirigido al sector urbano y comercial, fomentando una cultura ecol\u00f3gica en nuestros clientes ofertando y desarrollando productos y sistemas que otorguen los beneficios de:<\/p>\n<ul>\n<li>ahorro de energ\u00eda<\/li>\n<li>reducci\u00f3n del impacto ambiental<\/li>\n<li>gesti\u00f3n sustentable de los recursos h\u00eddricos<\/li>\n<li>optimizaci\u00f3n de los recursos y energ\u00edas renovables<\/li>\n<\/ul>\n<p><strong>Nuestra Visi\u00f3n<\/strong><\/p>\n<p>MabaWater es una empresa de alta confianza, responsabilidad y profesionalismo en el \u00e1mbito del desarrollo sustentable<\/p>\n<p>&nbsp;<\/p>\n<h2>Nuestra garant\u00eda<\/h2>\n<p>1 a\u00f1o de garantia en funcionamiento1 mes de garantia en satisfacci\u00f3n<\/p>\n<h3>Encu\u00e9ntranos es:<\/h3>\n<p>Calzada Zavaleta #1302. local 101, 75150 Puebla de Zaragoza, M\u00e9xico<\/p>\n<h3>Ll\u00e1manos a:<\/h3>\n<p>Tel\u00e9fono: 222 369 0818Ventas &#8211; Ext 1Atenci\u00f3n a clientes &#8211; Ext 2Asistencia t\u00e9cnica y \u00e1rea de ingenieria &#8211; Ext 3<\/p>\n<h3>Escribenos a:<\/h3>\n<p><a href=\"mailto:contacto@mabawater.com\">contacto@mabawater.com<\/a><\/p>\n<p>La\u00a0<b>\u00f3smosis inversa<\/b>\u00a0es una tecnolog\u00eda de purificaci\u00f3n del agua que utiliza una\u00a0<a title=\"Membrana semipermeable\" href=\"https:\/\/es.wikipedia.org\/wiki\/Membrana_semipermeable\">membrana semipermeable<\/a>\u00a0para eliminar\u00a0<a title=\"Ion\" href=\"https:\/\/es.wikipedia.org\/wiki\/Ion\">iones<\/a>,\u00a0<a title=\"Mol\u00e9cula\" href=\"https:\/\/es.wikipedia.org\/wiki\/Mol%C3%A9cula\">mol\u00e9culas<\/a>\u00a0y part\u00edculas m\u00e1s grandes en el agua potable. Para lograr la \u00f3smosis inversa se aplica una presi\u00f3n para vencer la\u00a0<a title=\"Presi\u00f3n osm\u00f3tica\" href=\"https:\/\/es.wikipedia.org\/wiki\/Presi%C3%B3n_osm%C3%B3tica\">presi\u00f3n osm\u00f3tica<\/a>, que es una\u00a0<a title=\"Propiedad coligativa\" href=\"https:\/\/es.wikipedia.org\/wiki\/Propiedad_coligativa\">propiedad coligativa<\/a>\u00a0producida por diferencias de\u00a0<a title=\"Potencial qu\u00edmico\" href=\"https:\/\/es.wikipedia.org\/wiki\/Potencial_qu%C3%ADmico\">potencial qu\u00edmico<\/a>\u00a0del solvente, un par\u00e1metro\u00a0<a title=\"Termodin\u00e1mica\" href=\"https:\/\/es.wikipedia.org\/wiki\/Termodin%C3%A1mica\">termodin\u00e1mico.<\/a>\u00a0La \u00f3smosis inversa puede eliminar muchos tipos de elementos suspendidos en el agua, incluyendo bacterias, y est\u00e1 utilizada tanto en procesos industriales como para la producci\u00f3n de\u00a0<a title=\"Agua potable\" href=\"https:\/\/es.wikipedia.org\/wiki\/Agua_potable\">agua potable<\/a>.<\/p>\n<p>El resultado es que la\u00a0<a title=\"Disoluci\u00f3n\" href=\"https:\/\/es.wikipedia.org\/wiki\/Disoluci%C3%B3n\">disoluci\u00f3n<\/a>\u00a0es retenida del lado presurizado de la membrana y el\u00a0<a title=\"Disolvente\" href=\"https:\/\/es.wikipedia.org\/wiki\/Disolvente\">solvente<\/a>\u00a0puro puede pasar al otro lado. Para lograr la \u00abselectividad\u00bb, esta membrana no debe dejar pasar iones o mol\u00e9culas grandes a trav\u00e9s de sus\u00a0<a class=\"mw-disambig\" title=\"Poro\" href=\"https:\/\/es.wikipedia.org\/wiki\/Poro\">poros<\/a>\u00a0(o agujeros), pero debe dejar pasar libremente componentes m\u00e1s peque\u00f1os de la soluci\u00f3n (como las mol\u00e9culas solventes).<sup id=\"cite_ref-1\" class=\"reference separada\"><a href=\"https:\/\/es.wikipedia.org\/wiki\/%C3%93smosis_inversa#cite_note-1\">1<\/a><\/sup>\u200b<\/p>\n<p>Consulta m\u00e1s de nuestro aviso de privacidad <a href=\"https:\/\/mabawater.com\/en\/aviso-de-privacidad\/\">aqu\u00ed<\/a><\/p>","protected":false},"excerpt":{"rendered":"<p>NUESTRO PURIFICADOR M\u00c1S COMPLETO. El purificador de \u00f3smosis inversa no s\u00f3lo logra purificar el agua a nivel consumo humano si no que tambi\u00e9n elimina el sarro y metales pesados. Con la l\u00e1mpara Ultra violeta, el purificador elimina el 99.9% de las bacterias en el agua.<\/p>\n<p>Tecnolog\u00eda de \u00f3smosis inversa + luz ultravioleta<\/p>","protected":false},"featured_media":12774,"comment_status":"open","ping_status":"closed","template":"","meta":[],"product_brand":[],"product_cat":[107],"product_tag":[75,118,117,110],"class_list":{"0":"post-12773","1":"product","2":"type-product","3":"status-publish","4":"has-post-thumbnail","6":"product_cat-purificadores-residenciales","7":"product_tag-agua","8":"product_tag-osmosisinversa","9":"product_tag-pura","10":"product_tag-purificador","12":"first","13":"instock","14":"shipping-taxable","15":"product-type-simple"},"yoast_head":"<!-- This site is optimized with the Yoast SEO plugin v26.6 - https:\/\/yoast.com\/wordpress\/plugins\/seo\/ -->\n<title>Purificador Residencial \u00d3smosis Inversa 6 Etapas - Maba Water<\/title>\n<meta name=\"description\" content=\"El Purificador Residencial \u00d3smosis Inversa 6 Etapas no s\u00f3lo logra purificar el agua a nivel consumo humano si no que tambi\u00e9n elimina el sarro\" \/>\n<meta name=\"robots\" content=\"index, follow, max-snippet:-1, max-image-preview:large, max-video-preview:-1\" \/>\n<link rel=\"canonical\" href=\"https:\/\/mabawater.com\/en\/product\/purificador-residencial-osmosis-inversa-6-etapas\/\" \/>\n<meta property=\"og:locale\" content=\"en_US\" \/>\n<meta property=\"og:type\" content=\"article\" \/>\n<meta property=\"og:title\" content=\"Purificador Residencial \u00d3smosis Inversa 6 Etapas - Maba Water\" \/>\n<meta property=\"og:description\" content=\"El Purificador Residencial \u00d3smosis Inversa 6 Etapas no s\u00f3lo logra purificar el agua a nivel consumo humano si no que tambi\u00e9n elimina el sarro\" \/>\n<meta property=\"og:url\" content=\"https:\/\/mabawater.com\/en\/product\/purificador-residencial-osmosis-inversa-6-etapas\/\" \/>\n<meta property=\"og:site_name\" content=\"Maba Water\" \/>\n<meta property=\"article:publisher\" content=\"https:\/\/www.facebook.com\/mabawater\/\" \/>\n<meta property=\"article:modified_time\" content=\"2022-12-30T15:35:47+00:00\" \/>\n<meta property=\"og:image\" content=\"https:\/\/mabawater.com\/wp-content\/uploads\/2021\/09\/Diapositiva55.jpg\" \/>\n\t<meta property=\"og:image:width\" content=\"1512\" \/>\n\t<meta property=\"og:image:height\" content=\"1512\" \/>\n\t<meta property=\"og:image:type\" content=\"image\/jpeg\" \/>\n<meta name=\"twitter:card\" content=\"summary_large_image\" \/>\n<meta name=\"twitter:label1\" content=\"Est. reading time\" \/>\n\t<meta name=\"twitter:data1\" content=\"2 minutes\" \/>\n<!-- \/ Yoast SEO plugin. -->","yoast_head_json":{"title":"Purificador Residencial \u00d3smosis Inversa 6 Etapas - Maba Water","description":"El Purificador Residencial \u00d3smosis Inversa 6 Etapas no s\u00f3lo logra purificar el agua a nivel consumo humano si no que tambi\u00e9n elimina el sarro","robots":{"index":"index","follow":"follow","max-snippet":"max-snippet:-1","max-image-preview":"max-image-preview:large","max-video-preview":"max-video-preview:-1"},"canonical":"https:\/\/mabawater.com\/en\/product\/purificador-residencial-osmosis-inversa-6-etapas\/","og_locale":"en_US","og_type":"article","og_title":"Purificador Residencial \u00d3smosis Inversa 6 Etapas - Maba Water","og_description":"El Purificador Residencial \u00d3smosis Inversa 6 Etapas no s\u00f3lo logra purificar el agua a nivel consumo humano si no que tambi\u00e9n elimina el sarro","og_url":"https:\/\/mabawater.com\/en\/product\/purificador-residencial-osmosis-inversa-6-etapas\/","og_site_name":"Maba Water","article_publisher":"https:\/\/www.facebook.com\/mabawater\/","article_modified_time":"2022-12-30T15:35:47+00:00","og_image":[{"width":1512,"height":1512,"url":"https:\/\/mabawater.com\/wp-content\/uploads\/2021\/09\/Diapositiva55.jpg","type":"image\/jpeg"}],"twitter_card":"summary_large_image","twitter_misc":{"Est. reading time":"2 minutes"},"schema":{"@context":"https:\/\/schema.org","@graph":[{"@type":"WebPage","@id":"https:\/\/mabawater.com\/producto\/purificador-residencial-osmosis-inversa-6-etapas\/","url":"https:\/\/mabawater.com\/producto\/purificador-residencial-osmosis-inversa-6-etapas\/","name":"Purificador Residencial \u00d3smosis Inversa 6 Etapas - Maba Water","isPartOf":{"@id":"https:\/\/mabawater.com\/#website"},"primaryImageOfPage":{"@id":"https:\/\/mabawater.com\/producto\/purificador-residencial-osmosis-inversa-6-etapas\/#primaryimage"},"image":{"@id":"https:\/\/mabawater.com\/producto\/purificador-residencial-osmosis-inversa-6-etapas\/#primaryimage"},"thumbnailUrl":"https:\/\/mabawater.com\/wp-content\/uploads\/2021\/09\/Diapositiva55.jpg","datePublished":"2021-09-18T02:06:55+00:00","dateModified":"2022-12-30T15:35:47+00:00","description":"El Purificador Residencial \u00d3smosis Inversa 6 Etapas no s\u00f3lo logra purificar el agua a nivel consumo humano si no que tambi\u00e9n elimina el sarro","breadcrumb":{"@id":"https:\/\/mabawater.com\/producto\/purificador-residencial-osmosis-inversa-6-etapas\/#breadcrumb"},"inLanguage":"en-US","potentialAction":[{"@type":"ReadAction","target":["https:\/\/mabawater.com\/producto\/purificador-residencial-osmosis-inversa-6-etapas\/"]}]},{"@type":"ImageObject","inLanguage":"en-US","@id":"https:\/\/mabawater.com\/producto\/purificador-residencial-osmosis-inversa-6-etapas\/#primaryimage","url":"https:\/\/mabawater.com\/wp-content\/uploads\/2021\/09\/Diapositiva55.jpg","contentUrl":"https:\/\/mabawater.com\/wp-content\/uploads\/2021\/09\/Diapositiva55.jpg","width":1512,"height":1512,"caption":"Purificador Residencial \u00d3smosis Inversa"},{"@type":"BreadcrumbList","@id":"https:\/\/mabawater.com\/producto\/purificador-residencial-osmosis-inversa-6-etapas\/#breadcrumb","itemListElement":[{"@type":"ListItem","position":1,"name":"Portada","item":"https:\/\/mabawater.com\/"},{"@type":"ListItem","position":2,"name":"Productos Para La Calidad Del Agua","item":"https:\/\/mabawater.com\/productos-para-la-calidad-del-agua\/"},{"@type":"ListItem","position":3,"name":"Purificador Residencial \u00d3smosis Inversa 6 Etapas"}]},{"@type":"WebSite","@id":"https:\/\/mabawater.com\/#website","url":"https:\/\/mabawater.com\/","name":"Maba Water","description":"Soluciones Hidr\u00e1ulicas Sustentables","publisher":{"@id":"https:\/\/mabawater.com\/#organization"},"potentialAction":[{"@type":"SearchAction","target":{"@type":"EntryPoint","urlTemplate":"https:\/\/mabawater.com\/?s={search_term_string}"},"query-input":{"@type":"PropertyValueSpecification","valueRequired":true,"valueName":"search_term_string"}}],"inLanguage":"en-US"},{"@type":"Organization","@id":"https:\/\/mabawater.com\/#organization","name":"Maba Water","url":"https:\/\/mabawater.com\/","logo":{"@type":"ImageObject","inLanguage":"en-US","@id":"https:\/\/mabawater.com\/#\/schema\/logo\/image\/","url":"https:\/\/mabawater.com\/wp-content\/uploads\/2021\/09\/water-icon.png","contentUrl":"https:\/\/mabawater.com\/wp-content\/uploads\/2021\/09\/water-icon.png","width":410,"height":176,"caption":"Maba Water"},"image":{"@id":"https:\/\/mabawater.com\/#\/schema\/logo\/image\/"},"sameAs":["https:\/\/www.facebook.com\/mabawater\/","https:\/\/www.instagram.com\/mabawater\/?hl=es-la"]}]}},"_links":{"self":[{"href":"https:\/\/mabawater.com\/en\/wp-json\/wp\/v2\/product\/12773","targetHints":{"allow":["GET"]}}],"collection":[{"href":"https:\/\/mabawater.com\/en\/wp-json\/wp\/v2\/product"}],"about":[{"href":"https:\/\/mabawater.com\/en\/wp-json\/wp\/v2\/types\/product"}],"replies":[{"embeddable":true,"href":"https:\/\/mabawater.com\/en\/wp-json\/wp\/v2\/comments?post=12773"}],"version-history":[{"count":10,"href":"https:\/\/mabawater.com\/en\/wp-json\/wp\/v2\/product\/12773\/revisions"}],"predecessor-version":[{"id":21588,"href":"https:\/\/mabawater.com\/en\/wp-json\/wp\/v2\/product\/12773\/revisions\/21588"}],"wp:featuredmedia":[{"embeddable":true,"href":"https:\/\/mabawater.com\/en\/wp-json\/wp\/v2\/media\/12774"}],"wp:attachment":[{"href":"https:\/\/mabawater.com\/en\/wp-json\/wp\/v2\/media?parent=12773"}],"wp:term":[{"taxonomy":"product_brand","embeddable":true,"href":"https:\/\/mabawater.com\/en\/wp-json\/wp\/v2\/product_brand?post=12773"},{"taxonomy":"product_cat","embeddable":true,"href":"https:\/\/mabawater.com\/en\/wp-json\/wp\/v2\/product_cat?post=12773"},{"taxonomy":"product_tag","embeddable":true,"href":"https:\/\/mabawater.com\/en\/wp-json\/wp\/v2\/product_tag?post=12773"}],"curies":[{"name":"wp","href":"https:\/\/api.w.org\/{rel}","templated":true}]}}