{"id":12790,"date":"2021-09-18T02:21:14","date_gmt":"2021-09-18T02:21:14","guid":{"rendered":"https:\/\/mabawater.sinclaire.com.mx\/?post_type=product&#038;p=12790"},"modified":"2026-03-02T00:53:55","modified_gmt":"2026-03-02T00:53:55","slug":"purificador-pasivo-rural","status":"publish","type":"product","link":"https:\/\/mabawater.com\/en\/product\/purificador-pasivo-rural\/","title":{"rendered":"Purificador Pasivo Rural"},"content":{"rendered":"<p><a href=\"https:\/\/mabawater.sinclaire.com.mx\/wp-content\/uploads\/2021\/09\/descarga-44.png\" data-width=\"1050\" data-height=\"1401\" data-index=\"1\" data-elementor-open-lightbox=\"no\"><br \/>\n<img decoding=\"async\" src=\"https:\/\/mabawater.sinclaire.com.mx\/wp-content\/uploads\/2021\/09\/descarga-44-767x1024.png\" \/><br \/>\n<\/a><br \/>\n<a href=\"https:\/\/mabawater.sinclaire.com.mx\/wp-content\/uploads\/2021\/09\/descarga-1-10.png\" data-width=\"1050\" data-height=\"1401\" data-index=\"2\" data-elementor-open-lightbox=\"no\"><br \/>\n<img decoding=\"async\" src=\"https:\/\/mabawater.sinclaire.com.mx\/wp-content\/uploads\/2021\/09\/descarga-1-10-767x1024.png\" \/><br \/>\n<\/a><\/p>\n<h1>Purificador Pasivo Rural<\/h1>\n<p>El Purificador Pasivo Rural, membrana de microfiltraci\u00f3n con durabilidad de 2 a\u00f1os, rinde hasta 20 litros por d\u00eda. Tecnolog\u00eda mexicana especialista en zonas rurales.<\/p>\n<p>Una purificadora de agua es una\u00a0<b>m\u00e1quina encargada de filtrar agua mediante determinados sistemas mec\u00e1nicos o el\u00e9ctricos.<\/b>\u00a0 Se encarga de eliminar todo tipo de residuos qu\u00edmicos que puedan ser da\u00f1inos, como part\u00edculas o bacterias.<\/p>\n<p>Para realizar este proceso, cuentan con un sistema de filtros por los que circula el agua hasta llegar al grifo.<\/p>\n<p>Somos una empresa mexicana especializada en soluciones h\u00eddricas sustentables, implementamos proyectos y tecnolog\u00eda que garantice una gesti\u00f3n integral del agua con el objetivo de generar ahorro, uso y manejo responsable\u00a0 y eficiente del recurso, brindar seguridad, calidad y constancia en el suministro de agua potable y saneamiento.<\/p>\n<p><strong>Nuestra Misi\u00f3n<\/strong><\/p>\n<p>Promover el desarrollo sustentable mediante la utilizaci\u00f3n de ecotecnolog\u00edas y dise\u00f1o sostenible, dirigido al sector urbano y comercial, fomentando una cultura ecol\u00f3gica en nuestros clientes ofertando y desarrollando productos y sistemas que otorguen los beneficios de:<\/p>\n<ul>\n<li>ahorro de energ\u00eda<\/li>\n<li>reducci\u00f3n del impacto ambiental<\/li>\n<li>gesti\u00f3n sustentable de los recursos h\u00eddricos<\/li>\n<li>optimizaci\u00f3n de los recursos y energ\u00edas renovables<\/li>\n<\/ul>\n<p><strong>Nuestra Visi\u00f3n<\/strong><\/p>\n<p>MabaWater es una empresa de alta confianza, responsabilidad y profesionalismo en el \u00e1mbito del desarrollo sustentable, con base en el desarrollo e implementaci\u00f3n de la m\u00e1s alta tecnolog\u00eda en sinergia con programas y campa\u00f1as para cultura de cuidado del medio ambiente.<\/p>\n<p>Nuestra garant\u00eda<\/p>\n<p>1 a\u00f1o de garantia en funcionamiento1 mes de garantia en satisfacci\u00f3n<\/p>\n<h3>Encu\u00e9ntranos es:<\/h3>\n<p>Calzada Zavaleta #1302. local 101, 75150 Puebla de Zaragoza, M\u00e9xico<\/p>\n<h3>Ll\u00e1manos a:<\/h3>\n<p>Tel\u00e9fono: 222 369 0818Ventas &#8211; Ext 1Atenci\u00f3n a clientes &#8211; Ext 2Asistencia t\u00e9cnica y \u00e1rea de ingenieria &#8211; Ext 3<\/p>\n<h2>Escribenos a:<\/h2>\n<p><a href=\"mailto:contacto@mabawater.com\">contacto@mabawater.com<\/a><\/p>\n<p>Ver m\u00e1s acerca del tema, <a href=\"https:\/\/es.wikipedia.org\/wiki\/Purificadora\">aqu\u00ed<\/a><\/p>\n<p>Hay algunas que son muy sencillas y consisten en un filtro que se coloca en el grifo.<\/p>\n<p>Tambi\u00e9n hay otras m\u00e1s complejas con un sistema de filtros m\u00faltiples que te garantizan un agua m\u00e1s pura. Se suelen utilizar en espacios de trabajo y oficinas.<\/p>\n<p>Las plantas purificadoras de agua son plataformas hidrol\u00f3gicas que se encargan del saneamiento de agua procedentes de la lluvia, pozos, redes municipales y poseen 12 equipos para su funcionamiento.<\/p>\n<p>Consulta m\u00e1s de nuestro aviso de privacidad <a href=\"https:\/\/mabawater.com\/en\/aviso-de-privacidad\/\">aqu\u00ed<\/a><\/p>","protected":false},"excerpt":{"rendered":"<p>Purificador Pasivo para zonas rurales, membrana de microfiltraci\u00f3n con durabilidad de 2 a\u00f1os, rinde hasta 20 litros por d\u00eda. Tecnolog\u00eda mexicana especialista en zonas rurales.<\/p>","protected":false},"featured_media":12791,"comment_status":"open","ping_status":"closed","template":"","meta":[],"product_brand":[],"product_cat":[122],"product_tag":[75,119,117,110,120],"class_list":{"0":"post-12790","1":"product","2":"type-product","3":"status-publish","4":"has-post-thumbnail","6":"product_cat-sistemas-de-captacion-pluvial","7":"product_tag-agua","8":"product_tag-pasivo","9":"product_tag-pura","10":"product_tag-purificador","11":"product_tag-rural","13":"first","14":"instock","15":"sale","16":"shipping-taxable","17":"product-type-simple"},"yoast_head":"<!-- This site is optimized with the Yoast SEO plugin v26.6 - https:\/\/yoast.com\/wordpress\/plugins\/seo\/ -->\n<title>Purificador Pasivo Rural - Maba Water<\/title>\n<meta name=\"description\" content=\"El Purificador Pasivo para zonas rurales, membrana de microfiltraci\u00f3n con durabilidad de 2 a\u00f1os, rinde hasta 20 litros por d\u00eda. Tecnolog\u00eda mexicana\" \/>\n<meta name=\"robots\" content=\"index, follow, max-snippet:-1, max-image-preview:large, max-video-preview:-1\" \/>\n<link rel=\"canonical\" href=\"https:\/\/mabawater.com\/en\/product\/purificador-pasivo-rural\/\" \/>\n<meta property=\"og:locale\" content=\"en_US\" \/>\n<meta property=\"og:type\" content=\"article\" \/>\n<meta property=\"og:title\" content=\"Purificador Pasivo Rural - Maba Water\" \/>\n<meta property=\"og:description\" content=\"El Purificador Pasivo para zonas rurales, membrana de microfiltraci\u00f3n con durabilidad de 2 a\u00f1os, rinde hasta 20 litros por d\u00eda. Tecnolog\u00eda mexicana\" \/>\n<meta property=\"og:url\" content=\"https:\/\/mabawater.com\/en\/product\/purificador-pasivo-rural\/\" \/>\n<meta property=\"og:site_name\" content=\"Maba Water\" \/>\n<meta property=\"article:publisher\" content=\"https:\/\/www.facebook.com\/mabawater\/\" \/>\n<meta property=\"article:modified_time\" content=\"2026-03-02T00:53:55+00:00\" \/>\n<meta property=\"og:image\" content=\"https:\/\/mabawater.com\/wp-content\/uploads\/2021\/09\/Diapositiva43.jpg\" \/>\n\t<meta property=\"og:image:width\" content=\"1512\" \/>\n\t<meta property=\"og:image:height\" content=\"1512\" \/>\n\t<meta property=\"og:image:type\" content=\"image\/jpeg\" \/>\n<meta name=\"twitter:card\" content=\"summary_large_image\" \/>\n<meta name=\"twitter:label1\" content=\"Est. reading time\" \/>\n\t<meta name=\"twitter:data1\" content=\"2 minutes\" \/>\n<!-- \/ Yoast SEO plugin. -->","yoast_head_json":{"title":"Purificador Pasivo Rural - Maba Water","description":"El Purificador Pasivo para zonas rurales, membrana de microfiltraci\u00f3n con durabilidad de 2 a\u00f1os, rinde hasta 20 litros por d\u00eda. Tecnolog\u00eda mexicana","robots":{"index":"index","follow":"follow","max-snippet":"max-snippet:-1","max-image-preview":"max-image-preview:large","max-video-preview":"max-video-preview:-1"},"canonical":"https:\/\/mabawater.com\/en\/product\/purificador-pasivo-rural\/","og_locale":"en_US","og_type":"article","og_title":"Purificador Pasivo Rural - Maba Water","og_description":"El Purificador Pasivo para zonas rurales, membrana de microfiltraci\u00f3n con durabilidad de 2 a\u00f1os, rinde hasta 20 litros por d\u00eda. Tecnolog\u00eda mexicana","og_url":"https:\/\/mabawater.com\/en\/product\/purificador-pasivo-rural\/","og_site_name":"Maba Water","article_publisher":"https:\/\/www.facebook.com\/mabawater\/","article_modified_time":"2026-03-02T00:53:55+00:00","og_image":[{"width":1512,"height":1512,"url":"https:\/\/mabawater.com\/wp-content\/uploads\/2021\/09\/Diapositiva43.jpg","type":"image\/jpeg"}],"twitter_card":"summary_large_image","twitter_misc":{"Est. reading time":"2 minutes"},"schema":{"@context":"https:\/\/schema.org","@graph":[{"@type":"WebPage","@id":"https:\/\/mabawater.com\/producto\/purificador-pasivo-rural\/","url":"https:\/\/mabawater.com\/producto\/purificador-pasivo-rural\/","name":"Purificador Pasivo Rural - Maba Water","isPartOf":{"@id":"https:\/\/mabawater.com\/#website"},"primaryImageOfPage":{"@id":"https:\/\/mabawater.com\/producto\/purificador-pasivo-rural\/#primaryimage"},"image":{"@id":"https:\/\/mabawater.com\/producto\/purificador-pasivo-rural\/#primaryimage"},"thumbnailUrl":"https:\/\/mabawater.com\/wp-content\/uploads\/2021\/09\/Diapositiva43.jpg","datePublished":"2021-09-18T02:21:14+00:00","dateModified":"2026-03-02T00:53:55+00:00","description":"El Purificador Pasivo para zonas rurales, membrana de microfiltraci\u00f3n con durabilidad de 2 a\u00f1os, rinde hasta 20 litros por d\u00eda. Tecnolog\u00eda mexicana","breadcrumb":{"@id":"https:\/\/mabawater.com\/producto\/purificador-pasivo-rural\/#breadcrumb"},"inLanguage":"en-US","potentialAction":[{"@type":"ReadAction","target":["https:\/\/mabawater.com\/producto\/purificador-pasivo-rural\/"]}]},{"@type":"ImageObject","inLanguage":"en-US","@id":"https:\/\/mabawater.com\/producto\/purificador-pasivo-rural\/#primaryimage","url":"https:\/\/mabawater.com\/wp-content\/uploads\/2021\/09\/Diapositiva43.jpg","contentUrl":"https:\/\/mabawater.com\/wp-content\/uploads\/2021\/09\/Diapositiva43.jpg","width":1512,"height":1512,"caption":"Purificador Pasivo Rural"},{"@type":"BreadcrumbList","@id":"https:\/\/mabawater.com\/producto\/purificador-pasivo-rural\/#breadcrumb","itemListElement":[{"@type":"ListItem","position":1,"name":"Portada","item":"https:\/\/mabawater.com\/"},{"@type":"ListItem","position":2,"name":"Productos Para La Calidad Del Agua","item":"https:\/\/mabawater.com\/productos-para-la-calidad-del-agua\/"},{"@type":"ListItem","position":3,"name":"Purificador Pasivo Rural"}]},{"@type":"WebSite","@id":"https:\/\/mabawater.com\/#website","url":"https:\/\/mabawater.com\/","name":"Maba Water","description":"Soluciones Hidr\u00e1ulicas Sustentables","publisher":{"@id":"https:\/\/mabawater.com\/#organization"},"potentialAction":[{"@type":"SearchAction","target":{"@type":"EntryPoint","urlTemplate":"https:\/\/mabawater.com\/?s={search_term_string}"},"query-input":{"@type":"PropertyValueSpecification","valueRequired":true,"valueName":"search_term_string"}}],"inLanguage":"en-US"},{"@type":"Organization","@id":"https:\/\/mabawater.com\/#organization","name":"Maba Water","url":"https:\/\/mabawater.com\/","logo":{"@type":"ImageObject","inLanguage":"en-US","@id":"https:\/\/mabawater.com\/#\/schema\/logo\/image\/","url":"https:\/\/mabawater.com\/wp-content\/uploads\/2021\/09\/water-icon.png","contentUrl":"https:\/\/mabawater.com\/wp-content\/uploads\/2021\/09\/water-icon.png","width":410,"height":176,"caption":"Maba Water"},"image":{"@id":"https:\/\/mabawater.com\/#\/schema\/logo\/image\/"},"sameAs":["https:\/\/www.facebook.com\/mabawater\/","https:\/\/www.instagram.com\/mabawater\/?hl=es-la"]}]}},"_links":{"self":[{"href":"https:\/\/mabawater.com\/en\/wp-json\/wp\/v2\/product\/12790","targetHints":{"allow":["GET"]}}],"collection":[{"href":"https:\/\/mabawater.com\/en\/wp-json\/wp\/v2\/product"}],"about":[{"href":"https:\/\/mabawater.com\/en\/wp-json\/wp\/v2\/types\/product"}],"replies":[{"embeddable":true,"href":"https:\/\/mabawater.com\/en\/wp-json\/wp\/v2\/comments?post=12790"}],"version-history":[{"count":9,"href":"https:\/\/mabawater.com\/en\/wp-json\/wp\/v2\/product\/12790\/revisions"}],"predecessor-version":[{"id":21538,"href":"https:\/\/mabawater.com\/en\/wp-json\/wp\/v2\/product\/12790\/revisions\/21538"}],"wp:featuredmedia":[{"embeddable":true,"href":"https:\/\/mabawater.com\/en\/wp-json\/wp\/v2\/media\/12791"}],"wp:attachment":[{"href":"https:\/\/mabawater.com\/en\/wp-json\/wp\/v2\/media?parent=12790"}],"wp:term":[{"taxonomy":"product_brand","embeddable":true,"href":"https:\/\/mabawater.com\/en\/wp-json\/wp\/v2\/product_brand?post=12790"},{"taxonomy":"product_cat","embeddable":true,"href":"https:\/\/mabawater.com\/en\/wp-json\/wp\/v2\/product_cat?post=12790"},{"taxonomy":"product_tag","embeddable":true,"href":"https:\/\/mabawater.com\/en\/wp-json\/wp\/v2\/product_tag?post=12790"}],"curies":[{"name":"wp","href":"https:\/\/api.w.org\/{rel}","templated":true}]}}