{"id":12975,"date":"2021-09-18T17:36:04","date_gmt":"2021-09-18T17:36:04","guid":{"rendered":"https:\/\/mabawater.sinclaire.com.mx\/?post_type=product&#038;p=12975"},"modified":"2025-07-10T19:10:31","modified_gmt":"2025-07-10T19:10:31","slug":"calentador-solar-evans-20-tubos-cst200lnp","status":"publish","type":"product","link":"https:\/\/mabawater.com\/en\/product\/calentador-solar-evans-20-tubos-cst200lnp\/","title":{"rendered":"Calentador Solar Evans 20 Tubos CST200LNP"},"content":{"rendered":"<p>&nbsp;<\/p>\n<section><\/section>\n<p>&nbsp;<\/p>","protected":false},"excerpt":{"rendered":"<p><strong>Calentador solar<\/strong> de 20 tubos<\/p>\n<ul>\n<li><strong>Calentador solar<\/strong> para 5 a 6 personas.<\/li>\n<li>Capacidad de <strong>termotanque<\/strong> de 200 L con 20 tubos para l\u00ednea no presurizada.<\/li>\n<li><strong>Calentador<\/strong> con garant\u00eda 5 a\u00f1os por defectos de f\u00e1brica.<\/li>\n<li>Se ofrece garant\u00eda MABA ( 1 a\u00f1o en funcionamiento, 1 mes en satisfacci\u00f3n).<\/li>\n<\/ul>","protected":false},"featured_media":12976,"comment_status":"open","ping_status":"closed","template":"","meta":[],"product_brand":[],"product_cat":[141],"product_tag":[],"class_list":{"0":"post-12975","1":"product","2":"type-product","3":"status-publish","4":"has-post-thumbnail","6":"product_cat-calentadores-de-agua-solares","8":"first","9":"instock","10":"shipping-taxable","11":"product-type-simple"},"yoast_head":"<!-- This site is optimized with the Yoast SEO plugin v26.6 - https:\/\/yoast.com\/wordpress\/plugins\/seo\/ -->\n<title>Calentador Solar Evans 20 Tubos CST200LNP - Maba Water<\/title>\n<meta name=\"description\" content=\"Calentador solar de 20 tubos ideal para 5 a 6 personas. Capacidad de termotanque de 200 L con 20 tubos para l\u00ednea no presurizada....\" \/>\n<meta name=\"robots\" content=\"index, follow, max-snippet:-1, max-image-preview:large, max-video-preview:-1\" \/>\n<link rel=\"canonical\" href=\"https:\/\/mabawater.com\/en\/product\/calentador-solar-evans-20-tubos-cst200lnp\/\" \/>\n<meta property=\"og:locale\" content=\"en_US\" \/>\n<meta property=\"og:type\" content=\"article\" \/>\n<meta property=\"og:title\" content=\"Calentador Solar Evans 20 Tubos CST200LNP - Maba Water\" \/>\n<meta property=\"og:description\" content=\"Calentador solar de 20 tubos ideal para 5 a 6 personas. Capacidad de termotanque de 200 L con 20 tubos para l\u00ednea no presurizada....\" \/>\n<meta property=\"og:url\" content=\"https:\/\/mabawater.com\/en\/product\/calentador-solar-evans-20-tubos-cst200lnp\/\" \/>\n<meta property=\"og:site_name\" content=\"Maba Water\" \/>\n<meta property=\"article:publisher\" content=\"https:\/\/www.facebook.com\/mabawater\/\" \/>\n<meta property=\"article:modified_time\" content=\"2025-07-10T19:10:31+00:00\" \/>\n<meta property=\"og:image\" content=\"https:\/\/mabawater.com\/wp-content\/uploads\/2021\/09\/evans-18-tubos-tres.jpeg\" \/>\n\t<meta property=\"og:image:width\" content=\"1024\" \/>\n\t<meta property=\"og:image:height\" content=\"768\" \/>\n\t<meta property=\"og:image:type\" content=\"image\/jpeg\" \/>\n<meta name=\"twitter:card\" content=\"summary_large_image\" \/>\n<!-- \/ Yoast SEO plugin. -->","yoast_head_json":{"title":"Calentador Solar Evans 20 Tubos CST200LNP - Maba Water","description":"Calentador solar de 20 tubos ideal para 5 a 6 personas. Capacidad de termotanque de 200 L con 20 tubos para l\u00ednea no presurizada....","robots":{"index":"index","follow":"follow","max-snippet":"max-snippet:-1","max-image-preview":"max-image-preview:large","max-video-preview":"max-video-preview:-1"},"canonical":"https:\/\/mabawater.com\/en\/product\/calentador-solar-evans-20-tubos-cst200lnp\/","og_locale":"en_US","og_type":"article","og_title":"Calentador Solar Evans 20 Tubos CST200LNP - Maba Water","og_description":"Calentador solar de 20 tubos ideal para 5 a 6 personas. Capacidad de termotanque de 200 L con 20 tubos para l\u00ednea no presurizada....","og_url":"https:\/\/mabawater.com\/en\/product\/calentador-solar-evans-20-tubos-cst200lnp\/","og_site_name":"Maba Water","article_publisher":"https:\/\/www.facebook.com\/mabawater\/","article_modified_time":"2025-07-10T19:10:31+00:00","og_image":[{"width":1024,"height":768,"url":"https:\/\/mabawater.com\/wp-content\/uploads\/2021\/09\/evans-18-tubos-tres.jpeg","type":"image\/jpeg"}],"twitter_card":"summary_large_image","schema":{"@context":"https:\/\/schema.org","@graph":[{"@type":"WebPage","@id":"https:\/\/mabawater.com\/producto\/calentador-solar-evans-20-tubos-cst200lnp\/","url":"https:\/\/mabawater.com\/producto\/calentador-solar-evans-20-tubos-cst200lnp\/","name":"Calentador Solar Evans 20 Tubos CST200LNP - Maba Water","isPartOf":{"@id":"https:\/\/mabawater.com\/#website"},"primaryImageOfPage":{"@id":"https:\/\/mabawater.com\/producto\/calentador-solar-evans-20-tubos-cst200lnp\/#primaryimage"},"image":{"@id":"https:\/\/mabawater.com\/producto\/calentador-solar-evans-20-tubos-cst200lnp\/#primaryimage"},"thumbnailUrl":"https:\/\/mabawater.com\/wp-content\/uploads\/2021\/09\/evans-18-tubos-tres.jpeg","datePublished":"2021-09-18T17:36:04+00:00","dateModified":"2025-07-10T19:10:31+00:00","description":"Calentador solar de 20 tubos ideal para 5 a 6 personas. Capacidad de termotanque de 200 L con 20 tubos para l\u00ednea no presurizada....","breadcrumb":{"@id":"https:\/\/mabawater.com\/producto\/calentador-solar-evans-20-tubos-cst200lnp\/#breadcrumb"},"inLanguage":"en-US","potentialAction":[{"@type":"ReadAction","target":["https:\/\/mabawater.com\/producto\/calentador-solar-evans-20-tubos-cst200lnp\/"]}]},{"@type":"ImageObject","inLanguage":"en-US","@id":"https:\/\/mabawater.com\/producto\/calentador-solar-evans-20-tubos-cst200lnp\/#primaryimage","url":"https:\/\/mabawater.com\/wp-content\/uploads\/2021\/09\/evans-18-tubos-tres.jpeg","contentUrl":"https:\/\/mabawater.com\/wp-content\/uploads\/2021\/09\/evans-18-tubos-tres.jpeg","width":1024,"height":768},{"@type":"BreadcrumbList","@id":"https:\/\/mabawater.com\/producto\/calentador-solar-evans-20-tubos-cst200lnp\/#breadcrumb","itemListElement":[{"@type":"ListItem","position":1,"name":"Portada","item":"https:\/\/mabawater.com\/"},{"@type":"ListItem","position":2,"name":"Productos Para La Calidad Del Agua","item":"https:\/\/mabawater.com\/productos-para-la-calidad-del-agua\/"},{"@type":"ListItem","position":3,"name":"Calentador Solar Evans 20 Tubos CST200LNP"}]},{"@type":"WebSite","@id":"https:\/\/mabawater.com\/#website","url":"https:\/\/mabawater.com\/","name":"Maba Water","description":"Soluciones Hidr\u00e1ulicas Sustentables","publisher":{"@id":"https:\/\/mabawater.com\/#organization"},"potentialAction":[{"@type":"SearchAction","target":{"@type":"EntryPoint","urlTemplate":"https:\/\/mabawater.com\/?s={search_term_string}"},"query-input":{"@type":"PropertyValueSpecification","valueRequired":true,"valueName":"search_term_string"}}],"inLanguage":"en-US"},{"@type":"Organization","@id":"https:\/\/mabawater.com\/#organization","name":"Maba Water","url":"https:\/\/mabawater.com\/","logo":{"@type":"ImageObject","inLanguage":"en-US","@id":"https:\/\/mabawater.com\/#\/schema\/logo\/image\/","url":"https:\/\/mabawater.com\/wp-content\/uploads\/2021\/09\/water-icon.png","contentUrl":"https:\/\/mabawater.com\/wp-content\/uploads\/2021\/09\/water-icon.png","width":410,"height":176,"caption":"Maba Water"},"image":{"@id":"https:\/\/mabawater.com\/#\/schema\/logo\/image\/"},"sameAs":["https:\/\/www.facebook.com\/mabawater\/","https:\/\/www.instagram.com\/mabawater\/?hl=es-la"]}]}},"_links":{"self":[{"href":"https:\/\/mabawater.com\/en\/wp-json\/wp\/v2\/product\/12975","targetHints":{"allow":["GET"]}}],"collection":[{"href":"https:\/\/mabawater.com\/en\/wp-json\/wp\/v2\/product"}],"about":[{"href":"https:\/\/mabawater.com\/en\/wp-json\/wp\/v2\/types\/product"}],"replies":[{"embeddable":true,"href":"https:\/\/mabawater.com\/en\/wp-json\/wp\/v2\/comments?post=12975"}],"version-history":[{"count":6,"href":"https:\/\/mabawater.com\/en\/wp-json\/wp\/v2\/product\/12975\/revisions"}],"predecessor-version":[{"id":29499,"href":"https:\/\/mabawater.com\/en\/wp-json\/wp\/v2\/product\/12975\/revisions\/29499"}],"wp:featuredmedia":[{"embeddable":true,"href":"https:\/\/mabawater.com\/en\/wp-json\/wp\/v2\/media\/12976"}],"wp:attachment":[{"href":"https:\/\/mabawater.com\/en\/wp-json\/wp\/v2\/media?parent=12975"}],"wp:term":[{"taxonomy":"product_brand","embeddable":true,"href":"https:\/\/mabawater.com\/en\/wp-json\/wp\/v2\/product_brand?post=12975"},{"taxonomy":"product_cat","embeddable":true,"href":"https:\/\/mabawater.com\/en\/wp-json\/wp\/v2\/product_cat?post=12975"},{"taxonomy":"product_tag","embeddable":true,"href":"https:\/\/mabawater.com\/en\/wp-json\/wp\/v2\/product_tag?post=12975"}],"curies":[{"name":"wp","href":"https:\/\/api.w.org\/{rel}","templated":true}]}}