{"id":13702,"date":"2021-09-28T16:52:28","date_gmt":"2021-09-28T16:52:28","guid":{"rendered":"https:\/\/mabawater.sinclaire.com.mx\/?post_type=product&#038;p=13702"},"modified":"2024-09-27T16:09:57","modified_gmt":"2024-09-27T16:09:57","slug":"tanque-presurizado-50-lts","status":"publish","type":"product","link":"https:\/\/mabawater.com\/en\/product\/tanque-presurizado-50-lts\/","title":{"rendered":"Tanque horizontal precargado 50 litros acero al carb\u00f3n"},"content":{"rendered":"<div data-elementor-type=\"wp-post\" data-elementor-id=\"13702\" class=\"elementor elementor-13702\">\n\t\t\t\t\t\t<section class=\"wd-negative-gap elementor-section elementor-top-section elementor-element elementor-element-3391358 elementor-section-content-top elementor-section-boxed elementor-section-height-default elementor-section-height-default\" data-id=\"3391358\" data-element_type=\"section\">\n\t\t\t\t\t\t<div class=\"elementor-container elementor-column-gap-default\">\n\t\t\t\t\t<div class=\"elementor-column elementor-col-100 elementor-top-column elementor-element elementor-element-3639598\" data-id=\"3639598\" data-element_type=\"column\">\n\t\t\t<div class=\"elementor-widget-wrap elementor-element-populated\">\n\t\t\t\t\t\t\t<\/div>\n\t\t<\/div>\n\t\t\t\t\t<\/div>\n\t\t<\/section>\n\t\t\t\t<\/div>","protected":false},"excerpt":{"rendered":"<p><strong>TANQUE HORIZONTAL<\/strong> PRECARGADO 50 LTS ACERO AL CARB\u00d3N<\/p>\n<p>Tanques precargados de alta resistencia para armar equipos de presi\u00f3n como hidroneum\u00e1ticos o sistemas de presi\u00f3n constante.<\/p>","protected":false},"featured_media":13705,"comment_status":"open","ping_status":"closed","template":"","meta":[],"product_brand":[],"product_cat":[15],"product_tag":[],"class_list":{"0":"post-13702","1":"product","2":"type-product","3":"status-publish","4":"has-post-thumbnail","6":"product_cat-otros","8":"first","9":"instock","10":"shipping-taxable","11":"product-type-simple"},"yoast_head":"<!-- This site is optimized with the Yoast SEO plugin v26.6 - https:\/\/yoast.com\/wordpress\/plugins\/seo\/ -->\n<title>Tanque horizontal precargado 50 litros acero al carb\u00f3n - Maba Water<\/title>\n<meta name=\"description\" content=\"TANQUE HORIZONTAL PRECARGADO 50 LTS ACERO AL CARB\u00d3N Tanques precargados de alta resistencia para armar equipos de presi\u00f3n como hidroneum\u00e1ticos...\" \/>\n<meta name=\"robots\" content=\"index, follow, max-snippet:-1, max-image-preview:large, max-video-preview:-1\" \/>\n<link rel=\"canonical\" href=\"https:\/\/mabawater.com\/en\/product\/tanque-presurizado-50-lts\/\" \/>\n<meta property=\"og:locale\" content=\"en_US\" \/>\n<meta property=\"og:type\" content=\"article\" \/>\n<meta property=\"og:title\" content=\"Tanque horizontal precargado 50 litros acero al carb\u00f3n - Maba Water\" \/>\n<meta property=\"og:description\" content=\"TANQUE HORIZONTAL PRECARGADO 50 LTS ACERO AL CARB\u00d3N Tanques precargados de alta resistencia para armar equipos de presi\u00f3n como hidroneum\u00e1ticos...\" \/>\n<meta property=\"og:url\" content=\"https:\/\/mabawater.com\/en\/product\/tanque-presurizado-50-lts\/\" \/>\n<meta property=\"og:site_name\" content=\"Maba Water\" \/>\n<meta property=\"article:publisher\" content=\"https:\/\/www.facebook.com\/mabawater\/\" \/>\n<meta property=\"article:modified_time\" content=\"2024-09-27T16:09:57+00:00\" \/>\n<meta property=\"og:image\" content=\"https:\/\/mabawater.com\/wp-content\/uploads\/2021\/09\/TANQUE-PREZURISADO-50LTS.png\" \/>\n\t<meta property=\"og:image:width\" content=\"1512\" \/>\n\t<meta property=\"og:image:height\" content=\"1512\" \/>\n\t<meta property=\"og:image:type\" content=\"image\/png\" \/>\n<meta name=\"twitter:card\" content=\"summary_large_image\" \/>\n<!-- \/ Yoast SEO plugin. -->","yoast_head_json":{"title":"Tanque horizontal precargado 50 litros acero al carb\u00f3n - Maba Water","description":"TANQUE HORIZONTAL PRECARGADO 50 LTS ACERO AL CARB\u00d3N Tanques precargados de alta resistencia para armar equipos de presi\u00f3n como hidroneum\u00e1ticos...","robots":{"index":"index","follow":"follow","max-snippet":"max-snippet:-1","max-image-preview":"max-image-preview:large","max-video-preview":"max-video-preview:-1"},"canonical":"https:\/\/mabawater.com\/en\/product\/tanque-presurizado-50-lts\/","og_locale":"en_US","og_type":"article","og_title":"Tanque horizontal precargado 50 litros acero al carb\u00f3n - Maba Water","og_description":"TANQUE HORIZONTAL PRECARGADO 50 LTS ACERO AL CARB\u00d3N Tanques precargados de alta resistencia para armar equipos de presi\u00f3n como hidroneum\u00e1ticos...","og_url":"https:\/\/mabawater.com\/en\/product\/tanque-presurizado-50-lts\/","og_site_name":"Maba Water","article_publisher":"https:\/\/www.facebook.com\/mabawater\/","article_modified_time":"2024-09-27T16:09:57+00:00","og_image":[{"width":1512,"height":1512,"url":"https:\/\/mabawater.com\/wp-content\/uploads\/2021\/09\/TANQUE-PREZURISADO-50LTS.png","type":"image\/png"}],"twitter_card":"summary_large_image","schema":{"@context":"https:\/\/schema.org","@graph":[{"@type":"WebPage","@id":"https:\/\/mabawater.com\/producto\/tanque-presurizado-50-lts\/","url":"https:\/\/mabawater.com\/producto\/tanque-presurizado-50-lts\/","name":"Tanque horizontal precargado 50 litros acero al carb\u00f3n - Maba Water","isPartOf":{"@id":"https:\/\/mabawater.com\/#website"},"primaryImageOfPage":{"@id":"https:\/\/mabawater.com\/producto\/tanque-presurizado-50-lts\/#primaryimage"},"image":{"@id":"https:\/\/mabawater.com\/producto\/tanque-presurizado-50-lts\/#primaryimage"},"thumbnailUrl":"https:\/\/mabawater.com\/wp-content\/uploads\/2021\/09\/TANQUE-PREZURISADO-50LTS.png","datePublished":"2021-09-28T16:52:28+00:00","dateModified":"2024-09-27T16:09:57+00:00","description":"TANQUE HORIZONTAL PRECARGADO 50 LTS ACERO AL CARB\u00d3N Tanques precargados de alta resistencia para armar equipos de presi\u00f3n como hidroneum\u00e1ticos...","breadcrumb":{"@id":"https:\/\/mabawater.com\/producto\/tanque-presurizado-50-lts\/#breadcrumb"},"inLanguage":"en-US","potentialAction":[{"@type":"ReadAction","target":["https:\/\/mabawater.com\/producto\/tanque-presurizado-50-lts\/"]}]},{"@type":"ImageObject","inLanguage":"en-US","@id":"https:\/\/mabawater.com\/producto\/tanque-presurizado-50-lts\/#primaryimage","url":"https:\/\/mabawater.com\/wp-content\/uploads\/2021\/09\/TANQUE-PREZURISADO-50LTS.png","contentUrl":"https:\/\/mabawater.com\/wp-content\/uploads\/2021\/09\/TANQUE-PREZURISADO-50LTS.png","width":1512,"height":1512},{"@type":"BreadcrumbList","@id":"https:\/\/mabawater.com\/producto\/tanque-presurizado-50-lts\/#breadcrumb","itemListElement":[{"@type":"ListItem","position":1,"name":"Portada","item":"https:\/\/mabawater.com\/"},{"@type":"ListItem","position":2,"name":"Productos Para La Calidad Del Agua","item":"https:\/\/mabawater.com\/productos-para-la-calidad-del-agua\/"},{"@type":"ListItem","position":3,"name":"Tanque horizontal precargado 50 litros acero al carb\u00f3n"}]},{"@type":"WebSite","@id":"https:\/\/mabawater.com\/#website","url":"https:\/\/mabawater.com\/","name":"Maba Water","description":"Soluciones Hidr\u00e1ulicas Sustentables","publisher":{"@id":"https:\/\/mabawater.com\/#organization"},"potentialAction":[{"@type":"SearchAction","target":{"@type":"EntryPoint","urlTemplate":"https:\/\/mabawater.com\/?s={search_term_string}"},"query-input":{"@type":"PropertyValueSpecification","valueRequired":true,"valueName":"search_term_string"}}],"inLanguage":"en-US"},{"@type":"Organization","@id":"https:\/\/mabawater.com\/#organization","name":"Maba Water","url":"https:\/\/mabawater.com\/","logo":{"@type":"ImageObject","inLanguage":"en-US","@id":"https:\/\/mabawater.com\/#\/schema\/logo\/image\/","url":"https:\/\/mabawater.com\/wp-content\/uploads\/2021\/09\/water-icon.png","contentUrl":"https:\/\/mabawater.com\/wp-content\/uploads\/2021\/09\/water-icon.png","width":410,"height":176,"caption":"Maba Water"},"image":{"@id":"https:\/\/mabawater.com\/#\/schema\/logo\/image\/"},"sameAs":["https:\/\/www.facebook.com\/mabawater\/","https:\/\/www.instagram.com\/mabawater\/?hl=es-la"]}]}},"_links":{"self":[{"href":"https:\/\/mabawater.com\/en\/wp-json\/wp\/v2\/product\/13702","targetHints":{"allow":["GET"]}}],"collection":[{"href":"https:\/\/mabawater.com\/en\/wp-json\/wp\/v2\/product"}],"about":[{"href":"https:\/\/mabawater.com\/en\/wp-json\/wp\/v2\/types\/product"}],"replies":[{"embeddable":true,"href":"https:\/\/mabawater.com\/en\/wp-json\/wp\/v2\/comments?post=13702"}],"version-history":[{"count":5,"href":"https:\/\/mabawater.com\/en\/wp-json\/wp\/v2\/product\/13702\/revisions"}],"predecessor-version":[{"id":28747,"href":"https:\/\/mabawater.com\/en\/wp-json\/wp\/v2\/product\/13702\/revisions\/28747"}],"wp:featuredmedia":[{"embeddable":true,"href":"https:\/\/mabawater.com\/en\/wp-json\/wp\/v2\/media\/13705"}],"wp:attachment":[{"href":"https:\/\/mabawater.com\/en\/wp-json\/wp\/v2\/media?parent=13702"}],"wp:term":[{"taxonomy":"product_brand","embeddable":true,"href":"https:\/\/mabawater.com\/en\/wp-json\/wp\/v2\/product_brand?post=13702"},{"taxonomy":"product_cat","embeddable":true,"href":"https:\/\/mabawater.com\/en\/wp-json\/wp\/v2\/product_cat?post=13702"},{"taxonomy":"product_tag","embeddable":true,"href":"https:\/\/mabawater.com\/en\/wp-json\/wp\/v2\/product_tag?post=13702"}],"curies":[{"name":"wp","href":"https:\/\/api.w.org\/{rel}","templated":true}]}}