{"id":17201,"date":"2022-07-06T22:19:31","date_gmt":"2022-07-06T22:19:31","guid":{"rendered":"https:\/\/mabawater.com\/producto\/arrancador-a-tension-plena-de-estado-solido-hidrocontrol-serie-procontrol-12-a-3-fases-460-volts\/"},"modified":"2022-07-06T22:51:06","modified_gmt":"2022-07-06T22:51:06","slug":"arrancador-a-tension-plena-de-estado-solido-hidrocontrol-serie-procontrol-12-a-3-fases-460-volts","status":"publish","type":"product","link":"https:\/\/mabawater.com\/en\/product\/arrancador-a-tension-plena-de-estado-solido-hidrocontrol-serie-procontrol-12-a-3-fases-460-volts\/","title":{"rendered":"Arrancador a tensi\u00f3n plena de estado s\u00f3lido HIDROCONTROL serie PROCONTROL, 12 A, 3 fases, 460 volts"},"content":{"rendered":"<p>Arrancador a tensi\u00f3n plena de estado s\u00f3lido HIDROCONTROL serie PROCONTROL, 12 A, 3 fases, 460 volts<br \/>\n<a href=\"https:\/\/mabawater.com\/wp-content\/uploads\/2022\/07\/Arrancador-a-tensio\u0301n-plena-de-estado-so\u0301lido-HIDROCONTROL-_FT.pdf\">Ver Ficha t\u00e9cnica<\/a><\/p>","protected":false},"excerpt":{"rendered":"<p>El arranque a tensi\u00f3n plena se emplea cuando la corriente demandada, no produce perturbaciones en la red y cuando la carga puede soportar el par de arranque.<\/p>","protected":false},"featured_media":17174,"comment_status":"open","ping_status":"closed","template":"","meta":[],"product_brand":[],"product_cat":[159],"product_tag":[198,199,210,202],"class_list":{"0":"post-17201","1":"product","2":"type-product","3":"status-publish","4":"has-post-thumbnail","6":"product_cat-arrancadores-tableros-de-control-y-protecciones","7":"product_tag-altamira","8":"product_tag-arrancador-a-tension-plena","9":"product_tag-atpt14-6-3440","10":"product_tag-rango-de-corriente","12":"first","13":"onbackorder","14":"shipping-taxable","15":"product-type-simple"},"yoast_head":"<!-- This site is optimized with the Yoast SEO plugin v26.6 - https:\/\/yoast.com\/wordpress\/plugins\/seo\/ -->\n<title>Arrancador a tensi\u00f3n plena de estado s\u00f3lido HIDROCONTROL serie PROCONTROL, 12 A, 3 fases, 460 volts<\/title>\n<meta name=\"description\" content=\"Arrancador a tensi\u00f3n plena de estado s\u00f3lido HIDROCONTROL serie PROCONTROL, 12 A, 3 fases, 460 volts\" \/>\n<meta name=\"robots\" content=\"index, follow, max-snippet:-1, max-image-preview:large, max-video-preview:-1\" \/>\n<link rel=\"canonical\" href=\"https:\/\/mabawater.com\/en\/product\/arrancador-a-tension-plena-de-estado-solido-hidrocontrol-serie-procontrol-12-a-3-fases-460-volts\/\" \/>\n<meta property=\"og:locale\" content=\"en_US\" \/>\n<meta property=\"og:type\" content=\"article\" \/>\n<meta property=\"og:title\" content=\"Arrancador a tensi\u00f3n plena de estado s\u00f3lido HIDROCONTROL serie PROCONTROL, 12 A, 3 fases, 460 volts\" \/>\n<meta property=\"og:description\" content=\"Arrancador a tensi\u00f3n plena de estado s\u00f3lido HIDROCONTROL serie PROCONTROL, 12 A, 3 fases, 460 volts\" \/>\n<meta property=\"og:url\" content=\"https:\/\/mabawater.com\/en\/product\/arrancador-a-tension-plena-de-estado-solido-hidrocontrol-serie-procontrol-12-a-3-fases-460-volts\/\" \/>\n<meta property=\"og:site_name\" content=\"Maba Water\" \/>\n<meta property=\"article:publisher\" content=\"https:\/\/www.facebook.com\/mabawater\/\" \/>\n<meta property=\"article:modified_time\" content=\"2022-07-06T22:51:06+00:00\" \/>\n<meta property=\"og:image\" content=\"https:\/\/mabawater.com\/wp-content\/uploads\/2022\/07\/18-22.jpeg\" \/>\n\t<meta property=\"og:image:width\" content=\"1000\" \/>\n\t<meta property=\"og:image:height\" content=\"1000\" \/>\n\t<meta property=\"og:image:type\" content=\"image\/jpeg\" \/>\n<meta name=\"twitter:card\" content=\"summary_large_image\" \/>\n<meta name=\"twitter:label1\" content=\"Est. reading time\" \/>\n\t<meta name=\"twitter:data1\" content=\"1 minute\" \/>\n<!-- \/ Yoast SEO plugin. -->","yoast_head_json":{"title":"Arrancador a tensi\u00f3n plena de estado s\u00f3lido HIDROCONTROL serie PROCONTROL, 12 A, 3 fases, 460 volts","description":"Arrancador a tensi\u00f3n plena de estado s\u00f3lido HIDROCONTROL serie PROCONTROL, 12 A, 3 fases, 460 volts","robots":{"index":"index","follow":"follow","max-snippet":"max-snippet:-1","max-image-preview":"max-image-preview:large","max-video-preview":"max-video-preview:-1"},"canonical":"https:\/\/mabawater.com\/en\/product\/arrancador-a-tension-plena-de-estado-solido-hidrocontrol-serie-procontrol-12-a-3-fases-460-volts\/","og_locale":"en_US","og_type":"article","og_title":"Arrancador a tensi\u00f3n plena de estado s\u00f3lido HIDROCONTROL serie PROCONTROL, 12 A, 3 fases, 460 volts","og_description":"Arrancador a tensi\u00f3n plena de estado s\u00f3lido HIDROCONTROL serie PROCONTROL, 12 A, 3 fases, 460 volts","og_url":"https:\/\/mabawater.com\/en\/product\/arrancador-a-tension-plena-de-estado-solido-hidrocontrol-serie-procontrol-12-a-3-fases-460-volts\/","og_site_name":"Maba Water","article_publisher":"https:\/\/www.facebook.com\/mabawater\/","article_modified_time":"2022-07-06T22:51:06+00:00","og_image":[{"width":1000,"height":1000,"url":"https:\/\/mabawater.com\/wp-content\/uploads\/2022\/07\/18-22.jpeg","type":"image\/jpeg"}],"twitter_card":"summary_large_image","twitter_misc":{"Est. reading time":"1 minute"},"schema":{"@context":"https:\/\/schema.org","@graph":[{"@type":"WebPage","@id":"https:\/\/mabawater.com\/producto\/arrancador-a-tension-plena-de-estado-solido-hidrocontrol-serie-procontrol-12-a-3-fases-460-volts\/","url":"https:\/\/mabawater.com\/producto\/arrancador-a-tension-plena-de-estado-solido-hidrocontrol-serie-procontrol-12-a-3-fases-460-volts\/","name":"Arrancador a tensi\u00f3n plena de estado s\u00f3lido HIDROCONTROL serie PROCONTROL, 12 A, 3 fases, 460 volts","isPartOf":{"@id":"https:\/\/mabawater.com\/#website"},"primaryImageOfPage":{"@id":"https:\/\/mabawater.com\/producto\/arrancador-a-tension-plena-de-estado-solido-hidrocontrol-serie-procontrol-12-a-3-fases-460-volts\/#primaryimage"},"image":{"@id":"https:\/\/mabawater.com\/producto\/arrancador-a-tension-plena-de-estado-solido-hidrocontrol-serie-procontrol-12-a-3-fases-460-volts\/#primaryimage"},"thumbnailUrl":"https:\/\/mabawater.com\/wp-content\/uploads\/2022\/07\/18-22.jpeg","datePublished":"2022-07-06T22:19:31+00:00","dateModified":"2022-07-06T22:51:06+00:00","description":"Arrancador a tensi\u00f3n plena de estado s\u00f3lido HIDROCONTROL serie PROCONTROL, 12 A, 3 fases, 460 volts","breadcrumb":{"@id":"https:\/\/mabawater.com\/producto\/arrancador-a-tension-plena-de-estado-solido-hidrocontrol-serie-procontrol-12-a-3-fases-460-volts\/#breadcrumb"},"inLanguage":"en-US","potentialAction":[{"@type":"ReadAction","target":["https:\/\/mabawater.com\/producto\/arrancador-a-tension-plena-de-estado-solido-hidrocontrol-serie-procontrol-12-a-3-fases-460-volts\/"]}]},{"@type":"ImageObject","inLanguage":"en-US","@id":"https:\/\/mabawater.com\/producto\/arrancador-a-tension-plena-de-estado-solido-hidrocontrol-serie-procontrol-12-a-3-fases-460-volts\/#primaryimage","url":"https:\/\/mabawater.com\/wp-content\/uploads\/2022\/07\/18-22.jpeg","contentUrl":"https:\/\/mabawater.com\/wp-content\/uploads\/2022\/07\/18-22.jpeg","width":1000,"height":1000,"caption":"Arrancador a tensi\u00f3n plena de estado s\u00f3lido HIDROCONTROL serie PROCONTROL 18 al 22"},{"@type":"BreadcrumbList","@id":"https:\/\/mabawater.com\/producto\/arrancador-a-tension-plena-de-estado-solido-hidrocontrol-serie-procontrol-12-a-3-fases-460-volts\/#breadcrumb","itemListElement":[{"@type":"ListItem","position":1,"name":"Portada","item":"https:\/\/mabawater.com\/"},{"@type":"ListItem","position":2,"name":"Productos Para La Calidad Del Agua","item":"https:\/\/mabawater.com\/productos-para-la-calidad-del-agua\/"},{"@type":"ListItem","position":3,"name":"Arrancador a tensi\u00f3n plena de estado s\u00f3lido HIDROCONTROL serie PROCONTROL, 12 A, 3 fases, 460 volts"}]},{"@type":"WebSite","@id":"https:\/\/mabawater.com\/#website","url":"https:\/\/mabawater.com\/","name":"Maba Water","description":"Soluciones Hidr\u00e1ulicas Sustentables","publisher":{"@id":"https:\/\/mabawater.com\/#organization"},"potentialAction":[{"@type":"SearchAction","target":{"@type":"EntryPoint","urlTemplate":"https:\/\/mabawater.com\/?s={search_term_string}"},"query-input":{"@type":"PropertyValueSpecification","valueRequired":true,"valueName":"search_term_string"}}],"inLanguage":"en-US"},{"@type":"Organization","@id":"https:\/\/mabawater.com\/#organization","name":"Maba Water","url":"https:\/\/mabawater.com\/","logo":{"@type":"ImageObject","inLanguage":"en-US","@id":"https:\/\/mabawater.com\/#\/schema\/logo\/image\/","url":"https:\/\/mabawater.com\/wp-content\/uploads\/2021\/09\/water-icon.png","contentUrl":"https:\/\/mabawater.com\/wp-content\/uploads\/2021\/09\/water-icon.png","width":410,"height":176,"caption":"Maba Water"},"image":{"@id":"https:\/\/mabawater.com\/#\/schema\/logo\/image\/"},"sameAs":["https:\/\/www.facebook.com\/mabawater\/","https:\/\/www.instagram.com\/mabawater\/?hl=es-la"]}]}},"_links":{"self":[{"href":"https:\/\/mabawater.com\/en\/wp-json\/wp\/v2\/product\/17201","targetHints":{"allow":["GET"]}}],"collection":[{"href":"https:\/\/mabawater.com\/en\/wp-json\/wp\/v2\/product"}],"about":[{"href":"https:\/\/mabawater.com\/en\/wp-json\/wp\/v2\/types\/product"}],"replies":[{"embeddable":true,"href":"https:\/\/mabawater.com\/en\/wp-json\/wp\/v2\/comments?post=17201"}],"version-history":[{"count":1,"href":"https:\/\/mabawater.com\/en\/wp-json\/wp\/v2\/product\/17201\/revisions"}],"predecessor-version":[{"id":17211,"href":"https:\/\/mabawater.com\/en\/wp-json\/wp\/v2\/product\/17201\/revisions\/17211"}],"wp:featuredmedia":[{"embeddable":true,"href":"https:\/\/mabawater.com\/en\/wp-json\/wp\/v2\/media\/17174"}],"wp:attachment":[{"href":"https:\/\/mabawater.com\/en\/wp-json\/wp\/v2\/media?parent=17201"}],"wp:term":[{"taxonomy":"product_brand","embeddable":true,"href":"https:\/\/mabawater.com\/en\/wp-json\/wp\/v2\/product_brand?post=17201"},{"taxonomy":"product_cat","embeddable":true,"href":"https:\/\/mabawater.com\/en\/wp-json\/wp\/v2\/product_cat?post=17201"},{"taxonomy":"product_tag","embeddable":true,"href":"https:\/\/mabawater.com\/en\/wp-json\/wp\/v2\/product_tag?post=17201"}],"curies":[{"name":"wp","href":"https:\/\/api.w.org\/{rel}","templated":true}]}}