{"id":17225,"date":"2022-07-07T14:40:02","date_gmt":"2022-07-07T14:40:02","guid":{"rendered":"https:\/\/mabawater.com\/?post_type=product&#038;p=17225"},"modified":"2024-07-30T15:32:51","modified_gmt":"2024-07-30T15:32:51","slug":"arrancador-magnetico-a-tension-reducida-siemens-serie-avr-autotransformador-40-hp-40-53-a-3f-x-440-volts","status":"publish","type":"product","link":"https:\/\/mabawater.com\/en\/product\/arrancador-magnetico-a-tension-reducida-siemens-serie-avr-autotransformador-40-hp-40-53-a-3f-x-440-volts\/","title":{"rendered":"Arrancador magn\u00e9tico a tensi\u00f3n reducida, SIEMENS, serie AVR, autotransformador, 40 HP, 40 &#8211; 53 A, 3f x 440 volts"},"content":{"rendered":"","protected":false},"excerpt":{"rendered":"<ul>\n<li><strong>Arrancador magn\u00e9tico<\/strong> a tensi\u00f3n reducida, SIEMENS<\/li>\n<li>serie AVR, autotransformador<\/li>\n<li>40 HP<\/li>\n<li>40 &#8211; 53 A<\/li>\n<li>3f x 440 volts<\/li>\n<\/ul>\n<p>&nbsp;<\/p>","protected":false},"featured_media":17216,"comment_status":"open","ping_status":"closed","template":"","meta":[],"product_brand":[],"product_cat":[159],"product_tag":[],"class_list":{"0":"post-17225","1":"product","2":"type-product","3":"status-publish","4":"has-post-thumbnail","6":"product_cat-arrancadores-tableros-de-control-y-protecciones","8":"first","9":"onbackorder","10":"shipping-taxable","11":"product-type-simple"},"yoast_head":"<!-- This site is optimized with the Yoast SEO plugin v26.6 - https:\/\/yoast.com\/wordpress\/plugins\/seo\/ -->\n<title>Arrancador magn\u00e9tico a tensi\u00f3n reducida, SIEMENS, serie AVR, autotransformador, 40 HP, 40 - 53 A, 3f x 440 volts<\/title>\n<meta name=\"description\" content=\"Arrancador magn\u00e9tico a tensi\u00f3n reducida: Encuentra arrancadores, tableros de control, protecciones y equipo de bombeo para compra en l\u00ednea.\" \/>\n<meta name=\"robots\" content=\"index, follow, max-snippet:-1, max-image-preview:large, max-video-preview:-1\" \/>\n<link rel=\"canonical\" href=\"https:\/\/mabawater.com\/en\/product\/arrancador-magnetico-a-tension-reducida-siemens-serie-avr-autotransformador-40-hp-40-53-a-3f-x-440-volts\/\" \/>\n<meta property=\"og:locale\" content=\"en_US\" \/>\n<meta property=\"og:type\" content=\"article\" \/>\n<meta property=\"og:title\" content=\"Arrancador magn\u00e9tico a tensi\u00f3n reducida, SIEMENS, serie AVR, autotransformador, 40 HP, 40 - 53 A, 3f x 440 volts\" \/>\n<meta property=\"og:description\" content=\"Arrancador magn\u00e9tico a tensi\u00f3n reducida: Encuentra arrancadores, tableros de control, protecciones y equipo de bombeo para compra en l\u00ednea.\" \/>\n<meta property=\"og:url\" content=\"https:\/\/mabawater.com\/en\/product\/arrancador-magnetico-a-tension-reducida-siemens-serie-avr-autotransformador-40-hp-40-53-a-3f-x-440-volts\/\" \/>\n<meta property=\"og:site_name\" content=\"Maba Water\" \/>\n<meta property=\"article:publisher\" content=\"https:\/\/www.facebook.com\/mabawater\/\" \/>\n<meta property=\"article:modified_time\" content=\"2024-07-30T15:32:51+00:00\" \/>\n<meta property=\"og:image\" content=\"https:\/\/mabawater.com\/wp-content\/uploads\/2022\/07\/Arrancador-magne\u0301tico-a-tensio\u0301n_24-29.jpeg\" \/>\n\t<meta property=\"og:image:width\" content=\"1000\" \/>\n\t<meta property=\"og:image:height\" content=\"1000\" \/>\n\t<meta property=\"og:image:type\" content=\"image\/jpeg\" \/>\n<meta name=\"twitter:card\" content=\"summary_large_image\" \/>\n<meta name=\"twitter:label1\" content=\"Est. reading time\" \/>\n\t<meta name=\"twitter:data1\" content=\"1 minute\" \/>\n<!-- \/ Yoast SEO plugin. -->","yoast_head_json":{"title":"Arrancador magn\u00e9tico a tensi\u00f3n reducida, SIEMENS, serie AVR, autotransformador, 40 HP, 40 - 53 A, 3f x 440 volts","description":"Arrancador magn\u00e9tico a tensi\u00f3n reducida: Encuentra arrancadores, tableros de control, protecciones y equipo de bombeo para compra en l\u00ednea.","robots":{"index":"index","follow":"follow","max-snippet":"max-snippet:-1","max-image-preview":"max-image-preview:large","max-video-preview":"max-video-preview:-1"},"canonical":"https:\/\/mabawater.com\/en\/product\/arrancador-magnetico-a-tension-reducida-siemens-serie-avr-autotransformador-40-hp-40-53-a-3f-x-440-volts\/","og_locale":"en_US","og_type":"article","og_title":"Arrancador magn\u00e9tico a tensi\u00f3n reducida, SIEMENS, serie AVR, autotransformador, 40 HP, 40 - 53 A, 3f x 440 volts","og_description":"Arrancador magn\u00e9tico a tensi\u00f3n reducida: Encuentra arrancadores, tableros de control, protecciones y equipo de bombeo para compra en l\u00ednea.","og_url":"https:\/\/mabawater.com\/en\/product\/arrancador-magnetico-a-tension-reducida-siemens-serie-avr-autotransformador-40-hp-40-53-a-3f-x-440-volts\/","og_site_name":"Maba Water","article_publisher":"https:\/\/www.facebook.com\/mabawater\/","article_modified_time":"2024-07-30T15:32:51+00:00","og_image":[{"width":1000,"height":1000,"url":"https:\/\/mabawater.com\/wp-content\/uploads\/2022\/07\/Arrancador-magne\u0301tico-a-tensio\u0301n_24-29.jpeg","type":"image\/jpeg"}],"twitter_card":"summary_large_image","twitter_misc":{"Est. reading time":"1 minute"},"schema":{"@context":"https:\/\/schema.org","@graph":[{"@type":"WebPage","@id":"https:\/\/mabawater.com\/producto\/arrancador-magnetico-a-tension-reducida-siemens-serie-avr-autotransformador-40-hp-40-53-a-3f-x-440-volts\/","url":"https:\/\/mabawater.com\/producto\/arrancador-magnetico-a-tension-reducida-siemens-serie-avr-autotransformador-40-hp-40-53-a-3f-x-440-volts\/","name":"Arrancador magn\u00e9tico a tensi\u00f3n reducida, SIEMENS, serie AVR, autotransformador, 40 HP, 40 - 53 A, 3f x 440 volts","isPartOf":{"@id":"https:\/\/mabawater.com\/#website"},"primaryImageOfPage":{"@id":"https:\/\/mabawater.com\/producto\/arrancador-magnetico-a-tension-reducida-siemens-serie-avr-autotransformador-40-hp-40-53-a-3f-x-440-volts\/#primaryimage"},"image":{"@id":"https:\/\/mabawater.com\/producto\/arrancador-magnetico-a-tension-reducida-siemens-serie-avr-autotransformador-40-hp-40-53-a-3f-x-440-volts\/#primaryimage"},"thumbnailUrl":"https:\/\/mabawater.com\/wp-content\/uploads\/2022\/07\/Arrancador-magne\u0301tico-a-tensio\u0301n_24-29.jpeg","datePublished":"2022-07-07T14:40:02+00:00","dateModified":"2024-07-30T15:32:51+00:00","description":"Arrancador magn\u00e9tico a tensi\u00f3n reducida: Encuentra arrancadores, tableros de control, protecciones y equipo de bombeo para compra en l\u00ednea.","breadcrumb":{"@id":"https:\/\/mabawater.com\/producto\/arrancador-magnetico-a-tension-reducida-siemens-serie-avr-autotransformador-40-hp-40-53-a-3f-x-440-volts\/#breadcrumb"},"inLanguage":"en-US","potentialAction":[{"@type":"ReadAction","target":["https:\/\/mabawater.com\/producto\/arrancador-magnetico-a-tension-reducida-siemens-serie-avr-autotransformador-40-hp-40-53-a-3f-x-440-volts\/"]}]},{"@type":"ImageObject","inLanguage":"en-US","@id":"https:\/\/mabawater.com\/producto\/arrancador-magnetico-a-tension-reducida-siemens-serie-avr-autotransformador-40-hp-40-53-a-3f-x-440-volts\/#primaryimage","url":"https:\/\/mabawater.com\/wp-content\/uploads\/2022\/07\/Arrancador-magne\u0301tico-a-tensio\u0301n_24-29.jpeg","contentUrl":"https:\/\/mabawater.com\/wp-content\/uploads\/2022\/07\/Arrancador-magne\u0301tico-a-tensio\u0301n_24-29.jpeg","width":1000,"height":1000,"caption":"Arrancador magne\u0301tico a tensio\u0301n_24-29"},{"@type":"BreadcrumbList","@id":"https:\/\/mabawater.com\/producto\/arrancador-magnetico-a-tension-reducida-siemens-serie-avr-autotransformador-40-hp-40-53-a-3f-x-440-volts\/#breadcrumb","itemListElement":[{"@type":"ListItem","position":1,"name":"Portada","item":"https:\/\/mabawater.com\/"},{"@type":"ListItem","position":2,"name":"Productos Para La Calidad Del Agua","item":"https:\/\/mabawater.com\/productos-para-la-calidad-del-agua\/"},{"@type":"ListItem","position":3,"name":"Arrancador magn\u00e9tico a tensi\u00f3n reducida, SIEMENS, serie AVR, autotransformador, 40 HP, 40 &#8211; 53 A, 3f x 440 volts"}]},{"@type":"WebSite","@id":"https:\/\/mabawater.com\/#website","url":"https:\/\/mabawater.com\/","name":"Maba Water","description":"Soluciones Hidr\u00e1ulicas Sustentables","publisher":{"@id":"https:\/\/mabawater.com\/#organization"},"potentialAction":[{"@type":"SearchAction","target":{"@type":"EntryPoint","urlTemplate":"https:\/\/mabawater.com\/?s={search_term_string}"},"query-input":{"@type":"PropertyValueSpecification","valueRequired":true,"valueName":"search_term_string"}}],"inLanguage":"en-US"},{"@type":"Organization","@id":"https:\/\/mabawater.com\/#organization","name":"Maba Water","url":"https:\/\/mabawater.com\/","logo":{"@type":"ImageObject","inLanguage":"en-US","@id":"https:\/\/mabawater.com\/#\/schema\/logo\/image\/","url":"https:\/\/mabawater.com\/wp-content\/uploads\/2021\/09\/water-icon.png","contentUrl":"https:\/\/mabawater.com\/wp-content\/uploads\/2021\/09\/water-icon.png","width":410,"height":176,"caption":"Maba Water"},"image":{"@id":"https:\/\/mabawater.com\/#\/schema\/logo\/image\/"},"sameAs":["https:\/\/www.facebook.com\/mabawater\/","https:\/\/www.instagram.com\/mabawater\/?hl=es-la"]}]}},"_links":{"self":[{"href":"https:\/\/mabawater.com\/en\/wp-json\/wp\/v2\/product\/17225","targetHints":{"allow":["GET"]}}],"collection":[{"href":"https:\/\/mabawater.com\/en\/wp-json\/wp\/v2\/product"}],"about":[{"href":"https:\/\/mabawater.com\/en\/wp-json\/wp\/v2\/types\/product"}],"replies":[{"embeddable":true,"href":"https:\/\/mabawater.com\/en\/wp-json\/wp\/v2\/comments?post=17225"}],"version-history":[{"count":3,"href":"https:\/\/mabawater.com\/en\/wp-json\/wp\/v2\/product\/17225\/revisions"}],"predecessor-version":[{"id":28522,"href":"https:\/\/mabawater.com\/en\/wp-json\/wp\/v2\/product\/17225\/revisions\/28522"}],"wp:featuredmedia":[{"embeddable":true,"href":"https:\/\/mabawater.com\/en\/wp-json\/wp\/v2\/media\/17216"}],"wp:attachment":[{"href":"https:\/\/mabawater.com\/en\/wp-json\/wp\/v2\/media?parent=17225"}],"wp:term":[{"taxonomy":"product_brand","embeddable":true,"href":"https:\/\/mabawater.com\/en\/wp-json\/wp\/v2\/product_brand?post=17225"},{"taxonomy":"product_cat","embeddable":true,"href":"https:\/\/mabawater.com\/en\/wp-json\/wp\/v2\/product_cat?post=17225"},{"taxonomy":"product_tag","embeddable":true,"href":"https:\/\/mabawater.com\/en\/wp-json\/wp\/v2\/product_tag?post=17225"}],"curies":[{"name":"wp","href":"https:\/\/api.w.org\/{rel}","templated":true}]}}