{"id":17336,"date":"2022-07-07T21:07:41","date_gmt":"2022-07-07T21:07:41","guid":{"rendered":"https:\/\/mabawater.com\/?post_type=product&#038;p=17336"},"modified":"2022-12-16T23:15:35","modified_gmt":"2022-12-16T23:15:35","slug":"variador-de-frecuencia-hidrocontrol-fdrive-3-fases-230-volts-para-motobomba-3-fases-118-a-230-volts","status":"publish","type":"product","link":"https:\/\/mabawater.com\/en\/product\/variador-de-frecuencia-hidrocontrol-fdrive-3-fases-230-volts-para-motobomba-3-fases-118-a-230-volts\/","title":{"rendered":"Variador de frecuencia HIDROCONTROL FDRIVE, 3 fases, 230 volts, para motobomba 3 fases, 118 A, 230 volts"},"content":{"rendered":"<h1>Variador de frecuencia HIDROCONTROL FDRIVE<\/h1>\n<p>El Variador de frecuencia HIDROCONTROL FDRIVE, 3 fases, 230 volts, para motobomba 3 fases, 118 A, 230 volts.<\/p>\n<p>Un\u00a0<b>variador de frecuencia\u00a0<\/b>(siglas VFD, del ingl\u00e9s:\u00a0<i>Variable Frequency Drive<\/i>\u00a0o bien AFD\u00a0<i>Adjustable Frequency Drive<\/i>) es un sistema para el control de la velocidad rotacional de un\u00a0<a title=\"Motor de corriente alterna\" href=\"https:\/\/es.wikipedia.org\/wiki\/Motor_de_corriente_alterna\">motor de corriente alterna<\/a>\u00a0(AC) por medio del control de la\u00a0<a title=\"Frecuencia\" href=\"https:\/\/es.wikipedia.org\/wiki\/Frecuencia\">frecuencia<\/a>\u00a0de alimentaci\u00f3n suministrada al motor.<\/p>\n<p>Somos una empresa mexicana especializada en soluciones h\u00eddricas sustentables, implementamos proyectos y tecnolog\u00eda que garantice una gesti\u00f3n integral del agua con el objetivo de generar ahorro, uso y manejo responsable\u00a0 y eficiente del recurso, brindar seguridad, calidad y constancia en el suministro de agua potable y saneamiento.<\/p>\n<p><strong>Nuestra Misi\u00f3n<\/strong><\/p>\n<p>Promover el desarrollo sustentable mediante la utilizaci\u00f3n de ecotecnolog\u00edas y dise\u00f1o sostenible, dirigido al sector urbano y comercial, fomentando una cultura ecol\u00f3gica en nuestros clientes ofertando y desarrollando productos y sistemas que otorguen los beneficios de:<\/p>\n<ul>\n<li>ahorro de energ\u00eda<\/li>\n<li>reducci\u00f3n del impacto ambiental<\/li>\n<li>gesti\u00f3n sustentable de los recursos h\u00eddricos<\/li>\n<li>optimizaci\u00f3n de los recursos y energ\u00edas renovables<\/li>\n<\/ul>\n<p><strong>Nuestra Visi\u00f3n<\/strong><\/p>\n<p>MabaWater es una empresa de alta confianza, responsabilidad y profesionalismo en el \u00e1mbito del desarrollo sustentable, con base en el desarrollo e implementaci\u00f3n de la m\u00e1s alta tecnolog\u00eda en sinergia con programas y campa\u00f1as para cultura de cuidado del medio ambiente.<\/p>\n<p>Nuestra garant\u00eda<\/p>\n<p>1 a\u00f1o de garantia en funcionamiento1 mes de garantia en satisfacci\u00f3n<\/p>\n<h3>Encu\u00e9ntranos es:<\/h3>\n<p>Calzada Zavaleta #1302. local 101, 75150 Puebla de Zaragoza, M\u00e9xico<\/p>\n<h3>Ll\u00e1manos a:<\/h3>\n<p>Tel\u00e9fono: 222 369 0818Ventas &#8211; Ext 1Atenci\u00f3n a clientes &#8211; Ext 2Asistencia t\u00e9cnica y \u00e1rea de ingenieria &#8211; Ext 3<\/p>\n<h3>Escribenos a:<\/h3>\n<p><a href=\"mailto:contacto@mabawater.com\">contacto@mabawater.com<\/a><\/p>\n<p>Consulta m\u00e1s de nuestro aviso de privacidad <a href=\"https:\/\/mabawater.com\/en\/aviso-de-privacidad\/\">aqu\u00ed<\/a><\/p>\n<div id=\"gtx-trans\" style=\"position: absolute; left: 849px; top: 62.1563px;\">\n<div class=\"gtx-trans-icon\"><\/div>\n<\/div>","protected":false},"excerpt":{"rendered":"<p>Variador de frecuencia HIDROCONTROL FDRIVE, 3 fases, 230 volts, para motobomba 3 fases, 118 A, 230 volts<\/p>","protected":false},"featured_media":17315,"comment_status":"open","ping_status":"closed","template":"","meta":[],"product_brand":[],"product_cat":[257],"product_tag":[281,260,280,264,279],"class_list":{"0":"post-17336","1":"product","2":"type-product","3":"status-publish","4":"has-post-thumbnail","6":"product_cat-variadores-de-frecuencia","7":"product_tag-118-a","8":"product_tag-230-volts","9":"product_tag-3-fases","10":"product_tag-para-motobomba-3-fases","11":"product_tag-variador-de-frecuencia-hidrocontrol-fdrive","13":"first","14":"onbackorder","15":"shipping-taxable","16":"product-type-simple"},"yoast_head":"<!-- This site is optimized with the Yoast SEO plugin v26.6 - https:\/\/yoast.com\/wordpress\/plugins\/seo\/ -->\n<title>Variador de frecuencia HIDROCONTROL FDRIVE - Maba Water<\/title>\n<meta name=\"description\" content=\"Variador de frecuencia HIDROCONTROL FDRIVE, 3 fases, 230 volts, para motobomba 3 fases, 118 A, 230 volts. Disponible en MabaWater\" \/>\n<meta name=\"robots\" content=\"index, follow, max-snippet:-1, max-image-preview:large, max-video-preview:-1\" \/>\n<link rel=\"canonical\" href=\"https:\/\/mabawater.com\/en\/product\/variador-de-frecuencia-hidrocontrol-fdrive-3-fases-230-volts-para-motobomba-3-fases-118-a-230-volts\/\" \/>\n<meta property=\"og:locale\" content=\"en_US\" \/>\n<meta property=\"og:type\" content=\"article\" \/>\n<meta property=\"og:title\" content=\"Variador de frecuencia HIDROCONTROL FDRIVE - Maba Water\" \/>\n<meta property=\"og:description\" content=\"Variador de frecuencia HIDROCONTROL FDRIVE, 3 fases, 230 volts, para motobomba 3 fases, 118 A, 230 volts. Disponible en MabaWater\" \/>\n<meta property=\"og:url\" content=\"https:\/\/mabawater.com\/en\/product\/variador-de-frecuencia-hidrocontrol-fdrive-3-fases-230-volts-para-motobomba-3-fases-118-a-230-volts\/\" \/>\n<meta property=\"og:site_name\" content=\"Maba Water\" \/>\n<meta property=\"article:publisher\" content=\"https:\/\/www.facebook.com\/mabawater\/\" \/>\n<meta property=\"article:modified_time\" content=\"2022-12-16T23:15:35+00:00\" \/>\n<meta property=\"og:image\" content=\"https:\/\/mabawater.com\/wp-content\/uploads\/2022\/07\/10-10-Variador-de-frecuencia-HIDROCONTROL-FDRIVE-3-fases-230-volts-para-motobomba-3-fases-118-A-230-volts.jpeg\" \/>\n\t<meta property=\"og:image:width\" content=\"1000\" \/>\n\t<meta property=\"og:image:height\" content=\"1000\" \/>\n\t<meta property=\"og:image:type\" content=\"image\/jpeg\" \/>\n<meta name=\"twitter:card\" content=\"summary_large_image\" \/>\n<meta name=\"twitter:label1\" content=\"Est. reading time\" \/>\n\t<meta name=\"twitter:data1\" content=\"1 minute\" \/>\n<!-- \/ Yoast SEO plugin. -->","yoast_head_json":{"title":"Variador de frecuencia HIDROCONTROL FDRIVE - Maba Water","description":"Variador de frecuencia HIDROCONTROL FDRIVE, 3 fases, 230 volts, para motobomba 3 fases, 118 A, 230 volts. Disponible en MabaWater","robots":{"index":"index","follow":"follow","max-snippet":"max-snippet:-1","max-image-preview":"max-image-preview:large","max-video-preview":"max-video-preview:-1"},"canonical":"https:\/\/mabawater.com\/en\/product\/variador-de-frecuencia-hidrocontrol-fdrive-3-fases-230-volts-para-motobomba-3-fases-118-a-230-volts\/","og_locale":"en_US","og_type":"article","og_title":"Variador de frecuencia HIDROCONTROL FDRIVE - Maba Water","og_description":"Variador de frecuencia HIDROCONTROL FDRIVE, 3 fases, 230 volts, para motobomba 3 fases, 118 A, 230 volts. Disponible en MabaWater","og_url":"https:\/\/mabawater.com\/en\/product\/variador-de-frecuencia-hidrocontrol-fdrive-3-fases-230-volts-para-motobomba-3-fases-118-a-230-volts\/","og_site_name":"Maba Water","article_publisher":"https:\/\/www.facebook.com\/mabawater\/","article_modified_time":"2022-12-16T23:15:35+00:00","og_image":[{"width":1000,"height":1000,"url":"https:\/\/mabawater.com\/wp-content\/uploads\/2022\/07\/10-10-Variador-de-frecuencia-HIDROCONTROL-FDRIVE-3-fases-230-volts-para-motobomba-3-fases-118-A-230-volts.jpeg","type":"image\/jpeg"}],"twitter_card":"summary_large_image","twitter_misc":{"Est. reading time":"1 minute"},"schema":{"@context":"https:\/\/schema.org","@graph":[{"@type":"WebPage","@id":"https:\/\/mabawater.com\/producto\/variador-de-frecuencia-hidrocontrol-fdrive-3-fases-230-volts-para-motobomba-3-fases-118-a-230-volts\/","url":"https:\/\/mabawater.com\/producto\/variador-de-frecuencia-hidrocontrol-fdrive-3-fases-230-volts-para-motobomba-3-fases-118-a-230-volts\/","name":"Variador de frecuencia HIDROCONTROL FDRIVE - Maba Water","isPartOf":{"@id":"https:\/\/mabawater.com\/#website"},"primaryImageOfPage":{"@id":"https:\/\/mabawater.com\/producto\/variador-de-frecuencia-hidrocontrol-fdrive-3-fases-230-volts-para-motobomba-3-fases-118-a-230-volts\/#primaryimage"},"image":{"@id":"https:\/\/mabawater.com\/producto\/variador-de-frecuencia-hidrocontrol-fdrive-3-fases-230-volts-para-motobomba-3-fases-118-a-230-volts\/#primaryimage"},"thumbnailUrl":"https:\/\/mabawater.com\/wp-content\/uploads\/2022\/07\/10-10-Variador-de-frecuencia-HIDROCONTROL-FDRIVE-3-fases-230-volts-para-motobomba-3-fases-118-A-230-volts.jpeg","datePublished":"2022-07-07T21:07:41+00:00","dateModified":"2022-12-16T23:15:35+00:00","description":"Variador de frecuencia HIDROCONTROL FDRIVE, 3 fases, 230 volts, para motobomba 3 fases, 118 A, 230 volts. Disponible en MabaWater","breadcrumb":{"@id":"https:\/\/mabawater.com\/producto\/variador-de-frecuencia-hidrocontrol-fdrive-3-fases-230-volts-para-motobomba-3-fases-118-a-230-volts\/#breadcrumb"},"inLanguage":"en-US","potentialAction":[{"@type":"ReadAction","target":["https:\/\/mabawater.com\/producto\/variador-de-frecuencia-hidrocontrol-fdrive-3-fases-230-volts-para-motobomba-3-fases-118-a-230-volts\/"]}]},{"@type":"ImageObject","inLanguage":"en-US","@id":"https:\/\/mabawater.com\/producto\/variador-de-frecuencia-hidrocontrol-fdrive-3-fases-230-volts-para-motobomba-3-fases-118-a-230-volts\/#primaryimage","url":"https:\/\/mabawater.com\/wp-content\/uploads\/2022\/07\/10-10-Variador-de-frecuencia-HIDROCONTROL-FDRIVE-3-fases-230-volts-para-motobomba-3-fases-118-A-230-volts.jpeg","contentUrl":"https:\/\/mabawater.com\/wp-content\/uploads\/2022\/07\/10-10-Variador-de-frecuencia-HIDROCONTROL-FDRIVE-3-fases-230-volts-para-motobomba-3-fases-118-A-230-volts.jpeg","width":1000,"height":1000,"caption":"10-10-Variador de frecuencia HIDROCONTROL FDRIVE, 3 fases, 230 volts, para motobomba 3 fases, 118 A, 230 volts"},{"@type":"BreadcrumbList","@id":"https:\/\/mabawater.com\/producto\/variador-de-frecuencia-hidrocontrol-fdrive-3-fases-230-volts-para-motobomba-3-fases-118-a-230-volts\/#breadcrumb","itemListElement":[{"@type":"ListItem","position":1,"name":"Portada","item":"https:\/\/mabawater.com\/"},{"@type":"ListItem","position":2,"name":"Productos Para La Calidad Del Agua","item":"https:\/\/mabawater.com\/productos-para-la-calidad-del-agua\/"},{"@type":"ListItem","position":3,"name":"Variador de frecuencia HIDROCONTROL FDRIVE, 3 fases, 230 volts, para motobomba 3 fases, 118 A, 230 volts"}]},{"@type":"WebSite","@id":"https:\/\/mabawater.com\/#website","url":"https:\/\/mabawater.com\/","name":"Maba Water","description":"Soluciones Hidr\u00e1ulicas Sustentables","publisher":{"@id":"https:\/\/mabawater.com\/#organization"},"potentialAction":[{"@type":"SearchAction","target":{"@type":"EntryPoint","urlTemplate":"https:\/\/mabawater.com\/?s={search_term_string}"},"query-input":{"@type":"PropertyValueSpecification","valueRequired":true,"valueName":"search_term_string"}}],"inLanguage":"en-US"},{"@type":"Organization","@id":"https:\/\/mabawater.com\/#organization","name":"Maba Water","url":"https:\/\/mabawater.com\/","logo":{"@type":"ImageObject","inLanguage":"en-US","@id":"https:\/\/mabawater.com\/#\/schema\/logo\/image\/","url":"https:\/\/mabawater.com\/wp-content\/uploads\/2021\/09\/water-icon.png","contentUrl":"https:\/\/mabawater.com\/wp-content\/uploads\/2021\/09\/water-icon.png","width":410,"height":176,"caption":"Maba Water"},"image":{"@id":"https:\/\/mabawater.com\/#\/schema\/logo\/image\/"},"sameAs":["https:\/\/www.facebook.com\/mabawater\/","https:\/\/www.instagram.com\/mabawater\/?hl=es-la"]}]}},"_links":{"self":[{"href":"https:\/\/mabawater.com\/en\/wp-json\/wp\/v2\/product\/17336","targetHints":{"allow":["GET"]}}],"collection":[{"href":"https:\/\/mabawater.com\/en\/wp-json\/wp\/v2\/product"}],"about":[{"href":"https:\/\/mabawater.com\/en\/wp-json\/wp\/v2\/types\/product"}],"replies":[{"embeddable":true,"href":"https:\/\/mabawater.com\/en\/wp-json\/wp\/v2\/comments?post=17336"}],"version-history":[{"count":3,"href":"https:\/\/mabawater.com\/en\/wp-json\/wp\/v2\/product\/17336\/revisions"}],"predecessor-version":[{"id":21521,"href":"https:\/\/mabawater.com\/en\/wp-json\/wp\/v2\/product\/17336\/revisions\/21521"}],"wp:featuredmedia":[{"embeddable":true,"href":"https:\/\/mabawater.com\/en\/wp-json\/wp\/v2\/media\/17315"}],"wp:attachment":[{"href":"https:\/\/mabawater.com\/en\/wp-json\/wp\/v2\/media?parent=17336"}],"wp:term":[{"taxonomy":"product_brand","embeddable":true,"href":"https:\/\/mabawater.com\/en\/wp-json\/wp\/v2\/product_brand?post=17336"},{"taxonomy":"product_cat","embeddable":true,"href":"https:\/\/mabawater.com\/en\/wp-json\/wp\/v2\/product_cat?post=17336"},{"taxonomy":"product_tag","embeddable":true,"href":"https:\/\/mabawater.com\/en\/wp-json\/wp\/v2\/product_tag?post=17336"}],"curies":[{"name":"wp","href":"https:\/\/api.w.org\/{rel}","templated":true}]}}