{"id":17524,"date":"2022-07-12T17:19:03","date_gmt":"2022-07-12T17:19:03","guid":{"rendered":"https:\/\/mabawater.com\/?post_type=product&#038;p=17524"},"modified":"2025-06-09T18:17:35","modified_gmt":"2025-06-09T18:17:35","slug":"motobomba-sumergible-aqua-pak-serie-task-0-6-lps-descarga-1-25-motor-franklin-1-2-hp-1-fase-115-volts-2-hilos","status":"publish","type":"product","link":"https:\/\/mabawater.com\/en\/product\/motobomba-sumergible-aqua-pak-serie-task-0-6-lps-descarga-1-25-motor-franklin-1-2-hp-1-fase-115-volts-2-hilos\/","title":{"rendered":"Motobomba sumergible AQUA PAK serie TASK, 0.6 lps, descarga 1.25&#8243;, motor FRANKLIN 1\/2 HP, 1 fase, 115 volts, 2 hilos"},"content":{"rendered":"","protected":false},"excerpt":{"rendered":"<p><strong>Motobomba sumergible AQUA PAK<\/strong> serie TASK<\/p>\n<ul>\n<li>0.6 lps, descarga 1.25&#8243;<\/li>\n<li>motor FRANKLIN 1\/2 HP<\/li>\n<li>1 fase, 115 volts, 2 hilos<\/li>\n<\/ul>\n<p>Las b<strong>ombas sumergibles <\/strong>serie TASK son ideales para <strong>pozos<\/strong> profundos de 4\u201d de di\u00e1metro y mayores, cuenta con materiales altamente resistentes y gracias a su dise\u00f1o hidr\u00e1ulico eficiente se reduce la fricci\u00f3n.<\/p>\n<p><a href=\"https:\/\/mabawater.com\/wp-content\/uploads\/2022\/07\/ft_ficha_tecnica_bomba.pdf\">Descarga la ficha t\u00e9cnica aqu\u00ed<\/a><\/p>","protected":false},"featured_media":17526,"comment_status":"open","ping_status":"closed","template":"","meta":[],"product_brand":[],"product_cat":[146,102],"product_tag":[],"class_list":{"0":"post-17524","1":"product","2":"type-product","3":"status-publish","4":"has-post-thumbnail","6":"product_cat-bombeo","7":"product_cat-sumergibles-residencial-para-pozo-y-de-achique","9":"first","10":"onbackorder","11":"shipping-taxable","12":"product-type-simple"},"yoast_head":"<!-- This site is optimized with the Yoast SEO plugin v26.6 - https:\/\/yoast.com\/wordpress\/plugins\/seo\/ -->\n<title>Motobomba sumergible AQUA PAK serie TASK, 0.6 lps, descarga 1.25&quot;, motor FRANKLIN 1\/2 HP, 1 fase, 115 volts, 2 hilos<\/title>\n<meta name=\"description\" content=\"Las bombas sumergibles serie TASK son ideales para pozos profundos de 4\u201d de di\u00e1metro y mayores, cuenta con materiales altamente resistentes.\" \/>\n<meta name=\"robots\" content=\"index, follow, max-snippet:-1, max-image-preview:large, max-video-preview:-1\" \/>\n<link rel=\"canonical\" href=\"https:\/\/mabawater.com\/en\/product\/motobomba-sumergible-aqua-pak-serie-task-0-6-lps-descarga-1-25-motor-franklin-1-2-hp-1-fase-115-volts-2-hilos\/\" \/>\n<meta property=\"og:locale\" content=\"en_US\" \/>\n<meta property=\"og:type\" content=\"article\" \/>\n<meta property=\"og:title\" content=\"Motobomba sumergible AQUA PAK serie TASK, 0.6 lps, descarga 1.25&quot;, motor FRANKLIN 1\/2 HP, 1 fase, 115 volts, 2 hilos\" \/>\n<meta property=\"og:description\" content=\"Las bombas sumergibles serie TASK son ideales para pozos profundos de 4\u201d de di\u00e1metro y mayores, cuenta con materiales altamente resistentes.\" \/>\n<meta property=\"og:url\" content=\"https:\/\/mabawater.com\/en\/product\/motobomba-sumergible-aqua-pak-serie-task-0-6-lps-descarga-1-25-motor-franklin-1-2-hp-1-fase-115-volts-2-hilos\/\" \/>\n<meta property=\"og:site_name\" content=\"Maba Water\" \/>\n<meta property=\"article:publisher\" content=\"https:\/\/www.facebook.com\/mabawater\/\" \/>\n<meta property=\"article:modified_time\" content=\"2025-06-09T18:17:35+00:00\" \/>\n<meta property=\"og:image\" content=\"https:\/\/mabawater.com\/wp-content\/uploads\/2022\/07\/motobomba-task.jpeg\" \/>\n\t<meta property=\"og:image:width\" content=\"1000\" \/>\n\t<meta property=\"og:image:height\" content=\"1000\" \/>\n\t<meta property=\"og:image:type\" content=\"image\/jpeg\" \/>\n<meta name=\"twitter:card\" content=\"summary_large_image\" \/>\n<meta name=\"twitter:label1\" content=\"Est. reading time\" \/>\n\t<meta name=\"twitter:data1\" content=\"1 minute\" \/>\n<!-- \/ Yoast SEO plugin. -->","yoast_head_json":{"title":"Motobomba sumergible AQUA PAK serie TASK, 0.6 lps, descarga 1.25\", motor FRANKLIN 1\/2 HP, 1 fase, 115 volts, 2 hilos","description":"Las bombas sumergibles serie TASK son ideales para pozos profundos de 4\u201d de di\u00e1metro y mayores, cuenta con materiales altamente resistentes.","robots":{"index":"index","follow":"follow","max-snippet":"max-snippet:-1","max-image-preview":"max-image-preview:large","max-video-preview":"max-video-preview:-1"},"canonical":"https:\/\/mabawater.com\/en\/product\/motobomba-sumergible-aqua-pak-serie-task-0-6-lps-descarga-1-25-motor-franklin-1-2-hp-1-fase-115-volts-2-hilos\/","og_locale":"en_US","og_type":"article","og_title":"Motobomba sumergible AQUA PAK serie TASK, 0.6 lps, descarga 1.25\", motor FRANKLIN 1\/2 HP, 1 fase, 115 volts, 2 hilos","og_description":"Las bombas sumergibles serie TASK son ideales para pozos profundos de 4\u201d de di\u00e1metro y mayores, cuenta con materiales altamente resistentes.","og_url":"https:\/\/mabawater.com\/en\/product\/motobomba-sumergible-aqua-pak-serie-task-0-6-lps-descarga-1-25-motor-franklin-1-2-hp-1-fase-115-volts-2-hilos\/","og_site_name":"Maba Water","article_publisher":"https:\/\/www.facebook.com\/mabawater\/","article_modified_time":"2025-06-09T18:17:35+00:00","og_image":[{"width":1000,"height":1000,"url":"https:\/\/mabawater.com\/wp-content\/uploads\/2022\/07\/motobomba-task.jpeg","type":"image\/jpeg"}],"twitter_card":"summary_large_image","twitter_misc":{"Est. reading time":"1 minute"},"schema":{"@context":"https:\/\/schema.org","@graph":[{"@type":"WebPage","@id":"https:\/\/mabawater.com\/producto\/motobomba-sumergible-aqua-pak-serie-task-0-6-lps-descarga-1-25-motor-franklin-1-2-hp-1-fase-115-volts-2-hilos\/","url":"https:\/\/mabawater.com\/producto\/motobomba-sumergible-aqua-pak-serie-task-0-6-lps-descarga-1-25-motor-franklin-1-2-hp-1-fase-115-volts-2-hilos\/","name":"Motobomba sumergible AQUA PAK serie TASK, 0.6 lps, descarga 1.25\", motor FRANKLIN 1\/2 HP, 1 fase, 115 volts, 2 hilos","isPartOf":{"@id":"https:\/\/mabawater.com\/#website"},"primaryImageOfPage":{"@id":"https:\/\/mabawater.com\/producto\/motobomba-sumergible-aqua-pak-serie-task-0-6-lps-descarga-1-25-motor-franklin-1-2-hp-1-fase-115-volts-2-hilos\/#primaryimage"},"image":{"@id":"https:\/\/mabawater.com\/producto\/motobomba-sumergible-aqua-pak-serie-task-0-6-lps-descarga-1-25-motor-franklin-1-2-hp-1-fase-115-volts-2-hilos\/#primaryimage"},"thumbnailUrl":"https:\/\/mabawater.com\/wp-content\/uploads\/2022\/07\/motobomba-task.jpeg","datePublished":"2022-07-12T17:19:03+00:00","dateModified":"2025-06-09T18:17:35+00:00","description":"Las bombas sumergibles serie TASK son ideales para pozos profundos de 4\u201d de di\u00e1metro y mayores, cuenta con materiales altamente resistentes.","breadcrumb":{"@id":"https:\/\/mabawater.com\/producto\/motobomba-sumergible-aqua-pak-serie-task-0-6-lps-descarga-1-25-motor-franklin-1-2-hp-1-fase-115-volts-2-hilos\/#breadcrumb"},"inLanguage":"en-US","potentialAction":[{"@type":"ReadAction","target":["https:\/\/mabawater.com\/producto\/motobomba-sumergible-aqua-pak-serie-task-0-6-lps-descarga-1-25-motor-franklin-1-2-hp-1-fase-115-volts-2-hilos\/"]}]},{"@type":"ImageObject","inLanguage":"en-US","@id":"https:\/\/mabawater.com\/producto\/motobomba-sumergible-aqua-pak-serie-task-0-6-lps-descarga-1-25-motor-franklin-1-2-hp-1-fase-115-volts-2-hilos\/#primaryimage","url":"https:\/\/mabawater.com\/wp-content\/uploads\/2022\/07\/motobomba-task.jpeg","contentUrl":"https:\/\/mabawater.com\/wp-content\/uploads\/2022\/07\/motobomba-task.jpeg","width":1000,"height":1000},{"@type":"BreadcrumbList","@id":"https:\/\/mabawater.com\/producto\/motobomba-sumergible-aqua-pak-serie-task-0-6-lps-descarga-1-25-motor-franklin-1-2-hp-1-fase-115-volts-2-hilos\/#breadcrumb","itemListElement":[{"@type":"ListItem","position":1,"name":"Portada","item":"https:\/\/mabawater.com\/"},{"@type":"ListItem","position":2,"name":"Productos Para La Calidad Del Agua","item":"https:\/\/mabawater.com\/productos-para-la-calidad-del-agua\/"},{"@type":"ListItem","position":3,"name":"Motobomba sumergible AQUA PAK serie TASK, 0.6 lps, descarga 1.25&#8243;, motor FRANKLIN 1\/2 HP, 1 fase, 115 volts, 2 hilos"}]},{"@type":"WebSite","@id":"https:\/\/mabawater.com\/#website","url":"https:\/\/mabawater.com\/","name":"Maba Water","description":"Soluciones Hidr\u00e1ulicas Sustentables","publisher":{"@id":"https:\/\/mabawater.com\/#organization"},"potentialAction":[{"@type":"SearchAction","target":{"@type":"EntryPoint","urlTemplate":"https:\/\/mabawater.com\/?s={search_term_string}"},"query-input":{"@type":"PropertyValueSpecification","valueRequired":true,"valueName":"search_term_string"}}],"inLanguage":"en-US"},{"@type":"Organization","@id":"https:\/\/mabawater.com\/#organization","name":"Maba Water","url":"https:\/\/mabawater.com\/","logo":{"@type":"ImageObject","inLanguage":"en-US","@id":"https:\/\/mabawater.com\/#\/schema\/logo\/image\/","url":"https:\/\/mabawater.com\/wp-content\/uploads\/2021\/09\/water-icon.png","contentUrl":"https:\/\/mabawater.com\/wp-content\/uploads\/2021\/09\/water-icon.png","width":410,"height":176,"caption":"Maba Water"},"image":{"@id":"https:\/\/mabawater.com\/#\/schema\/logo\/image\/"},"sameAs":["https:\/\/www.facebook.com\/mabawater\/","https:\/\/www.instagram.com\/mabawater\/?hl=es-la"]}]}},"_links":{"self":[{"href":"https:\/\/mabawater.com\/en\/wp-json\/wp\/v2\/product\/17524","targetHints":{"allow":["GET"]}}],"collection":[{"href":"https:\/\/mabawater.com\/en\/wp-json\/wp\/v2\/product"}],"about":[{"href":"https:\/\/mabawater.com\/en\/wp-json\/wp\/v2\/types\/product"}],"replies":[{"embeddable":true,"href":"https:\/\/mabawater.com\/en\/wp-json\/wp\/v2\/comments?post=17524"}],"version-history":[{"count":3,"href":"https:\/\/mabawater.com\/en\/wp-json\/wp\/v2\/product\/17524\/revisions"}],"predecessor-version":[{"id":25140,"href":"https:\/\/mabawater.com\/en\/wp-json\/wp\/v2\/product\/17524\/revisions\/25140"}],"wp:featuredmedia":[{"embeddable":true,"href":"https:\/\/mabawater.com\/en\/wp-json\/wp\/v2\/media\/17526"}],"wp:attachment":[{"href":"https:\/\/mabawater.com\/en\/wp-json\/wp\/v2\/media?parent=17524"}],"wp:term":[{"taxonomy":"product_brand","embeddable":true,"href":"https:\/\/mabawater.com\/en\/wp-json\/wp\/v2\/product_brand?post=17524"},{"taxonomy":"product_cat","embeddable":true,"href":"https:\/\/mabawater.com\/en\/wp-json\/wp\/v2\/product_cat?post=17524"},{"taxonomy":"product_tag","embeddable":true,"href":"https:\/\/mabawater.com\/en\/wp-json\/wp\/v2\/product_tag?post=17524"}],"curies":[{"name":"wp","href":"https:\/\/api.w.org\/{rel}","templated":true}]}}