{"id":17606,"date":"2022-07-12T22:57:11","date_gmt":"2022-07-12T22:57:11","guid":{"rendered":"https:\/\/mabawater.com\/?post_type=product&#038;p=17606"},"modified":"2022-07-15T15:33:56","modified_gmt":"2022-07-15T15:33:56","slug":"equipo-de-riego-sumergible-sd460me1000gi","status":"publish","type":"product","link":"https:\/\/mabawater.com\/en\/product\/equipo-de-riego-sumergible-sd460me1000gi\/","title":{"rendered":"Equipo de riego sumergible SD460ME1000GI"},"content":{"rendered":"<p>Equipo de riego sumergible SD460ME1000GI<\/p>\n<p>Bomba sumergible para pozo profundo 4&#8243;, descarga de 2&#8243;, 220V. 100% INOXIDABLE<\/p>\n<p>Descarga la ficha t\u00e9cnica aqu\u00ed Descarga la ficha t\u00e9cnica <a href=\"https:\/\/mabawater.com\/wp-content\/uploads\/2022\/07\/FichaTecnica_SD460ME1000GI.pdf\">aqu\u00ed<\/a><\/p>","protected":false},"excerpt":{"rendered":"<p>Bomba sumergible para pozo profundo 4&#8243;, descarga de 2&#8243;, 220V. 100% INOXIDABLE<\/p>\n<p>Ideal para extracci\u00f3n de agua de pozos profundos, adem\u00e1s brinda un abastecimiento confiable de agua limpia y tiene un uso eficiente de energ\u00eda<\/p>","protected":false},"featured_media":17577,"comment_status":"open","ping_status":"closed","template":"","meta":[],"product_brand":[],"product_cat":[146,102],"product_tag":[337,328,385,393,311,388,392],"class_list":{"0":"post-17606","1":"product","2":"type-product","3":"status-publish","4":"has-post-thumbnail","6":"product_cat-bombeo","7":"product_cat-sumergibles-residencial-para-pozo-y-de-achique","8":"product_tag-10-hp","9":"product_tag-17-etapas","10":"product_tag-220v","11":"product_tag-36-2a","12":"product_tag-acero-inoxidable","13":"product_tag-bomba-sumergible-evans","14":"product_tag-trifasico","16":"first","17":"onbackorder","18":"shipping-taxable","19":"product-type-simple"},"yoast_head":"<!-- This site is optimized with the Yoast SEO plugin v26.6 - https:\/\/yoast.com\/wordpress\/plugins\/seo\/ -->\n<title>Equipo de riego sumergible SD460ME1000GI<\/title>\n<meta name=\"description\" content=\"Variador de frecuencia con tecnolog\u00eda BOOSTER, HIDROCONTROL WATER DRIVE, 1F 230v, para motobomba 1F, 230v, 8A\" \/>\n<meta name=\"robots\" content=\"index, follow, max-snippet:-1, max-image-preview:large, max-video-preview:-1\" \/>\n<link rel=\"canonical\" href=\"https:\/\/mabawater.com\/en\/product\/equipo-de-riego-sumergible-sd460me1000gi\/\" \/>\n<meta property=\"og:locale\" content=\"en_US\" \/>\n<meta property=\"og:type\" content=\"article\" \/>\n<meta property=\"og:title\" content=\"Equipo de riego sumergible SD460ME1000GI\" \/>\n<meta property=\"og:description\" content=\"Variador de frecuencia con tecnolog\u00eda BOOSTER, HIDROCONTROL WATER DRIVE, 1F 230v, para motobomba 1F, 230v, 8A\" \/>\n<meta property=\"og:url\" content=\"https:\/\/mabawater.com\/en\/product\/equipo-de-riego-sumergible-sd460me1000gi\/\" \/>\n<meta property=\"og:site_name\" content=\"Maba Water\" \/>\n<meta property=\"article:publisher\" content=\"https:\/\/www.facebook.com\/mabawater\/\" \/>\n<meta property=\"article:modified_time\" content=\"2022-07-15T15:33:56+00:00\" \/>\n<meta property=\"og:image\" content=\"https:\/\/mabawater.com\/wp-content\/uploads\/2022\/07\/Bombas_Sumergibles_EVANS_SD460ME0300GI_1L_6-1.jpeg\" \/>\n\t<meta property=\"og:image:width\" content=\"500\" \/>\n\t<meta property=\"og:image:height\" content=\"500\" \/>\n\t<meta property=\"og:image:type\" content=\"image\/jpeg\" \/>\n<meta name=\"twitter:card\" content=\"summary_large_image\" \/>\n<meta name=\"twitter:label1\" content=\"Est. reading time\" \/>\n\t<meta name=\"twitter:data1\" content=\"1 minute\" \/>\n<!-- \/ Yoast SEO plugin. -->","yoast_head_json":{"title":"Equipo de riego sumergible SD460ME1000GI","description":"Variador de frecuencia con tecnolog\u00eda BOOSTER, HIDROCONTROL WATER DRIVE, 1F 230v, para motobomba 1F, 230v, 8A","robots":{"index":"index","follow":"follow","max-snippet":"max-snippet:-1","max-image-preview":"max-image-preview:large","max-video-preview":"max-video-preview:-1"},"canonical":"https:\/\/mabawater.com\/en\/product\/equipo-de-riego-sumergible-sd460me1000gi\/","og_locale":"en_US","og_type":"article","og_title":"Equipo de riego sumergible SD460ME1000GI","og_description":"Variador de frecuencia con tecnolog\u00eda BOOSTER, HIDROCONTROL WATER DRIVE, 1F 230v, para motobomba 1F, 230v, 8A","og_url":"https:\/\/mabawater.com\/en\/product\/equipo-de-riego-sumergible-sd460me1000gi\/","og_site_name":"Maba Water","article_publisher":"https:\/\/www.facebook.com\/mabawater\/","article_modified_time":"2022-07-15T15:33:56+00:00","og_image":[{"width":500,"height":500,"url":"https:\/\/mabawater.com\/wp-content\/uploads\/2022\/07\/Bombas_Sumergibles_EVANS_SD460ME0300GI_1L_6-1.jpeg","type":"image\/jpeg"}],"twitter_card":"summary_large_image","twitter_misc":{"Est. reading time":"1 minute"},"schema":{"@context":"https:\/\/schema.org","@graph":[{"@type":"WebPage","@id":"https:\/\/mabawater.com\/producto\/equipo-de-riego-sumergible-sd460me1000gi\/","url":"https:\/\/mabawater.com\/producto\/equipo-de-riego-sumergible-sd460me1000gi\/","name":"Equipo de riego sumergible SD460ME1000GI","isPartOf":{"@id":"https:\/\/mabawater.com\/#website"},"primaryImageOfPage":{"@id":"https:\/\/mabawater.com\/producto\/equipo-de-riego-sumergible-sd460me1000gi\/#primaryimage"},"image":{"@id":"https:\/\/mabawater.com\/producto\/equipo-de-riego-sumergible-sd460me1000gi\/#primaryimage"},"thumbnailUrl":"https:\/\/mabawater.com\/wp-content\/uploads\/2022\/07\/Bombas_Sumergibles_EVANS_SD460ME0300GI_1L_6-1.jpeg","datePublished":"2022-07-12T22:57:11+00:00","dateModified":"2022-07-15T15:33:56+00:00","description":"Variador de frecuencia con tecnolog\u00eda BOOSTER, HIDROCONTROL WATER DRIVE, 1F 230v, para motobomba 1F, 230v, 8A","breadcrumb":{"@id":"https:\/\/mabawater.com\/producto\/equipo-de-riego-sumergible-sd460me1000gi\/#breadcrumb"},"inLanguage":"en-US","potentialAction":[{"@type":"ReadAction","target":["https:\/\/mabawater.com\/producto\/equipo-de-riego-sumergible-sd460me1000gi\/"]}]},{"@type":"ImageObject","inLanguage":"en-US","@id":"https:\/\/mabawater.com\/producto\/equipo-de-riego-sumergible-sd460me1000gi\/#primaryimage","url":"https:\/\/mabawater.com\/wp-content\/uploads\/2022\/07\/Bombas_Sumergibles_EVANS_SD460ME0300GI_1L_6-1.jpeg","contentUrl":"https:\/\/mabawater.com\/wp-content\/uploads\/2022\/07\/Bombas_Sumergibles_EVANS_SD460ME0300GI_1L_6-1.jpeg","width":500,"height":500},{"@type":"BreadcrumbList","@id":"https:\/\/mabawater.com\/producto\/equipo-de-riego-sumergible-sd460me1000gi\/#breadcrumb","itemListElement":[{"@type":"ListItem","position":1,"name":"Portada","item":"https:\/\/mabawater.com\/"},{"@type":"ListItem","position":2,"name":"Productos Para La Calidad Del Agua","item":"https:\/\/mabawater.com\/productos-para-la-calidad-del-agua\/"},{"@type":"ListItem","position":3,"name":"Equipo de riego sumergible SD460ME1000GI"}]},{"@type":"WebSite","@id":"https:\/\/mabawater.com\/#website","url":"https:\/\/mabawater.com\/","name":"Maba Water","description":"Soluciones Hidr\u00e1ulicas Sustentables","publisher":{"@id":"https:\/\/mabawater.com\/#organization"},"potentialAction":[{"@type":"SearchAction","target":{"@type":"EntryPoint","urlTemplate":"https:\/\/mabawater.com\/?s={search_term_string}"},"query-input":{"@type":"PropertyValueSpecification","valueRequired":true,"valueName":"search_term_string"}}],"inLanguage":"en-US"},{"@type":"Organization","@id":"https:\/\/mabawater.com\/#organization","name":"Maba Water","url":"https:\/\/mabawater.com\/","logo":{"@type":"ImageObject","inLanguage":"en-US","@id":"https:\/\/mabawater.com\/#\/schema\/logo\/image\/","url":"https:\/\/mabawater.com\/wp-content\/uploads\/2021\/09\/water-icon.png","contentUrl":"https:\/\/mabawater.com\/wp-content\/uploads\/2021\/09\/water-icon.png","width":410,"height":176,"caption":"Maba Water"},"image":{"@id":"https:\/\/mabawater.com\/#\/schema\/logo\/image\/"},"sameAs":["https:\/\/www.facebook.com\/mabawater\/","https:\/\/www.instagram.com\/mabawater\/?hl=es-la"]}]}},"_links":{"self":[{"href":"https:\/\/mabawater.com\/en\/wp-json\/wp\/v2\/product\/17606","targetHints":{"allow":["GET"]}}],"collection":[{"href":"https:\/\/mabawater.com\/en\/wp-json\/wp\/v2\/product"}],"about":[{"href":"https:\/\/mabawater.com\/en\/wp-json\/wp\/v2\/types\/product"}],"replies":[{"embeddable":true,"href":"https:\/\/mabawater.com\/en\/wp-json\/wp\/v2\/comments?post=17606"}],"version-history":[{"count":2,"href":"https:\/\/mabawater.com\/en\/wp-json\/wp\/v2\/product\/17606\/revisions"}],"predecessor-version":[{"id":17663,"href":"https:\/\/mabawater.com\/en\/wp-json\/wp\/v2\/product\/17606\/revisions\/17663"}],"wp:featuredmedia":[{"embeddable":true,"href":"https:\/\/mabawater.com\/en\/wp-json\/wp\/v2\/media\/17577"}],"wp:attachment":[{"href":"https:\/\/mabawater.com\/en\/wp-json\/wp\/v2\/media?parent=17606"}],"wp:term":[{"taxonomy":"product_brand","embeddable":true,"href":"https:\/\/mabawater.com\/en\/wp-json\/wp\/v2\/product_brand?post=17606"},{"taxonomy":"product_cat","embeddable":true,"href":"https:\/\/mabawater.com\/en\/wp-json\/wp\/v2\/product_cat?post=17606"},{"taxonomy":"product_tag","embeddable":true,"href":"https:\/\/mabawater.com\/en\/wp-json\/wp\/v2\/product_tag?post=17606"}],"curies":[{"name":"wp","href":"https:\/\/api.w.org\/{rel}","templated":true}]}}