{"id":17612,"date":"2022-07-13T13:50:40","date_gmt":"2022-07-13T13:50:40","guid":{"rendered":"https:\/\/mabawater.com\/?post_type=product&#038;p=17612"},"modified":"2024-03-26T16:49:35","modified_gmt":"2024-03-26T16:49:35","slug":"bomba-pp4-completa-serie-arenka-0-5-hp-15-gpm-5etapas-220v","status":"publish","type":"product","link":"https:\/\/mabawater.com\/en\/product\/bomba-pp4-completa-serie-arenka-0-5-hp-15-gpm-5etapas-220v\/","title":{"rendered":"BOMBA PP4&#8243; COMPLETA SERIE ARENKA 0.5 HP 15 GPM 5ETAPAS 220V"},"content":{"rendered":"<p>BOMBA PP4&#8243; COMPLETA SERIE ARENKA 0.5 HP 15 GPM 5ETAPAS 220V<\/p>\n<p>Descarga la ficha t\u00e9cnica aqu\u00ed Descarga la ficha t\u00e9cnica <a href=\"https:\/\/mabawater.com\/wp-content\/uploads\/2022\/07\/FichaTecnica_4FG3023-50.pdf\">aqu\u00ed<\/a><\/p>","protected":false},"excerpt":{"rendered":"<p>BOMBA PP4&#8243; COMPLETA SERIE ARENKA 0.5 HP 15 GPM 5ETAPAS 220V<\/p>\n<p>Las bombas sumergibles para pozo profundo ARENKA serie 4FG, est\u00e1n fabricadas en acero inoxidable AISI 304, para pozos de 4\u00bb, dise\u00f1adas para entregar caudales que van desde los 15 GPM hasta los 50GPM y cargas de hasta 270 ft, son ideales para aplicaciones residenciales, comerciales, industriales y agr\u00edcolas.<\/p>","protected":false},"featured_media":17615,"comment_status":"open","ping_status":"closed","template":"","meta":[],"product_brand":[],"product_cat":[146,102],"product_tag":[395,396,385,339,311,394,390],"class_list":{"0":"post-17612","1":"product","2":"type-product","3":"status-publish","4":"has-post-thumbnail","6":"product_cat-bombeo","7":"product_cat-sumergibles-residencial-para-pozo-y-de-achique","8":"product_tag-0-5-hp","9":"product_tag-15-gpm","10":"product_tag-220v","11":"product_tag-5-etapas","12":"product_tag-acero-inoxidable","13":"product_tag-bomba-sumergible-arenka","14":"product_tag-monofasico","16":"first","17":"onbackorder","18":"shipping-taxable","19":"product-type-simple"},"yoast_head":"<!-- This site is optimized with the Yoast SEO plugin v26.6 - https:\/\/yoast.com\/wordpress\/plugins\/seo\/ -->\n<title>BOMBA PP4&quot; COMPLETA SERIE ARENKA 0.5 HP 15 GPM 5ETAPAS 220V<\/title>\n<meta name=\"description\" content=\"Variador de frecuencia con tecnolog\u00eda BOOSTER, HIDROCONTROL WATER DRIVE, 1F 230v, para motobomba 1F, 230v, 8A\" \/>\n<meta name=\"robots\" content=\"index, follow, max-snippet:-1, max-image-preview:large, max-video-preview:-1\" \/>\n<link rel=\"canonical\" href=\"https:\/\/mabawater.com\/en\/product\/bomba-pp4-completa-serie-arenka-0-5-hp-15-gpm-5etapas-220v\/\" \/>\n<meta property=\"og:locale\" content=\"en_US\" \/>\n<meta property=\"og:type\" content=\"article\" \/>\n<meta property=\"og:title\" content=\"BOMBA PP4&quot; COMPLETA SERIE ARENKA 0.5 HP 15 GPM 5ETAPAS 220V\" \/>\n<meta property=\"og:description\" content=\"Variador de frecuencia con tecnolog\u00eda BOOSTER, HIDROCONTROL WATER DRIVE, 1F 230v, para motobomba 1F, 230v, 8A\" \/>\n<meta property=\"og:url\" content=\"https:\/\/mabawater.com\/en\/product\/bomba-pp4-completa-serie-arenka-0-5-hp-15-gpm-5etapas-220v\/\" \/>\n<meta property=\"og:site_name\" content=\"Maba Water\" \/>\n<meta property=\"article:publisher\" content=\"https:\/\/www.facebook.com\/mabawater\/\" \/>\n<meta property=\"article:modified_time\" content=\"2024-03-26T16:49:35+00:00\" \/>\n<meta property=\"og:image\" content=\"https:\/\/mabawater.com\/wp-content\/uploads\/2022\/07\/BOMBA-PP4-COMPLETA-SERIE-ARENKA-0.5-HP-15-GPM-5ETAPAS-220V.png\" \/>\n\t<meta property=\"og:image:width\" content=\"515\" \/>\n\t<meta property=\"og:image:height\" content=\"515\" \/>\n\t<meta property=\"og:image:type\" content=\"image\/png\" \/>\n<meta name=\"twitter:card\" content=\"summary_large_image\" \/>\n<meta name=\"twitter:label1\" content=\"Est. reading time\" \/>\n\t<meta name=\"twitter:data1\" content=\"1 minute\" \/>\n<!-- \/ Yoast SEO plugin. -->","yoast_head_json":{"title":"BOMBA PP4\" COMPLETA SERIE ARENKA 0.5 HP 15 GPM 5ETAPAS 220V","description":"Variador de frecuencia con tecnolog\u00eda BOOSTER, HIDROCONTROL WATER DRIVE, 1F 230v, para motobomba 1F, 230v, 8A","robots":{"index":"index","follow":"follow","max-snippet":"max-snippet:-1","max-image-preview":"max-image-preview:large","max-video-preview":"max-video-preview:-1"},"canonical":"https:\/\/mabawater.com\/en\/product\/bomba-pp4-completa-serie-arenka-0-5-hp-15-gpm-5etapas-220v\/","og_locale":"en_US","og_type":"article","og_title":"BOMBA PP4\" COMPLETA SERIE ARENKA 0.5 HP 15 GPM 5ETAPAS 220V","og_description":"Variador de frecuencia con tecnolog\u00eda BOOSTER, HIDROCONTROL WATER DRIVE, 1F 230v, para motobomba 1F, 230v, 8A","og_url":"https:\/\/mabawater.com\/en\/product\/bomba-pp4-completa-serie-arenka-0-5-hp-15-gpm-5etapas-220v\/","og_site_name":"Maba Water","article_publisher":"https:\/\/www.facebook.com\/mabawater\/","article_modified_time":"2024-03-26T16:49:35+00:00","og_image":[{"width":515,"height":515,"url":"https:\/\/mabawater.com\/wp-content\/uploads\/2022\/07\/BOMBA-PP4-COMPLETA-SERIE-ARENKA-0.5-HP-15-GPM-5ETAPAS-220V.png","type":"image\/png"}],"twitter_card":"summary_large_image","twitter_misc":{"Est. reading time":"1 minute"},"schema":{"@context":"https:\/\/schema.org","@graph":[{"@type":"WebPage","@id":"https:\/\/mabawater.com\/producto\/bomba-pp4-completa-serie-arenka-0-5-hp-15-gpm-5etapas-220v\/","url":"https:\/\/mabawater.com\/producto\/bomba-pp4-completa-serie-arenka-0-5-hp-15-gpm-5etapas-220v\/","name":"BOMBA PP4\" COMPLETA SERIE ARENKA 0.5 HP 15 GPM 5ETAPAS 220V","isPartOf":{"@id":"https:\/\/mabawater.com\/#website"},"primaryImageOfPage":{"@id":"https:\/\/mabawater.com\/producto\/bomba-pp4-completa-serie-arenka-0-5-hp-15-gpm-5etapas-220v\/#primaryimage"},"image":{"@id":"https:\/\/mabawater.com\/producto\/bomba-pp4-completa-serie-arenka-0-5-hp-15-gpm-5etapas-220v\/#primaryimage"},"thumbnailUrl":"https:\/\/mabawater.com\/wp-content\/uploads\/2022\/07\/BOMBA-PP4-COMPLETA-SERIE-ARENKA-0.5-HP-15-GPM-5ETAPAS-220V.png","datePublished":"2022-07-13T13:50:40+00:00","dateModified":"2024-03-26T16:49:35+00:00","description":"Variador de frecuencia con tecnolog\u00eda BOOSTER, HIDROCONTROL WATER DRIVE, 1F 230v, para motobomba 1F, 230v, 8A","breadcrumb":{"@id":"https:\/\/mabawater.com\/producto\/bomba-pp4-completa-serie-arenka-0-5-hp-15-gpm-5etapas-220v\/#breadcrumb"},"inLanguage":"en-US","potentialAction":[{"@type":"ReadAction","target":["https:\/\/mabawater.com\/producto\/bomba-pp4-completa-serie-arenka-0-5-hp-15-gpm-5etapas-220v\/"]}]},{"@type":"ImageObject","inLanguage":"en-US","@id":"https:\/\/mabawater.com\/producto\/bomba-pp4-completa-serie-arenka-0-5-hp-15-gpm-5etapas-220v\/#primaryimage","url":"https:\/\/mabawater.com\/wp-content\/uploads\/2022\/07\/BOMBA-PP4-COMPLETA-SERIE-ARENKA-0.5-HP-15-GPM-5ETAPAS-220V.png","contentUrl":"https:\/\/mabawater.com\/wp-content\/uploads\/2022\/07\/BOMBA-PP4-COMPLETA-SERIE-ARENKA-0.5-HP-15-GPM-5ETAPAS-220V.png","width":515,"height":515},{"@type":"BreadcrumbList","@id":"https:\/\/mabawater.com\/producto\/bomba-pp4-completa-serie-arenka-0-5-hp-15-gpm-5etapas-220v\/#breadcrumb","itemListElement":[{"@type":"ListItem","position":1,"name":"Portada","item":"https:\/\/mabawater.com\/"},{"@type":"ListItem","position":2,"name":"Productos Para La Calidad Del Agua","item":"https:\/\/mabawater.com\/productos-para-la-calidad-del-agua\/"},{"@type":"ListItem","position":3,"name":"BOMBA PP4&#8243; COMPLETA SERIE ARENKA 0.5 HP 15 GPM 5ETAPAS 220V"}]},{"@type":"WebSite","@id":"https:\/\/mabawater.com\/#website","url":"https:\/\/mabawater.com\/","name":"Maba Water","description":"Soluciones Hidr\u00e1ulicas Sustentables","publisher":{"@id":"https:\/\/mabawater.com\/#organization"},"potentialAction":[{"@type":"SearchAction","target":{"@type":"EntryPoint","urlTemplate":"https:\/\/mabawater.com\/?s={search_term_string}"},"query-input":{"@type":"PropertyValueSpecification","valueRequired":true,"valueName":"search_term_string"}}],"inLanguage":"en-US"},{"@type":"Organization","@id":"https:\/\/mabawater.com\/#organization","name":"Maba Water","url":"https:\/\/mabawater.com\/","logo":{"@type":"ImageObject","inLanguage":"en-US","@id":"https:\/\/mabawater.com\/#\/schema\/logo\/image\/","url":"https:\/\/mabawater.com\/wp-content\/uploads\/2021\/09\/water-icon.png","contentUrl":"https:\/\/mabawater.com\/wp-content\/uploads\/2021\/09\/water-icon.png","width":410,"height":176,"caption":"Maba Water"},"image":{"@id":"https:\/\/mabawater.com\/#\/schema\/logo\/image\/"},"sameAs":["https:\/\/www.facebook.com\/mabawater\/","https:\/\/www.instagram.com\/mabawater\/?hl=es-la"]}]}},"_links":{"self":[{"href":"https:\/\/mabawater.com\/en\/wp-json\/wp\/v2\/product\/17612","targetHints":{"allow":["GET"]}}],"collection":[{"href":"https:\/\/mabawater.com\/en\/wp-json\/wp\/v2\/product"}],"about":[{"href":"https:\/\/mabawater.com\/en\/wp-json\/wp\/v2\/types\/product"}],"replies":[{"embeddable":true,"href":"https:\/\/mabawater.com\/en\/wp-json\/wp\/v2\/comments?post=17612"}],"version-history":[{"count":2,"href":"https:\/\/mabawater.com\/en\/wp-json\/wp\/v2\/product\/17612\/revisions"}],"predecessor-version":[{"id":17617,"href":"https:\/\/mabawater.com\/en\/wp-json\/wp\/v2\/product\/17612\/revisions\/17617"}],"wp:featuredmedia":[{"embeddable":true,"href":"https:\/\/mabawater.com\/en\/wp-json\/wp\/v2\/media\/17615"}],"wp:attachment":[{"href":"https:\/\/mabawater.com\/en\/wp-json\/wp\/v2\/media?parent=17612"}],"wp:term":[{"taxonomy":"product_brand","embeddable":true,"href":"https:\/\/mabawater.com\/en\/wp-json\/wp\/v2\/product_brand?post=17612"},{"taxonomy":"product_cat","embeddable":true,"href":"https:\/\/mabawater.com\/en\/wp-json\/wp\/v2\/product_cat?post=17612"},{"taxonomy":"product_tag","embeddable":true,"href":"https:\/\/mabawater.com\/en\/wp-json\/wp\/v2\/product_tag?post=17612"}],"curies":[{"name":"wp","href":"https:\/\/api.w.org\/{rel}","templated":true}]}}