{"id":17643,"date":"2022-07-13T15:14:30","date_gmt":"2022-07-13T15:14:30","guid":{"rendered":"https:\/\/mabawater.com\/?post_type=product&#038;p=17643"},"modified":"2024-12-26T19:20:46","modified_gmt":"2024-12-26T19:20:46","slug":"bomba-sumergible-altamira-serie-nx-14-lps-hierro-acero-inoxidable-6-etapas-6-con-recortedesc-4-40-hp-nema-6","status":"publish","type":"product","link":"https:\/\/mabawater.com\/en\/product\/bomba-sumergible-altamira-serie-nx-14-lps-hierro-acero-inoxidable-6-etapas-6-con-recortedesc-4-40-hp-nema-6\/","title":{"rendered":"Bomba sumergible ALTAMIRA serie NX, 14 lps, hierro\/acero inoxidable, 6 etapas (6 con recorte),desc.4&#8243;, 40 HP, NEMA 6&#8243;"},"content":{"rendered":"","protected":false},"excerpt":{"rendered":"<p><strong>Bombas sumergibles para agua<\/strong>, fabricadas con materiales de alta calidad, el dise\u00f1o especial de sus bujes intermedios as\u00ed como sus impulsores en acero inoxidable, permiten que la bomba pueda trabajar con un contenido de arena m\u00e1ximo de 160 g\/m\u00b3<\/p>\n<ul>\n<li><strong>Bomba sumergible<\/strong> <strong>ALTAMIRA<\/strong> serie NX<\/li>\n<li>14 lps, hierro\/acero inoxidable<\/li>\n<li>6 etapas (6 con recorte),desc.4&#8243;<\/li>\n<li>40 HP, NEMA 6&#8243;<\/li>\n<\/ul>\n<p><a href=\"https:\/\/mabawater.com\/wp-content\/uploads\/2022\/07\/FichaTecnica_Altamira_SerieNX.pdf\">Descarga la ficha t\u00e9cnica aqu\u00ed<\/a><\/p>","protected":false},"featured_media":17639,"comment_status":"open","ping_status":"closed","template":"","meta":[],"product_brand":[],"product_cat":[146,102],"product_tag":[],"class_list":{"0":"post-17643","1":"product","2":"type-product","3":"status-publish","4":"has-post-thumbnail","6":"product_cat-bombeo","7":"product_cat-sumergibles-residencial-para-pozo-y-de-achique","9":"first","10":"onbackorder","11":"shipping-taxable","12":"product-type-simple"},"yoast_head":"<!-- This site is optimized with the Yoast SEO plugin v26.6 - https:\/\/yoast.com\/wordpress\/plugins\/seo\/ -->\n<title>Bomba sumergible ALTAMIRA serie NX, 14 lps, hierro\/acero inoxidable, 6 etapas (6 con recorte),desc.4&quot;, 40 HP, NEMA 6&quot;<\/title>\n<meta name=\"description\" content=\"Bomba sumergible ALTAMIRA serie NX, sus impulsores en acero inoxidable, permiten que la bomba pueda trabajar con un contenido de arena m\u00e1ximo de 160 g\/m\u00b3\" \/>\n<meta name=\"robots\" content=\"index, follow, max-snippet:-1, max-image-preview:large, max-video-preview:-1\" \/>\n<link rel=\"canonical\" href=\"https:\/\/mabawater.com\/en\/product\/bomba-sumergible-altamira-serie-nx-14-lps-hierro-acero-inoxidable-6-etapas-6-con-recortedesc-4-40-hp-nema-6\/\" \/>\n<meta property=\"og:locale\" content=\"en_US\" \/>\n<meta property=\"og:type\" content=\"article\" \/>\n<meta property=\"og:title\" content=\"Bomba sumergible ALTAMIRA serie NX, 14 lps, hierro\/acero inoxidable, 6 etapas (6 con recorte),desc.4&quot;, 40 HP, NEMA 6&quot;\" \/>\n<meta property=\"og:description\" content=\"Bomba sumergible ALTAMIRA serie NX, sus impulsores en acero inoxidable, permiten que la bomba pueda trabajar con un contenido de arena m\u00e1ximo de 160 g\/m\u00b3\" \/>\n<meta property=\"og:url\" content=\"https:\/\/mabawater.com\/en\/product\/bomba-sumergible-altamira-serie-nx-14-lps-hierro-acero-inoxidable-6-etapas-6-con-recortedesc-4-40-hp-nema-6\/\" \/>\n<meta property=\"og:site_name\" content=\"Maba Water\" \/>\n<meta property=\"article:publisher\" content=\"https:\/\/www.facebook.com\/mabawater\/\" \/>\n<meta property=\"article:modified_time\" content=\"2024-12-26T19:20:46+00:00\" \/>\n<meta property=\"og:image\" content=\"https:\/\/mabawater.com\/wp-content\/uploads\/2022\/07\/Bomba-sumergible-ALTAMIRA-serie-NX-14-lps-hierroacero-inoxidable-2-etapas-2-con-recortedesc.4-10-HP-NEMA-6.jpg\" \/>\n\t<meta property=\"og:image:width\" content=\"1000\" \/>\n\t<meta property=\"og:image:height\" content=\"1000\" \/>\n\t<meta property=\"og:image:type\" content=\"image\/jpeg\" \/>\n<meta name=\"twitter:card\" content=\"summary_large_image\" \/>\n<meta name=\"twitter:label1\" content=\"Est. reading time\" \/>\n\t<meta name=\"twitter:data1\" content=\"1 minute\" \/>\n<!-- \/ Yoast SEO plugin. -->","yoast_head_json":{"title":"Bomba sumergible ALTAMIRA serie NX, 14 lps, hierro\/acero inoxidable, 6 etapas (6 con recorte),desc.4\", 40 HP, NEMA 6\"","description":"Bomba sumergible ALTAMIRA serie NX, sus impulsores en acero inoxidable, permiten que la bomba pueda trabajar con un contenido de arena m\u00e1ximo de 160 g\/m\u00b3","robots":{"index":"index","follow":"follow","max-snippet":"max-snippet:-1","max-image-preview":"max-image-preview:large","max-video-preview":"max-video-preview:-1"},"canonical":"https:\/\/mabawater.com\/en\/product\/bomba-sumergible-altamira-serie-nx-14-lps-hierro-acero-inoxidable-6-etapas-6-con-recortedesc-4-40-hp-nema-6\/","og_locale":"en_US","og_type":"article","og_title":"Bomba sumergible ALTAMIRA serie NX, 14 lps, hierro\/acero inoxidable, 6 etapas (6 con recorte),desc.4\", 40 HP, NEMA 6\"","og_description":"Bomba sumergible ALTAMIRA serie NX, sus impulsores en acero inoxidable, permiten que la bomba pueda trabajar con un contenido de arena m\u00e1ximo de 160 g\/m\u00b3","og_url":"https:\/\/mabawater.com\/en\/product\/bomba-sumergible-altamira-serie-nx-14-lps-hierro-acero-inoxidable-6-etapas-6-con-recortedesc-4-40-hp-nema-6\/","og_site_name":"Maba Water","article_publisher":"https:\/\/www.facebook.com\/mabawater\/","article_modified_time":"2024-12-26T19:20:46+00:00","og_image":[{"width":1000,"height":1000,"url":"https:\/\/mabawater.com\/wp-content\/uploads\/2022\/07\/Bomba-sumergible-ALTAMIRA-serie-NX-14-lps-hierroacero-inoxidable-2-etapas-2-con-recortedesc.4-10-HP-NEMA-6.jpg","type":"image\/jpeg"}],"twitter_card":"summary_large_image","twitter_misc":{"Est. reading time":"1 minute"},"schema":{"@context":"https:\/\/schema.org","@graph":[{"@type":"WebPage","@id":"https:\/\/mabawater.com\/producto\/bomba-sumergible-altamira-serie-nx-14-lps-hierro-acero-inoxidable-6-etapas-6-con-recortedesc-4-40-hp-nema-6\/","url":"https:\/\/mabawater.com\/producto\/bomba-sumergible-altamira-serie-nx-14-lps-hierro-acero-inoxidable-6-etapas-6-con-recortedesc-4-40-hp-nema-6\/","name":"Bomba sumergible ALTAMIRA serie NX, 14 lps, hierro\/acero inoxidable, 6 etapas (6 con recorte),desc.4\", 40 HP, NEMA 6\"","isPartOf":{"@id":"https:\/\/mabawater.com\/#website"},"primaryImageOfPage":{"@id":"https:\/\/mabawater.com\/producto\/bomba-sumergible-altamira-serie-nx-14-lps-hierro-acero-inoxidable-6-etapas-6-con-recortedesc-4-40-hp-nema-6\/#primaryimage"},"image":{"@id":"https:\/\/mabawater.com\/producto\/bomba-sumergible-altamira-serie-nx-14-lps-hierro-acero-inoxidable-6-etapas-6-con-recortedesc-4-40-hp-nema-6\/#primaryimage"},"thumbnailUrl":"https:\/\/mabawater.com\/wp-content\/uploads\/2022\/07\/Bomba-sumergible-ALTAMIRA-serie-NX-14-lps-hierroacero-inoxidable-2-etapas-2-con-recortedesc.4-10-HP-NEMA-6.jpg","datePublished":"2022-07-13T15:14:30+00:00","dateModified":"2024-12-26T19:20:46+00:00","description":"Bomba sumergible ALTAMIRA serie NX, sus impulsores en acero inoxidable, permiten que la bomba pueda trabajar con un contenido de arena m\u00e1ximo de 160 g\/m\u00b3","breadcrumb":{"@id":"https:\/\/mabawater.com\/producto\/bomba-sumergible-altamira-serie-nx-14-lps-hierro-acero-inoxidable-6-etapas-6-con-recortedesc-4-40-hp-nema-6\/#breadcrumb"},"inLanguage":"en-US","potentialAction":[{"@type":"ReadAction","target":["https:\/\/mabawater.com\/producto\/bomba-sumergible-altamira-serie-nx-14-lps-hierro-acero-inoxidable-6-etapas-6-con-recortedesc-4-40-hp-nema-6\/"]}]},{"@type":"ImageObject","inLanguage":"en-US","@id":"https:\/\/mabawater.com\/producto\/bomba-sumergible-altamira-serie-nx-14-lps-hierro-acero-inoxidable-6-etapas-6-con-recortedesc-4-40-hp-nema-6\/#primaryimage","url":"https:\/\/mabawater.com\/wp-content\/uploads\/2022\/07\/Bomba-sumergible-ALTAMIRA-serie-NX-14-lps-hierroacero-inoxidable-2-etapas-2-con-recortedesc.4-10-HP-NEMA-6.jpg","contentUrl":"https:\/\/mabawater.com\/wp-content\/uploads\/2022\/07\/Bomba-sumergible-ALTAMIRA-serie-NX-14-lps-hierroacero-inoxidable-2-etapas-2-con-recortedesc.4-10-HP-NEMA-6.jpg","width":1000,"height":1000},{"@type":"BreadcrumbList","@id":"https:\/\/mabawater.com\/producto\/bomba-sumergible-altamira-serie-nx-14-lps-hierro-acero-inoxidable-6-etapas-6-con-recortedesc-4-40-hp-nema-6\/#breadcrumb","itemListElement":[{"@type":"ListItem","position":1,"name":"Portada","item":"https:\/\/mabawater.com\/"},{"@type":"ListItem","position":2,"name":"Productos Para La Calidad Del Agua","item":"https:\/\/mabawater.com\/productos-para-la-calidad-del-agua\/"},{"@type":"ListItem","position":3,"name":"Bomba sumergible ALTAMIRA serie NX, 14 lps, hierro\/acero inoxidable, 6 etapas (6 con recorte),desc.4&#8243;, 40 HP, NEMA 6&#8243;"}]},{"@type":"WebSite","@id":"https:\/\/mabawater.com\/#website","url":"https:\/\/mabawater.com\/","name":"Maba Water","description":"Soluciones Hidr\u00e1ulicas Sustentables","publisher":{"@id":"https:\/\/mabawater.com\/#organization"},"potentialAction":[{"@type":"SearchAction","target":{"@type":"EntryPoint","urlTemplate":"https:\/\/mabawater.com\/?s={search_term_string}"},"query-input":{"@type":"PropertyValueSpecification","valueRequired":true,"valueName":"search_term_string"}}],"inLanguage":"en-US"},{"@type":"Organization","@id":"https:\/\/mabawater.com\/#organization","name":"Maba Water","url":"https:\/\/mabawater.com\/","logo":{"@type":"ImageObject","inLanguage":"en-US","@id":"https:\/\/mabawater.com\/#\/schema\/logo\/image\/","url":"https:\/\/mabawater.com\/wp-content\/uploads\/2021\/09\/water-icon.png","contentUrl":"https:\/\/mabawater.com\/wp-content\/uploads\/2021\/09\/water-icon.png","width":410,"height":176,"caption":"Maba Water"},"image":{"@id":"https:\/\/mabawater.com\/#\/schema\/logo\/image\/"},"sameAs":["https:\/\/www.facebook.com\/mabawater\/","https:\/\/www.instagram.com\/mabawater\/?hl=es-la"]}]}},"_links":{"self":[{"href":"https:\/\/mabawater.com\/en\/wp-json\/wp\/v2\/product\/17643","targetHints":{"allow":["GET"]}}],"collection":[{"href":"https:\/\/mabawater.com\/en\/wp-json\/wp\/v2\/product"}],"about":[{"href":"https:\/\/mabawater.com\/en\/wp-json\/wp\/v2\/types\/product"}],"replies":[{"embeddable":true,"href":"https:\/\/mabawater.com\/en\/wp-json\/wp\/v2\/comments?post=17643"}],"version-history":[{"count":4,"href":"https:\/\/mabawater.com\/en\/wp-json\/wp\/v2\/product\/17643\/revisions"}],"predecessor-version":[{"id":28982,"href":"https:\/\/mabawater.com\/en\/wp-json\/wp\/v2\/product\/17643\/revisions\/28982"}],"wp:featuredmedia":[{"embeddable":true,"href":"https:\/\/mabawater.com\/en\/wp-json\/wp\/v2\/media\/17639"}],"wp:attachment":[{"href":"https:\/\/mabawater.com\/en\/wp-json\/wp\/v2\/media?parent=17643"}],"wp:term":[{"taxonomy":"product_brand","embeddable":true,"href":"https:\/\/mabawater.com\/en\/wp-json\/wp\/v2\/product_brand?post=17643"},{"taxonomy":"product_cat","embeddable":true,"href":"https:\/\/mabawater.com\/en\/wp-json\/wp\/v2\/product_cat?post=17643"},{"taxonomy":"product_tag","embeddable":true,"href":"https:\/\/mabawater.com\/en\/wp-json\/wp\/v2\/product_tag?post=17643"}],"curies":[{"name":"wp","href":"https:\/\/api.w.org\/{rel}","templated":true}]}}