{"id":17661,"date":"2022-07-13T15:41:29","date_gmt":"2022-07-13T15:41:29","guid":{"rendered":"https:\/\/mabawater.com\/?post_type=product&#038;p=17661"},"modified":"2025-06-09T03:33:03","modified_gmt":"2025-06-09T03:33:03","slug":"bomba-sumergible-altamira-serie-kor-2-lps-acero-inoxidable-11-etapas-descarga-1-5-2-hp-nema-4","status":"publish","type":"product","link":"https:\/\/mabawater.com\/en\/product\/bomba-sumergible-altamira-serie-kor-2-lps-acero-inoxidable-11-etapas-descarga-1-5-2-hp-nema-4\/","title":{"rendered":"Bomba sumergible ALTAMIRA serie KOR, 2 lps, acero inoxidable, 11 etapas, descarga 1.5&#8243;, 2 HP, NEMA 4&#8243;"},"content":{"rendered":"<p>Bomba sumergible ALTAMIRA serie KOR, 2 lps, acero inoxidable, 11 etapas, descarga 1.5&#8243;, 2 HP, NEMA 4&#8243;<br \/>\n<a href=\"https:\/\/mabawater.com\/wp-content\/uploads\/2022\/07\/ft_ficha_tecnica-1.pdf\">Ver Ficha t\u00e9cnica<\/a><\/p>","protected":false},"excerpt":{"rendered":"<p>Estas bombas han sido dise\u00f1adas con tecnolog\u00eda de punta y construidas con materiales de la m\u00e1s alta calidad. En su fabricaci\u00f3n se utiliza la maquinaria m\u00e1s moderna y precisa, logrando eficiencias hidr\u00e1ulicas sobresalientes que le garantizan bajos costos de operaci\u00f3n.<\/p>","protected":false},"featured_media":17648,"comment_status":"open","ping_status":"closed","template":"","meta":[],"product_brand":[],"product_cat":[146,102],"product_tag":[],"class_list":{"0":"post-17661","1":"product","2":"type-product","3":"status-publish","4":"has-post-thumbnail","6":"product_cat-bombeo","7":"product_cat-sumergibles-residencial-para-pozo-y-de-achique","9":"first","10":"onbackorder","11":"shipping-taxable","12":"product-type-simple"},"yoast_head":"<!-- This site is optimized with the Yoast SEO plugin v26.6 - https:\/\/yoast.com\/wordpress\/plugins\/seo\/ -->\n<title>Arrancador a tensi\u00f3n plena de estado s\u00f3lido HIDROCONTROL serie PROCONTROL, 12 A, 1 fase, 230 volts<\/title>\n<meta name=\"description\" content=\"Arrancador a tensi\u00f3n plena de estado s\u00f3lido HIDROCONTROL serie PROCONTROL, 12 A, 1 fase, 230 volts\" \/>\n<meta name=\"robots\" content=\"index, follow, max-snippet:-1, max-image-preview:large, max-video-preview:-1\" \/>\n<link rel=\"canonical\" href=\"https:\/\/mabawater.com\/en\/product\/bomba-sumergible-altamira-serie-kor-2-lps-acero-inoxidable-11-etapas-descarga-1-5-2-hp-nema-4\/\" \/>\n<meta property=\"og:locale\" content=\"en_US\" \/>\n<meta property=\"og:type\" content=\"article\" \/>\n<meta property=\"og:title\" content=\"Arrancador a tensi\u00f3n plena de estado s\u00f3lido HIDROCONTROL serie PROCONTROL, 12 A, 1 fase, 230 volts\" \/>\n<meta property=\"og:description\" content=\"Arrancador a tensi\u00f3n plena de estado s\u00f3lido HIDROCONTROL serie PROCONTROL, 12 A, 1 fase, 230 volts\" \/>\n<meta property=\"og:url\" content=\"https:\/\/mabawater.com\/en\/product\/bomba-sumergible-altamira-serie-kor-2-lps-acero-inoxidable-11-etapas-descarga-1-5-2-hp-nema-4\/\" \/>\n<meta property=\"og:site_name\" content=\"Maba Water\" \/>\n<meta property=\"article:publisher\" content=\"https:\/\/www.facebook.com\/mabawater\/\" \/>\n<meta property=\"article:modified_time\" content=\"2025-06-09T03:33:03+00:00\" \/>\n<meta property=\"og:image\" content=\"https:\/\/mabawater.com\/wp-content\/uploads\/2022\/07\/29-kor2_9.jpeg\" \/>\n\t<meta property=\"og:image:width\" content=\"1000\" \/>\n\t<meta property=\"og:image:height\" content=\"1000\" \/>\n\t<meta property=\"og:image:type\" content=\"image\/jpeg\" \/>\n<meta name=\"twitter:card\" content=\"summary_large_image\" \/>\n<meta name=\"twitter:label1\" content=\"Est. reading time\" \/>\n\t<meta name=\"twitter:data1\" content=\"1 minute\" \/>\n<!-- \/ Yoast SEO plugin. -->","yoast_head_json":{"title":"Arrancador a tensi\u00f3n plena de estado s\u00f3lido HIDROCONTROL serie PROCONTROL, 12 A, 1 fase, 230 volts","description":"Arrancador a tensi\u00f3n plena de estado s\u00f3lido HIDROCONTROL serie PROCONTROL, 12 A, 1 fase, 230 volts","robots":{"index":"index","follow":"follow","max-snippet":"max-snippet:-1","max-image-preview":"max-image-preview:large","max-video-preview":"max-video-preview:-1"},"canonical":"https:\/\/mabawater.com\/en\/product\/bomba-sumergible-altamira-serie-kor-2-lps-acero-inoxidable-11-etapas-descarga-1-5-2-hp-nema-4\/","og_locale":"en_US","og_type":"article","og_title":"Arrancador a tensi\u00f3n plena de estado s\u00f3lido HIDROCONTROL serie PROCONTROL, 12 A, 1 fase, 230 volts","og_description":"Arrancador a tensi\u00f3n plena de estado s\u00f3lido HIDROCONTROL serie PROCONTROL, 12 A, 1 fase, 230 volts","og_url":"https:\/\/mabawater.com\/en\/product\/bomba-sumergible-altamira-serie-kor-2-lps-acero-inoxidable-11-etapas-descarga-1-5-2-hp-nema-4\/","og_site_name":"Maba Water","article_publisher":"https:\/\/www.facebook.com\/mabawater\/","article_modified_time":"2025-06-09T03:33:03+00:00","og_image":[{"width":1000,"height":1000,"url":"https:\/\/mabawater.com\/wp-content\/uploads\/2022\/07\/29-kor2_9.jpeg","type":"image\/jpeg"}],"twitter_card":"summary_large_image","twitter_misc":{"Est. reading time":"1 minute"},"schema":{"@context":"https:\/\/schema.org","@graph":[{"@type":"WebPage","@id":"https:\/\/mabawater.com\/producto\/bomba-sumergible-altamira-serie-kor-2-lps-acero-inoxidable-11-etapas-descarga-1-5-2-hp-nema-4\/","url":"https:\/\/mabawater.com\/producto\/bomba-sumergible-altamira-serie-kor-2-lps-acero-inoxidable-11-etapas-descarga-1-5-2-hp-nema-4\/","name":"Arrancador a tensi\u00f3n plena de estado s\u00f3lido HIDROCONTROL serie PROCONTROL, 12 A, 1 fase, 230 volts","isPartOf":{"@id":"https:\/\/mabawater.com\/#website"},"primaryImageOfPage":{"@id":"https:\/\/mabawater.com\/producto\/bomba-sumergible-altamira-serie-kor-2-lps-acero-inoxidable-11-etapas-descarga-1-5-2-hp-nema-4\/#primaryimage"},"image":{"@id":"https:\/\/mabawater.com\/producto\/bomba-sumergible-altamira-serie-kor-2-lps-acero-inoxidable-11-etapas-descarga-1-5-2-hp-nema-4\/#primaryimage"},"thumbnailUrl":"https:\/\/mabawater.com\/wp-content\/uploads\/2022\/07\/29-kor2_9.jpeg","datePublished":"2022-07-13T15:41:29+00:00","dateModified":"2025-06-09T03:33:03+00:00","description":"Arrancador a tensi\u00f3n plena de estado s\u00f3lido HIDROCONTROL serie PROCONTROL, 12 A, 1 fase, 230 volts","breadcrumb":{"@id":"https:\/\/mabawater.com\/producto\/bomba-sumergible-altamira-serie-kor-2-lps-acero-inoxidable-11-etapas-descarga-1-5-2-hp-nema-4\/#breadcrumb"},"inLanguage":"en-US","potentialAction":[{"@type":"ReadAction","target":["https:\/\/mabawater.com\/producto\/bomba-sumergible-altamira-serie-kor-2-lps-acero-inoxidable-11-etapas-descarga-1-5-2-hp-nema-4\/"]}]},{"@type":"ImageObject","inLanguage":"en-US","@id":"https:\/\/mabawater.com\/producto\/bomba-sumergible-altamira-serie-kor-2-lps-acero-inoxidable-11-etapas-descarga-1-5-2-hp-nema-4\/#primaryimage","url":"https:\/\/mabawater.com\/wp-content\/uploads\/2022\/07\/29-kor2_9.jpeg","contentUrl":"https:\/\/mabawater.com\/wp-content\/uploads\/2022\/07\/29-kor2_9.jpeg","width":1000,"height":1000},{"@type":"BreadcrumbList","@id":"https:\/\/mabawater.com\/producto\/bomba-sumergible-altamira-serie-kor-2-lps-acero-inoxidable-11-etapas-descarga-1-5-2-hp-nema-4\/#breadcrumb","itemListElement":[{"@type":"ListItem","position":1,"name":"Portada","item":"https:\/\/mabawater.com\/"},{"@type":"ListItem","position":2,"name":"Productos Para La Calidad Del Agua","item":"https:\/\/mabawater.com\/productos-para-la-calidad-del-agua\/"},{"@type":"ListItem","position":3,"name":"Bomba sumergible ALTAMIRA serie KOR, 2 lps, acero inoxidable, 11 etapas, descarga 1.5&#8243;, 2 HP, NEMA 4&#8243;"}]},{"@type":"WebSite","@id":"https:\/\/mabawater.com\/#website","url":"https:\/\/mabawater.com\/","name":"Maba Water","description":"Soluciones Hidr\u00e1ulicas Sustentables","publisher":{"@id":"https:\/\/mabawater.com\/#organization"},"potentialAction":[{"@type":"SearchAction","target":{"@type":"EntryPoint","urlTemplate":"https:\/\/mabawater.com\/?s={search_term_string}"},"query-input":{"@type":"PropertyValueSpecification","valueRequired":true,"valueName":"search_term_string"}}],"inLanguage":"en-US"},{"@type":"Organization","@id":"https:\/\/mabawater.com\/#organization","name":"Maba Water","url":"https:\/\/mabawater.com\/","logo":{"@type":"ImageObject","inLanguage":"en-US","@id":"https:\/\/mabawater.com\/#\/schema\/logo\/image\/","url":"https:\/\/mabawater.com\/wp-content\/uploads\/2021\/09\/water-icon.png","contentUrl":"https:\/\/mabawater.com\/wp-content\/uploads\/2021\/09\/water-icon.png","width":410,"height":176,"caption":"Maba Water"},"image":{"@id":"https:\/\/mabawater.com\/#\/schema\/logo\/image\/"},"sameAs":["https:\/\/www.facebook.com\/mabawater\/","https:\/\/www.instagram.com\/mabawater\/?hl=es-la"]}]}},"_links":{"self":[{"href":"https:\/\/mabawater.com\/en\/wp-json\/wp\/v2\/product\/17661","targetHints":{"allow":["GET"]}}],"collection":[{"href":"https:\/\/mabawater.com\/en\/wp-json\/wp\/v2\/product"}],"about":[{"href":"https:\/\/mabawater.com\/en\/wp-json\/wp\/v2\/types\/product"}],"replies":[{"embeddable":true,"href":"https:\/\/mabawater.com\/en\/wp-json\/wp\/v2\/comments?post=17661"}],"version-history":[{"count":1,"href":"https:\/\/mabawater.com\/en\/wp-json\/wp\/v2\/product\/17661\/revisions"}],"predecessor-version":[{"id":17664,"href":"https:\/\/mabawater.com\/en\/wp-json\/wp\/v2\/product\/17661\/revisions\/17664"}],"wp:featuredmedia":[{"embeddable":true,"href":"https:\/\/mabawater.com\/en\/wp-json\/wp\/v2\/media\/17648"}],"wp:attachment":[{"href":"https:\/\/mabawater.com\/en\/wp-json\/wp\/v2\/media?parent=17661"}],"wp:term":[{"taxonomy":"product_brand","embeddable":true,"href":"https:\/\/mabawater.com\/en\/wp-json\/wp\/v2\/product_brand?post=17661"},{"taxonomy":"product_cat","embeddable":true,"href":"https:\/\/mabawater.com\/en\/wp-json\/wp\/v2\/product_cat?post=17661"},{"taxonomy":"product_tag","embeddable":true,"href":"https:\/\/mabawater.com\/en\/wp-json\/wp\/v2\/product_tag?post=17661"}],"curies":[{"name":"wp","href":"https:\/\/api.w.org\/{rel}","templated":true}]}}