{"id":17696,"date":"2022-07-14T15:46:24","date_gmt":"2022-07-14T15:46:24","guid":{"rendered":"https:\/\/mabawater.com\/?post_type=product&#038;p=17696"},"modified":"2024-07-25T17:56:32","modified_gmt":"2024-07-25T17:56:32","slug":"motor-sumergible-encapsulado-franklin-4-acero-inoxidable-3-hp-3-fases-230-volts-nema-4","status":"publish","type":"product","link":"https:\/\/mabawater.com\/en\/product\/motor-sumergible-encapsulado-franklin-4-acero-inoxidable-3-hp-3-fases-230-volts-nema-4\/","title":{"rendered":"Motor sumergible encapsulado FRANKLIN 4&#8243;, acero inoxidable, 3 HP, 3 fases, 230 volts, NEMA 4&#8243;"},"content":{"rendered":"<h1><span data-sheets-value=\"{&quot;1&quot;:2,&quot;2&quot;:&quot;Motor sumergible encapsulado FRANKLIN 4\\&quot;, acero inoxidable, 3 HP, 3 fases, 230 volts, NEMA 4\\&quot;&quot;}\" data-sheets-userformat=\"{&quot;2&quot;:12416,&quot;10&quot;:2,&quot;15&quot;:&quot;Calibri&quot;,&quot;16&quot;:12}\">Motor sumergible encapsulado FRANKLIN 4<\/span><\/h1>\n<p>El Motor sumergible encapsulado FRANKLIN 4 son usados para pozos profundos que requieren rangos de flujo altos o instalaciones m\u00e1s profundas. Estos motores proveen grandes cantidades de agua para riego, sistemas de agua, y f\u00e1bricas en donde se requieren grandes flujos y presiones.<\/p>\n<p>Nuestro Motor sumergible encapsulado FRANKLIN 4\u2033, acero inoxidable, 3 HP, 3 fases, 230 volts, NEMA 4\u2033<\/p>\n<p>Somos una empresa mexicana especializada en soluciones h\u00eddricas sustentables, implementamos proyectos y tecnolog\u00eda que garantice una gesti\u00f3n integral del agua con el objetivo de generar ahorro, uso y manejo responsable\u00a0 y eficiente del recurso, brindar seguridad, calidad y constancia en el suministro de agua potable y saneamiento.<\/p>\n<p><strong>Nuestra Misi\u00f3n<\/strong><\/p>\n<p>Promover el desarrollo sustentable mediante la utilizaci\u00f3n de ecotecnolog\u00edas y dise\u00f1o sostenible, dirigido al sector urbano y comercial, fomentando una cultura ecol\u00f3gica en nuestros clientes ofertando y desarrollando productos y sistemas que otorguen los beneficios de:<\/p>\n<ul>\n<li>ahorro de energ\u00eda<\/li>\n<li>reducci\u00f3n del impacto ambiental<\/li>\n<li>gesti\u00f3n sustentable de los recursos h\u00eddricos<\/li>\n<li>optimizaci\u00f3n de los recursos y energ\u00edas renovables<\/li>\n<\/ul>\n<p><strong>Nuestra Visi\u00f3n<\/strong><\/p>\n<p>MabaWater es una empresa de alta confianza, responsabilidad y profesionalismo en el \u00e1mbito del desarrollo sustentable, con base en el desarrollo e implementaci\u00f3n de la m\u00e1s alta tecnolog\u00eda en sinergia con programas y campa\u00f1as para cultura de cuidado del medio ambiente.<\/p>\n<p>Nuestra garant\u00eda<\/p>\n<p>1 a\u00f1o de garantia en funcionamiento1 mes de garantia en satisfacci\u00f3n<\/p>\n<h3>Encu\u00e9ntranos es:<\/h3>\n<p>Calzada Zavaleta #1302. local 101, 75150 Puebla de Zaragoza, M\u00e9xico<\/p>\n<h3>Ll\u00e1manos a:<\/h3>\n<p>Tel\u00e9fono: 222 369 0818Ventas &#8211; Ext 1Atenci\u00f3n a clientes &#8211; Ext 2Asistencia t\u00e9cnica y \u00e1rea de ingenieria &#8211; Ext 3<\/p>\n<h3>Escribenos a:<\/h3>\n<p><a href=\"mailto:contacto@mabawater.com\">contacto@mabawater.com<\/a><\/p>\n<p>Se usa generalmente con una bomba sumergible: Las bombas sumergibles encuentran muchas utilidades, las bombas de etapa simple se utilizan para el drenaje, el bombeo de\u00a0<a class=\"mw-redirect\" title=\"Aguas negras\" href=\"https:\/\/es.wikipedia.org\/wiki\/Aguas_negras\">aguas residuales<\/a>, el bombeo industrial general y el bombeo de la mezcla. Las bombas sumergibles se colocan habitualmente en la parte inferior de los dep\u00f3sitos de\u00a0<a title=\"Combustible\" href=\"https:\/\/es.wikipedia.org\/wiki\/Combustible\">combustible<\/a>\u00a0y tambi\u00e9n se utilizan para la extracci\u00f3n de agua de\u00a0<a title=\"Pozo\" href=\"https:\/\/es.wikipedia.org\/wiki\/Pozo\">pozos<\/a>\u00a0de agua.<\/p>","protected":false},"excerpt":{"rendered":"<p><span data-sheets-value=\"{&quot;1&quot;:2,&quot;2&quot;:&quot;Motor sumergible encapsulado FRANKLIN 4\\&quot;, acero inoxidable, 3 HP, 3 fases, 230 volts, NEMA 4\\&quot;&quot;}\" data-sheets-userformat=\"{&quot;2&quot;:12416,&quot;10&quot;:2,&quot;15&quot;:&quot;Calibri&quot;,&quot;16&quot;:12}\">Motor sumergible encapsulado FRANKLIN 4&#8243;, acero inoxidable, 3 HP, 3 fases, 230 volts, NEMA 4&#8243;<\/span><\/p>","protected":false},"featured_media":17699,"comment_status":"open","ping_status":"closed","template":"","meta":[],"product_brand":[],"product_cat":[146,161],"product_tag":[],"class_list":{"0":"post-17696","1":"product","2":"type-product","3":"status-publish","4":"has-post-thumbnail","6":"product_cat-bombeo","7":"product_cat-motores-sumergibles-y-cajas-de-control","9":"first","10":"onbackorder","11":"shipping-taxable","12":"product-type-simple"},"yoast_head":"<!-- This site is optimized with the Yoast SEO plugin v26.6 - https:\/\/yoast.com\/wordpress\/plugins\/seo\/ -->\n<title>Motor sumergible encapsulado FRANKLIN 4<\/title>\n<meta name=\"description\" content=\"Motor sumergible encapsulado FRANKLIN 4 Los motores sumergibles Franklin son usados para pozos profundos que requieren rangos de flujo altos o instalaciones\" \/>\n<meta name=\"robots\" content=\"index, follow, max-snippet:-1, max-image-preview:large, max-video-preview:-1\" \/>\n<link rel=\"canonical\" href=\"https:\/\/mabawater.com\/en\/product\/motor-sumergible-encapsulado-franklin-4-acero-inoxidable-3-hp-3-fases-230-volts-nema-4\/\" \/>\n<meta property=\"og:locale\" content=\"en_US\" \/>\n<meta property=\"og:type\" content=\"article\" \/>\n<meta property=\"og:title\" content=\"Motor sumergible encapsulado FRANKLIN 4\" \/>\n<meta property=\"og:description\" content=\"Motor sumergible encapsulado FRANKLIN 4 Los motores sumergibles Franklin son usados para pozos profundos que requieren rangos de flujo altos o instalaciones\" \/>\n<meta property=\"og:url\" content=\"https:\/\/mabawater.com\/en\/product\/motor-sumergible-encapsulado-franklin-4-acero-inoxidable-3-hp-3-fases-230-volts-nema-4\/\" \/>\n<meta property=\"og:site_name\" content=\"Maba Water\" \/>\n<meta property=\"article:publisher\" content=\"https:\/\/www.facebook.com\/mabawater\/\" \/>\n<meta property=\"article:modified_time\" content=\"2024-07-25T17:56:32+00:00\" \/>\n<meta property=\"og:image\" content=\"https:\/\/mabawater.com\/wp-content\/uploads\/2022\/07\/franklin4_14-1.jpeg\" \/>\n\t<meta property=\"og:image:width\" content=\"1000\" \/>\n\t<meta property=\"og:image:height\" content=\"1000\" \/>\n\t<meta property=\"og:image:type\" content=\"image\/jpeg\" \/>\n<meta name=\"twitter:card\" content=\"summary_large_image\" \/>\n<meta name=\"twitter:label1\" content=\"Est. reading time\" \/>\n\t<meta name=\"twitter:data1\" content=\"1 minute\" \/>\n<!-- \/ Yoast SEO plugin. -->","yoast_head_json":{"title":"Motor sumergible encapsulado FRANKLIN 4","description":"Motor sumergible encapsulado FRANKLIN 4 Los motores sumergibles Franklin son usados para pozos profundos que requieren rangos de flujo altos o instalaciones","robots":{"index":"index","follow":"follow","max-snippet":"max-snippet:-1","max-image-preview":"max-image-preview:large","max-video-preview":"max-video-preview:-1"},"canonical":"https:\/\/mabawater.com\/en\/product\/motor-sumergible-encapsulado-franklin-4-acero-inoxidable-3-hp-3-fases-230-volts-nema-4\/","og_locale":"en_US","og_type":"article","og_title":"Motor sumergible encapsulado FRANKLIN 4","og_description":"Motor sumergible encapsulado FRANKLIN 4 Los motores sumergibles Franklin son usados para pozos profundos que requieren rangos de flujo altos o instalaciones","og_url":"https:\/\/mabawater.com\/en\/product\/motor-sumergible-encapsulado-franklin-4-acero-inoxidable-3-hp-3-fases-230-volts-nema-4\/","og_site_name":"Maba Water","article_publisher":"https:\/\/www.facebook.com\/mabawater\/","article_modified_time":"2024-07-25T17:56:32+00:00","og_image":[{"width":1000,"height":1000,"url":"https:\/\/mabawater.com\/wp-content\/uploads\/2022\/07\/franklin4_14-1.jpeg","type":"image\/jpeg"}],"twitter_card":"summary_large_image","twitter_misc":{"Est. reading time":"1 minute"},"schema":{"@context":"https:\/\/schema.org","@graph":[{"@type":"WebPage","@id":"https:\/\/mabawater.com\/producto\/motor-sumergible-encapsulado-franklin-4-acero-inoxidable-3-hp-3-fases-230-volts-nema-4\/","url":"https:\/\/mabawater.com\/producto\/motor-sumergible-encapsulado-franklin-4-acero-inoxidable-3-hp-3-fases-230-volts-nema-4\/","name":"Motor sumergible encapsulado FRANKLIN 4","isPartOf":{"@id":"https:\/\/mabawater.com\/#website"},"primaryImageOfPage":{"@id":"https:\/\/mabawater.com\/producto\/motor-sumergible-encapsulado-franklin-4-acero-inoxidable-3-hp-3-fases-230-volts-nema-4\/#primaryimage"},"image":{"@id":"https:\/\/mabawater.com\/producto\/motor-sumergible-encapsulado-franklin-4-acero-inoxidable-3-hp-3-fases-230-volts-nema-4\/#primaryimage"},"thumbnailUrl":"https:\/\/mabawater.com\/wp-content\/uploads\/2022\/07\/franklin4_14-1.jpeg","datePublished":"2022-07-14T15:46:24+00:00","dateModified":"2024-07-25T17:56:32+00:00","description":"Motor sumergible encapsulado FRANKLIN 4 Los motores sumergibles Franklin son usados para pozos profundos que requieren rangos de flujo altos o instalaciones","breadcrumb":{"@id":"https:\/\/mabawater.com\/producto\/motor-sumergible-encapsulado-franklin-4-acero-inoxidable-3-hp-3-fases-230-volts-nema-4\/#breadcrumb"},"inLanguage":"en-US","potentialAction":[{"@type":"ReadAction","target":["https:\/\/mabawater.com\/producto\/motor-sumergible-encapsulado-franklin-4-acero-inoxidable-3-hp-3-fases-230-volts-nema-4\/"]}]},{"@type":"ImageObject","inLanguage":"en-US","@id":"https:\/\/mabawater.com\/producto\/motor-sumergible-encapsulado-franklin-4-acero-inoxidable-3-hp-3-fases-230-volts-nema-4\/#primaryimage","url":"https:\/\/mabawater.com\/wp-content\/uploads\/2022\/07\/franklin4_14-1.jpeg","contentUrl":"https:\/\/mabawater.com\/wp-content\/uploads\/2022\/07\/franklin4_14-1.jpeg","width":1000,"height":1000,"caption":"Motor sumergible encapsulado FRANKLIN 4"},{"@type":"BreadcrumbList","@id":"https:\/\/mabawater.com\/producto\/motor-sumergible-encapsulado-franklin-4-acero-inoxidable-3-hp-3-fases-230-volts-nema-4\/#breadcrumb","itemListElement":[{"@type":"ListItem","position":1,"name":"Portada","item":"https:\/\/mabawater.com\/"},{"@type":"ListItem","position":2,"name":"Productos Para La Calidad Del Agua","item":"https:\/\/mabawater.com\/productos-para-la-calidad-del-agua\/"},{"@type":"ListItem","position":3,"name":"Motor sumergible encapsulado FRANKLIN 4&#8243;, acero inoxidable, 3 HP, 3 fases, 230 volts, NEMA 4&#8243;"}]},{"@type":"WebSite","@id":"https:\/\/mabawater.com\/#website","url":"https:\/\/mabawater.com\/","name":"Maba Water","description":"Soluciones Hidr\u00e1ulicas Sustentables","publisher":{"@id":"https:\/\/mabawater.com\/#organization"},"potentialAction":[{"@type":"SearchAction","target":{"@type":"EntryPoint","urlTemplate":"https:\/\/mabawater.com\/?s={search_term_string}"},"query-input":{"@type":"PropertyValueSpecification","valueRequired":true,"valueName":"search_term_string"}}],"inLanguage":"en-US"},{"@type":"Organization","@id":"https:\/\/mabawater.com\/#organization","name":"Maba Water","url":"https:\/\/mabawater.com\/","logo":{"@type":"ImageObject","inLanguage":"en-US","@id":"https:\/\/mabawater.com\/#\/schema\/logo\/image\/","url":"https:\/\/mabawater.com\/wp-content\/uploads\/2021\/09\/water-icon.png","contentUrl":"https:\/\/mabawater.com\/wp-content\/uploads\/2021\/09\/water-icon.png","width":410,"height":176,"caption":"Maba Water"},"image":{"@id":"https:\/\/mabawater.com\/#\/schema\/logo\/image\/"},"sameAs":["https:\/\/www.facebook.com\/mabawater\/","https:\/\/www.instagram.com\/mabawater\/?hl=es-la"]}]}},"_links":{"self":[{"href":"https:\/\/mabawater.com\/en\/wp-json\/wp\/v2\/product\/17696","targetHints":{"allow":["GET"]}}],"collection":[{"href":"https:\/\/mabawater.com\/en\/wp-json\/wp\/v2\/product"}],"about":[{"href":"https:\/\/mabawater.com\/en\/wp-json\/wp\/v2\/types\/product"}],"replies":[{"embeddable":true,"href":"https:\/\/mabawater.com\/en\/wp-json\/wp\/v2\/comments?post=17696"}],"version-history":[{"count":4,"href":"https:\/\/mabawater.com\/en\/wp-json\/wp\/v2\/product\/17696\/revisions"}],"predecessor-version":[{"id":21492,"href":"https:\/\/mabawater.com\/en\/wp-json\/wp\/v2\/product\/17696\/revisions\/21492"}],"wp:featuredmedia":[{"embeddable":true,"href":"https:\/\/mabawater.com\/en\/wp-json\/wp\/v2\/media\/17699"}],"wp:attachment":[{"href":"https:\/\/mabawater.com\/en\/wp-json\/wp\/v2\/media?parent=17696"}],"wp:term":[{"taxonomy":"product_brand","embeddable":true,"href":"https:\/\/mabawater.com\/en\/wp-json\/wp\/v2\/product_brand?post=17696"},{"taxonomy":"product_cat","embeddable":true,"href":"https:\/\/mabawater.com\/en\/wp-json\/wp\/v2\/product_cat?post=17696"},{"taxonomy":"product_tag","embeddable":true,"href":"https:\/\/mabawater.com\/en\/wp-json\/wp\/v2\/product_tag?post=17696"}],"curies":[{"name":"wp","href":"https:\/\/api.w.org\/{rel}","templated":true}]}}