{"id":18127,"date":"2022-07-19T17:06:32","date_gmt":"2022-07-19T17:06:32","guid":{"rendered":"https:\/\/mabawater.com\/?post_type=product&#038;p=18127"},"modified":"2022-07-19T17:09:57","modified_gmt":"2022-07-19T17:09:57","slug":"motobomba-multietapas-horizontal-altamira-serie-lotus-100-lpm-4-etapas-1-2-hp-1-fase-127-volts","status":"publish","type":"product","link":"https:\/\/mabawater.com\/en\/product\/motobomba-multietapas-horizontal-altamira-serie-lotus-100-lpm-4-etapas-1-2-hp-1-fase-127-volts\/","title":{"rendered":"Motobomba multietapas horizontal ALTAMIRA serie LOTUS, 100 lpm, 4 etapas, 1.2 HP, 1 fase, 127 volts"},"content":{"rendered":"<p>Motobomba multietapas horizontal ALTAMIRA serie LOTUS, 100 lpm, 4 etapas, 1.2 HP, 1 fase, 127 volts<\/p>\n<p>Descarga la ficha t\u00e9cnica <a href=\"https:\/\/mabawater.com\/wp-content\/uploads\/2022\/07\/FichaTecnica_lotus100.pdf\">aqu\u00ed<\/a><\/p>","protected":false},"excerpt":{"rendered":"<p>Motobomba multietapas horizontal ALTAMIRA serie LOTUS, 100 lpm, 4 etapas, 1.2 HP, 1 fase, 127 volts<\/p>\n<p>Las motobombas serie LOTUS est\u00e1n dise\u00f1adas con un cuerpo hidr\u00e1ulico construido completamente en acero inoxidable.<\/p>\n<p>Ofreciendo una soluci\u00f3n confiable y eficiente en las aplicaciones donde se requiere que el agua no tenga contacto con materiales sujetos a oxidaci\u00f3n.<\/p>","protected":false},"featured_media":18120,"comment_status":"open","ping_status":"closed","template":"","meta":[],"product_brand":[],"product_cat":[146,160],"product_tag":[365,338,198,476],"class_list":{"0":"post-18127","1":"product","2":"type-product","3":"status-publish","4":"has-post-thumbnail","6":"product_cat-bombeo","7":"product_cat-industrial-y-multietapas","8":"product_tag-127v","9":"product_tag-4-etapas","10":"product_tag-altamira","11":"product_tag-motobomba-multietapas","13":"first","14":"onbackorder","15":"shipping-taxable","16":"product-type-simple"},"yoast_head":"<!-- This site is optimized with the Yoast SEO plugin v26.6 - https:\/\/yoast.com\/wordpress\/plugins\/seo\/ -->\n<title>Motobomba multietapas horizontal ALTAMIRA serie LOTUS, 100 lpm, 4 etapas, 1.2 HP, 1 fase, 127 volts<\/title>\n<meta name=\"description\" content=\"Variador de frecuencia con tecnolog\u00eda BOOSTER, HIDROCONTROL WATER DRIVE, 1F 230v, para motobomba 1F, 230v, 8A\" \/>\n<meta name=\"robots\" content=\"index, follow, max-snippet:-1, max-image-preview:large, max-video-preview:-1\" \/>\n<link rel=\"canonical\" href=\"https:\/\/mabawater.com\/en\/product\/motobomba-multietapas-horizontal-altamira-serie-lotus-100-lpm-4-etapas-1-2-hp-1-fase-127-volts\/\" \/>\n<meta property=\"og:locale\" content=\"en_US\" \/>\n<meta property=\"og:type\" content=\"article\" \/>\n<meta property=\"og:title\" content=\"Motobomba multietapas horizontal ALTAMIRA serie LOTUS, 100 lpm, 4 etapas, 1.2 HP, 1 fase, 127 volts\" \/>\n<meta property=\"og:description\" content=\"Variador de frecuencia con tecnolog\u00eda BOOSTER, HIDROCONTROL WATER DRIVE, 1F 230v, para motobomba 1F, 230v, 8A\" \/>\n<meta property=\"og:url\" content=\"https:\/\/mabawater.com\/en\/product\/motobomba-multietapas-horizontal-altamira-serie-lotus-100-lpm-4-etapas-1-2-hp-1-fase-127-volts\/\" \/>\n<meta property=\"og:site_name\" content=\"Maba Water\" \/>\n<meta property=\"article:publisher\" content=\"https:\/\/www.facebook.com\/mabawater\/\" \/>\n<meta property=\"article:modified_time\" content=\"2022-07-19T17:09:57+00:00\" \/>\n<meta property=\"og:image\" content=\"https:\/\/mabawater.com\/wp-content\/uploads\/2022\/07\/lotus100.jpg\" \/>\n\t<meta property=\"og:image:width\" content=\"1000\" \/>\n\t<meta property=\"og:image:height\" content=\"1000\" \/>\n\t<meta property=\"og:image:type\" content=\"image\/jpeg\" \/>\n<meta name=\"twitter:card\" content=\"summary_large_image\" \/>\n<meta name=\"twitter:label1\" content=\"Est. reading time\" \/>\n\t<meta name=\"twitter:data1\" content=\"1 minute\" \/>\n<!-- \/ Yoast SEO plugin. -->","yoast_head_json":{"title":"Motobomba multietapas horizontal ALTAMIRA serie LOTUS, 100 lpm, 4 etapas, 1.2 HP, 1 fase, 127 volts","description":"Variador de frecuencia con tecnolog\u00eda BOOSTER, HIDROCONTROL WATER DRIVE, 1F 230v, para motobomba 1F, 230v, 8A","robots":{"index":"index","follow":"follow","max-snippet":"max-snippet:-1","max-image-preview":"max-image-preview:large","max-video-preview":"max-video-preview:-1"},"canonical":"https:\/\/mabawater.com\/en\/product\/motobomba-multietapas-horizontal-altamira-serie-lotus-100-lpm-4-etapas-1-2-hp-1-fase-127-volts\/","og_locale":"en_US","og_type":"article","og_title":"Motobomba multietapas horizontal ALTAMIRA serie LOTUS, 100 lpm, 4 etapas, 1.2 HP, 1 fase, 127 volts","og_description":"Variador de frecuencia con tecnolog\u00eda BOOSTER, HIDROCONTROL WATER DRIVE, 1F 230v, para motobomba 1F, 230v, 8A","og_url":"https:\/\/mabawater.com\/en\/product\/motobomba-multietapas-horizontal-altamira-serie-lotus-100-lpm-4-etapas-1-2-hp-1-fase-127-volts\/","og_site_name":"Maba Water","article_publisher":"https:\/\/www.facebook.com\/mabawater\/","article_modified_time":"2022-07-19T17:09:57+00:00","og_image":[{"width":1000,"height":1000,"url":"https:\/\/mabawater.com\/wp-content\/uploads\/2022\/07\/lotus100.jpg","type":"image\/jpeg"}],"twitter_card":"summary_large_image","twitter_misc":{"Est. reading time":"1 minute"},"schema":{"@context":"https:\/\/schema.org","@graph":[{"@type":"WebPage","@id":"https:\/\/mabawater.com\/producto\/motobomba-multietapas-horizontal-altamira-serie-lotus-100-lpm-4-etapas-1-2-hp-1-fase-127-volts\/","url":"https:\/\/mabawater.com\/producto\/motobomba-multietapas-horizontal-altamira-serie-lotus-100-lpm-4-etapas-1-2-hp-1-fase-127-volts\/","name":"Motobomba multietapas horizontal ALTAMIRA serie LOTUS, 100 lpm, 4 etapas, 1.2 HP, 1 fase, 127 volts","isPartOf":{"@id":"https:\/\/mabawater.com\/#website"},"primaryImageOfPage":{"@id":"https:\/\/mabawater.com\/producto\/motobomba-multietapas-horizontal-altamira-serie-lotus-100-lpm-4-etapas-1-2-hp-1-fase-127-volts\/#primaryimage"},"image":{"@id":"https:\/\/mabawater.com\/producto\/motobomba-multietapas-horizontal-altamira-serie-lotus-100-lpm-4-etapas-1-2-hp-1-fase-127-volts\/#primaryimage"},"thumbnailUrl":"https:\/\/mabawater.com\/wp-content\/uploads\/2022\/07\/lotus100.jpg","datePublished":"2022-07-19T17:06:32+00:00","dateModified":"2022-07-19T17:09:57+00:00","description":"Variador de frecuencia con tecnolog\u00eda BOOSTER, HIDROCONTROL WATER DRIVE, 1F 230v, para motobomba 1F, 230v, 8A","breadcrumb":{"@id":"https:\/\/mabawater.com\/producto\/motobomba-multietapas-horizontal-altamira-serie-lotus-100-lpm-4-etapas-1-2-hp-1-fase-127-volts\/#breadcrumb"},"inLanguage":"en-US","potentialAction":[{"@type":"ReadAction","target":["https:\/\/mabawater.com\/producto\/motobomba-multietapas-horizontal-altamira-serie-lotus-100-lpm-4-etapas-1-2-hp-1-fase-127-volts\/"]}]},{"@type":"ImageObject","inLanguage":"en-US","@id":"https:\/\/mabawater.com\/producto\/motobomba-multietapas-horizontal-altamira-serie-lotus-100-lpm-4-etapas-1-2-hp-1-fase-127-volts\/#primaryimage","url":"https:\/\/mabawater.com\/wp-content\/uploads\/2022\/07\/lotus100.jpg","contentUrl":"https:\/\/mabawater.com\/wp-content\/uploads\/2022\/07\/lotus100.jpg","width":1000,"height":1000},{"@type":"BreadcrumbList","@id":"https:\/\/mabawater.com\/producto\/motobomba-multietapas-horizontal-altamira-serie-lotus-100-lpm-4-etapas-1-2-hp-1-fase-127-volts\/#breadcrumb","itemListElement":[{"@type":"ListItem","position":1,"name":"Portada","item":"https:\/\/mabawater.com\/"},{"@type":"ListItem","position":2,"name":"Productos Para La Calidad Del Agua","item":"https:\/\/mabawater.com\/productos-para-la-calidad-del-agua\/"},{"@type":"ListItem","position":3,"name":"Motobomba multietapas horizontal ALTAMIRA serie LOTUS, 100 lpm, 4 etapas, 1.2 HP, 1 fase, 127 volts"}]},{"@type":"WebSite","@id":"https:\/\/mabawater.com\/#website","url":"https:\/\/mabawater.com\/","name":"Maba Water","description":"Soluciones Hidr\u00e1ulicas Sustentables","publisher":{"@id":"https:\/\/mabawater.com\/#organization"},"potentialAction":[{"@type":"SearchAction","target":{"@type":"EntryPoint","urlTemplate":"https:\/\/mabawater.com\/?s={search_term_string}"},"query-input":{"@type":"PropertyValueSpecification","valueRequired":true,"valueName":"search_term_string"}}],"inLanguage":"en-US"},{"@type":"Organization","@id":"https:\/\/mabawater.com\/#organization","name":"Maba Water","url":"https:\/\/mabawater.com\/","logo":{"@type":"ImageObject","inLanguage":"en-US","@id":"https:\/\/mabawater.com\/#\/schema\/logo\/image\/","url":"https:\/\/mabawater.com\/wp-content\/uploads\/2021\/09\/water-icon.png","contentUrl":"https:\/\/mabawater.com\/wp-content\/uploads\/2021\/09\/water-icon.png","width":410,"height":176,"caption":"Maba Water"},"image":{"@id":"https:\/\/mabawater.com\/#\/schema\/logo\/image\/"},"sameAs":["https:\/\/www.facebook.com\/mabawater\/","https:\/\/www.instagram.com\/mabawater\/?hl=es-la"]}]}},"_links":{"self":[{"href":"https:\/\/mabawater.com\/en\/wp-json\/wp\/v2\/product\/18127","targetHints":{"allow":["GET"]}}],"collection":[{"href":"https:\/\/mabawater.com\/en\/wp-json\/wp\/v2\/product"}],"about":[{"href":"https:\/\/mabawater.com\/en\/wp-json\/wp\/v2\/types\/product"}],"replies":[{"embeddable":true,"href":"https:\/\/mabawater.com\/en\/wp-json\/wp\/v2\/comments?post=18127"}],"version-history":[{"count":1,"href":"https:\/\/mabawater.com\/en\/wp-json\/wp\/v2\/product\/18127\/revisions"}],"predecessor-version":[{"id":18128,"href":"https:\/\/mabawater.com\/en\/wp-json\/wp\/v2\/product\/18127\/revisions\/18128"}],"wp:featuredmedia":[{"embeddable":true,"href":"https:\/\/mabawater.com\/en\/wp-json\/wp\/v2\/media\/18120"}],"wp:attachment":[{"href":"https:\/\/mabawater.com\/en\/wp-json\/wp\/v2\/media?parent=18127"}],"wp:term":[{"taxonomy":"product_brand","embeddable":true,"href":"https:\/\/mabawater.com\/en\/wp-json\/wp\/v2\/product_brand?post=18127"},{"taxonomy":"product_cat","embeddable":true,"href":"https:\/\/mabawater.com\/en\/wp-json\/wp\/v2\/product_cat?post=18127"},{"taxonomy":"product_tag","embeddable":true,"href":"https:\/\/mabawater.com\/en\/wp-json\/wp\/v2\/product_tag?post=18127"}],"curies":[{"name":"wp","href":"https:\/\/api.w.org\/{rel}","templated":true}]}}