{"id":18218,"date":"2022-07-20T17:19:08","date_gmt":"2022-07-20T17:19:08","guid":{"rendered":"https:\/\/mabawater.com\/producto\/motobomba-centrifuga-horizontal-monoblock-altamira-serie-flux-7lps-2-hp-1-fase-230-volts\/"},"modified":"2022-07-20T17:19:08","modified_gmt":"2022-07-20T17:19:08","slug":"motobomba-centrifuga-horizontal-monoblock-altamira-serie-flux-7lps-2-hp-1-fase-230-volts","status":"publish","type":"product","link":"https:\/\/mabawater.com\/en\/product\/motobomba-centrifuga-horizontal-monoblock-altamira-serie-flux-7lps-2-hp-1-fase-230-volts\/","title":{"rendered":"Motobomba centr\u00edfuga horizontal monoblock, ALTAMIRA, serie FLUX, 7lps, 2 HP, 1 fase, 230 volts"},"content":{"rendered":"<p>Motobomba centr\u00edfuga horizontal monoblock, ALTAMIRA, serie FLUX, 7lps, 2 HP, 1 fase, 230 volts <\/p>\n<p> Descarga la ficha t\u00e9cnica <a href=\"https:\/\/mabawater.com\/wp-content\/uploads\/2022\/07\/ft_ficha_tecnica-SERIE-FLUX.pdf\">aqu\u00ed<\/a><\/p>","protected":false},"excerpt":{"rendered":"<p>Motobomba centr\u00edfuga horizontal monoblock, ALTAMIRA, serie FLUX, 7lps, 2 HP, 1 fase, 230 volts<\/p>\n<p>Serie FLUX es una amplia gama de motobombas centr\u00edfugas horizontales monoetapa, construidas en acero inoxidable.<\/p>\n<p>Sus t\u00e9cnicas avanzadas de fabricaci\u00f3n junto con su dise\u00f1o vers\u00e1til, ofrecen una confiable soluci\u00f3n a la mayor\u00eda de necesidades en el mercado.<\/p>","protected":false},"featured_media":18197,"comment_status":"open","ping_status":"closed","template":"","meta":[],"product_brand":[],"product_cat":[160],"product_tag":[491,489,493,570,198,556,492,558,482,490,557,103,483,494],"class_list":{"0":"post-18218","1":"product","2":"type-product","3":"status-publish","4":"has-post-thumbnail","6":"product_cat-industrial-y-multietapas","7":"product_tag-491","8":"product_tag-489","9":"product_tag-493","10":"product_tag-7lps","11":"product_tag-altamira","12":"product_tag-centrifuga","13":"product_tag-fase","14":"product_tag-flux","15":"product_tag-horizontal","16":"product_tag-hp","17":"product_tag-monoblock","18":"product_tag-motobomba","19":"product_tag-serie","20":"product_tag-volts","22":"first","23":"instock","24":"shipping-taxable","25":"product-type-simple"},"yoast_head":"<!-- This site is optimized with the Yoast SEO plugin v26.6 - https:\/\/yoast.com\/wordpress\/plugins\/seo\/ -->\n<title>Motobomba centr\u00edfuga horizontal monoblock, ALTAMIRA, serie FLUX, 7lps, 2 HP, 1 fase, 230 volts - Maba Water<\/title>\n<meta name=\"robots\" content=\"index, follow, max-snippet:-1, max-image-preview:large, max-video-preview:-1\" \/>\n<link rel=\"canonical\" href=\"https:\/\/mabawater.com\/en\/product\/motobomba-centrifuga-horizontal-monoblock-altamira-serie-flux-7lps-2-hp-1-fase-230-volts\/\" \/>\n<meta property=\"og:locale\" content=\"en_US\" \/>\n<meta property=\"og:type\" content=\"article\" \/>\n<meta property=\"og:title\" content=\"Motobomba centr\u00edfuga horizontal monoblock, ALTAMIRA, serie FLUX, 7lps, 2 HP, 1 fase, 230 volts - Maba Water\" \/>\n<meta property=\"og:description\" content=\"Motobomba centr\u00edfuga horizontal monoblock, ALTAMIRA, serie FLUX, 7lps, 2 HP, 1 fase, 230 volts  Serie FLUX es una amplia gama de motobombas centr\u00edfugas horizontales monoetapa, construidas en acero inoxidable. Sus t\u00e9cnicas avanzadas de fabricaci\u00f3n junto con su dise\u00f1o vers\u00e1til, ofrecen una confiable soluci\u00f3n a la mayor\u00eda de necesidades en el mercado.\" \/>\n<meta property=\"og:url\" content=\"https:\/\/mabawater.com\/en\/product\/motobomba-centrifuga-horizontal-monoblock-altamira-serie-flux-7lps-2-hp-1-fase-230-volts\/\" \/>\n<meta property=\"og:site_name\" content=\"Maba Water\" \/>\n<meta property=\"article:publisher\" content=\"https:\/\/www.facebook.com\/mabawater\/\" \/>\n<meta property=\"og:image\" content=\"https:\/\/mabawater.com\/wp-content\/uploads\/2022\/07\/flux12-25-3230.jpeg\" \/>\n\t<meta property=\"og:image:width\" content=\"1000\" \/>\n\t<meta property=\"og:image:height\" content=\"1000\" \/>\n\t<meta property=\"og:image:type\" content=\"image\/jpeg\" \/>\n<meta name=\"twitter:card\" content=\"summary_large_image\" \/>\n<!-- \/ Yoast SEO plugin. -->","yoast_head_json":{"title":"Motobomba centr\u00edfuga horizontal monoblock, ALTAMIRA, serie FLUX, 7lps, 2 HP, 1 fase, 230 volts - Maba Water","robots":{"index":"index","follow":"follow","max-snippet":"max-snippet:-1","max-image-preview":"max-image-preview:large","max-video-preview":"max-video-preview:-1"},"canonical":"https:\/\/mabawater.com\/en\/product\/motobomba-centrifuga-horizontal-monoblock-altamira-serie-flux-7lps-2-hp-1-fase-230-volts\/","og_locale":"en_US","og_type":"article","og_title":"Motobomba centr\u00edfuga horizontal monoblock, ALTAMIRA, serie FLUX, 7lps, 2 HP, 1 fase, 230 volts - Maba Water","og_description":"Motobomba centr\u00edfuga horizontal monoblock, ALTAMIRA, serie FLUX, 7lps, 2 HP, 1 fase, 230 volts  Serie FLUX es una amplia gama de motobombas centr\u00edfugas horizontales monoetapa, construidas en acero inoxidable. Sus t\u00e9cnicas avanzadas de fabricaci\u00f3n junto con su dise\u00f1o vers\u00e1til, ofrecen una confiable soluci\u00f3n a la mayor\u00eda de necesidades en el mercado.","og_url":"https:\/\/mabawater.com\/en\/product\/motobomba-centrifuga-horizontal-monoblock-altamira-serie-flux-7lps-2-hp-1-fase-230-volts\/","og_site_name":"Maba Water","article_publisher":"https:\/\/www.facebook.com\/mabawater\/","og_image":[{"width":1000,"height":1000,"url":"https:\/\/mabawater.com\/wp-content\/uploads\/2022\/07\/flux12-25-3230.jpeg","type":"image\/jpeg"}],"twitter_card":"summary_large_image","schema":{"@context":"https:\/\/schema.org","@graph":[{"@type":"WebPage","@id":"https:\/\/mabawater.com\/en\/product\/motobomba-centrifuga-horizontal-monoblock-altamira-serie-flux-7lps-2-hp-1-fase-230-volts\/","url":"https:\/\/mabawater.com\/en\/product\/motobomba-centrifuga-horizontal-monoblock-altamira-serie-flux-7lps-2-hp-1-fase-230-volts\/","name":"Motobomba centr\u00edfuga horizontal monoblock, ALTAMIRA, serie FLUX, 7lps, 2 HP, 1 fase, 230 volts - Maba Water","isPartOf":{"@id":"https:\/\/mabawater.com\/#website"},"primaryImageOfPage":{"@id":"https:\/\/mabawater.com\/en\/product\/motobomba-centrifuga-horizontal-monoblock-altamira-serie-flux-7lps-2-hp-1-fase-230-volts\/#primaryimage"},"image":{"@id":"https:\/\/mabawater.com\/en\/product\/motobomba-centrifuga-horizontal-monoblock-altamira-serie-flux-7lps-2-hp-1-fase-230-volts\/#primaryimage"},"thumbnailUrl":"https:\/\/mabawater.com\/wp-content\/uploads\/2022\/07\/flux12-25-3230.jpeg","datePublished":"2022-07-20T17:19:08+00:00","breadcrumb":{"@id":"https:\/\/mabawater.com\/en\/product\/motobomba-centrifuga-horizontal-monoblock-altamira-serie-flux-7lps-2-hp-1-fase-230-volts\/#breadcrumb"},"inLanguage":"en-US","potentialAction":[{"@type":"ReadAction","target":["https:\/\/mabawater.com\/en\/product\/motobomba-centrifuga-horizontal-monoblock-altamira-serie-flux-7lps-2-hp-1-fase-230-volts\/"]}]},{"@type":"ImageObject","inLanguage":"en-US","@id":"https:\/\/mabawater.com\/en\/product\/motobomba-centrifuga-horizontal-monoblock-altamira-serie-flux-7lps-2-hp-1-fase-230-volts\/#primaryimage","url":"https:\/\/mabawater.com\/wp-content\/uploads\/2022\/07\/flux12-25-3230.jpeg","contentUrl":"https:\/\/mabawater.com\/wp-content\/uploads\/2022\/07\/flux12-25-3230.jpeg","width":1000,"height":1000},{"@type":"BreadcrumbList","@id":"https:\/\/mabawater.com\/en\/product\/motobomba-centrifuga-horizontal-monoblock-altamira-serie-flux-7lps-2-hp-1-fase-230-volts\/#breadcrumb","itemListElement":[{"@type":"ListItem","position":1,"name":"Portada","item":"https:\/\/mabawater.com\/"},{"@type":"ListItem","position":2,"name":"Productos Para La Calidad Del Agua","item":"https:\/\/mabawater.com\/productos-para-la-calidad-del-agua\/"},{"@type":"ListItem","position":3,"name":"Motobomba centr\u00edfuga horizontal monoblock, ALTAMIRA, serie FLUX, 7lps, 2 HP, 1 fase, 230 volts"}]},{"@type":"WebSite","@id":"https:\/\/mabawater.com\/#website","url":"https:\/\/mabawater.com\/","name":"Maba Water","description":"Soluciones Hidr\u00e1ulicas Sustentables","publisher":{"@id":"https:\/\/mabawater.com\/#organization"},"potentialAction":[{"@type":"SearchAction","target":{"@type":"EntryPoint","urlTemplate":"https:\/\/mabawater.com\/?s={search_term_string}"},"query-input":{"@type":"PropertyValueSpecification","valueRequired":true,"valueName":"search_term_string"}}],"inLanguage":"en-US"},{"@type":"Organization","@id":"https:\/\/mabawater.com\/#organization","name":"Maba Water","url":"https:\/\/mabawater.com\/","logo":{"@type":"ImageObject","inLanguage":"en-US","@id":"https:\/\/mabawater.com\/#\/schema\/logo\/image\/","url":"https:\/\/mabawater.com\/wp-content\/uploads\/2021\/09\/water-icon.png","contentUrl":"https:\/\/mabawater.com\/wp-content\/uploads\/2021\/09\/water-icon.png","width":410,"height":176,"caption":"Maba Water"},"image":{"@id":"https:\/\/mabawater.com\/#\/schema\/logo\/image\/"},"sameAs":["https:\/\/www.facebook.com\/mabawater\/","https:\/\/www.instagram.com\/mabawater\/?hl=es-la"]}]}},"_links":{"self":[{"href":"https:\/\/mabawater.com\/en\/wp-json\/wp\/v2\/product\/18218","targetHints":{"allow":["GET"]}}],"collection":[{"href":"https:\/\/mabawater.com\/en\/wp-json\/wp\/v2\/product"}],"about":[{"href":"https:\/\/mabawater.com\/en\/wp-json\/wp\/v2\/types\/product"}],"replies":[{"embeddable":true,"href":"https:\/\/mabawater.com\/en\/wp-json\/wp\/v2\/comments?post=18218"}],"version-history":[{"count":0,"href":"https:\/\/mabawater.com\/en\/wp-json\/wp\/v2\/product\/18218\/revisions"}],"wp:featuredmedia":[{"embeddable":true,"href":"https:\/\/mabawater.com\/en\/wp-json\/wp\/v2\/media\/18197"}],"wp:attachment":[{"href":"https:\/\/mabawater.com\/en\/wp-json\/wp\/v2\/media?parent=18218"}],"wp:term":[{"taxonomy":"product_brand","embeddable":true,"href":"https:\/\/mabawater.com\/en\/wp-json\/wp\/v2\/product_brand?post=18218"},{"taxonomy":"product_cat","embeddable":true,"href":"https:\/\/mabawater.com\/en\/wp-json\/wp\/v2\/product_cat?post=18218"},{"taxonomy":"product_tag","embeddable":true,"href":"https:\/\/mabawater.com\/en\/wp-json\/wp\/v2\/product_tag?post=18218"}],"curies":[{"name":"wp","href":"https:\/\/api.w.org\/{rel}","templated":true}]}}