{"id":18265,"date":"2022-07-20T21:53:26","date_gmt":"2022-07-20T21:53:26","guid":{"rendered":"https:\/\/mabawater.com\/producto\/bomba-jet-tccv-myers-1-hp-1-60-115-230v\/"},"modified":"2022-07-20T21:53:26","modified_gmt":"2022-07-20T21:53:26","slug":"bomba-jet-tccv-myers-1-hp-1-60-115-230v","status":"publish","type":"product","link":"https:\/\/mabawater.com\/en\/product\/bomba-jet-tccv-myers-1-hp-1-60-115-230v\/","title":{"rendered":"BOMBA JET TCCV MYERS 1. HP 1\/60\/115-230V"},"content":{"rendered":"<p>BOMBA JET TCCV MYERS 1. HP 1\/60\/115-230V<\/p>","protected":false},"excerpt":{"rendered":"<p>BOMBA JET TCCV MYERS 1. HP 1\/60\/115-230V        <\/p>\n<p>La bomba es del tipo JET de alta velocidad de succi\u00f3n, para pozo somero (de baja profundidas). Se usa para bomear agua de cisternas, en sistemas de presi\u00f3n de instalaciones residenciales, en granjas y para jardiner\u00eda.<\/p>","protected":false},"featured_media":18222,"comment_status":"open","ping_status":"closed","template":"","meta":[],"product_brand":[],"product_cat":[93],"product_tag":[578,576,94,490,572,574,573],"class_list":{"0":"post-18265","1":"product","2":"type-product","3":"status-publish","4":"has-post-thumbnail","6":"product_cat-de-superficie","7":"product_tag-1-3","8":"product_tag-1-60-115-230v","9":"product_tag-bomba","10":"product_tag-hp","11":"product_tag-jet","12":"product_tag-myers","13":"product_tag-tccv","15":"first","16":"instock","17":"shipping-taxable","18":"product-type-simple"},"yoast_head":"<!-- This site is optimized with the Yoast SEO plugin v26.6 - https:\/\/yoast.com\/wordpress\/plugins\/seo\/ -->\n<title>BOMBA JET TCCV MYERS 1. HP 1\/60\/115-230V - Maba Water<\/title>\n<meta name=\"robots\" content=\"index, follow, max-snippet:-1, max-image-preview:large, max-video-preview:-1\" \/>\n<link rel=\"canonical\" href=\"https:\/\/mabawater.com\/en\/product\/bomba-jet-tccv-myers-1-hp-1-60-115-230v\/\" \/>\n<meta property=\"og:locale\" content=\"en_US\" \/>\n<meta property=\"og:type\" content=\"article\" \/>\n<meta property=\"og:title\" content=\"BOMBA JET TCCV MYERS 1. HP 1\/60\/115-230V - Maba Water\" \/>\n<meta property=\"og:description\" content=\"BOMBA JET TCCV MYERS 1. HP 1\/60\/115-230V      La bomba es del tipo JET de alta velocidad de succi\u00f3n, para pozo somero (de baja profundidas). Se usa para bomear agua de cisternas, en sistemas de presi\u00f3n de instalaciones residenciales, en granjas y para jardiner\u00eda.\" \/>\n<meta property=\"og:url\" content=\"https:\/\/mabawater.com\/en\/product\/bomba-jet-tccv-myers-1-hp-1-60-115-230v\/\" \/>\n<meta property=\"og:site_name\" content=\"Maba Water\" \/>\n<meta property=\"article:publisher\" content=\"https:\/\/www.facebook.com\/mabawater\/\" \/>\n<meta property=\"og:image\" content=\"https:\/\/mabawater.com\/wp-content\/uploads\/2022\/07\/QD50S-1.png\" \/>\n\t<meta property=\"og:image:width\" content=\"517\" \/>\n\t<meta property=\"og:image:height\" content=\"509\" \/>\n\t<meta property=\"og:image:type\" content=\"image\/png\" \/>\n<meta name=\"twitter:card\" content=\"summary_large_image\" \/>\n<!-- \/ Yoast SEO plugin. -->","yoast_head_json":{"title":"BOMBA JET TCCV MYERS 1. HP 1\/60\/115-230V - Maba Water","robots":{"index":"index","follow":"follow","max-snippet":"max-snippet:-1","max-image-preview":"max-image-preview:large","max-video-preview":"max-video-preview:-1"},"canonical":"https:\/\/mabawater.com\/en\/product\/bomba-jet-tccv-myers-1-hp-1-60-115-230v\/","og_locale":"en_US","og_type":"article","og_title":"BOMBA JET TCCV MYERS 1. HP 1\/60\/115-230V - Maba Water","og_description":"BOMBA JET TCCV MYERS 1. HP 1\/60\/115-230V      La bomba es del tipo JET de alta velocidad de succi\u00f3n, para pozo somero (de baja profundidas). Se usa para bomear agua de cisternas, en sistemas de presi\u00f3n de instalaciones residenciales, en granjas y para jardiner\u00eda.","og_url":"https:\/\/mabawater.com\/en\/product\/bomba-jet-tccv-myers-1-hp-1-60-115-230v\/","og_site_name":"Maba Water","article_publisher":"https:\/\/www.facebook.com\/mabawater\/","og_image":[{"width":517,"height":509,"url":"https:\/\/mabawater.com\/wp-content\/uploads\/2022\/07\/QD50S-1.png","type":"image\/png"}],"twitter_card":"summary_large_image","schema":{"@context":"https:\/\/schema.org","@graph":[{"@type":"WebPage","@id":"https:\/\/mabawater.com\/producto\/bomba-jet-tccv-myers-1-hp-1-60-115-230v\/","url":"https:\/\/mabawater.com\/producto\/bomba-jet-tccv-myers-1-hp-1-60-115-230v\/","name":"BOMBA JET TCCV MYERS 1. HP 1\/60\/115-230V - Maba Water","isPartOf":{"@id":"https:\/\/mabawater.com\/#website"},"primaryImageOfPage":{"@id":"https:\/\/mabawater.com\/producto\/bomba-jet-tccv-myers-1-hp-1-60-115-230v\/#primaryimage"},"image":{"@id":"https:\/\/mabawater.com\/producto\/bomba-jet-tccv-myers-1-hp-1-60-115-230v\/#primaryimage"},"thumbnailUrl":"https:\/\/mabawater.com\/wp-content\/uploads\/2022\/07\/QD50S-1.png","datePublished":"2022-07-20T21:53:26+00:00","breadcrumb":{"@id":"https:\/\/mabawater.com\/producto\/bomba-jet-tccv-myers-1-hp-1-60-115-230v\/#breadcrumb"},"inLanguage":"en-US","potentialAction":[{"@type":"ReadAction","target":["https:\/\/mabawater.com\/producto\/bomba-jet-tccv-myers-1-hp-1-60-115-230v\/"]}]},{"@type":"ImageObject","inLanguage":"en-US","@id":"https:\/\/mabawater.com\/producto\/bomba-jet-tccv-myers-1-hp-1-60-115-230v\/#primaryimage","url":"https:\/\/mabawater.com\/wp-content\/uploads\/2022\/07\/QD50S-1.png","contentUrl":"https:\/\/mabawater.com\/wp-content\/uploads\/2022\/07\/QD50S-1.png","width":517,"height":509},{"@type":"BreadcrumbList","@id":"https:\/\/mabawater.com\/producto\/bomba-jet-tccv-myers-1-hp-1-60-115-230v\/#breadcrumb","itemListElement":[{"@type":"ListItem","position":1,"name":"Portada","item":"https:\/\/mabawater.com\/"},{"@type":"ListItem","position":2,"name":"Productos Para La Calidad Del Agua","item":"https:\/\/mabawater.com\/productos-para-la-calidad-del-agua\/"},{"@type":"ListItem","position":3,"name":"BOMBA JET TCCV MYERS 1. HP 1\/60\/115-230V"}]},{"@type":"WebSite","@id":"https:\/\/mabawater.com\/#website","url":"https:\/\/mabawater.com\/","name":"Maba Water","description":"Soluciones Hidr\u00e1ulicas Sustentables","publisher":{"@id":"https:\/\/mabawater.com\/#organization"},"potentialAction":[{"@type":"SearchAction","target":{"@type":"EntryPoint","urlTemplate":"https:\/\/mabawater.com\/?s={search_term_string}"},"query-input":{"@type":"PropertyValueSpecification","valueRequired":true,"valueName":"search_term_string"}}],"inLanguage":"en-US"},{"@type":"Organization","@id":"https:\/\/mabawater.com\/#organization","name":"Maba Water","url":"https:\/\/mabawater.com\/","logo":{"@type":"ImageObject","inLanguage":"en-US","@id":"https:\/\/mabawater.com\/#\/schema\/logo\/image\/","url":"https:\/\/mabawater.com\/wp-content\/uploads\/2021\/09\/water-icon.png","contentUrl":"https:\/\/mabawater.com\/wp-content\/uploads\/2021\/09\/water-icon.png","width":410,"height":176,"caption":"Maba Water"},"image":{"@id":"https:\/\/mabawater.com\/#\/schema\/logo\/image\/"},"sameAs":["https:\/\/www.facebook.com\/mabawater\/","https:\/\/www.instagram.com\/mabawater\/?hl=es-la"]}]}},"_links":{"self":[{"href":"https:\/\/mabawater.com\/en\/wp-json\/wp\/v2\/product\/18265","targetHints":{"allow":["GET"]}}],"collection":[{"href":"https:\/\/mabawater.com\/en\/wp-json\/wp\/v2\/product"}],"about":[{"href":"https:\/\/mabawater.com\/en\/wp-json\/wp\/v2\/types\/product"}],"replies":[{"embeddable":true,"href":"https:\/\/mabawater.com\/en\/wp-json\/wp\/v2\/comments?post=18265"}],"version-history":[{"count":0,"href":"https:\/\/mabawater.com\/en\/wp-json\/wp\/v2\/product\/18265\/revisions"}],"wp:featuredmedia":[{"embeddable":true,"href":"https:\/\/mabawater.com\/en\/wp-json\/wp\/v2\/media\/18222"}],"wp:attachment":[{"href":"https:\/\/mabawater.com\/en\/wp-json\/wp\/v2\/media?parent=18265"}],"wp:term":[{"taxonomy":"product_brand","embeddable":true,"href":"https:\/\/mabawater.com\/en\/wp-json\/wp\/v2\/product_brand?post=18265"},{"taxonomy":"product_cat","embeddable":true,"href":"https:\/\/mabawater.com\/en\/wp-json\/wp\/v2\/product_cat?post=18265"},{"taxonomy":"product_tag","embeddable":true,"href":"https:\/\/mabawater.com\/en\/wp-json\/wp\/v2\/product_tag?post=18265"}],"curies":[{"name":"wp","href":"https:\/\/api.w.org\/{rel}","templated":true}]}}