{"id":18280,"date":"2022-07-20T21:53:27","date_gmt":"2022-07-20T21:53:27","guid":{"rendered":"https:\/\/mabawater.com\/producto\/bomba-cent-4h-2-0hp-1-5x1-25-2\/"},"modified":"2022-07-20T21:53:27","modified_gmt":"2022-07-20T21:53:27","slug":"bomba-cent-4h-2-0hp-1-5x1-25-2","status":"publish","type":"product","link":"https:\/\/mabawater.com\/en\/product\/bomba-cent-4h-2-0hp-1-5x1-25-2\/","title":{"rendered":"BOMBA CENT. 4H 2.0HP 1.5X1.25"},"content":{"rendered":"<p>BOMBA CENT. 4H 2.0HP 1.5X1.25 <\/p>\n<p>Descarga la ficha t\u00e9cnica <a href=\"https:\/\/mabawater.com\/wp-content\/uploads\/2022\/07\/4HME0200A.pdf\">aqu\u00ed<\/a><\/p>","protected":false},"excerpt":{"rendered":"<p>BOMBA CENT. 4H 2.0HP 1.5X1.25        <\/p>\n<p>La soluci\u00f3n para el abastecimiento de agua limpia en el hogar, departamentos, granjas peque\u00f1as,etc.<br \/>\nPara instalaci\u00f3n en cisterna y llenado de tinaco, desag\u00fce de fosas.<\/p>","protected":false},"featured_media":18235,"comment_status":"open","ping_status":"closed","template":"","meta":[],"product_brand":[],"product_cat":[93],"product_tag":[592,593,590,94,589],"class_list":{"0":"post-18280","1":"product","2":"type-product","3":"status-publish","4":"has-post-thumbnail","6":"product_cat-de-superficie","7":"product_tag-1-5x1-25","8":"product_tag-2-0hp","9":"product_tag-4h","10":"product_tag-bomba","11":"product_tag-cent","13":"first","14":"instock","15":"shipping-taxable","16":"product-type-simple"},"yoast_head":"<!-- This site is optimized with the Yoast SEO plugin v26.6 - https:\/\/yoast.com\/wordpress\/plugins\/seo\/ -->\n<title>BOMBA CENT. 4H 2.0HP 1.5X1.25 - Maba Water<\/title>\n<meta name=\"robots\" content=\"index, follow, max-snippet:-1, max-image-preview:large, max-video-preview:-1\" \/>\n<link rel=\"canonical\" href=\"https:\/\/mabawater.com\/en\/product\/bomba-cent-4h-2-0hp-1-5x1-25-2\/\" \/>\n<meta property=\"og:locale\" content=\"en_US\" \/>\n<meta property=\"og:type\" content=\"article\" \/>\n<meta property=\"og:title\" content=\"BOMBA CENT. 4H 2.0HP 1.5X1.25 - Maba Water\" \/>\n<meta property=\"og:description\" content=\"BOMBA CENT. 4H 2.0HP 1.5X1.25      La soluci\u00f3n para el abastecimiento de agua limpia en el hogar, departamentos, granjas peque\u00f1as,etc. Para instalaci\u00f3n en cisterna y llenado de tinaco, desag\u00fce de fosas.\" \/>\n<meta property=\"og:url\" content=\"https:\/\/mabawater.com\/en\/product\/bomba-cent-4h-2-0hp-1-5x1-25-2\/\" \/>\n<meta property=\"og:site_name\" content=\"Maba Water\" \/>\n<meta property=\"article:publisher\" content=\"https:\/\/www.facebook.com\/mabawater\/\" \/>\n<meta property=\"og:image\" content=\"https:\/\/mabawater.com\/wp-content\/uploads\/2022\/07\/Bombas_de_Superficie_EVANS_1HME025_1L_28.jpeg\" \/>\n\t<meta property=\"og:image:width\" content=\"500\" \/>\n\t<meta property=\"og:image:height\" content=\"500\" \/>\n\t<meta property=\"og:image:type\" content=\"image\/jpeg\" \/>\n<meta name=\"twitter:card\" content=\"summary_large_image\" \/>\n<!-- \/ Yoast SEO plugin. -->","yoast_head_json":{"title":"BOMBA CENT. 4H 2.0HP 1.5X1.25 - Maba Water","robots":{"index":"index","follow":"follow","max-snippet":"max-snippet:-1","max-image-preview":"max-image-preview:large","max-video-preview":"max-video-preview:-1"},"canonical":"https:\/\/mabawater.com\/en\/product\/bomba-cent-4h-2-0hp-1-5x1-25-2\/","og_locale":"en_US","og_type":"article","og_title":"BOMBA CENT. 4H 2.0HP 1.5X1.25 - Maba Water","og_description":"BOMBA CENT. 4H 2.0HP 1.5X1.25      La soluci\u00f3n para el abastecimiento de agua limpia en el hogar, departamentos, granjas peque\u00f1as,etc. Para instalaci\u00f3n en cisterna y llenado de tinaco, desag\u00fce de fosas.","og_url":"https:\/\/mabawater.com\/en\/product\/bomba-cent-4h-2-0hp-1-5x1-25-2\/","og_site_name":"Maba Water","article_publisher":"https:\/\/www.facebook.com\/mabawater\/","og_image":[{"width":500,"height":500,"url":"https:\/\/mabawater.com\/wp-content\/uploads\/2022\/07\/Bombas_de_Superficie_EVANS_1HME025_1L_28.jpeg","type":"image\/jpeg"}],"twitter_card":"summary_large_image","schema":{"@context":"https:\/\/schema.org","@graph":[{"@type":"WebPage","@id":"https:\/\/mabawater.com\/producto\/bomba-cent-4h-2-0hp-1-5x1-25-2\/","url":"https:\/\/mabawater.com\/producto\/bomba-cent-4h-2-0hp-1-5x1-25-2\/","name":"BOMBA CENT. 4H 2.0HP 1.5X1.25 - Maba Water","isPartOf":{"@id":"https:\/\/mabawater.com\/#website"},"primaryImageOfPage":{"@id":"https:\/\/mabawater.com\/producto\/bomba-cent-4h-2-0hp-1-5x1-25-2\/#primaryimage"},"image":{"@id":"https:\/\/mabawater.com\/producto\/bomba-cent-4h-2-0hp-1-5x1-25-2\/#primaryimage"},"thumbnailUrl":"https:\/\/mabawater.com\/wp-content\/uploads\/2022\/07\/Bombas_de_Superficie_EVANS_1HME025_1L_28.jpeg","datePublished":"2022-07-20T21:53:27+00:00","breadcrumb":{"@id":"https:\/\/mabawater.com\/producto\/bomba-cent-4h-2-0hp-1-5x1-25-2\/#breadcrumb"},"inLanguage":"en-US","potentialAction":[{"@type":"ReadAction","target":["https:\/\/mabawater.com\/producto\/bomba-cent-4h-2-0hp-1-5x1-25-2\/"]}]},{"@type":"ImageObject","inLanguage":"en-US","@id":"https:\/\/mabawater.com\/producto\/bomba-cent-4h-2-0hp-1-5x1-25-2\/#primaryimage","url":"https:\/\/mabawater.com\/wp-content\/uploads\/2022\/07\/Bombas_de_Superficie_EVANS_1HME025_1L_28.jpeg","contentUrl":"https:\/\/mabawater.com\/wp-content\/uploads\/2022\/07\/Bombas_de_Superficie_EVANS_1HME025_1L_28.jpeg","width":500,"height":500},{"@type":"BreadcrumbList","@id":"https:\/\/mabawater.com\/producto\/bomba-cent-4h-2-0hp-1-5x1-25-2\/#breadcrumb","itemListElement":[{"@type":"ListItem","position":1,"name":"Portada","item":"https:\/\/mabawater.com\/"},{"@type":"ListItem","position":2,"name":"Productos Para La Calidad Del Agua","item":"https:\/\/mabawater.com\/productos-para-la-calidad-del-agua\/"},{"@type":"ListItem","position":3,"name":"BOMBA CENT. 4H 2.0HP 1.5X1.25"}]},{"@type":"WebSite","@id":"https:\/\/mabawater.com\/#website","url":"https:\/\/mabawater.com\/","name":"Maba Water","description":"Soluciones Hidr\u00e1ulicas Sustentables","publisher":{"@id":"https:\/\/mabawater.com\/#organization"},"potentialAction":[{"@type":"SearchAction","target":{"@type":"EntryPoint","urlTemplate":"https:\/\/mabawater.com\/?s={search_term_string}"},"query-input":{"@type":"PropertyValueSpecification","valueRequired":true,"valueName":"search_term_string"}}],"inLanguage":"en-US"},{"@type":"Organization","@id":"https:\/\/mabawater.com\/#organization","name":"Maba Water","url":"https:\/\/mabawater.com\/","logo":{"@type":"ImageObject","inLanguage":"en-US","@id":"https:\/\/mabawater.com\/#\/schema\/logo\/image\/","url":"https:\/\/mabawater.com\/wp-content\/uploads\/2021\/09\/water-icon.png","contentUrl":"https:\/\/mabawater.com\/wp-content\/uploads\/2021\/09\/water-icon.png","width":410,"height":176,"caption":"Maba Water"},"image":{"@id":"https:\/\/mabawater.com\/#\/schema\/logo\/image\/"},"sameAs":["https:\/\/www.facebook.com\/mabawater\/","https:\/\/www.instagram.com\/mabawater\/?hl=es-la"]}]}},"_links":{"self":[{"href":"https:\/\/mabawater.com\/en\/wp-json\/wp\/v2\/product\/18280","targetHints":{"allow":["GET"]}}],"collection":[{"href":"https:\/\/mabawater.com\/en\/wp-json\/wp\/v2\/product"}],"about":[{"href":"https:\/\/mabawater.com\/en\/wp-json\/wp\/v2\/types\/product"}],"replies":[{"embeddable":true,"href":"https:\/\/mabawater.com\/en\/wp-json\/wp\/v2\/comments?post=18280"}],"version-history":[{"count":0,"href":"https:\/\/mabawater.com\/en\/wp-json\/wp\/v2\/product\/18280\/revisions"}],"wp:featuredmedia":[{"embeddable":true,"href":"https:\/\/mabawater.com\/en\/wp-json\/wp\/v2\/media\/18235"}],"wp:attachment":[{"href":"https:\/\/mabawater.com\/en\/wp-json\/wp\/v2\/media?parent=18280"}],"wp:term":[{"taxonomy":"product_brand","embeddable":true,"href":"https:\/\/mabawater.com\/en\/wp-json\/wp\/v2\/product_brand?post=18280"},{"taxonomy":"product_cat","embeddable":true,"href":"https:\/\/mabawater.com\/en\/wp-json\/wp\/v2\/product_cat?post=18280"},{"taxonomy":"product_tag","embeddable":true,"href":"https:\/\/mabawater.com\/en\/wp-json\/wp\/v2\/product_tag?post=18280"}],"curies":[{"name":"wp","href":"https:\/\/api.w.org\/{rel}","templated":true}]}}