{"id":18286,"date":"2022-07-20T21:53:27","date_gmt":"2022-07-20T21:53:27","guid":{"rendered":"https:\/\/mabawater.com\/producto\/motobomba-periferica-aqua-pak-serie-ap-basica-20-lpm-1-etapa-1-hp-1-fase-127-volts\/"},"modified":"2022-07-20T21:53:27","modified_gmt":"2022-07-20T21:53:27","slug":"motobomba-periferica-aqua-pak-serie-ap-basica-20-lpm-1-etapa-1-hp-1-fase-127-volts","status":"publish","type":"product","link":"https:\/\/mabawater.com\/en\/product\/motobomba-periferica-aqua-pak-serie-ap-basica-20-lpm-1-etapa-1-hp-1-fase-127-volts\/","title":{"rendered":"Motobomba perif\u00e9rica AQUA PAK serie AP, b\u00e1sica, 20 lpm, 1 etapa, 1 HP, 1 fase, 127 volts"},"content":{"rendered":"<p>Motobomba perif\u00e9rica AQUA PAK serie AP, b\u00e1sica, 20 lpm, 1 etapa, 1 HP, 1 fase, 127 volts <\/p>\n<p>Descarga la ficha t\u00e9cnica <a href=\"https:\/\/mabawater.com\/wp-content\/uploads\/2022\/07\/ft_ficha_tecnica-SERIE-AP.pdf\">aqu\u00ed<\/a><\/p>","protected":false},"excerpt":{"rendered":"<p>Motobomba perif\u00e9rica AQUA PAK serie AP, b\u00e1sica, 20 lpm, 1 etapa, 1 HP, 1 fase, 127 volts        <\/p>\n<p>Las motobombas de la serie AP cuentan con un impulsor de \u00e1labes perif\u00e9ricos para un flujo radial, tambi\u00e9n cuentan con un inserto anitibloqueo para un mayor desempe\u00f1o en bombeo de agua limpia.<\/p>","protected":false},"featured_media":18258,"comment_status":"open","ping_status":"closed","template":"","meta":[],"product_brand":[],"product_cat":[93],"product_tag":[491,504,598,596,521,597,599,492,490,486,103,522,595,483,494],"class_list":{"0":"post-18286","1":"product","2":"type-product","3":"status-publish","4":"has-post-thumbnail","6":"product_cat-de-superficie","7":"product_tag-491","8":"product_tag-504","9":"product_tag-598","10":"product_tag-ap","11":"product_tag-aqua","12":"product_tag-basica","13":"product_tag-etapa","14":"product_tag-fase","15":"product_tag-hp","16":"product_tag-lpm","17":"product_tag-motobomba","18":"product_tag-pak","19":"product_tag-periferica","20":"product_tag-serie","21":"product_tag-volts","23":"first","24":"instock","25":"shipping-taxable","26":"product-type-simple"},"yoast_head":"<!-- This site is optimized with the Yoast SEO plugin v26.6 - https:\/\/yoast.com\/wordpress\/plugins\/seo\/ -->\n<title>Motobomba perif\u00e9rica AQUA PAK serie AP, b\u00e1sica, 20 lpm, 1 etapa, 1 HP, 1 fase, 127 volts - Maba Water<\/title>\n<meta name=\"robots\" content=\"index, follow, max-snippet:-1, max-image-preview:large, max-video-preview:-1\" \/>\n<link rel=\"canonical\" href=\"https:\/\/mabawater.com\/en\/product\/motobomba-periferica-aqua-pak-serie-ap-basica-20-lpm-1-etapa-1-hp-1-fase-127-volts\/\" \/>\n<meta property=\"og:locale\" content=\"en_US\" \/>\n<meta property=\"og:type\" content=\"article\" \/>\n<meta property=\"og:title\" content=\"Motobomba perif\u00e9rica AQUA PAK serie AP, b\u00e1sica, 20 lpm, 1 etapa, 1 HP, 1 fase, 127 volts - Maba Water\" \/>\n<meta property=\"og:description\" content=\"Motobomba perif\u00e9rica AQUA PAK serie AP, b\u00e1sica, 20 lpm, 1 etapa, 1 HP, 1 fase, 127 volts      Las motobombas de la serie AP cuentan con un impulsor de \u00e1labes perif\u00e9ricos para un flujo radial, tambi\u00e9n cuentan con un inserto anitibloqueo para un mayor desempe\u00f1o en bombeo de agua limpia.\" \/>\n<meta property=\"og:url\" content=\"https:\/\/mabawater.com\/en\/product\/motobomba-periferica-aqua-pak-serie-ap-basica-20-lpm-1-etapa-1-hp-1-fase-127-volts\/\" \/>\n<meta property=\"og:site_name\" content=\"Maba Water\" \/>\n<meta property=\"article:publisher\" content=\"https:\/\/www.facebook.com\/mabawater\/\" \/>\n<meta property=\"og:image\" content=\"https:\/\/mabawater.com\/wp-content\/uploads\/2022\/07\/ap-10xb-1127-1000x1000-1.jpeg\" \/>\n\t<meta property=\"og:image:width\" content=\"1000\" \/>\n\t<meta property=\"og:image:height\" content=\"1000\" \/>\n\t<meta property=\"og:image:type\" content=\"image\/jpeg\" \/>\n<meta name=\"twitter:card\" content=\"summary_large_image\" \/>\n<!-- \/ Yoast SEO plugin. -->","yoast_head_json":{"title":"Motobomba perif\u00e9rica AQUA PAK serie AP, b\u00e1sica, 20 lpm, 1 etapa, 1 HP, 1 fase, 127 volts - Maba Water","robots":{"index":"index","follow":"follow","max-snippet":"max-snippet:-1","max-image-preview":"max-image-preview:large","max-video-preview":"max-video-preview:-1"},"canonical":"https:\/\/mabawater.com\/en\/product\/motobomba-periferica-aqua-pak-serie-ap-basica-20-lpm-1-etapa-1-hp-1-fase-127-volts\/","og_locale":"en_US","og_type":"article","og_title":"Motobomba perif\u00e9rica AQUA PAK serie AP, b\u00e1sica, 20 lpm, 1 etapa, 1 HP, 1 fase, 127 volts - Maba Water","og_description":"Motobomba perif\u00e9rica AQUA PAK serie AP, b\u00e1sica, 20 lpm, 1 etapa, 1 HP, 1 fase, 127 volts      Las motobombas de la serie AP cuentan con un impulsor de \u00e1labes perif\u00e9ricos para un flujo radial, tambi\u00e9n cuentan con un inserto anitibloqueo para un mayor desempe\u00f1o en bombeo de agua limpia.","og_url":"https:\/\/mabawater.com\/en\/product\/motobomba-periferica-aqua-pak-serie-ap-basica-20-lpm-1-etapa-1-hp-1-fase-127-volts\/","og_site_name":"Maba Water","article_publisher":"https:\/\/www.facebook.com\/mabawater\/","og_image":[{"width":1000,"height":1000,"url":"https:\/\/mabawater.com\/wp-content\/uploads\/2022\/07\/ap-10xb-1127-1000x1000-1.jpeg","type":"image\/jpeg"}],"twitter_card":"summary_large_image","schema":{"@context":"https:\/\/schema.org","@graph":[{"@type":"WebPage","@id":"https:\/\/mabawater.com\/producto\/motobomba-periferica-aqua-pak-serie-ap-basica-20-lpm-1-etapa-1-hp-1-fase-127-volts\/","url":"https:\/\/mabawater.com\/producto\/motobomba-periferica-aqua-pak-serie-ap-basica-20-lpm-1-etapa-1-hp-1-fase-127-volts\/","name":"Motobomba perif\u00e9rica AQUA PAK serie AP, b\u00e1sica, 20 lpm, 1 etapa, 1 HP, 1 fase, 127 volts - Maba Water","isPartOf":{"@id":"https:\/\/mabawater.com\/#website"},"primaryImageOfPage":{"@id":"https:\/\/mabawater.com\/producto\/motobomba-periferica-aqua-pak-serie-ap-basica-20-lpm-1-etapa-1-hp-1-fase-127-volts\/#primaryimage"},"image":{"@id":"https:\/\/mabawater.com\/producto\/motobomba-periferica-aqua-pak-serie-ap-basica-20-lpm-1-etapa-1-hp-1-fase-127-volts\/#primaryimage"},"thumbnailUrl":"https:\/\/mabawater.com\/wp-content\/uploads\/2022\/07\/ap-10xb-1127-1000x1000-1.jpeg","datePublished":"2022-07-20T21:53:27+00:00","breadcrumb":{"@id":"https:\/\/mabawater.com\/producto\/motobomba-periferica-aqua-pak-serie-ap-basica-20-lpm-1-etapa-1-hp-1-fase-127-volts\/#breadcrumb"},"inLanguage":"en-US","potentialAction":[{"@type":"ReadAction","target":["https:\/\/mabawater.com\/producto\/motobomba-periferica-aqua-pak-serie-ap-basica-20-lpm-1-etapa-1-hp-1-fase-127-volts\/"]}]},{"@type":"ImageObject","inLanguage":"en-US","@id":"https:\/\/mabawater.com\/producto\/motobomba-periferica-aqua-pak-serie-ap-basica-20-lpm-1-etapa-1-hp-1-fase-127-volts\/#primaryimage","url":"https:\/\/mabawater.com\/wp-content\/uploads\/2022\/07\/ap-10xb-1127-1000x1000-1.jpeg","contentUrl":"https:\/\/mabawater.com\/wp-content\/uploads\/2022\/07\/ap-10xb-1127-1000x1000-1.jpeg","width":1000,"height":1000},{"@type":"BreadcrumbList","@id":"https:\/\/mabawater.com\/producto\/motobomba-periferica-aqua-pak-serie-ap-basica-20-lpm-1-etapa-1-hp-1-fase-127-volts\/#breadcrumb","itemListElement":[{"@type":"ListItem","position":1,"name":"Portada","item":"https:\/\/mabawater.com\/"},{"@type":"ListItem","position":2,"name":"Productos Para La Calidad Del Agua","item":"https:\/\/mabawater.com\/productos-para-la-calidad-del-agua\/"},{"@type":"ListItem","position":3,"name":"Motobomba perif\u00e9rica AQUA PAK serie AP, b\u00e1sica, 20 lpm, 1 etapa, 1 HP, 1 fase, 127 volts"}]},{"@type":"WebSite","@id":"https:\/\/mabawater.com\/#website","url":"https:\/\/mabawater.com\/","name":"Maba Water","description":"Soluciones Hidr\u00e1ulicas Sustentables","publisher":{"@id":"https:\/\/mabawater.com\/#organization"},"potentialAction":[{"@type":"SearchAction","target":{"@type":"EntryPoint","urlTemplate":"https:\/\/mabawater.com\/?s={search_term_string}"},"query-input":{"@type":"PropertyValueSpecification","valueRequired":true,"valueName":"search_term_string"}}],"inLanguage":"en-US"},{"@type":"Organization","@id":"https:\/\/mabawater.com\/#organization","name":"Maba Water","url":"https:\/\/mabawater.com\/","logo":{"@type":"ImageObject","inLanguage":"en-US","@id":"https:\/\/mabawater.com\/#\/schema\/logo\/image\/","url":"https:\/\/mabawater.com\/wp-content\/uploads\/2021\/09\/water-icon.png","contentUrl":"https:\/\/mabawater.com\/wp-content\/uploads\/2021\/09\/water-icon.png","width":410,"height":176,"caption":"Maba Water"},"image":{"@id":"https:\/\/mabawater.com\/#\/schema\/logo\/image\/"},"sameAs":["https:\/\/www.facebook.com\/mabawater\/","https:\/\/www.instagram.com\/mabawater\/?hl=es-la"]}]}},"_links":{"self":[{"href":"https:\/\/mabawater.com\/en\/wp-json\/wp\/v2\/product\/18286","targetHints":{"allow":["GET"]}}],"collection":[{"href":"https:\/\/mabawater.com\/en\/wp-json\/wp\/v2\/product"}],"about":[{"href":"https:\/\/mabawater.com\/en\/wp-json\/wp\/v2\/types\/product"}],"replies":[{"embeddable":true,"href":"https:\/\/mabawater.com\/en\/wp-json\/wp\/v2\/comments?post=18286"}],"version-history":[{"count":0,"href":"https:\/\/mabawater.com\/en\/wp-json\/wp\/v2\/product\/18286\/revisions"}],"wp:featuredmedia":[{"embeddable":true,"href":"https:\/\/mabawater.com\/en\/wp-json\/wp\/v2\/media\/18258"}],"wp:attachment":[{"href":"https:\/\/mabawater.com\/en\/wp-json\/wp\/v2\/media?parent=18286"}],"wp:term":[{"taxonomy":"product_brand","embeddable":true,"href":"https:\/\/mabawater.com\/en\/wp-json\/wp\/v2\/product_brand?post=18286"},{"taxonomy":"product_cat","embeddable":true,"href":"https:\/\/mabawater.com\/en\/wp-json\/wp\/v2\/product_cat?post=18286"},{"taxonomy":"product_tag","embeddable":true,"href":"https:\/\/mabawater.com\/en\/wp-json\/wp\/v2\/product_tag?post=18286"}],"curies":[{"name":"wp","href":"https:\/\/api.w.org\/{rel}","templated":true}]}}