{"id":18383,"date":"2022-07-21T16:11:57","date_gmt":"2022-07-21T16:11:57","guid":{"rendered":"https:\/\/mabawater.com\/producto\/eq-riego-autocebante-5-0hp-3x3\/"},"modified":"2022-07-21T16:11:57","modified_gmt":"2022-07-21T16:11:57","slug":"eq-riego-autocebante-5-0hp-3x3","status":"publish","type":"product","link":"https:\/\/mabawater.com\/en\/product\/eq-riego-autocebante-5-0hp-3x3\/","title":{"rendered":"EQ RIEGO AUTOCEBANTE 5.0HP 3X3"},"content":{"rendered":"<p>EQ RIEGO AUTOCEBANTE 5.0HP 3X3 <\/p>\n<p> Descarga la ficha t\u00e9cnica <a href=\"https:\/\/mabawater.com\/wp-content\/uploads\/2022\/07\/FichaTecnica_AC3ME500.pdf\">aqu\u00ed<\/a><\/p>","protected":false},"excerpt":{"rendered":"<p>EQ RIEGO AUTOCEBANTE 5.0HP 3X3 <\/p>\n<p>Transferencia de agua con paso de s\u00f3lidos en suspensi\u00f3n. <\/p>\n<p>Ideal para drenado de zangas, desag\u00fce de inundaciones, transferencia total de agua.<\/p>","protected":false},"featured_media":18298,"comment_status":"open","ping_status":"closed","template":"","meta":[],"product_brand":[],"product_cat":[613],"product_tag":[617,325,615,614],"class_list":{"0":"post-18383","1":"product","2":"type-product","3":"status-publish","4":"has-post-thumbnail","6":"product_cat-bombas-de-riego","7":"product_tag-3x3","8":"product_tag-5-hp","9":"product_tag-bomba-autocebante","10":"product_tag-equipo-de-riego","12":"first","13":"instock","14":"shipping-taxable","15":"product-type-simple"},"yoast_head":"<!-- This site is optimized with the Yoast SEO plugin v26.6 - https:\/\/yoast.com\/wordpress\/plugins\/seo\/ -->\n<title>EQ RIEGO AUTOCEBANTE 5.0HP 3X3 - Maba Water<\/title>\n<meta name=\"robots\" content=\"index, follow, max-snippet:-1, max-image-preview:large, max-video-preview:-1\" \/>\n<link rel=\"canonical\" href=\"https:\/\/mabawater.com\/en\/product\/eq-riego-autocebante-5-0hp-3x3\/\" \/>\n<meta property=\"og:locale\" content=\"en_US\" \/>\n<meta property=\"og:type\" content=\"article\" \/>\n<meta property=\"og:title\" content=\"EQ RIEGO AUTOCEBANTE 5.0HP 3X3 - Maba Water\" \/>\n<meta property=\"og:description\" content=\"EQ RIEGO AUTOCEBANTE 5.0HP 3X3  Transferencia de agua con paso de s\u00f3lidos en suspensi\u00f3n.   Ideal para drenado de zangas, desag\u00fce de inundaciones, transferencia total de agua.\" \/>\n<meta property=\"og:url\" content=\"https:\/\/mabawater.com\/en\/product\/eq-riego-autocebante-5-0hp-3x3\/\" \/>\n<meta property=\"og:site_name\" content=\"Maba Water\" \/>\n<meta property=\"article:publisher\" content=\"https:\/\/www.facebook.com\/mabawater\/\" \/>\n<meta property=\"og:image\" content=\"https:\/\/mabawater.com\/wp-content\/uploads\/2022\/07\/Bombas_de_Superficie_EVANS_AC3ME500_1L_6.jpeg\" \/>\n\t<meta property=\"og:image:width\" content=\"500\" \/>\n\t<meta property=\"og:image:height\" content=\"500\" \/>\n\t<meta property=\"og:image:type\" content=\"image\/jpeg\" \/>\n<meta name=\"twitter:card\" content=\"summary_large_image\" \/>\n<!-- \/ Yoast SEO plugin. -->","yoast_head_json":{"title":"EQ RIEGO AUTOCEBANTE 5.0HP 3X3 - Maba Water","robots":{"index":"index","follow":"follow","max-snippet":"max-snippet:-1","max-image-preview":"max-image-preview:large","max-video-preview":"max-video-preview:-1"},"canonical":"https:\/\/mabawater.com\/en\/product\/eq-riego-autocebante-5-0hp-3x3\/","og_locale":"en_US","og_type":"article","og_title":"EQ RIEGO AUTOCEBANTE 5.0HP 3X3 - Maba Water","og_description":"EQ RIEGO AUTOCEBANTE 5.0HP 3X3  Transferencia de agua con paso de s\u00f3lidos en suspensi\u00f3n.   Ideal para drenado de zangas, desag\u00fce de inundaciones, transferencia total de agua.","og_url":"https:\/\/mabawater.com\/en\/product\/eq-riego-autocebante-5-0hp-3x3\/","og_site_name":"Maba Water","article_publisher":"https:\/\/www.facebook.com\/mabawater\/","og_image":[{"width":500,"height":500,"url":"https:\/\/mabawater.com\/wp-content\/uploads\/2022\/07\/Bombas_de_Superficie_EVANS_AC3ME500_1L_6.jpeg","type":"image\/jpeg"}],"twitter_card":"summary_large_image","schema":{"@context":"https:\/\/schema.org","@graph":[{"@type":"WebPage","@id":"https:\/\/mabawater.com\/producto\/eq-riego-autocebante-5-0hp-3x3\/","url":"https:\/\/mabawater.com\/producto\/eq-riego-autocebante-5-0hp-3x3\/","name":"EQ RIEGO AUTOCEBANTE 5.0HP 3X3 - Maba Water","isPartOf":{"@id":"https:\/\/mabawater.com\/#website"},"primaryImageOfPage":{"@id":"https:\/\/mabawater.com\/producto\/eq-riego-autocebante-5-0hp-3x3\/#primaryimage"},"image":{"@id":"https:\/\/mabawater.com\/producto\/eq-riego-autocebante-5-0hp-3x3\/#primaryimage"},"thumbnailUrl":"https:\/\/mabawater.com\/wp-content\/uploads\/2022\/07\/Bombas_de_Superficie_EVANS_AC3ME500_1L_6.jpeg","datePublished":"2022-07-21T16:11:57+00:00","breadcrumb":{"@id":"https:\/\/mabawater.com\/producto\/eq-riego-autocebante-5-0hp-3x3\/#breadcrumb"},"inLanguage":"en-US","potentialAction":[{"@type":"ReadAction","target":["https:\/\/mabawater.com\/producto\/eq-riego-autocebante-5-0hp-3x3\/"]}]},{"@type":"ImageObject","inLanguage":"en-US","@id":"https:\/\/mabawater.com\/producto\/eq-riego-autocebante-5-0hp-3x3\/#primaryimage","url":"https:\/\/mabawater.com\/wp-content\/uploads\/2022\/07\/Bombas_de_Superficie_EVANS_AC3ME500_1L_6.jpeg","contentUrl":"https:\/\/mabawater.com\/wp-content\/uploads\/2022\/07\/Bombas_de_Superficie_EVANS_AC3ME500_1L_6.jpeg","width":500,"height":500},{"@type":"BreadcrumbList","@id":"https:\/\/mabawater.com\/producto\/eq-riego-autocebante-5-0hp-3x3\/#breadcrumb","itemListElement":[{"@type":"ListItem","position":1,"name":"Portada","item":"https:\/\/mabawater.com\/"},{"@type":"ListItem","position":2,"name":"Productos Para La Calidad Del Agua","item":"https:\/\/mabawater.com\/productos-para-la-calidad-del-agua\/"},{"@type":"ListItem","position":3,"name":"EQ RIEGO AUTOCEBANTE 5.0HP 3X3"}]},{"@type":"WebSite","@id":"https:\/\/mabawater.com\/#website","url":"https:\/\/mabawater.com\/","name":"Maba Water","description":"Soluciones Hidr\u00e1ulicas Sustentables","publisher":{"@id":"https:\/\/mabawater.com\/#organization"},"potentialAction":[{"@type":"SearchAction","target":{"@type":"EntryPoint","urlTemplate":"https:\/\/mabawater.com\/?s={search_term_string}"},"query-input":{"@type":"PropertyValueSpecification","valueRequired":true,"valueName":"search_term_string"}}],"inLanguage":"en-US"},{"@type":"Organization","@id":"https:\/\/mabawater.com\/#organization","name":"Maba Water","url":"https:\/\/mabawater.com\/","logo":{"@type":"ImageObject","inLanguage":"en-US","@id":"https:\/\/mabawater.com\/#\/schema\/logo\/image\/","url":"https:\/\/mabawater.com\/wp-content\/uploads\/2021\/09\/water-icon.png","contentUrl":"https:\/\/mabawater.com\/wp-content\/uploads\/2021\/09\/water-icon.png","width":410,"height":176,"caption":"Maba Water"},"image":{"@id":"https:\/\/mabawater.com\/#\/schema\/logo\/image\/"},"sameAs":["https:\/\/www.facebook.com\/mabawater\/","https:\/\/www.instagram.com\/mabawater\/?hl=es-la"]}]}},"_links":{"self":[{"href":"https:\/\/mabawater.com\/en\/wp-json\/wp\/v2\/product\/18383","targetHints":{"allow":["GET"]}}],"collection":[{"href":"https:\/\/mabawater.com\/en\/wp-json\/wp\/v2\/product"}],"about":[{"href":"https:\/\/mabawater.com\/en\/wp-json\/wp\/v2\/types\/product"}],"replies":[{"embeddable":true,"href":"https:\/\/mabawater.com\/en\/wp-json\/wp\/v2\/comments?post=18383"}],"version-history":[{"count":0,"href":"https:\/\/mabawater.com\/en\/wp-json\/wp\/v2\/product\/18383\/revisions"}],"wp:featuredmedia":[{"embeddable":true,"href":"https:\/\/mabawater.com\/en\/wp-json\/wp\/v2\/media\/18298"}],"wp:attachment":[{"href":"https:\/\/mabawater.com\/en\/wp-json\/wp\/v2\/media?parent=18383"}],"wp:term":[{"taxonomy":"product_brand","embeddable":true,"href":"https:\/\/mabawater.com\/en\/wp-json\/wp\/v2\/product_brand?post=18383"},{"taxonomy":"product_cat","embeddable":true,"href":"https:\/\/mabawater.com\/en\/wp-json\/wp\/v2\/product_cat?post=18383"},{"taxonomy":"product_tag","embeddable":true,"href":"https:\/\/mabawater.com\/en\/wp-json\/wp\/v2\/product_tag?post=18383"}],"curies":[{"name":"wp","href":"https:\/\/api.w.org\/{rel}","templated":true}]}}