{"id":18637,"date":"2022-07-22T22:47:20","date_gmt":"2022-07-22T22:47:20","guid":{"rendered":"https:\/\/mabawater.com\/producto\/bateria-sellada-connera-serie-batt-12-vcd-100-ah-plomo-acido-valvula-reguladora\/"},"modified":"2022-07-22T22:47:20","modified_gmt":"2022-07-22T22:47:20","slug":"bateria-sellada-connera-serie-batt-12-vcd-100-ah-plomo-acido-valvula-reguladora","status":"publish","type":"product","link":"https:\/\/mabawater.com\/en\/product\/bateria-sellada-connera-serie-batt-12-vcd-100-ah-plomo-acido-valvula-reguladora\/","title":{"rendered":"Bater\u00eda sellada CONNERA serie BATT, 12 Vcd, 100 AH, plomo-\u00e1cido, v\u00e1lvula reguladora"},"content":{"rendered":"<p>Bater\u00eda sellada CONNERA serie BATT, 12 Vcd, 100 AH, plomo-\u00e1cido, v\u00e1lvula reguladora<\/p>\n<p> Descarga la ficha t\u00e9cnica <a href=\"https:\/\/mabawater.com\/wp-content\/uploads\/2022\/07\/ft_ficha_tecnica_Bateria1_compressed.pdf\">aqu\u00ed<\/a><\/p>","protected":false},"excerpt":{"rendered":"<p>Bater\u00eda sellada CONNERA serie BATT, 12 Vcd, 100 AH, plomo-\u00e1cido, v\u00e1lvula reguladora<\/p>\n<p>CONNERA dentro de la serie BATT pone a su disposici\u00f3n dos modelos de bater\u00edas selladas y libres de mantenimiento para prop\u00f3sitos generales.<\/p>","protected":false},"featured_media":18508,"comment_status":"open","ping_status":"closed","template":"","meta":[],"product_brand":[],"product_cat":[733],"product_tag":[662,661,734,731,660],"class_list":{"0":"post-18637","1":"product","2":"type-product","3":"status-publish","4":"has-post-thumbnail","6":"product_cat-baterias-energia-renovable-celdas-solares-2","7":"product_tag-100-ah","8":"product_tag-12-vcd","9":"product_tag-bateria-sellada-connera","10":"product_tag-energia-renovable","11":"product_tag-serie-batt","13":"first","14":"instock","15":"shipping-taxable","16":"product-type-simple"},"yoast_head":"<!-- This site is optimized with the Yoast SEO plugin v26.6 - https:\/\/yoast.com\/wordpress\/plugins\/seo\/ -->\n<title>Bater\u00eda sellada CONNERA serie BATT, 12 Vcd, 100 AH, plomo-\u00e1cido, v\u00e1lvula reguladora - Maba Water<\/title>\n<meta name=\"robots\" content=\"index, follow, max-snippet:-1, max-image-preview:large, max-video-preview:-1\" \/>\n<link rel=\"canonical\" href=\"https:\/\/mabawater.com\/en\/product\/bateria-sellada-connera-serie-batt-12-vcd-100-ah-plomo-acido-valvula-reguladora\/\" \/>\n<meta property=\"og:locale\" content=\"en_US\" \/>\n<meta property=\"og:type\" content=\"article\" \/>\n<meta property=\"og:title\" content=\"Bater\u00eda sellada CONNERA serie BATT, 12 Vcd, 100 AH, plomo-\u00e1cido, v\u00e1lvula reguladora - Maba Water\" \/>\n<meta property=\"og:description\" content=\"Bater\u00eda sellada CONNERA serie BATT, 12 Vcd, 100 AH, plomo-\u00e1cido, v\u00e1lvula reguladora  CONNERA dentro de la serie BATT pone a su disposici\u00f3n dos modelos de bater\u00edas selladas y libres de mantenimiento para prop\u00f3sitos generales.\" \/>\n<meta property=\"og:url\" content=\"https:\/\/mabawater.com\/en\/product\/bateria-sellada-connera-serie-batt-12-vcd-100-ah-plomo-acido-valvula-reguladora\/\" \/>\n<meta property=\"og:site_name\" content=\"Maba Water\" \/>\n<meta property=\"article:publisher\" content=\"https:\/\/www.facebook.com\/mabawater\/\" \/>\n<meta property=\"og:image\" content=\"https:\/\/mabawater.com\/wp-content\/uploads\/2022\/07\/bateria-plomo-acido.jpeg\" \/>\n\t<meta property=\"og:image:width\" content=\"1000\" \/>\n\t<meta property=\"og:image:height\" content=\"1000\" \/>\n\t<meta property=\"og:image:type\" content=\"image\/jpeg\" \/>\n<meta name=\"twitter:card\" content=\"summary_large_image\" \/>\n<!-- \/ Yoast SEO plugin. -->","yoast_head_json":{"title":"Bater\u00eda sellada CONNERA serie BATT, 12 Vcd, 100 AH, plomo-\u00e1cido, v\u00e1lvula reguladora - Maba Water","robots":{"index":"index","follow":"follow","max-snippet":"max-snippet:-1","max-image-preview":"max-image-preview:large","max-video-preview":"max-video-preview:-1"},"canonical":"https:\/\/mabawater.com\/en\/product\/bateria-sellada-connera-serie-batt-12-vcd-100-ah-plomo-acido-valvula-reguladora\/","og_locale":"en_US","og_type":"article","og_title":"Bater\u00eda sellada CONNERA serie BATT, 12 Vcd, 100 AH, plomo-\u00e1cido, v\u00e1lvula reguladora - Maba Water","og_description":"Bater\u00eda sellada CONNERA serie BATT, 12 Vcd, 100 AH, plomo-\u00e1cido, v\u00e1lvula reguladora  CONNERA dentro de la serie BATT pone a su disposici\u00f3n dos modelos de bater\u00edas selladas y libres de mantenimiento para prop\u00f3sitos generales.","og_url":"https:\/\/mabawater.com\/en\/product\/bateria-sellada-connera-serie-batt-12-vcd-100-ah-plomo-acido-valvula-reguladora\/","og_site_name":"Maba Water","article_publisher":"https:\/\/www.facebook.com\/mabawater\/","og_image":[{"width":1000,"height":1000,"url":"https:\/\/mabawater.com\/wp-content\/uploads\/2022\/07\/bateria-plomo-acido.jpeg","type":"image\/jpeg"}],"twitter_card":"summary_large_image","schema":{"@context":"https:\/\/schema.org","@graph":[{"@type":"WebPage","@id":"https:\/\/mabawater.com\/producto\/bateria-sellada-connera-serie-batt-12-vcd-100-ah-plomo-acido-valvula-reguladora\/","url":"https:\/\/mabawater.com\/producto\/bateria-sellada-connera-serie-batt-12-vcd-100-ah-plomo-acido-valvula-reguladora\/","name":"Bater\u00eda sellada CONNERA serie BATT, 12 Vcd, 100 AH, plomo-\u00e1cido, v\u00e1lvula reguladora - Maba Water","isPartOf":{"@id":"https:\/\/mabawater.com\/#website"},"primaryImageOfPage":{"@id":"https:\/\/mabawater.com\/producto\/bateria-sellada-connera-serie-batt-12-vcd-100-ah-plomo-acido-valvula-reguladora\/#primaryimage"},"image":{"@id":"https:\/\/mabawater.com\/producto\/bateria-sellada-connera-serie-batt-12-vcd-100-ah-plomo-acido-valvula-reguladora\/#primaryimage"},"thumbnailUrl":"https:\/\/mabawater.com\/wp-content\/uploads\/2022\/07\/bateria-plomo-acido.jpeg","datePublished":"2022-07-22T22:47:20+00:00","breadcrumb":{"@id":"https:\/\/mabawater.com\/producto\/bateria-sellada-connera-serie-batt-12-vcd-100-ah-plomo-acido-valvula-reguladora\/#breadcrumb"},"inLanguage":"en-US","potentialAction":[{"@type":"ReadAction","target":["https:\/\/mabawater.com\/producto\/bateria-sellada-connera-serie-batt-12-vcd-100-ah-plomo-acido-valvula-reguladora\/"]}]},{"@type":"ImageObject","inLanguage":"en-US","@id":"https:\/\/mabawater.com\/producto\/bateria-sellada-connera-serie-batt-12-vcd-100-ah-plomo-acido-valvula-reguladora\/#primaryimage","url":"https:\/\/mabawater.com\/wp-content\/uploads\/2022\/07\/bateria-plomo-acido.jpeg","contentUrl":"https:\/\/mabawater.com\/wp-content\/uploads\/2022\/07\/bateria-plomo-acido.jpeg","width":1000,"height":1000},{"@type":"BreadcrumbList","@id":"https:\/\/mabawater.com\/producto\/bateria-sellada-connera-serie-batt-12-vcd-100-ah-plomo-acido-valvula-reguladora\/#breadcrumb","itemListElement":[{"@type":"ListItem","position":1,"name":"Portada","item":"https:\/\/mabawater.com\/"},{"@type":"ListItem","position":2,"name":"Productos Para La Calidad Del Agua","item":"https:\/\/mabawater.com\/productos-para-la-calidad-del-agua\/"},{"@type":"ListItem","position":3,"name":"Bater\u00eda sellada CONNERA serie BATT, 12 Vcd, 100 AH, plomo-\u00e1cido, v\u00e1lvula reguladora"}]},{"@type":"WebSite","@id":"https:\/\/mabawater.com\/#website","url":"https:\/\/mabawater.com\/","name":"Maba Water","description":"Soluciones Hidr\u00e1ulicas Sustentables","publisher":{"@id":"https:\/\/mabawater.com\/#organization"},"potentialAction":[{"@type":"SearchAction","target":{"@type":"EntryPoint","urlTemplate":"https:\/\/mabawater.com\/?s={search_term_string}"},"query-input":{"@type":"PropertyValueSpecification","valueRequired":true,"valueName":"search_term_string"}}],"inLanguage":"en-US"},{"@type":"Organization","@id":"https:\/\/mabawater.com\/#organization","name":"Maba Water","url":"https:\/\/mabawater.com\/","logo":{"@type":"ImageObject","inLanguage":"en-US","@id":"https:\/\/mabawater.com\/#\/schema\/logo\/image\/","url":"https:\/\/mabawater.com\/wp-content\/uploads\/2021\/09\/water-icon.png","contentUrl":"https:\/\/mabawater.com\/wp-content\/uploads\/2021\/09\/water-icon.png","width":410,"height":176,"caption":"Maba Water"},"image":{"@id":"https:\/\/mabawater.com\/#\/schema\/logo\/image\/"},"sameAs":["https:\/\/www.facebook.com\/mabawater\/","https:\/\/www.instagram.com\/mabawater\/?hl=es-la"]}]}},"_links":{"self":[{"href":"https:\/\/mabawater.com\/en\/wp-json\/wp\/v2\/product\/18637","targetHints":{"allow":["GET"]}}],"collection":[{"href":"https:\/\/mabawater.com\/en\/wp-json\/wp\/v2\/product"}],"about":[{"href":"https:\/\/mabawater.com\/en\/wp-json\/wp\/v2\/types\/product"}],"replies":[{"embeddable":true,"href":"https:\/\/mabawater.com\/en\/wp-json\/wp\/v2\/comments?post=18637"}],"version-history":[{"count":0,"href":"https:\/\/mabawater.com\/en\/wp-json\/wp\/v2\/product\/18637\/revisions"}],"wp:featuredmedia":[{"embeddable":true,"href":"https:\/\/mabawater.com\/en\/wp-json\/wp\/v2\/media\/18508"}],"wp:attachment":[{"href":"https:\/\/mabawater.com\/en\/wp-json\/wp\/v2\/media?parent=18637"}],"wp:term":[{"taxonomy":"product_brand","embeddable":true,"href":"https:\/\/mabawater.com\/en\/wp-json\/wp\/v2\/product_brand?post=18637"},{"taxonomy":"product_cat","embeddable":true,"href":"https:\/\/mabawater.com\/en\/wp-json\/wp\/v2\/product_cat?post=18637"},{"taxonomy":"product_tag","embeddable":true,"href":"https:\/\/mabawater.com\/en\/wp-json\/wp\/v2\/product_tag?post=18637"}],"curies":[{"name":"wp","href":"https:\/\/api.w.org\/{rel}","templated":true}]}}