{"id":18668,"date":"2022-07-22T22:47:24","date_gmt":"2022-07-22T22:47:24","guid":{"rendered":"https:\/\/mabawater.com\/producto\/desconectador-de-corriente-directa-connera-4-polos-1000-volts-32-a\/"},"modified":"2024-05-20T23:21:04","modified_gmt":"2024-05-20T23:21:04","slug":"desconectador-de-corriente-directa-connera-4-polos-1000-volts-32-a","status":"publish","type":"product","link":"https:\/\/mabawater.com\/en\/product\/desconectador-de-corriente-directa-connera-4-polos-1000-volts-32-a\/","title":{"rendered":"Desconectador de corriente directa, CONNERA, 4 polos, 1000 Volts, 32 A"},"content":{"rendered":"","protected":false},"excerpt":{"rendered":"<p><strong>Desconectador de corriente directa<\/strong>, CONNERA, 4 polos, 1000 Volts, 32 A<\/p>\n<p>Desconectador de 4 polos para corriente directa, ideal para la interrupci\u00f3n el\u00e9ctrica en sistemas fotovoltaicos dom\u00e9sticos e industriales.<\/p>\n<p><a href=\"https:\/\/mabawater.com\/wp-content\/uploads\/2022\/07\/ft_ficha_tecnica_shield.dc_.pdf\">Descarga la ficha t\u00e9cnica aqu\u00ed<\/a><\/p>","protected":false},"featured_media":24376,"comment_status":"open","ping_status":"closed","template":"","meta":[],"product_brand":[],"product_cat":[738],"product_tag":[],"class_list":{"0":"post-18668","1":"product","2":"type-product","3":"status-publish","4":"has-post-thumbnail","6":"product_cat-accesorios-y-refacciones-energia-renovable-celdas-solares-2","8":"first","9":"instock","10":"shipping-taxable","11":"product-type-simple"},"yoast_head":"<!-- This site is optimized with the Yoast SEO plugin v26.6 - https:\/\/yoast.com\/wordpress\/plugins\/seo\/ -->\n<title>Desconectador de corriente directa, CONNERA, 4 polos, 1000 Volts, 32 A - Maba Water<\/title>\n<meta name=\"description\" content=\"Desconectador de corriente directa, CONNERA, 4 polos, 1000 Volts, 32 A, ideal para la interrupci\u00f3n el\u00e9ctrica en sistemas fotovoltaicos\" \/>\n<meta name=\"robots\" content=\"index, follow, max-snippet:-1, max-image-preview:large, max-video-preview:-1\" \/>\n<link rel=\"canonical\" href=\"https:\/\/mabawater.com\/en\/product\/desconectador-de-corriente-directa-connera-4-polos-1000-volts-32-a\/\" \/>\n<meta property=\"og:locale\" content=\"en_US\" \/>\n<meta property=\"og:type\" content=\"article\" \/>\n<meta property=\"og:title\" content=\"Desconectador de corriente directa, CONNERA, 4 polos, 1000 Volts, 32 A - Maba Water\" \/>\n<meta property=\"og:description\" content=\"Desconectador de corriente directa, CONNERA, 4 polos, 1000 Volts, 32 A, ideal para la interrupci\u00f3n el\u00e9ctrica en sistemas fotovoltaicos\" \/>\n<meta property=\"og:url\" content=\"https:\/\/mabawater.com\/en\/product\/desconectador-de-corriente-directa-connera-4-polos-1000-volts-32-a\/\" \/>\n<meta property=\"og:site_name\" content=\"Maba Water\" \/>\n<meta property=\"article:publisher\" content=\"https:\/\/www.facebook.com\/mabawater\/\" \/>\n<meta property=\"article:modified_time\" content=\"2024-05-20T23:21:04+00:00\" \/>\n<meta property=\"og:image\" content=\"https:\/\/mabawater.com\/wp-content\/uploads\/2022\/07\/Desconectador-de-corriente-directa.png\" \/>\n\t<meta property=\"og:image:width\" content=\"676\" \/>\n\t<meta property=\"og:image:height\" content=\"676\" \/>\n\t<meta property=\"og:image:type\" content=\"image\/png\" \/>\n<meta name=\"twitter:card\" content=\"summary_large_image\" \/>\n<!-- \/ Yoast SEO plugin. -->","yoast_head_json":{"title":"Desconectador de corriente directa, CONNERA, 4 polos, 1000 Volts, 32 A - Maba Water","description":"Desconectador de corriente directa, CONNERA, 4 polos, 1000 Volts, 32 A, ideal para la interrupci\u00f3n el\u00e9ctrica en sistemas fotovoltaicos","robots":{"index":"index","follow":"follow","max-snippet":"max-snippet:-1","max-image-preview":"max-image-preview:large","max-video-preview":"max-video-preview:-1"},"canonical":"https:\/\/mabawater.com\/en\/product\/desconectador-de-corriente-directa-connera-4-polos-1000-volts-32-a\/","og_locale":"en_US","og_type":"article","og_title":"Desconectador de corriente directa, CONNERA, 4 polos, 1000 Volts, 32 A - Maba Water","og_description":"Desconectador de corriente directa, CONNERA, 4 polos, 1000 Volts, 32 A, ideal para la interrupci\u00f3n el\u00e9ctrica en sistemas fotovoltaicos","og_url":"https:\/\/mabawater.com\/en\/product\/desconectador-de-corriente-directa-connera-4-polos-1000-volts-32-a\/","og_site_name":"Maba Water","article_publisher":"https:\/\/www.facebook.com\/mabawater\/","article_modified_time":"2024-05-20T23:21:04+00:00","og_image":[{"width":676,"height":676,"url":"https:\/\/mabawater.com\/wp-content\/uploads\/2022\/07\/Desconectador-de-corriente-directa.png","type":"image\/png"}],"twitter_card":"summary_large_image","schema":{"@context":"https:\/\/schema.org","@graph":[{"@type":"WebPage","@id":"https:\/\/mabawater.com\/producto\/desconectador-de-corriente-directa-connera-4-polos-1000-volts-32-a\/","url":"https:\/\/mabawater.com\/producto\/desconectador-de-corriente-directa-connera-4-polos-1000-volts-32-a\/","name":"Desconectador de corriente directa, CONNERA, 4 polos, 1000 Volts, 32 A - Maba Water","isPartOf":{"@id":"https:\/\/mabawater.com\/#website"},"primaryImageOfPage":{"@id":"https:\/\/mabawater.com\/producto\/desconectador-de-corriente-directa-connera-4-polos-1000-volts-32-a\/#primaryimage"},"image":{"@id":"https:\/\/mabawater.com\/producto\/desconectador-de-corriente-directa-connera-4-polos-1000-volts-32-a\/#primaryimage"},"thumbnailUrl":"https:\/\/mabawater.com\/wp-content\/uploads\/2022\/07\/Desconectador-de-corriente-directa.png","datePublished":"2022-07-22T22:47:24+00:00","dateModified":"2024-05-20T23:21:04+00:00","description":"Desconectador de corriente directa, CONNERA, 4 polos, 1000 Volts, 32 A, ideal para la interrupci\u00f3n el\u00e9ctrica en sistemas fotovoltaicos","breadcrumb":{"@id":"https:\/\/mabawater.com\/producto\/desconectador-de-corriente-directa-connera-4-polos-1000-volts-32-a\/#breadcrumb"},"inLanguage":"en-US","potentialAction":[{"@type":"ReadAction","target":["https:\/\/mabawater.com\/producto\/desconectador-de-corriente-directa-connera-4-polos-1000-volts-32-a\/"]}]},{"@type":"ImageObject","inLanguage":"en-US","@id":"https:\/\/mabawater.com\/producto\/desconectador-de-corriente-directa-connera-4-polos-1000-volts-32-a\/#primaryimage","url":"https:\/\/mabawater.com\/wp-content\/uploads\/2022\/07\/Desconectador-de-corriente-directa.png","contentUrl":"https:\/\/mabawater.com\/wp-content\/uploads\/2022\/07\/Desconectador-de-corriente-directa.png","width":676,"height":676},{"@type":"BreadcrumbList","@id":"https:\/\/mabawater.com\/producto\/desconectador-de-corriente-directa-connera-4-polos-1000-volts-32-a\/#breadcrumb","itemListElement":[{"@type":"ListItem","position":1,"name":"Portada","item":"https:\/\/mabawater.com\/"},{"@type":"ListItem","position":2,"name":"Productos Para La Calidad Del Agua","item":"https:\/\/mabawater.com\/productos-para-la-calidad-del-agua\/"},{"@type":"ListItem","position":3,"name":"Desconectador de corriente directa, CONNERA, 4 polos, 1000 Volts, 32 A"}]},{"@type":"WebSite","@id":"https:\/\/mabawater.com\/#website","url":"https:\/\/mabawater.com\/","name":"Maba Water","description":"Soluciones Hidr\u00e1ulicas Sustentables","publisher":{"@id":"https:\/\/mabawater.com\/#organization"},"potentialAction":[{"@type":"SearchAction","target":{"@type":"EntryPoint","urlTemplate":"https:\/\/mabawater.com\/?s={search_term_string}"},"query-input":{"@type":"PropertyValueSpecification","valueRequired":true,"valueName":"search_term_string"}}],"inLanguage":"en-US"},{"@type":"Organization","@id":"https:\/\/mabawater.com\/#organization","name":"Maba Water","url":"https:\/\/mabawater.com\/","logo":{"@type":"ImageObject","inLanguage":"en-US","@id":"https:\/\/mabawater.com\/#\/schema\/logo\/image\/","url":"https:\/\/mabawater.com\/wp-content\/uploads\/2021\/09\/water-icon.png","contentUrl":"https:\/\/mabawater.com\/wp-content\/uploads\/2021\/09\/water-icon.png","width":410,"height":176,"caption":"Maba Water"},"image":{"@id":"https:\/\/mabawater.com\/#\/schema\/logo\/image\/"},"sameAs":["https:\/\/www.facebook.com\/mabawater\/","https:\/\/www.instagram.com\/mabawater\/?hl=es-la"]}]}},"_links":{"self":[{"href":"https:\/\/mabawater.com\/en\/wp-json\/wp\/v2\/product\/18668","targetHints":{"allow":["GET"]}}],"collection":[{"href":"https:\/\/mabawater.com\/en\/wp-json\/wp\/v2\/product"}],"about":[{"href":"https:\/\/mabawater.com\/en\/wp-json\/wp\/v2\/types\/product"}],"replies":[{"embeddable":true,"href":"https:\/\/mabawater.com\/en\/wp-json\/wp\/v2\/comments?post=18668"}],"version-history":[{"count":3,"href":"https:\/\/mabawater.com\/en\/wp-json\/wp\/v2\/product\/18668\/revisions"}],"predecessor-version":[{"id":26918,"href":"https:\/\/mabawater.com\/en\/wp-json\/wp\/v2\/product\/18668\/revisions\/26918"}],"wp:featuredmedia":[{"embeddable":true,"href":"https:\/\/mabawater.com\/en\/wp-json\/wp\/v2\/media\/24376"}],"wp:attachment":[{"href":"https:\/\/mabawater.com\/en\/wp-json\/wp\/v2\/media?parent=18668"}],"wp:term":[{"taxonomy":"product_brand","embeddable":true,"href":"https:\/\/mabawater.com\/en\/wp-json\/wp\/v2\/product_brand?post=18668"},{"taxonomy":"product_cat","embeddable":true,"href":"https:\/\/mabawater.com\/en\/wp-json\/wp\/v2\/product_cat?post=18668"},{"taxonomy":"product_tag","embeddable":true,"href":"https:\/\/mabawater.com\/en\/wp-json\/wp\/v2\/product_tag?post=18668"}],"curies":[{"name":"wp","href":"https:\/\/api.w.org\/{rel}","templated":true}]}}