{"id":18912,"date":"2022-07-27T22:15:53","date_gmt":"2022-07-27T22:15:53","guid":{"rendered":"https:\/\/mabawater.com\/producto\/filtro-de-arena-para-piscina-construido-en-plastico-reforzado-marca-panda-de-19-para-un-flujo-maximo-de-40-gpm\/"},"modified":"2022-07-28T14:26:15","modified_gmt":"2022-07-28T14:26:15","slug":"filtro-de-arena-para-piscina-construido-en-plastico-reforzado-marca-panda-de-19-para-un-flujo-maximo-de-40-gpm","status":"publish","type":"product","link":"https:\/\/mabawater.com\/en\/product\/filtro-de-arena-para-piscina-construido-en-plastico-reforzado-marca-panda-de-19-para-un-flujo-maximo-de-40-gpm\/","title":{"rendered":"Filtro de arena para piscina construido en pl\u00e1stico reforzado marca PANDA de 19&#8243; para un flujo m\u00e1ximo de 40 GPM"},"content":{"rendered":"<p>Filtro de arena para piscina construido en pl\u00e1stico reforzado marca PANDA de 19&#8243; para un flujo m\u00e1ximo de 40 GPM<\/p>\n<p>Descarga la ficha t\u00e9cnica <a href=\"https:\/\/mabawater.com\/wp-content\/uploads\/2022\/07\/Filtro_arena_fichaTecnica_compressed.pdf\">aqu\u00ed<\/a><\/p>","protected":false},"excerpt":{"rendered":"<p>Filtro de arena para piscina construido en pl\u00e1stico reforzado marca PANDA de 19&#8243; para un flujo m\u00e1ximo de 40 GPM<\/p>\n<p>Filtros de arena especialmente dise\u00f1ados para dejar libre de s\u00f3lidos el agua de su piscina.<\/p>","protected":false},"featured_media":18881,"comment_status":"open","ping_status":"closed","template":"","meta":[],"product_brand":[],"product_cat":[150,180],"product_tag":[810,401,806,797,796,807],"class_list":{"0":"post-18912","1":"product","2":"type-product","3":"status-publish","4":"has-post-thumbnail","6":"product_cat-piscinas-y-spa","7":"product_cat-filtros","8":"product_tag-810","9":"product_tag-40-gpm","10":"product_tag-filtro-de-arena","11":"product_tag-panda","12":"product_tag-para-piscina","13":"product_tag-plastico-reforzado","15":"first","16":"instock","17":"shipping-taxable","18":"product-type-simple"},"yoast_head":"<!-- This site is optimized with the Yoast SEO plugin v26.6 - https:\/\/yoast.com\/wordpress\/plugins\/seo\/ -->\n<title>Filtro de arena para piscina construido en pl\u00e1stico reforzado marca PANDA de 19&quot; para un flujo m\u00e1ximo de 40 GPM - Maba Water<\/title>\n<meta name=\"robots\" content=\"index, follow, max-snippet:-1, max-image-preview:large, max-video-preview:-1\" \/>\n<link rel=\"canonical\" href=\"https:\/\/mabawater.com\/en\/product\/filtro-de-arena-para-piscina-construido-en-plastico-reforzado-marca-panda-de-19-para-un-flujo-maximo-de-40-gpm\/\" \/>\n<meta property=\"og:locale\" content=\"en_US\" \/>\n<meta property=\"og:type\" content=\"article\" \/>\n<meta property=\"og:title\" content=\"Filtro de arena para piscina construido en pl\u00e1stico reforzado marca PANDA de 19&quot; para un flujo m\u00e1ximo de 40 GPM - Maba Water\" \/>\n<meta property=\"og:description\" content=\"Filtro de arena para piscina construido en pl\u00e1stico reforzado marca PANDA de 19&quot; para un flujo m\u00e1ximo de 40 GPM  Filtros de arena especialmente dise\u00f1ados para dejar libre de s\u00f3lidos el agua de su piscina.\" \/>\n<meta property=\"og:url\" content=\"https:\/\/mabawater.com\/en\/product\/filtro-de-arena-para-piscina-construido-en-plastico-reforzado-marca-panda-de-19-para-un-flujo-maximo-de-40-gpm\/\" \/>\n<meta property=\"og:site_name\" content=\"Maba Water\" \/>\n<meta property=\"article:publisher\" content=\"https:\/\/www.facebook.com\/mabawater\/\" \/>\n<meta property=\"article:modified_time\" content=\"2022-07-28T14:26:15+00:00\" \/>\n<meta property=\"og:image\" content=\"https:\/\/mabawater.com\/wp-content\/uploads\/2022\/07\/PANDA-DE-19_-PARA-UN-FLUJO-MAXIMO-DE-40-GPM.jpeg\" \/>\n\t<meta property=\"og:image:width\" content=\"1000\" \/>\n\t<meta property=\"og:image:height\" content=\"1000\" \/>\n\t<meta property=\"og:image:type\" content=\"image\/jpeg\" \/>\n<meta name=\"twitter:card\" content=\"summary_large_image\" \/>\n<!-- \/ Yoast SEO plugin. -->","yoast_head_json":{"title":"Filtro de arena para piscina construido en pl\u00e1stico reforzado marca PANDA de 19\" para un flujo m\u00e1ximo de 40 GPM - Maba Water","robots":{"index":"index","follow":"follow","max-snippet":"max-snippet:-1","max-image-preview":"max-image-preview:large","max-video-preview":"max-video-preview:-1"},"canonical":"https:\/\/mabawater.com\/en\/product\/filtro-de-arena-para-piscina-construido-en-plastico-reforzado-marca-panda-de-19-para-un-flujo-maximo-de-40-gpm\/","og_locale":"en_US","og_type":"article","og_title":"Filtro de arena para piscina construido en pl\u00e1stico reforzado marca PANDA de 19\" para un flujo m\u00e1ximo de 40 GPM - Maba Water","og_description":"Filtro de arena para piscina construido en pl\u00e1stico reforzado marca PANDA de 19\" para un flujo m\u00e1ximo de 40 GPM  Filtros de arena especialmente dise\u00f1ados para dejar libre de s\u00f3lidos el agua de su piscina.","og_url":"https:\/\/mabawater.com\/en\/product\/filtro-de-arena-para-piscina-construido-en-plastico-reforzado-marca-panda-de-19-para-un-flujo-maximo-de-40-gpm\/","og_site_name":"Maba Water","article_publisher":"https:\/\/www.facebook.com\/mabawater\/","article_modified_time":"2022-07-28T14:26:15+00:00","og_image":[{"width":1000,"height":1000,"url":"https:\/\/mabawater.com\/wp-content\/uploads\/2022\/07\/PANDA-DE-19_-PARA-UN-FLUJO-MAXIMO-DE-40-GPM.jpeg","type":"image\/jpeg"}],"twitter_card":"summary_large_image","schema":{"@context":"https:\/\/schema.org","@graph":[{"@type":"WebPage","@id":"https:\/\/mabawater.com\/producto\/filtro-de-arena-para-piscina-construido-en-plastico-reforzado-marca-panda-de-19-para-un-flujo-maximo-de-40-gpm\/","url":"https:\/\/mabawater.com\/producto\/filtro-de-arena-para-piscina-construido-en-plastico-reforzado-marca-panda-de-19-para-un-flujo-maximo-de-40-gpm\/","name":"Filtro de arena para piscina construido en pl\u00e1stico reforzado marca PANDA de 19\" para un flujo m\u00e1ximo de 40 GPM - Maba Water","isPartOf":{"@id":"https:\/\/mabawater.com\/#website"},"primaryImageOfPage":{"@id":"https:\/\/mabawater.com\/producto\/filtro-de-arena-para-piscina-construido-en-plastico-reforzado-marca-panda-de-19-para-un-flujo-maximo-de-40-gpm\/#primaryimage"},"image":{"@id":"https:\/\/mabawater.com\/producto\/filtro-de-arena-para-piscina-construido-en-plastico-reforzado-marca-panda-de-19-para-un-flujo-maximo-de-40-gpm\/#primaryimage"},"thumbnailUrl":"https:\/\/mabawater.com\/wp-content\/uploads\/2022\/07\/PANDA-DE-19_-PARA-UN-FLUJO-MAXIMO-DE-40-GPM.jpeg","datePublished":"2022-07-27T22:15:53+00:00","dateModified":"2022-07-28T14:26:15+00:00","breadcrumb":{"@id":"https:\/\/mabawater.com\/producto\/filtro-de-arena-para-piscina-construido-en-plastico-reforzado-marca-panda-de-19-para-un-flujo-maximo-de-40-gpm\/#breadcrumb"},"inLanguage":"en-US","potentialAction":[{"@type":"ReadAction","target":["https:\/\/mabawater.com\/producto\/filtro-de-arena-para-piscina-construido-en-plastico-reforzado-marca-panda-de-19-para-un-flujo-maximo-de-40-gpm\/"]}]},{"@type":"ImageObject","inLanguage":"en-US","@id":"https:\/\/mabawater.com\/producto\/filtro-de-arena-para-piscina-construido-en-plastico-reforzado-marca-panda-de-19-para-un-flujo-maximo-de-40-gpm\/#primaryimage","url":"https:\/\/mabawater.com\/wp-content\/uploads\/2022\/07\/PANDA-DE-19_-PARA-UN-FLUJO-MAXIMO-DE-40-GPM.jpeg","contentUrl":"https:\/\/mabawater.com\/wp-content\/uploads\/2022\/07\/PANDA-DE-19_-PARA-UN-FLUJO-MAXIMO-DE-40-GPM.jpeg","width":1000,"height":1000},{"@type":"BreadcrumbList","@id":"https:\/\/mabawater.com\/producto\/filtro-de-arena-para-piscina-construido-en-plastico-reforzado-marca-panda-de-19-para-un-flujo-maximo-de-40-gpm\/#breadcrumb","itemListElement":[{"@type":"ListItem","position":1,"name":"Portada","item":"https:\/\/mabawater.com\/"},{"@type":"ListItem","position":2,"name":"Productos Para La Calidad Del Agua","item":"https:\/\/mabawater.com\/productos-para-la-calidad-del-agua\/"},{"@type":"ListItem","position":3,"name":"Filtro de arena para piscina construido en pl\u00e1stico reforzado marca PANDA de 19&#8243; para un flujo m\u00e1ximo de 40 GPM"}]},{"@type":"WebSite","@id":"https:\/\/mabawater.com\/#website","url":"https:\/\/mabawater.com\/","name":"Maba Water","description":"Soluciones Hidr\u00e1ulicas Sustentables","publisher":{"@id":"https:\/\/mabawater.com\/#organization"},"potentialAction":[{"@type":"SearchAction","target":{"@type":"EntryPoint","urlTemplate":"https:\/\/mabawater.com\/?s={search_term_string}"},"query-input":{"@type":"PropertyValueSpecification","valueRequired":true,"valueName":"search_term_string"}}],"inLanguage":"en-US"},{"@type":"Organization","@id":"https:\/\/mabawater.com\/#organization","name":"Maba Water","url":"https:\/\/mabawater.com\/","logo":{"@type":"ImageObject","inLanguage":"en-US","@id":"https:\/\/mabawater.com\/#\/schema\/logo\/image\/","url":"https:\/\/mabawater.com\/wp-content\/uploads\/2021\/09\/water-icon.png","contentUrl":"https:\/\/mabawater.com\/wp-content\/uploads\/2021\/09\/water-icon.png","width":410,"height":176,"caption":"Maba Water"},"image":{"@id":"https:\/\/mabawater.com\/#\/schema\/logo\/image\/"},"sameAs":["https:\/\/www.facebook.com\/mabawater\/","https:\/\/www.instagram.com\/mabawater\/?hl=es-la"]}]}},"_links":{"self":[{"href":"https:\/\/mabawater.com\/en\/wp-json\/wp\/v2\/product\/18912","targetHints":{"allow":["GET"]}}],"collection":[{"href":"https:\/\/mabawater.com\/en\/wp-json\/wp\/v2\/product"}],"about":[{"href":"https:\/\/mabawater.com\/en\/wp-json\/wp\/v2\/types\/product"}],"replies":[{"embeddable":true,"href":"https:\/\/mabawater.com\/en\/wp-json\/wp\/v2\/comments?post=18912"}],"version-history":[{"count":1,"href":"https:\/\/mabawater.com\/en\/wp-json\/wp\/v2\/product\/18912\/revisions"}],"predecessor-version":[{"id":18984,"href":"https:\/\/mabawater.com\/en\/wp-json\/wp\/v2\/product\/18912\/revisions\/18984"}],"wp:featuredmedia":[{"embeddable":true,"href":"https:\/\/mabawater.com\/en\/wp-json\/wp\/v2\/media\/18881"}],"wp:attachment":[{"href":"https:\/\/mabawater.com\/en\/wp-json\/wp\/v2\/media?parent=18912"}],"wp:term":[{"taxonomy":"product_brand","embeddable":true,"href":"https:\/\/mabawater.com\/en\/wp-json\/wp\/v2\/product_brand?post=18912"},{"taxonomy":"product_cat","embeddable":true,"href":"https:\/\/mabawater.com\/en\/wp-json\/wp\/v2\/product_cat?post=18912"},{"taxonomy":"product_tag","embeddable":true,"href":"https:\/\/mabawater.com\/en\/wp-json\/wp\/v2\/product_tag?post=18912"}],"curies":[{"name":"wp","href":"https:\/\/api.w.org\/{rel}","templated":true}]}}