{"id":18934,"date":"2022-07-27T22:15:56","date_gmt":"2022-07-27T22:15:56","guid":{"rendered":"https:\/\/mabawater.com\/producto\/kit-de-boquilla-para-nado-contracorriente-espa-para-piscinas-de-concreto\/"},"modified":"2022-07-28T14:20:55","modified_gmt":"2022-07-28T14:20:55","slug":"kit-de-boquilla-para-nado-contracorriente-espa-para-piscinas-de-concreto","status":"publish","type":"product","link":"https:\/\/mabawater.com\/en\/product\/kit-de-boquilla-para-nado-contracorriente-espa-para-piscinas-de-concreto\/","title":{"rendered":"Kit de boquilla para nado contracorriente, ESPA, para piscinas de concreto"},"content":{"rendered":"<p>Kit de boquilla para nado contracorriente, ESPA, para piscinas de concreto<\/p>\n<p>Descarga la ficha t\u00e9cnica <a href=\"https:\/\/mabawater.com\/wp-content\/uploads\/2022\/07\/ft_ficha_tecnica_ESPA-PARA-PISCINAS-DE-CONCRETO_compressed.pdf\">aqu\u00ed<\/a><\/p>","protected":false},"excerpt":{"rendered":"<p>Kit de boquilla para nado contracorriente, ESPA, para piscinas de concreto<\/p>\n<p>El KIT DE NADO CONTRACORRIENTE es un equipo para piscinas que incorpora la prestaci\u00f3n de impulsar mediante una electrobomba un gran chorro de agua.<\/p>\n<p>El uso es para la pr\u00e1ctica de la nataci\u00f3n a contracorriente. El KIT incluye la placa frontal con dise\u00f1o redondo.<\/p>","protected":false},"featured_media":18898,"comment_status":"open","ping_status":"closed","template":"","meta":[],"product_brand":[],"product_cat":[150,173],"product_tag":[508,842,843,796],"class_list":{"0":"post-18934","1":"product","2":"type-product","3":"status-publish","4":"has-post-thumbnail","6":"product_cat-piscinas-y-spa","7":"product_cat-bombas-para-alberca","8":"product_tag-espa","9":"product_tag-kit-de-boquilla","10":"product_tag-para-nado-contracorriente","11":"product_tag-para-piscina","13":"first","14":"instock","15":"shipping-taxable","16":"product-type-simple"},"yoast_head":"<!-- This site is optimized with the Yoast SEO plugin v26.6 - https:\/\/yoast.com\/wordpress\/plugins\/seo\/ -->\n<title>Kit de boquilla para nado contracorriente, ESPA, para piscinas de concreto - Maba Water<\/title>\n<meta name=\"robots\" content=\"index, follow, max-snippet:-1, max-image-preview:large, max-video-preview:-1\" \/>\n<link rel=\"canonical\" href=\"https:\/\/mabawater.com\/en\/product\/kit-de-boquilla-para-nado-contracorriente-espa-para-piscinas-de-concreto\/\" \/>\n<meta property=\"og:locale\" content=\"en_US\" \/>\n<meta property=\"og:type\" content=\"article\" \/>\n<meta property=\"og:title\" content=\"Kit de boquilla para nado contracorriente, ESPA, para piscinas de concreto - Maba Water\" \/>\n<meta property=\"og:description\" content=\"Kit de boquilla para nado contracorriente, ESPA, para piscinas de concreto  El KIT DE NADO CONTRACORRIENTE es un equipo para piscinas que incorpora la prestaci\u00f3n de impulsar mediante una electrobomba un gran chorro de agua.  El uso es para la pr\u00e1ctica de la nataci\u00f3n a contracorriente. El KIT incluye la placa frontal con dise\u00f1o redondo.\" \/>\n<meta property=\"og:url\" content=\"https:\/\/mabawater.com\/en\/product\/kit-de-boquilla-para-nado-contracorriente-espa-para-piscinas-de-concreto\/\" \/>\n<meta property=\"og:site_name\" content=\"Maba Water\" \/>\n<meta property=\"article:publisher\" content=\"https:\/\/www.facebook.com\/mabawater\/\" \/>\n<meta property=\"article:modified_time\" content=\"2022-07-28T14:20:55+00:00\" \/>\n<meta property=\"og:image\" content=\"https:\/\/mabawater.com\/wp-content\/uploads\/2022\/07\/ESPA-PARA-PISCINAS-DE-CONCRETO.jpeg\" \/>\n\t<meta property=\"og:image:width\" content=\"1000\" \/>\n\t<meta property=\"og:image:height\" content=\"1000\" \/>\n\t<meta property=\"og:image:type\" content=\"image\/jpeg\" \/>\n<meta name=\"twitter:card\" content=\"summary_large_image\" \/>\n<!-- \/ Yoast SEO plugin. -->","yoast_head_json":{"title":"Kit de boquilla para nado contracorriente, ESPA, para piscinas de concreto - Maba Water","robots":{"index":"index","follow":"follow","max-snippet":"max-snippet:-1","max-image-preview":"max-image-preview:large","max-video-preview":"max-video-preview:-1"},"canonical":"https:\/\/mabawater.com\/en\/product\/kit-de-boquilla-para-nado-contracorriente-espa-para-piscinas-de-concreto\/","og_locale":"en_US","og_type":"article","og_title":"Kit de boquilla para nado contracorriente, ESPA, para piscinas de concreto - Maba Water","og_description":"Kit de boquilla para nado contracorriente, ESPA, para piscinas de concreto  El KIT DE NADO CONTRACORRIENTE es un equipo para piscinas que incorpora la prestaci\u00f3n de impulsar mediante una electrobomba un gran chorro de agua.  El uso es para la pr\u00e1ctica de la nataci\u00f3n a contracorriente. El KIT incluye la placa frontal con dise\u00f1o redondo.","og_url":"https:\/\/mabawater.com\/en\/product\/kit-de-boquilla-para-nado-contracorriente-espa-para-piscinas-de-concreto\/","og_site_name":"Maba Water","article_publisher":"https:\/\/www.facebook.com\/mabawater\/","article_modified_time":"2022-07-28T14:20:55+00:00","og_image":[{"width":1000,"height":1000,"url":"https:\/\/mabawater.com\/wp-content\/uploads\/2022\/07\/ESPA-PARA-PISCINAS-DE-CONCRETO.jpeg","type":"image\/jpeg"}],"twitter_card":"summary_large_image","schema":{"@context":"https:\/\/schema.org","@graph":[{"@type":"WebPage","@id":"https:\/\/mabawater.com\/producto\/kit-de-boquilla-para-nado-contracorriente-espa-para-piscinas-de-concreto\/","url":"https:\/\/mabawater.com\/producto\/kit-de-boquilla-para-nado-contracorriente-espa-para-piscinas-de-concreto\/","name":"Kit de boquilla para nado contracorriente, ESPA, para piscinas de concreto - Maba Water","isPartOf":{"@id":"https:\/\/mabawater.com\/#website"},"primaryImageOfPage":{"@id":"https:\/\/mabawater.com\/producto\/kit-de-boquilla-para-nado-contracorriente-espa-para-piscinas-de-concreto\/#primaryimage"},"image":{"@id":"https:\/\/mabawater.com\/producto\/kit-de-boquilla-para-nado-contracorriente-espa-para-piscinas-de-concreto\/#primaryimage"},"thumbnailUrl":"https:\/\/mabawater.com\/wp-content\/uploads\/2022\/07\/ESPA-PARA-PISCINAS-DE-CONCRETO.jpeg","datePublished":"2022-07-27T22:15:56+00:00","dateModified":"2022-07-28T14:20:55+00:00","breadcrumb":{"@id":"https:\/\/mabawater.com\/producto\/kit-de-boquilla-para-nado-contracorriente-espa-para-piscinas-de-concreto\/#breadcrumb"},"inLanguage":"en-US","potentialAction":[{"@type":"ReadAction","target":["https:\/\/mabawater.com\/producto\/kit-de-boquilla-para-nado-contracorriente-espa-para-piscinas-de-concreto\/"]}]},{"@type":"ImageObject","inLanguage":"en-US","@id":"https:\/\/mabawater.com\/producto\/kit-de-boquilla-para-nado-contracorriente-espa-para-piscinas-de-concreto\/#primaryimage","url":"https:\/\/mabawater.com\/wp-content\/uploads\/2022\/07\/ESPA-PARA-PISCINAS-DE-CONCRETO.jpeg","contentUrl":"https:\/\/mabawater.com\/wp-content\/uploads\/2022\/07\/ESPA-PARA-PISCINAS-DE-CONCRETO.jpeg","width":1000,"height":1000},{"@type":"BreadcrumbList","@id":"https:\/\/mabawater.com\/producto\/kit-de-boquilla-para-nado-contracorriente-espa-para-piscinas-de-concreto\/#breadcrumb","itemListElement":[{"@type":"ListItem","position":1,"name":"Portada","item":"https:\/\/mabawater.com\/"},{"@type":"ListItem","position":2,"name":"Productos Para La Calidad Del Agua","item":"https:\/\/mabawater.com\/productos-para-la-calidad-del-agua\/"},{"@type":"ListItem","position":3,"name":"Kit de boquilla para nado contracorriente, ESPA, para piscinas de concreto"}]},{"@type":"WebSite","@id":"https:\/\/mabawater.com\/#website","url":"https:\/\/mabawater.com\/","name":"Maba Water","description":"Soluciones Hidr\u00e1ulicas Sustentables","publisher":{"@id":"https:\/\/mabawater.com\/#organization"},"potentialAction":[{"@type":"SearchAction","target":{"@type":"EntryPoint","urlTemplate":"https:\/\/mabawater.com\/?s={search_term_string}"},"query-input":{"@type":"PropertyValueSpecification","valueRequired":true,"valueName":"search_term_string"}}],"inLanguage":"en-US"},{"@type":"Organization","@id":"https:\/\/mabawater.com\/#organization","name":"Maba Water","url":"https:\/\/mabawater.com\/","logo":{"@type":"ImageObject","inLanguage":"en-US","@id":"https:\/\/mabawater.com\/#\/schema\/logo\/image\/","url":"https:\/\/mabawater.com\/wp-content\/uploads\/2021\/09\/water-icon.png","contentUrl":"https:\/\/mabawater.com\/wp-content\/uploads\/2021\/09\/water-icon.png","width":410,"height":176,"caption":"Maba Water"},"image":{"@id":"https:\/\/mabawater.com\/#\/schema\/logo\/image\/"},"sameAs":["https:\/\/www.facebook.com\/mabawater\/","https:\/\/www.instagram.com\/mabawater\/?hl=es-la"]}]}},"_links":{"self":[{"href":"https:\/\/mabawater.com\/en\/wp-json\/wp\/v2\/product\/18934","targetHints":{"allow":["GET"]}}],"collection":[{"href":"https:\/\/mabawater.com\/en\/wp-json\/wp\/v2\/product"}],"about":[{"href":"https:\/\/mabawater.com\/en\/wp-json\/wp\/v2\/types\/product"}],"replies":[{"embeddable":true,"href":"https:\/\/mabawater.com\/en\/wp-json\/wp\/v2\/comments?post=18934"}],"version-history":[{"count":1,"href":"https:\/\/mabawater.com\/en\/wp-json\/wp\/v2\/product\/18934\/revisions"}],"predecessor-version":[{"id":18965,"href":"https:\/\/mabawater.com\/en\/wp-json\/wp\/v2\/product\/18934\/revisions\/18965"}],"wp:featuredmedia":[{"embeddable":true,"href":"https:\/\/mabawater.com\/en\/wp-json\/wp\/v2\/media\/18898"}],"wp:attachment":[{"href":"https:\/\/mabawater.com\/en\/wp-json\/wp\/v2\/media?parent=18934"}],"wp:term":[{"taxonomy":"product_brand","embeddable":true,"href":"https:\/\/mabawater.com\/en\/wp-json\/wp\/v2\/product_brand?post=18934"},{"taxonomy":"product_cat","embeddable":true,"href":"https:\/\/mabawater.com\/en\/wp-json\/wp\/v2\/product_cat?post=18934"},{"taxonomy":"product_tag","embeddable":true,"href":"https:\/\/mabawater.com\/en\/wp-json\/wp\/v2\/product_tag?post=18934"}],"curies":[{"name":"wp","href":"https:\/\/api.w.org\/{rel}","templated":true}]}}