{"id":18946,"date":"2022-07-28T14:10:41","date_gmt":"2022-07-28T14:10:41","guid":{"rendered":"https:\/\/mabawater.com\/producto\/burbujeadores-led-para-fuentes-no-peatonales-panda-flusso-multicolor-acero-inoxidable-9-watts-12vca-160mm-diametro\/"},"modified":"2022-07-28T14:17:58","modified_gmt":"2022-07-28T14:17:58","slug":"burbujeadores-led-para-fuentes-no-peatonales-panda-flusso-multicolor-acero-inoxidable-9-watts-12vca-160mm-diametro","status":"publish","type":"product","link":"https:\/\/mabawater.com\/en\/product\/burbujeadores-led-para-fuentes-no-peatonales-panda-flusso-multicolor-acero-inoxidable-9-watts-12vca-160mm-diametro\/","title":{"rendered":"Burbujeadores LED para fuentes no peatonales, PANDA, FLUSSO, multicolor, acero inoxidable, 9 Watts, 12Vca, 160mm di\u00e1metro"},"content":{"rendered":"<p>Burbujeadores LED para fuentes no peatonales, PANDA, FLUSSO, multicolor, acero inoxidable, 9 Watts, 12Vca, 160mm di\u00e1metro<\/p>\n<p>Descarga la ficha t\u00e9cnica <a href=\"https:\/\/mabawater.com\/wp-content\/uploads\/2022\/07\/ft_ficha_tecnica_BURBUJEADORES-LED-PARA-FUENTES-NO-PEATONALES_compressed.pdf\">aqu\u00ed<\/a><\/p>","protected":false},"excerpt":{"rendered":"<p>Burbujeadores LED para fuentes no peatonales, PANDA, FLUSSO, multicolor, acero inoxidable, 9 Watts, 12Vca, 160mm di\u00e1metro<\/p>\n<p>Material del cuerpo es acero inoxidable 316, tiene vida \u00fatil de hasta 50,000 horas.<\/p>\n<p>Led tipo Epistar con \u00e1ngulo de iluminaci\u00f3n de 30\u00b0 y vidrio templado con espesor de 8mm.<\/p>","protected":false},"featured_media":18935,"comment_status":"open","ping_status":"closed","template":"","meta":[],"product_brand":[],"product_cat":[150,175],"product_tag":[850,851,311,845,847,848,797,846],"class_list":{"0":"post-18946","1":"product","2":"type-product","3":"status-publish","4":"has-post-thumbnail","6":"product_cat-piscinas-y-spa","7":"product_cat-burbujeadores","8":"product_tag-160mm-diametro","9":"product_tag-9w","10":"product_tag-acero-inoxidable","11":"product_tag-burbujeadores-led","12":"product_tag-flusso","13":"product_tag-multicolor","14":"product_tag-panda","15":"product_tag-para-fuentes-no-peatonales","17":"first","18":"instock","19":"shipping-taxable","20":"product-type-simple"},"yoast_head":"<!-- This site is optimized with the Yoast SEO plugin v26.6 - https:\/\/yoast.com\/wordpress\/plugins\/seo\/ -->\n<title>Burbujeadores LED para fuentes no peatonales, PANDA, FLUSSO, multicolor, acero inoxidable, 9 Watts, 12Vca, 160mm di\u00e1metro - Maba Water<\/title>\n<meta name=\"robots\" content=\"index, follow, max-snippet:-1, max-image-preview:large, max-video-preview:-1\" \/>\n<link rel=\"canonical\" href=\"https:\/\/mabawater.com\/en\/product\/burbujeadores-led-para-fuentes-no-peatonales-panda-flusso-multicolor-acero-inoxidable-9-watts-12vca-160mm-diametro\/\" \/>\n<meta property=\"og:locale\" content=\"en_US\" \/>\n<meta property=\"og:type\" content=\"article\" \/>\n<meta property=\"og:title\" content=\"Burbujeadores LED para fuentes no peatonales, PANDA, FLUSSO, multicolor, acero inoxidable, 9 Watts, 12Vca, 160mm di\u00e1metro - Maba Water\" \/>\n<meta property=\"og:description\" content=\"Burbujeadores LED para fuentes no peatonales, PANDA, FLUSSO, multicolor, acero inoxidable, 9 Watts, 12Vca, 160mm di\u00e1metro  Material del cuerpo es acero inoxidable 316, tiene vida \u00fatil de hasta 50,000 horas.  Led tipo Epistar con \u00e1ngulo de iluminaci\u00f3n de 30\u00b0 y vidrio templado con espesor de 8mm.\" \/>\n<meta property=\"og:url\" content=\"https:\/\/mabawater.com\/en\/product\/burbujeadores-led-para-fuentes-no-peatonales-panda-flusso-multicolor-acero-inoxidable-9-watts-12vca-160mm-diametro\/\" \/>\n<meta property=\"og:site_name\" content=\"Maba Water\" \/>\n<meta property=\"article:publisher\" content=\"https:\/\/www.facebook.com\/mabawater\/\" \/>\n<meta property=\"article:modified_time\" content=\"2022-07-28T14:17:58+00:00\" \/>\n<meta property=\"og:image\" content=\"https:\/\/mabawater.com\/wp-content\/uploads\/2022\/07\/ACERO-INOXIDABLE-9-WATTS-12VCA-160MM-DIAMETRO.jpeg\" \/>\n\t<meta property=\"og:image:width\" content=\"1000\" \/>\n\t<meta property=\"og:image:height\" content=\"1000\" \/>\n\t<meta property=\"og:image:type\" content=\"image\/jpeg\" \/>\n<meta name=\"twitter:card\" content=\"summary_large_image\" \/>\n<!-- \/ Yoast SEO plugin. -->","yoast_head_json":{"title":"Burbujeadores LED para fuentes no peatonales, PANDA, FLUSSO, multicolor, acero inoxidable, 9 Watts, 12Vca, 160mm di\u00e1metro - Maba Water","robots":{"index":"index","follow":"follow","max-snippet":"max-snippet:-1","max-image-preview":"max-image-preview:large","max-video-preview":"max-video-preview:-1"},"canonical":"https:\/\/mabawater.com\/en\/product\/burbujeadores-led-para-fuentes-no-peatonales-panda-flusso-multicolor-acero-inoxidable-9-watts-12vca-160mm-diametro\/","og_locale":"en_US","og_type":"article","og_title":"Burbujeadores LED para fuentes no peatonales, PANDA, FLUSSO, multicolor, acero inoxidable, 9 Watts, 12Vca, 160mm di\u00e1metro - Maba Water","og_description":"Burbujeadores LED para fuentes no peatonales, PANDA, FLUSSO, multicolor, acero inoxidable, 9 Watts, 12Vca, 160mm di\u00e1metro  Material del cuerpo es acero inoxidable 316, tiene vida \u00fatil de hasta 50,000 horas.  Led tipo Epistar con \u00e1ngulo de iluminaci\u00f3n de 30\u00b0 y vidrio templado con espesor de 8mm.","og_url":"https:\/\/mabawater.com\/en\/product\/burbujeadores-led-para-fuentes-no-peatonales-panda-flusso-multicolor-acero-inoxidable-9-watts-12vca-160mm-diametro\/","og_site_name":"Maba Water","article_publisher":"https:\/\/www.facebook.com\/mabawater\/","article_modified_time":"2022-07-28T14:17:58+00:00","og_image":[{"width":1000,"height":1000,"url":"https:\/\/mabawater.com\/wp-content\/uploads\/2022\/07\/ACERO-INOXIDABLE-9-WATTS-12VCA-160MM-DIAMETRO.jpeg","type":"image\/jpeg"}],"twitter_card":"summary_large_image","schema":{"@context":"https:\/\/schema.org","@graph":[{"@type":"WebPage","@id":"https:\/\/mabawater.com\/producto\/burbujeadores-led-para-fuentes-no-peatonales-panda-flusso-multicolor-acero-inoxidable-9-watts-12vca-160mm-diametro\/","url":"https:\/\/mabawater.com\/producto\/burbujeadores-led-para-fuentes-no-peatonales-panda-flusso-multicolor-acero-inoxidable-9-watts-12vca-160mm-diametro\/","name":"Burbujeadores LED para fuentes no peatonales, PANDA, FLUSSO, multicolor, acero inoxidable, 9 Watts, 12Vca, 160mm di\u00e1metro - Maba Water","isPartOf":{"@id":"https:\/\/mabawater.com\/#website"},"primaryImageOfPage":{"@id":"https:\/\/mabawater.com\/producto\/burbujeadores-led-para-fuentes-no-peatonales-panda-flusso-multicolor-acero-inoxidable-9-watts-12vca-160mm-diametro\/#primaryimage"},"image":{"@id":"https:\/\/mabawater.com\/producto\/burbujeadores-led-para-fuentes-no-peatonales-panda-flusso-multicolor-acero-inoxidable-9-watts-12vca-160mm-diametro\/#primaryimage"},"thumbnailUrl":"https:\/\/mabawater.com\/wp-content\/uploads\/2022\/07\/ACERO-INOXIDABLE-9-WATTS-12VCA-160MM-DIAMETRO.jpeg","datePublished":"2022-07-28T14:10:41+00:00","dateModified":"2022-07-28T14:17:58+00:00","breadcrumb":{"@id":"https:\/\/mabawater.com\/producto\/burbujeadores-led-para-fuentes-no-peatonales-panda-flusso-multicolor-acero-inoxidable-9-watts-12vca-160mm-diametro\/#breadcrumb"},"inLanguage":"en-US","potentialAction":[{"@type":"ReadAction","target":["https:\/\/mabawater.com\/producto\/burbujeadores-led-para-fuentes-no-peatonales-panda-flusso-multicolor-acero-inoxidable-9-watts-12vca-160mm-diametro\/"]}]},{"@type":"ImageObject","inLanguage":"en-US","@id":"https:\/\/mabawater.com\/producto\/burbujeadores-led-para-fuentes-no-peatonales-panda-flusso-multicolor-acero-inoxidable-9-watts-12vca-160mm-diametro\/#primaryimage","url":"https:\/\/mabawater.com\/wp-content\/uploads\/2022\/07\/ACERO-INOXIDABLE-9-WATTS-12VCA-160MM-DIAMETRO.jpeg","contentUrl":"https:\/\/mabawater.com\/wp-content\/uploads\/2022\/07\/ACERO-INOXIDABLE-9-WATTS-12VCA-160MM-DIAMETRO.jpeg","width":1000,"height":1000},{"@type":"BreadcrumbList","@id":"https:\/\/mabawater.com\/producto\/burbujeadores-led-para-fuentes-no-peatonales-panda-flusso-multicolor-acero-inoxidable-9-watts-12vca-160mm-diametro\/#breadcrumb","itemListElement":[{"@type":"ListItem","position":1,"name":"Portada","item":"https:\/\/mabawater.com\/"},{"@type":"ListItem","position":2,"name":"Productos Para La Calidad Del Agua","item":"https:\/\/mabawater.com\/productos-para-la-calidad-del-agua\/"},{"@type":"ListItem","position":3,"name":"Burbujeadores LED para fuentes no peatonales, PANDA, FLUSSO, multicolor, acero inoxidable, 9 Watts, 12Vca, 160mm di\u00e1metro"}]},{"@type":"WebSite","@id":"https:\/\/mabawater.com\/#website","url":"https:\/\/mabawater.com\/","name":"Maba Water","description":"Soluciones Hidr\u00e1ulicas Sustentables","publisher":{"@id":"https:\/\/mabawater.com\/#organization"},"potentialAction":[{"@type":"SearchAction","target":{"@type":"EntryPoint","urlTemplate":"https:\/\/mabawater.com\/?s={search_term_string}"},"query-input":{"@type":"PropertyValueSpecification","valueRequired":true,"valueName":"search_term_string"}}],"inLanguage":"en-US"},{"@type":"Organization","@id":"https:\/\/mabawater.com\/#organization","name":"Maba Water","url":"https:\/\/mabawater.com\/","logo":{"@type":"ImageObject","inLanguage":"en-US","@id":"https:\/\/mabawater.com\/#\/schema\/logo\/image\/","url":"https:\/\/mabawater.com\/wp-content\/uploads\/2021\/09\/water-icon.png","contentUrl":"https:\/\/mabawater.com\/wp-content\/uploads\/2021\/09\/water-icon.png","width":410,"height":176,"caption":"Maba Water"},"image":{"@id":"https:\/\/mabawater.com\/#\/schema\/logo\/image\/"},"sameAs":["https:\/\/www.facebook.com\/mabawater\/","https:\/\/www.instagram.com\/mabawater\/?hl=es-la"]}]}},"_links":{"self":[{"href":"https:\/\/mabawater.com\/en\/wp-json\/wp\/v2\/product\/18946","targetHints":{"allow":["GET"]}}],"collection":[{"href":"https:\/\/mabawater.com\/en\/wp-json\/wp\/v2\/product"}],"about":[{"href":"https:\/\/mabawater.com\/en\/wp-json\/wp\/v2\/types\/product"}],"replies":[{"embeddable":true,"href":"https:\/\/mabawater.com\/en\/wp-json\/wp\/v2\/comments?post=18946"}],"version-history":[{"count":1,"href":"https:\/\/mabawater.com\/en\/wp-json\/wp\/v2\/product\/18946\/revisions"}],"predecessor-version":[{"id":18958,"href":"https:\/\/mabawater.com\/en\/wp-json\/wp\/v2\/product\/18946\/revisions\/18958"}],"wp:featuredmedia":[{"embeddable":true,"href":"https:\/\/mabawater.com\/en\/wp-json\/wp\/v2\/media\/18935"}],"wp:attachment":[{"href":"https:\/\/mabawater.com\/en\/wp-json\/wp\/v2\/media?parent=18946"}],"wp:term":[{"taxonomy":"product_brand","embeddable":true,"href":"https:\/\/mabawater.com\/en\/wp-json\/wp\/v2\/product_brand?post=18946"},{"taxonomy":"product_cat","embeddable":true,"href":"https:\/\/mabawater.com\/en\/wp-json\/wp\/v2\/product_cat?post=18946"},{"taxonomy":"product_tag","embeddable":true,"href":"https:\/\/mabawater.com\/en\/wp-json\/wp\/v2\/product_tag?post=18946"}],"curies":[{"name":"wp","href":"https:\/\/api.w.org\/{rel}","templated":true}]}}