{"id":19102,"date":"2022-07-28T21:19:52","date_gmt":"2022-07-28T21:19:52","guid":{"rendered":"https:\/\/mabawater.com\/producto\/motobomba-sumergible-para-fuente-decorativa-panda-serie-baby-85-watts-1-fase-127-volts\/"},"modified":"2022-07-28T21:19:52","modified_gmt":"2022-07-28T21:19:52","slug":"motobomba-sumergible-para-fuente-decorativa-panda-serie-baby-85-watts-1-fase-127-volts","status":"publish","type":"product","link":"https:\/\/mabawater.com\/en\/product\/motobomba-sumergible-para-fuente-decorativa-panda-serie-baby-85-watts-1-fase-127-volts\/","title":{"rendered":"Motobomba sumergible para fuente decorativa, PANDA serie BABY, 85 Watts, 1 fase, 127 Volts"},"content":{"rendered":"<p>Motobomba sumergible para fuente decorativa, PANDA serie BABY, 85 Watts, 1 fase, 127 Volts<\/p>\n<p> Descarga la ficha t\u00e9cnica <a href=\"https:\/\/mabawater.com\/wp-content\/uploads\/2022\/07\/ft_ficha_tecnica_BombaFuentePanda_compressed.pdf\">aqu\u00ed<\/a><\/p>","protected":false},"excerpt":{"rendered":"<p>Motobomba sumergible para fuente decorativa, PANDA serie BABY, 85 Watts, 1 fase, 127 Volts<\/p>\n<p> Las bombas BABY est\u00e1n dise\u00f1adas para funcionar con un consumo m\u00ednimo de energ\u00eda, lo que resulta en bajos costos operativos, gracias a su tama\u00f1o compacto son ideales para aplicaciones como: fuentes, figuras de ornato o cualquier aplicaci\u00f3n con espacios limitados.<\/p>","protected":false},"featured_media":19018,"comment_status":"open","ping_status":"closed","template":"","meta":[],"product_brand":[],"product_cat":[174],"product_tag":[259,365,869,872,797,873],"class_list":{"0":"post-19102","1":"product","2":"type-product","3":"status-publish","4":"has-post-thumbnail","6":"product_cat-bombas-para-fuente","7":"product_tag-1-fase","8":"product_tag-127v","9":"product_tag-85w","10":"product_tag-motobomba-sumergible-para-fuente","11":"product_tag-panda","12":"product_tag-serie-baby","14":"first","15":"instock","16":"shipping-taxable","17":"product-type-simple"},"yoast_head":"<!-- This site is optimized with the Yoast SEO plugin v26.6 - https:\/\/yoast.com\/wordpress\/plugins\/seo\/ -->\n<title>Motobomba sumergible para fuente decorativa, PANDA serie BABY, 85 Watts, 1 fase, 127 Volts - Maba Water<\/title>\n<meta name=\"robots\" content=\"index, follow, max-snippet:-1, max-image-preview:large, max-video-preview:-1\" \/>\n<link rel=\"canonical\" href=\"https:\/\/mabawater.com\/en\/product\/motobomba-sumergible-para-fuente-decorativa-panda-serie-baby-85-watts-1-fase-127-volts\/\" \/>\n<meta property=\"og:locale\" content=\"en_US\" \/>\n<meta property=\"og:type\" content=\"article\" \/>\n<meta property=\"og:title\" content=\"Motobomba sumergible para fuente decorativa, PANDA serie BABY, 85 Watts, 1 fase, 127 Volts - Maba Water\" \/>\n<meta property=\"og:description\" content=\"Motobomba sumergible para fuente decorativa, PANDA serie BABY, 85 Watts, 1 fase, 127 Volts   Las bombas BABY est\u00e1n dise\u00f1adas para funcionar con un consumo m\u00ednimo de energ\u00eda, lo que resulta en bajos costos operativos, gracias a su tama\u00f1o compacto son ideales para aplicaciones como: fuentes, figuras de ornato o cualquier aplicaci\u00f3n con espacios limitados.\" \/>\n<meta property=\"og:url\" content=\"https:\/\/mabawater.com\/en\/product\/motobomba-sumergible-para-fuente-decorativa-panda-serie-baby-85-watts-1-fase-127-volts\/\" \/>\n<meta property=\"og:site_name\" content=\"Maba Water\" \/>\n<meta property=\"article:publisher\" content=\"https:\/\/www.facebook.com\/mabawater\/\" \/>\n<meta property=\"og:image\" content=\"https:\/\/mabawater.com\/wp-content\/uploads\/2022\/07\/baby18.jpeg\" \/>\n\t<meta property=\"og:image:width\" content=\"1000\" \/>\n\t<meta property=\"og:image:height\" content=\"1000\" \/>\n\t<meta property=\"og:image:type\" content=\"image\/jpeg\" \/>\n<meta name=\"twitter:card\" content=\"summary_large_image\" \/>\n<!-- \/ Yoast SEO plugin. -->","yoast_head_json":{"title":"Motobomba sumergible para fuente decorativa, PANDA serie BABY, 85 Watts, 1 fase, 127 Volts - Maba Water","robots":{"index":"index","follow":"follow","max-snippet":"max-snippet:-1","max-image-preview":"max-image-preview:large","max-video-preview":"max-video-preview:-1"},"canonical":"https:\/\/mabawater.com\/en\/product\/motobomba-sumergible-para-fuente-decorativa-panda-serie-baby-85-watts-1-fase-127-volts\/","og_locale":"en_US","og_type":"article","og_title":"Motobomba sumergible para fuente decorativa, PANDA serie BABY, 85 Watts, 1 fase, 127 Volts - Maba Water","og_description":"Motobomba sumergible para fuente decorativa, PANDA serie BABY, 85 Watts, 1 fase, 127 Volts   Las bombas BABY est\u00e1n dise\u00f1adas para funcionar con un consumo m\u00ednimo de energ\u00eda, lo que resulta en bajos costos operativos, gracias a su tama\u00f1o compacto son ideales para aplicaciones como: fuentes, figuras de ornato o cualquier aplicaci\u00f3n con espacios limitados.","og_url":"https:\/\/mabawater.com\/en\/product\/motobomba-sumergible-para-fuente-decorativa-panda-serie-baby-85-watts-1-fase-127-volts\/","og_site_name":"Maba Water","article_publisher":"https:\/\/www.facebook.com\/mabawater\/","og_image":[{"width":1000,"height":1000,"url":"https:\/\/mabawater.com\/wp-content\/uploads\/2022\/07\/baby18.jpeg","type":"image\/jpeg"}],"twitter_card":"summary_large_image","schema":{"@context":"https:\/\/schema.org","@graph":[{"@type":"WebPage","@id":"https:\/\/mabawater.com\/producto\/motobomba-sumergible-para-fuente-decorativa-panda-serie-baby-85-watts-1-fase-127-volts\/","url":"https:\/\/mabawater.com\/producto\/motobomba-sumergible-para-fuente-decorativa-panda-serie-baby-85-watts-1-fase-127-volts\/","name":"Motobomba sumergible para fuente decorativa, PANDA serie BABY, 85 Watts, 1 fase, 127 Volts - Maba Water","isPartOf":{"@id":"https:\/\/mabawater.com\/#website"},"primaryImageOfPage":{"@id":"https:\/\/mabawater.com\/producto\/motobomba-sumergible-para-fuente-decorativa-panda-serie-baby-85-watts-1-fase-127-volts\/#primaryimage"},"image":{"@id":"https:\/\/mabawater.com\/producto\/motobomba-sumergible-para-fuente-decorativa-panda-serie-baby-85-watts-1-fase-127-volts\/#primaryimage"},"thumbnailUrl":"https:\/\/mabawater.com\/wp-content\/uploads\/2022\/07\/baby18.jpeg","datePublished":"2022-07-28T21:19:52+00:00","breadcrumb":{"@id":"https:\/\/mabawater.com\/producto\/motobomba-sumergible-para-fuente-decorativa-panda-serie-baby-85-watts-1-fase-127-volts\/#breadcrumb"},"inLanguage":"en-US","potentialAction":[{"@type":"ReadAction","target":["https:\/\/mabawater.com\/producto\/motobomba-sumergible-para-fuente-decorativa-panda-serie-baby-85-watts-1-fase-127-volts\/"]}]},{"@type":"ImageObject","inLanguage":"en-US","@id":"https:\/\/mabawater.com\/producto\/motobomba-sumergible-para-fuente-decorativa-panda-serie-baby-85-watts-1-fase-127-volts\/#primaryimage","url":"https:\/\/mabawater.com\/wp-content\/uploads\/2022\/07\/baby18.jpeg","contentUrl":"https:\/\/mabawater.com\/wp-content\/uploads\/2022\/07\/baby18.jpeg","width":1000,"height":1000},{"@type":"BreadcrumbList","@id":"https:\/\/mabawater.com\/producto\/motobomba-sumergible-para-fuente-decorativa-panda-serie-baby-85-watts-1-fase-127-volts\/#breadcrumb","itemListElement":[{"@type":"ListItem","position":1,"name":"Portada","item":"https:\/\/mabawater.com\/"},{"@type":"ListItem","position":2,"name":"Productos Para La Calidad Del Agua","item":"https:\/\/mabawater.com\/productos-para-la-calidad-del-agua\/"},{"@type":"ListItem","position":3,"name":"Motobomba sumergible para fuente decorativa, PANDA serie BABY, 85 Watts, 1 fase, 127 Volts"}]},{"@type":"WebSite","@id":"https:\/\/mabawater.com\/#website","url":"https:\/\/mabawater.com\/","name":"Maba Water","description":"Soluciones Hidr\u00e1ulicas Sustentables","publisher":{"@id":"https:\/\/mabawater.com\/#organization"},"potentialAction":[{"@type":"SearchAction","target":{"@type":"EntryPoint","urlTemplate":"https:\/\/mabawater.com\/?s={search_term_string}"},"query-input":{"@type":"PropertyValueSpecification","valueRequired":true,"valueName":"search_term_string"}}],"inLanguage":"en-US"},{"@type":"Organization","@id":"https:\/\/mabawater.com\/#organization","name":"Maba Water","url":"https:\/\/mabawater.com\/","logo":{"@type":"ImageObject","inLanguage":"en-US","@id":"https:\/\/mabawater.com\/#\/schema\/logo\/image\/","url":"https:\/\/mabawater.com\/wp-content\/uploads\/2021\/09\/water-icon.png","contentUrl":"https:\/\/mabawater.com\/wp-content\/uploads\/2021\/09\/water-icon.png","width":410,"height":176,"caption":"Maba Water"},"image":{"@id":"https:\/\/mabawater.com\/#\/schema\/logo\/image\/"},"sameAs":["https:\/\/www.facebook.com\/mabawater\/","https:\/\/www.instagram.com\/mabawater\/?hl=es-la"]}]}},"_links":{"self":[{"href":"https:\/\/mabawater.com\/en\/wp-json\/wp\/v2\/product\/19102","targetHints":{"allow":["GET"]}}],"collection":[{"href":"https:\/\/mabawater.com\/en\/wp-json\/wp\/v2\/product"}],"about":[{"href":"https:\/\/mabawater.com\/en\/wp-json\/wp\/v2\/types\/product"}],"replies":[{"embeddable":true,"href":"https:\/\/mabawater.com\/en\/wp-json\/wp\/v2\/comments?post=19102"}],"version-history":[{"count":0,"href":"https:\/\/mabawater.com\/en\/wp-json\/wp\/v2\/product\/19102\/revisions"}],"wp:featuredmedia":[{"embeddable":true,"href":"https:\/\/mabawater.com\/en\/wp-json\/wp\/v2\/media\/19018"}],"wp:attachment":[{"href":"https:\/\/mabawater.com\/en\/wp-json\/wp\/v2\/media?parent=19102"}],"wp:term":[{"taxonomy":"product_brand","embeddable":true,"href":"https:\/\/mabawater.com\/en\/wp-json\/wp\/v2\/product_brand?post=19102"},{"taxonomy":"product_cat","embeddable":true,"href":"https:\/\/mabawater.com\/en\/wp-json\/wp\/v2\/product_cat?post=19102"},{"taxonomy":"product_tag","embeddable":true,"href":"https:\/\/mabawater.com\/en\/wp-json\/wp\/v2\/product_tag?post=19102"}],"curies":[{"name":"wp","href":"https:\/\/api.w.org\/{rel}","templated":true}]}}