{"id":19104,"date":"2022-07-28T21:19:52","date_gmt":"2022-07-28T21:19:52","guid":{"rendered":"https:\/\/mabawater.com\/producto\/cascada-led-efecto-natural-panda-wfall-led-pvc-uso-rudo-cortina-24-labio-6-conexion-trasera-1-5\/"},"modified":"2022-07-28T21:19:52","modified_gmt":"2022-07-28T21:19:52","slug":"cascada-led-efecto-natural-panda-wfall-led-pvc-uso-rudo-cortina-24-labio-6-conexion-trasera-1-5","status":"publish","type":"product","link":"https:\/\/mabawater.com\/en\/product\/cascada-led-efecto-natural-panda-wfall-led-pvc-uso-rudo-cortina-24-labio-6-conexion-trasera-1-5\/","title":{"rendered":"Cascada LED efecto Natural, PANDA, WFALL LED, PVC (uso rudo), cortina 24&#8243;, labio 6&#8243;, conexi\u00f3n trasera 1.5&#8243;"},"content":{"rendered":"<p>Cascada LED efecto Natural, PANDA, WFALL LED, PVC (uso rudo), cortina 24&#8243;, labio 6&#8243;, conexi\u00f3n trasera 1.5&#8243;<\/p>\n<p> Descarga la ficha t\u00e9cnica <a href=\"https:\/\/mabawater.com\/wp-content\/uploads\/2022\/07\/ft_ficha_tecnica_LABIO-6__compressed.pdf\">aqu\u00ed<\/a><\/p>","protected":false},"excerpt":{"rendered":"<p>Cascada LED efecto Natural, PANDA, WFALL LED, PVC (uso rudo), cortina 24&#8243;, labio 6&#8243;, conexi\u00f3n trasera 1.5&#8243;<\/p>\n<p> PANDA serie WFALL lanza una nueva gama de cascadas decorativas construidas con PVC de m\u00e1xima resistencia, con iluminaci\u00f3n LED de alta eficiencia y dise\u00f1o panor\u00e1mico que volver\u00e1 cualquier espacio en el centro de atenci\u00f3n.<\/p>","protected":false},"featured_media":19072,"comment_status":"open","ping_status":"closed","template":"","meta":[],"product_brand":[],"product_cat":[177],"product_tag":[876,881,882,880,797,878,877],"class_list":{"0":"post-19104","1":"product","2":"type-product","3":"status-publish","4":"has-post-thumbnail","6":"product_cat-cascadas","7":"product_tag-cascada-led","8":"product_tag-conexion-trasera-1-5","9":"product_tag-cortina-24","10":"product_tag-labio-6","11":"product_tag-panda","12":"product_tag-pvc","13":"product_tag-serie-wfall-led","15":"first","16":"instock","17":"shipping-taxable","18":"product-type-simple"},"yoast_head":"<!-- This site is optimized with the Yoast SEO plugin v26.6 - https:\/\/yoast.com\/wordpress\/plugins\/seo\/ -->\n<title>Cascada LED efecto Natural, PANDA, WFALL LED, PVC (uso rudo), cortina 24&quot;, labio 6&quot;, conexi\u00f3n trasera 1.5&quot; - Maba Water<\/title>\n<meta name=\"robots\" content=\"index, follow, max-snippet:-1, max-image-preview:large, max-video-preview:-1\" \/>\n<link rel=\"canonical\" href=\"https:\/\/mabawater.com\/en\/product\/cascada-led-efecto-natural-panda-wfall-led-pvc-uso-rudo-cortina-24-labio-6-conexion-trasera-1-5\/\" \/>\n<meta property=\"og:locale\" content=\"en_US\" \/>\n<meta property=\"og:type\" content=\"article\" \/>\n<meta property=\"og:title\" content=\"Cascada LED efecto Natural, PANDA, WFALL LED, PVC (uso rudo), cortina 24&quot;, labio 6&quot;, conexi\u00f3n trasera 1.5&quot; - Maba Water\" \/>\n<meta property=\"og:description\" content=\"Cascada LED efecto Natural, PANDA, WFALL LED, PVC (uso rudo), cortina 24&quot;, labio 6&quot;, conexi\u00f3n trasera 1.5&quot;  PANDA serie WFALL lanza una nueva gama de cascadas decorativas construidas con PVC de m\u00e1xima resistencia, con iluminaci\u00f3n LED de alta eficiencia y dise\u00f1o panor\u00e1mico que volver\u00e1 cualquier espacio en el centro de atenci\u00f3n.\" \/>\n<meta property=\"og:url\" content=\"https:\/\/mabawater.com\/en\/product\/cascada-led-efecto-natural-panda-wfall-led-pvc-uso-rudo-cortina-24-labio-6-conexion-trasera-1-5\/\" \/>\n<meta property=\"og:site_name\" content=\"Maba Water\" \/>\n<meta property=\"article:publisher\" content=\"https:\/\/www.facebook.com\/mabawater\/\" \/>\n<meta property=\"og:image\" content=\"https:\/\/mabawater.com\/wp-content\/uploads\/2022\/07\/Cascada_24_.jpeg\" \/>\n\t<meta property=\"og:image:width\" content=\"1000\" \/>\n\t<meta property=\"og:image:height\" content=\"1000\" \/>\n\t<meta property=\"og:image:type\" content=\"image\/jpeg\" \/>\n<meta name=\"twitter:card\" content=\"summary_large_image\" \/>\n<!-- \/ Yoast SEO plugin. -->","yoast_head_json":{"title":"Cascada LED efecto Natural, PANDA, WFALL LED, PVC (uso rudo), cortina 24\", labio 6\", conexi\u00f3n trasera 1.5\" - Maba Water","robots":{"index":"index","follow":"follow","max-snippet":"max-snippet:-1","max-image-preview":"max-image-preview:large","max-video-preview":"max-video-preview:-1"},"canonical":"https:\/\/mabawater.com\/en\/product\/cascada-led-efecto-natural-panda-wfall-led-pvc-uso-rudo-cortina-24-labio-6-conexion-trasera-1-5\/","og_locale":"en_US","og_type":"article","og_title":"Cascada LED efecto Natural, PANDA, WFALL LED, PVC (uso rudo), cortina 24\", labio 6\", conexi\u00f3n trasera 1.5\" - Maba Water","og_description":"Cascada LED efecto Natural, PANDA, WFALL LED, PVC (uso rudo), cortina 24\", labio 6\", conexi\u00f3n trasera 1.5\"  PANDA serie WFALL lanza una nueva gama de cascadas decorativas construidas con PVC de m\u00e1xima resistencia, con iluminaci\u00f3n LED de alta eficiencia y dise\u00f1o panor\u00e1mico que volver\u00e1 cualquier espacio en el centro de atenci\u00f3n.","og_url":"https:\/\/mabawater.com\/en\/product\/cascada-led-efecto-natural-panda-wfall-led-pvc-uso-rudo-cortina-24-labio-6-conexion-trasera-1-5\/","og_site_name":"Maba Water","article_publisher":"https:\/\/www.facebook.com\/mabawater\/","og_image":[{"width":1000,"height":1000,"url":"https:\/\/mabawater.com\/wp-content\/uploads\/2022\/07\/Cascada_24_.jpeg","type":"image\/jpeg"}],"twitter_card":"summary_large_image","schema":{"@context":"https:\/\/schema.org","@graph":[{"@type":"WebPage","@id":"https:\/\/mabawater.com\/producto\/cascada-led-efecto-natural-panda-wfall-led-pvc-uso-rudo-cortina-24-labio-6-conexion-trasera-1-5\/","url":"https:\/\/mabawater.com\/producto\/cascada-led-efecto-natural-panda-wfall-led-pvc-uso-rudo-cortina-24-labio-6-conexion-trasera-1-5\/","name":"Cascada LED efecto Natural, PANDA, WFALL LED, PVC (uso rudo), cortina 24\", labio 6\", conexi\u00f3n trasera 1.5\" - Maba Water","isPartOf":{"@id":"https:\/\/mabawater.com\/#website"},"primaryImageOfPage":{"@id":"https:\/\/mabawater.com\/producto\/cascada-led-efecto-natural-panda-wfall-led-pvc-uso-rudo-cortina-24-labio-6-conexion-trasera-1-5\/#primaryimage"},"image":{"@id":"https:\/\/mabawater.com\/producto\/cascada-led-efecto-natural-panda-wfall-led-pvc-uso-rudo-cortina-24-labio-6-conexion-trasera-1-5\/#primaryimage"},"thumbnailUrl":"https:\/\/mabawater.com\/wp-content\/uploads\/2022\/07\/Cascada_24_.jpeg","datePublished":"2022-07-28T21:19:52+00:00","breadcrumb":{"@id":"https:\/\/mabawater.com\/producto\/cascada-led-efecto-natural-panda-wfall-led-pvc-uso-rudo-cortina-24-labio-6-conexion-trasera-1-5\/#breadcrumb"},"inLanguage":"en-US","potentialAction":[{"@type":"ReadAction","target":["https:\/\/mabawater.com\/producto\/cascada-led-efecto-natural-panda-wfall-led-pvc-uso-rudo-cortina-24-labio-6-conexion-trasera-1-5\/"]}]},{"@type":"ImageObject","inLanguage":"en-US","@id":"https:\/\/mabawater.com\/producto\/cascada-led-efecto-natural-panda-wfall-led-pvc-uso-rudo-cortina-24-labio-6-conexion-trasera-1-5\/#primaryimage","url":"https:\/\/mabawater.com\/wp-content\/uploads\/2022\/07\/Cascada_24_.jpeg","contentUrl":"https:\/\/mabawater.com\/wp-content\/uploads\/2022\/07\/Cascada_24_.jpeg","width":1000,"height":1000},{"@type":"BreadcrumbList","@id":"https:\/\/mabawater.com\/producto\/cascada-led-efecto-natural-panda-wfall-led-pvc-uso-rudo-cortina-24-labio-6-conexion-trasera-1-5\/#breadcrumb","itemListElement":[{"@type":"ListItem","position":1,"name":"Portada","item":"https:\/\/mabawater.com\/"},{"@type":"ListItem","position":2,"name":"Productos Para La Calidad Del Agua","item":"https:\/\/mabawater.com\/productos-para-la-calidad-del-agua\/"},{"@type":"ListItem","position":3,"name":"Cascada LED efecto Natural, PANDA, WFALL LED, PVC (uso rudo), cortina 24&#8243;, labio 6&#8243;, conexi\u00f3n trasera 1.5&#8243;"}]},{"@type":"WebSite","@id":"https:\/\/mabawater.com\/#website","url":"https:\/\/mabawater.com\/","name":"Maba Water","description":"Soluciones Hidr\u00e1ulicas Sustentables","publisher":{"@id":"https:\/\/mabawater.com\/#organization"},"potentialAction":[{"@type":"SearchAction","target":{"@type":"EntryPoint","urlTemplate":"https:\/\/mabawater.com\/?s={search_term_string}"},"query-input":{"@type":"PropertyValueSpecification","valueRequired":true,"valueName":"search_term_string"}}],"inLanguage":"en-US"},{"@type":"Organization","@id":"https:\/\/mabawater.com\/#organization","name":"Maba Water","url":"https:\/\/mabawater.com\/","logo":{"@type":"ImageObject","inLanguage":"en-US","@id":"https:\/\/mabawater.com\/#\/schema\/logo\/image\/","url":"https:\/\/mabawater.com\/wp-content\/uploads\/2021\/09\/water-icon.png","contentUrl":"https:\/\/mabawater.com\/wp-content\/uploads\/2021\/09\/water-icon.png","width":410,"height":176,"caption":"Maba Water"},"image":{"@id":"https:\/\/mabawater.com\/#\/schema\/logo\/image\/"},"sameAs":["https:\/\/www.facebook.com\/mabawater\/","https:\/\/www.instagram.com\/mabawater\/?hl=es-la"]}]}},"_links":{"self":[{"href":"https:\/\/mabawater.com\/en\/wp-json\/wp\/v2\/product\/19104","targetHints":{"allow":["GET"]}}],"collection":[{"href":"https:\/\/mabawater.com\/en\/wp-json\/wp\/v2\/product"}],"about":[{"href":"https:\/\/mabawater.com\/en\/wp-json\/wp\/v2\/types\/product"}],"replies":[{"embeddable":true,"href":"https:\/\/mabawater.com\/en\/wp-json\/wp\/v2\/comments?post=19104"}],"version-history":[{"count":0,"href":"https:\/\/mabawater.com\/en\/wp-json\/wp\/v2\/product\/19104\/revisions"}],"wp:featuredmedia":[{"embeddable":true,"href":"https:\/\/mabawater.com\/en\/wp-json\/wp\/v2\/media\/19072"}],"wp:attachment":[{"href":"https:\/\/mabawater.com\/en\/wp-json\/wp\/v2\/media?parent=19104"}],"wp:term":[{"taxonomy":"product_brand","embeddable":true,"href":"https:\/\/mabawater.com\/en\/wp-json\/wp\/v2\/product_brand?post=19104"},{"taxonomy":"product_cat","embeddable":true,"href":"https:\/\/mabawater.com\/en\/wp-json\/wp\/v2\/product_cat?post=19104"},{"taxonomy":"product_tag","embeddable":true,"href":"https:\/\/mabawater.com\/en\/wp-json\/wp\/v2\/product_tag?post=19104"}],"curies":[{"name":"wp","href":"https:\/\/api.w.org\/{rel}","templated":true}]}}