{"id":19237,"date":"2022-07-29T17:00:40","date_gmt":"2022-07-29T17:00:40","guid":{"rendered":"https:\/\/mabawater.com\/producto\/bomba-recirculadora-para-piscina-espa-serie-silen-i-1-3-hp-1-fase-115-volts\/"},"modified":"2022-07-29T17:00:40","modified_gmt":"2022-07-29T17:00:40","slug":"bomba-recirculadora-para-piscina-espa-serie-silen-i-1-3-hp-1-fase-115-volts","status":"publish","type":"product","link":"https:\/\/mabawater.com\/en\/product\/bomba-recirculadora-para-piscina-espa-serie-silen-i-1-3-hp-1-fase-115-volts\/","title":{"rendered":"Bomba recirculadora para piscina, ESPA, serie SILEN I, 1\/3 HP, 1 fase, 115 Volts"},"content":{"rendered":"<p>Bomba recirculadora para piscina, ESPA, serie SILEN I, 1\/3 HP, 1 fase, 115 Volts<\/p>\n<p>Descarga la ficha t\u00e9cnica <a href=\"https:\/\/mabawater.com\/wp-content\/uploads\/2022\/07\/ft_ficha_tecnica-7.pdf\">aqu\u00ed<\/a><\/p>","protected":false},"excerpt":{"rendered":"<p>Bombas centr\u00edfugas monoetapas autoaspirantes para la filtraci\u00f3n del agua de piscinas peque\u00f1as y medianas, con prefiltro incorporado.<\/p>","protected":false},"featured_media":19217,"comment_status":"open","ping_status":"closed","template":"","meta":[],"product_brand":[],"product_cat":[150,173],"product_tag":[491,914,513,94,508,492,490,913,526,906,905,483,912,494],"class_list":{"0":"post-19237","1":"product","2":"type-product","3":"status-publish","4":"has-post-thumbnail","6":"product_cat-piscinas-y-spa","7":"product_cat-bombas-para-alberca","8":"product_tag-491","9":"product_tag-1-3-3","10":"product_tag-513","11":"product_tag-bomba","12":"product_tag-espa","13":"product_tag-fase","14":"product_tag-hp","15":"product_tag-i","16":"product_tag-para","17":"product_tag-piscina","18":"product_tag-recirculadora","19":"product_tag-serie","20":"product_tag-silen","21":"product_tag-volts","23":"first","24":"instock","25":"shipping-taxable","26":"product-type-simple"},"yoast_head":"<!-- This site is optimized with the Yoast SEO plugin v26.6 - https:\/\/yoast.com\/wordpress\/plugins\/seo\/ -->\n<title>Bomba recirculadora para piscina, ESPA, serie SILEN I, 1\/3 HP, 1 fase, 115 Volts - Maba Water<\/title>\n<meta name=\"robots\" content=\"index, follow, max-snippet:-1, max-image-preview:large, max-video-preview:-1\" \/>\n<link rel=\"canonical\" href=\"https:\/\/mabawater.com\/en\/product\/bomba-recirculadora-para-piscina-espa-serie-silen-i-1-3-hp-1-fase-115-volts\/\" \/>\n<meta property=\"og:locale\" content=\"en_US\" \/>\n<meta property=\"og:type\" content=\"article\" \/>\n<meta property=\"og:title\" content=\"Bomba recirculadora para piscina, ESPA, serie SILEN I, 1\/3 HP, 1 fase, 115 Volts - Maba Water\" \/>\n<meta property=\"og:description\" content=\"Bombas centr\u00edfugas monoetapas autoaspirantes para la filtraci\u00f3n del agua de piscinas peque\u00f1as y medianas, con prefiltro incorporado.\" \/>\n<meta property=\"og:url\" content=\"https:\/\/mabawater.com\/en\/product\/bomba-recirculadora-para-piscina-espa-serie-silen-i-1-3-hp-1-fase-115-volts\/\" \/>\n<meta property=\"og:site_name\" content=\"Maba Water\" \/>\n<meta property=\"article:publisher\" content=\"https:\/\/www.facebook.com\/mabawater\/\" \/>\n<meta property=\"og:image\" content=\"https:\/\/mabawater.com\/wp-content\/uploads\/2022\/07\/silen_i_4-1.jpeg\" \/>\n\t<meta property=\"og:image:width\" content=\"1000\" \/>\n\t<meta property=\"og:image:height\" content=\"1000\" \/>\n\t<meta property=\"og:image:type\" content=\"image\/jpeg\" \/>\n<meta name=\"twitter:card\" content=\"summary_large_image\" \/>\n<!-- \/ Yoast SEO plugin. -->","yoast_head_json":{"title":"Bomba recirculadora para piscina, ESPA, serie SILEN I, 1\/3 HP, 1 fase, 115 Volts - Maba Water","robots":{"index":"index","follow":"follow","max-snippet":"max-snippet:-1","max-image-preview":"max-image-preview:large","max-video-preview":"max-video-preview:-1"},"canonical":"https:\/\/mabawater.com\/en\/product\/bomba-recirculadora-para-piscina-espa-serie-silen-i-1-3-hp-1-fase-115-volts\/","og_locale":"en_US","og_type":"article","og_title":"Bomba recirculadora para piscina, ESPA, serie SILEN I, 1\/3 HP, 1 fase, 115 Volts - Maba Water","og_description":"Bombas centr\u00edfugas monoetapas autoaspirantes para la filtraci\u00f3n del agua de piscinas peque\u00f1as y medianas, con prefiltro incorporado.","og_url":"https:\/\/mabawater.com\/en\/product\/bomba-recirculadora-para-piscina-espa-serie-silen-i-1-3-hp-1-fase-115-volts\/","og_site_name":"Maba Water","article_publisher":"https:\/\/www.facebook.com\/mabawater\/","og_image":[{"width":1000,"height":1000,"url":"https:\/\/mabawater.com\/wp-content\/uploads\/2022\/07\/silen_i_4-1.jpeg","type":"image\/jpeg"}],"twitter_card":"summary_large_image","schema":{"@context":"https:\/\/schema.org","@graph":[{"@type":"WebPage","@id":"https:\/\/mabawater.com\/producto\/bomba-recirculadora-para-piscina-espa-serie-silen-i-1-3-hp-1-fase-115-volts\/","url":"https:\/\/mabawater.com\/producto\/bomba-recirculadora-para-piscina-espa-serie-silen-i-1-3-hp-1-fase-115-volts\/","name":"Bomba recirculadora para piscina, ESPA, serie SILEN I, 1\/3 HP, 1 fase, 115 Volts - Maba Water","isPartOf":{"@id":"https:\/\/mabawater.com\/#website"},"primaryImageOfPage":{"@id":"https:\/\/mabawater.com\/producto\/bomba-recirculadora-para-piscina-espa-serie-silen-i-1-3-hp-1-fase-115-volts\/#primaryimage"},"image":{"@id":"https:\/\/mabawater.com\/producto\/bomba-recirculadora-para-piscina-espa-serie-silen-i-1-3-hp-1-fase-115-volts\/#primaryimage"},"thumbnailUrl":"https:\/\/mabawater.com\/wp-content\/uploads\/2022\/07\/silen_i_4-1.jpeg","datePublished":"2022-07-29T17:00:40+00:00","breadcrumb":{"@id":"https:\/\/mabawater.com\/producto\/bomba-recirculadora-para-piscina-espa-serie-silen-i-1-3-hp-1-fase-115-volts\/#breadcrumb"},"inLanguage":"en-US","potentialAction":[{"@type":"ReadAction","target":["https:\/\/mabawater.com\/producto\/bomba-recirculadora-para-piscina-espa-serie-silen-i-1-3-hp-1-fase-115-volts\/"]}]},{"@type":"ImageObject","inLanguage":"en-US","@id":"https:\/\/mabawater.com\/producto\/bomba-recirculadora-para-piscina-espa-serie-silen-i-1-3-hp-1-fase-115-volts\/#primaryimage","url":"https:\/\/mabawater.com\/wp-content\/uploads\/2022\/07\/silen_i_4-1.jpeg","contentUrl":"https:\/\/mabawater.com\/wp-content\/uploads\/2022\/07\/silen_i_4-1.jpeg","width":1000,"height":1000},{"@type":"BreadcrumbList","@id":"https:\/\/mabawater.com\/producto\/bomba-recirculadora-para-piscina-espa-serie-silen-i-1-3-hp-1-fase-115-volts\/#breadcrumb","itemListElement":[{"@type":"ListItem","position":1,"name":"Portada","item":"https:\/\/mabawater.com\/"},{"@type":"ListItem","position":2,"name":"Productos Para La Calidad Del Agua","item":"https:\/\/mabawater.com\/productos-para-la-calidad-del-agua\/"},{"@type":"ListItem","position":3,"name":"Bomba recirculadora para piscina, ESPA, serie SILEN I, 1\/3 HP, 1 fase, 115 Volts"}]},{"@type":"WebSite","@id":"https:\/\/mabawater.com\/#website","url":"https:\/\/mabawater.com\/","name":"Maba Water","description":"Soluciones Hidr\u00e1ulicas Sustentables","publisher":{"@id":"https:\/\/mabawater.com\/#organization"},"potentialAction":[{"@type":"SearchAction","target":{"@type":"EntryPoint","urlTemplate":"https:\/\/mabawater.com\/?s={search_term_string}"},"query-input":{"@type":"PropertyValueSpecification","valueRequired":true,"valueName":"search_term_string"}}],"inLanguage":"en-US"},{"@type":"Organization","@id":"https:\/\/mabawater.com\/#organization","name":"Maba Water","url":"https:\/\/mabawater.com\/","logo":{"@type":"ImageObject","inLanguage":"en-US","@id":"https:\/\/mabawater.com\/#\/schema\/logo\/image\/","url":"https:\/\/mabawater.com\/wp-content\/uploads\/2021\/09\/water-icon.png","contentUrl":"https:\/\/mabawater.com\/wp-content\/uploads\/2021\/09\/water-icon.png","width":410,"height":176,"caption":"Maba Water"},"image":{"@id":"https:\/\/mabawater.com\/#\/schema\/logo\/image\/"},"sameAs":["https:\/\/www.facebook.com\/mabawater\/","https:\/\/www.instagram.com\/mabawater\/?hl=es-la"]}]}},"_links":{"self":[{"href":"https:\/\/mabawater.com\/en\/wp-json\/wp\/v2\/product\/19237","targetHints":{"allow":["GET"]}}],"collection":[{"href":"https:\/\/mabawater.com\/en\/wp-json\/wp\/v2\/product"}],"about":[{"href":"https:\/\/mabawater.com\/en\/wp-json\/wp\/v2\/types\/product"}],"replies":[{"embeddable":true,"href":"https:\/\/mabawater.com\/en\/wp-json\/wp\/v2\/comments?post=19237"}],"version-history":[{"count":0,"href":"https:\/\/mabawater.com\/en\/wp-json\/wp\/v2\/product\/19237\/revisions"}],"wp:featuredmedia":[{"embeddable":true,"href":"https:\/\/mabawater.com\/en\/wp-json\/wp\/v2\/media\/19217"}],"wp:attachment":[{"href":"https:\/\/mabawater.com\/en\/wp-json\/wp\/v2\/media?parent=19237"}],"wp:term":[{"taxonomy":"product_brand","embeddable":true,"href":"https:\/\/mabawater.com\/en\/wp-json\/wp\/v2\/product_brand?post=19237"},{"taxonomy":"product_cat","embeddable":true,"href":"https:\/\/mabawater.com\/en\/wp-json\/wp\/v2\/product_cat?post=19237"},{"taxonomy":"product_tag","embeddable":true,"href":"https:\/\/mabawater.com\/en\/wp-json\/wp\/v2\/product_tag?post=19237"}],"curies":[{"name":"wp","href":"https:\/\/api.w.org\/{rel}","templated":true}]}}