{"id":19307,"date":"2022-07-29T18:33:30","date_gmt":"2022-07-29T18:33:30","guid":{"rendered":"https:\/\/mabawater.com\/producto\/motobomba-sumergible-para-efluentes-altamira-serie-marina-descarga-1-25-solidos-19-mm-1-2-hp-1-fase-115-volts\/"},"modified":"2022-07-29T18:33:30","modified_gmt":"2022-07-29T18:33:30","slug":"motobomba-sumergible-para-efluentes-altamira-serie-marina-descarga-1-25-solidos-19-mm-1-2-hp-1-fase-115-volts","status":"publish","type":"product","link":"https:\/\/mabawater.com\/en\/product\/motobomba-sumergible-para-efluentes-altamira-serie-marina-descarga-1-25-solidos-19-mm-1-2-hp-1-fase-115-volts\/","title":{"rendered":"Motobomba sumergible para efluentes, ALTAMIRA, serie MARINA, descarga 1.25&#8243;, s\u00f3lidos 19 mm, 1\/2 HP, 1 fase, 115 volts"},"content":{"rendered":"<p>Motobomba sumergible para efluentes, ALTAMIRA, serie MARINA, descarga 1.25&#8243;, s\u00f3lidos 19 mm, 1\/2 HP, 1 fase, 115 volts<\/p>\n<p><a href=\"https:\/\/mabawater.com\/wp-content\/uploads\/2022\/07\/ft_ficha_tecnica-1-4.pdf\">Ver Ficha T\u00e9cnica<\/a><\/p>","protected":false},"excerpt":{"rendered":"<p>Bomba sumergible para achique muy compacta y port\u00e1til, especialmente dise\u00f1ada con su sello mec\u00e1nico en viton para bombear agua de mar.<\/p>","protected":false},"featured_media":19219,"comment_status":"open","ping_status":"closed","template":"","meta":[],"product_brand":[],"product_cat":[146,612],"product_tag":[259,314,441,198,313,937,958,939],"class_list":{"0":"post-19307","1":"product","2":"type-product","3":"status-publish","4":"has-post-thumbnail","6":"product_cat-bombeo","7":"product_cat-lodos-y-achique","8":"product_tag-1-fase","9":"product_tag-1-2-hp","10":"product_tag-115-volts","11":"product_tag-altamira","12":"product_tag-descarga-1-25","13":"product_tag-motobomba-sumergible-para-efluentes","14":"product_tag-serie-marina","15":"product_tag-solidos-19-mm","17":"first","18":"instock","19":"shipping-taxable","20":"product-type-simple"},"yoast_head":"<!-- This site is optimized with the Yoast SEO plugin v26.6 - https:\/\/yoast.com\/wordpress\/plugins\/seo\/ -->\n<title>Motobomba sumergible para efluentes, ALTAMIRA, serie MARINA, descarga 1.25&quot;, s\u00f3lidos 19 mm, 1\/2 HP, 1 fase, 115 volts - Maba Water<\/title>\n<meta name=\"robots\" content=\"index, follow, max-snippet:-1, max-image-preview:large, max-video-preview:-1\" \/>\n<link rel=\"canonical\" href=\"https:\/\/mabawater.com\/en\/product\/motobomba-sumergible-para-efluentes-altamira-serie-marina-descarga-1-25-solidos-19-mm-1-2-hp-1-fase-115-volts\/\" \/>\n<meta property=\"og:locale\" content=\"en_US\" \/>\n<meta property=\"og:type\" content=\"article\" \/>\n<meta property=\"og:title\" content=\"Motobomba sumergible para efluentes, ALTAMIRA, serie MARINA, descarga 1.25&quot;, s\u00f3lidos 19 mm, 1\/2 HP, 1 fase, 115 volts - Maba Water\" \/>\n<meta property=\"og:description\" content=\"Bomba sumergible para achique muy compacta y port\u00e1til, especialmente dise\u00f1ada con su sello mec\u00e1nico en viton para bombear agua de mar.\" \/>\n<meta property=\"og:url\" content=\"https:\/\/mabawater.com\/en\/product\/motobomba-sumergible-para-efluentes-altamira-serie-marina-descarga-1-25-solidos-19-mm-1-2-hp-1-fase-115-volts\/\" \/>\n<meta property=\"og:site_name\" content=\"Maba Water\" \/>\n<meta property=\"article:publisher\" content=\"https:\/\/www.facebook.com\/mabawater\/\" \/>\n<meta property=\"og:image\" content=\"https:\/\/mabawater.com\/wp-content\/uploads\/2022\/07\/marina100a_2-scaled.jpeg\" \/>\n\t<meta property=\"og:image:width\" content=\"2094\" \/>\n\t<meta property=\"og:image:height\" content=\"2560\" \/>\n\t<meta property=\"og:image:type\" content=\"image\/jpeg\" \/>\n<meta name=\"twitter:card\" content=\"summary_large_image\" \/>\n<!-- \/ Yoast SEO plugin. -->","yoast_head_json":{"title":"Motobomba sumergible para efluentes, ALTAMIRA, serie MARINA, descarga 1.25\", s\u00f3lidos 19 mm, 1\/2 HP, 1 fase, 115 volts - Maba Water","robots":{"index":"index","follow":"follow","max-snippet":"max-snippet:-1","max-image-preview":"max-image-preview:large","max-video-preview":"max-video-preview:-1"},"canonical":"https:\/\/mabawater.com\/en\/product\/motobomba-sumergible-para-efluentes-altamira-serie-marina-descarga-1-25-solidos-19-mm-1-2-hp-1-fase-115-volts\/","og_locale":"en_US","og_type":"article","og_title":"Motobomba sumergible para efluentes, ALTAMIRA, serie MARINA, descarga 1.25\", s\u00f3lidos 19 mm, 1\/2 HP, 1 fase, 115 volts - Maba Water","og_description":"Bomba sumergible para achique muy compacta y port\u00e1til, especialmente dise\u00f1ada con su sello mec\u00e1nico en viton para bombear agua de mar.","og_url":"https:\/\/mabawater.com\/en\/product\/motobomba-sumergible-para-efluentes-altamira-serie-marina-descarga-1-25-solidos-19-mm-1-2-hp-1-fase-115-volts\/","og_site_name":"Maba Water","article_publisher":"https:\/\/www.facebook.com\/mabawater\/","og_image":[{"width":2094,"height":2560,"url":"https:\/\/mabawater.com\/wp-content\/uploads\/2022\/07\/marina100a_2-scaled.jpeg","type":"image\/jpeg"}],"twitter_card":"summary_large_image","schema":{"@context":"https:\/\/schema.org","@graph":[{"@type":"WebPage","@id":"https:\/\/mabawater.com\/producto\/motobomba-sumergible-para-efluentes-altamira-serie-marina-descarga-1-25-solidos-19-mm-1-2-hp-1-fase-115-volts\/","url":"https:\/\/mabawater.com\/producto\/motobomba-sumergible-para-efluentes-altamira-serie-marina-descarga-1-25-solidos-19-mm-1-2-hp-1-fase-115-volts\/","name":"Motobomba sumergible para efluentes, ALTAMIRA, serie MARINA, descarga 1.25\", s\u00f3lidos 19 mm, 1\/2 HP, 1 fase, 115 volts - Maba Water","isPartOf":{"@id":"https:\/\/mabawater.com\/#website"},"primaryImageOfPage":{"@id":"https:\/\/mabawater.com\/producto\/motobomba-sumergible-para-efluentes-altamira-serie-marina-descarga-1-25-solidos-19-mm-1-2-hp-1-fase-115-volts\/#primaryimage"},"image":{"@id":"https:\/\/mabawater.com\/producto\/motobomba-sumergible-para-efluentes-altamira-serie-marina-descarga-1-25-solidos-19-mm-1-2-hp-1-fase-115-volts\/#primaryimage"},"thumbnailUrl":"https:\/\/mabawater.com\/wp-content\/uploads\/2022\/07\/marina100a_2-scaled.jpeg","datePublished":"2022-07-29T18:33:30+00:00","breadcrumb":{"@id":"https:\/\/mabawater.com\/producto\/motobomba-sumergible-para-efluentes-altamira-serie-marina-descarga-1-25-solidos-19-mm-1-2-hp-1-fase-115-volts\/#breadcrumb"},"inLanguage":"en-US","potentialAction":[{"@type":"ReadAction","target":["https:\/\/mabawater.com\/producto\/motobomba-sumergible-para-efluentes-altamira-serie-marina-descarga-1-25-solidos-19-mm-1-2-hp-1-fase-115-volts\/"]}]},{"@type":"ImageObject","inLanguage":"en-US","@id":"https:\/\/mabawater.com\/producto\/motobomba-sumergible-para-efluentes-altamira-serie-marina-descarga-1-25-solidos-19-mm-1-2-hp-1-fase-115-volts\/#primaryimage","url":"https:\/\/mabawater.com\/wp-content\/uploads\/2022\/07\/marina100a_2-scaled.jpeg","contentUrl":"https:\/\/mabawater.com\/wp-content\/uploads\/2022\/07\/marina100a_2-scaled.jpeg","width":2094,"height":2560},{"@type":"BreadcrumbList","@id":"https:\/\/mabawater.com\/producto\/motobomba-sumergible-para-efluentes-altamira-serie-marina-descarga-1-25-solidos-19-mm-1-2-hp-1-fase-115-volts\/#breadcrumb","itemListElement":[{"@type":"ListItem","position":1,"name":"Portada","item":"https:\/\/mabawater.com\/"},{"@type":"ListItem","position":2,"name":"Productos Para La Calidad Del Agua","item":"https:\/\/mabawater.com\/productos-para-la-calidad-del-agua\/"},{"@type":"ListItem","position":3,"name":"Motobomba sumergible para efluentes, ALTAMIRA, serie MARINA, descarga 1.25&#8243;, s\u00f3lidos 19 mm, 1\/2 HP, 1 fase, 115 volts"}]},{"@type":"WebSite","@id":"https:\/\/mabawater.com\/#website","url":"https:\/\/mabawater.com\/","name":"Maba Water","description":"Soluciones Hidr\u00e1ulicas Sustentables","publisher":{"@id":"https:\/\/mabawater.com\/#organization"},"potentialAction":[{"@type":"SearchAction","target":{"@type":"EntryPoint","urlTemplate":"https:\/\/mabawater.com\/?s={search_term_string}"},"query-input":{"@type":"PropertyValueSpecification","valueRequired":true,"valueName":"search_term_string"}}],"inLanguage":"en-US"},{"@type":"Organization","@id":"https:\/\/mabawater.com\/#organization","name":"Maba Water","url":"https:\/\/mabawater.com\/","logo":{"@type":"ImageObject","inLanguage":"en-US","@id":"https:\/\/mabawater.com\/#\/schema\/logo\/image\/","url":"https:\/\/mabawater.com\/wp-content\/uploads\/2021\/09\/water-icon.png","contentUrl":"https:\/\/mabawater.com\/wp-content\/uploads\/2021\/09\/water-icon.png","width":410,"height":176,"caption":"Maba Water"},"image":{"@id":"https:\/\/mabawater.com\/#\/schema\/logo\/image\/"},"sameAs":["https:\/\/www.facebook.com\/mabawater\/","https:\/\/www.instagram.com\/mabawater\/?hl=es-la"]}]}},"_links":{"self":[{"href":"https:\/\/mabawater.com\/en\/wp-json\/wp\/v2\/product\/19307","targetHints":{"allow":["GET"]}}],"collection":[{"href":"https:\/\/mabawater.com\/en\/wp-json\/wp\/v2\/product"}],"about":[{"href":"https:\/\/mabawater.com\/en\/wp-json\/wp\/v2\/types\/product"}],"replies":[{"embeddable":true,"href":"https:\/\/mabawater.com\/en\/wp-json\/wp\/v2\/comments?post=19307"}],"version-history":[{"count":0,"href":"https:\/\/mabawater.com\/en\/wp-json\/wp\/v2\/product\/19307\/revisions"}],"wp:featuredmedia":[{"embeddable":true,"href":"https:\/\/mabawater.com\/en\/wp-json\/wp\/v2\/media\/19219"}],"wp:attachment":[{"href":"https:\/\/mabawater.com\/en\/wp-json\/wp\/v2\/media?parent=19307"}],"wp:term":[{"taxonomy":"product_brand","embeddable":true,"href":"https:\/\/mabawater.com\/en\/wp-json\/wp\/v2\/product_brand?post=19307"},{"taxonomy":"product_cat","embeddable":true,"href":"https:\/\/mabawater.com\/en\/wp-json\/wp\/v2\/product_cat?post=19307"},{"taxonomy":"product_tag","embeddable":true,"href":"https:\/\/mabawater.com\/en\/wp-json\/wp\/v2\/product_tag?post=19307"}],"curies":[{"name":"wp","href":"https:\/\/api.w.org\/{rel}","templated":true}]}}