{"id":19327,"date":"2022-07-29T18:55:16","date_gmt":"2022-07-29T18:55:16","guid":{"rendered":"https:\/\/mabawater.com\/producto\/clorador-automatico-en-linea-de-4-kg-18-pastillas-marca-panda-con-valvula-de-control-para-una-presion-maxima-de-50-psi\/"},"modified":"2024-06-17T19:08:23","modified_gmt":"2024-06-17T19:08:23","slug":"clorador-automatico-en-linea-de-4-kg-18-pastillas-marca-panda-con-valvula-de-control-para-una-presion-maxima-de-50-psi","status":"publish","type":"product","link":"https:\/\/mabawater.com\/en\/product\/clorador-automatico-en-linea-de-4-kg-18-pastillas-marca-panda-con-valvula-de-control-para-una-presion-maxima-de-50-psi\/","title":{"rendered":"Clorador autom\u00e1tico en l\u00ednea de 4 Kg (18 pastillas) marca PANDA con v\u00e1lvula de control para una presi\u00f3n m\u00e1xima de 50 PSI"},"content":{"rendered":"","protected":false},"excerpt":{"rendered":"<p><strong>Clorador autom\u00e1tico en l\u00ednea<\/strong> de 4 Kg (18 pastillas) marca PANDA<\/p>\n<ul>\n<li>Con v\u00e1lvula de control<\/li>\n<li>Para una presi\u00f3n m\u00e1xima de 50 PSI<\/li>\n<\/ul>\n<p>Los modelos de dosificadores autom\u00e1ticos en l\u00ednea est\u00e1n dise\u00f1ados para una instalaci\u00f3n permanente en la l\u00ednea de retorno de la <strong>alberca<\/strong>.<\/p>\n<p><a href=\"https:\/\/mabawater.com\/wp-content\/uploads\/2022\/07\/mi_manual_de_instalacion_compressed.pdf\">Descarga la ficha t\u00e9cnica aqu\u00ed<\/a><\/p>","protected":false},"featured_media":19203,"comment_status":"open","ping_status":"closed","template":"","meta":[],"product_brand":[],"product_cat":[178],"product_tag":[977,974,130,797,975],"class_list":{"0":"post-19327","1":"product","2":"type-product","3":"status-publish","4":"has-post-thumbnail","6":"product_cat-cloradores","7":"product_tag-4-kg","8":"product_tag-automatico","9":"product_tag-clorador","10":"product_tag-panda","11":"product_tag-valvula-de-control","13":"first","14":"instock","15":"shipping-taxable","16":"product-type-simple"},"yoast_head":"<!-- This site is optimized with the Yoast SEO plugin v26.6 - https:\/\/yoast.com\/wordpress\/plugins\/seo\/ -->\n<title>Clorador autom\u00e1tico en l\u00ednea de 4 Kg (18 pastillas) marca PANDA con v\u00e1lvula de control para una presi\u00f3n m\u00e1xima de 50 PSI - Maba Water<\/title>\n<meta name=\"description\" content=\"Clorador autom\u00e1tico en l\u00ednea de 4 Kg (18 pastillas) marca PANDA con v\u00e1lvula de control para una presi\u00f3n m\u00e1xima de 50 PSI. Para una instalaci\u00f3n permanente.\" \/>\n<meta name=\"robots\" content=\"index, follow, max-snippet:-1, max-image-preview:large, max-video-preview:-1\" \/>\n<link rel=\"canonical\" href=\"https:\/\/mabawater.com\/en\/product\/clorador-automatico-en-linea-de-4-kg-18-pastillas-marca-panda-con-valvula-de-control-para-una-presion-maxima-de-50-psi\/\" \/>\n<meta property=\"og:locale\" content=\"en_US\" \/>\n<meta property=\"og:type\" content=\"article\" \/>\n<meta property=\"og:title\" content=\"Clorador autom\u00e1tico en l\u00ednea de 4 Kg (18 pastillas) marca PANDA con v\u00e1lvula de control para una presi\u00f3n m\u00e1xima de 50 PSI - Maba Water\" \/>\n<meta property=\"og:description\" content=\"Clorador autom\u00e1tico en l\u00ednea de 4 Kg (18 pastillas) marca PANDA con v\u00e1lvula de control para una presi\u00f3n m\u00e1xima de 50 PSI. Para una instalaci\u00f3n permanente.\" \/>\n<meta property=\"og:url\" content=\"https:\/\/mabawater.com\/en\/product\/clorador-automatico-en-linea-de-4-kg-18-pastillas-marca-panda-con-valvula-de-control-para-una-presion-maxima-de-50-psi\/\" \/>\n<meta property=\"og:site_name\" content=\"Maba Water\" \/>\n<meta property=\"article:publisher\" content=\"https:\/\/www.facebook.com\/mabawater\/\" \/>\n<meta property=\"article:modified_time\" content=\"2024-06-17T19:08:23+00:00\" \/>\n<meta property=\"og:image\" content=\"https:\/\/mabawater.com\/wp-content\/uploads\/2022\/07\/clorador-4k.jpeg\" \/>\n\t<meta property=\"og:image:width\" content=\"1000\" \/>\n\t<meta property=\"og:image:height\" content=\"1000\" \/>\n\t<meta property=\"og:image:type\" content=\"image\/jpeg\" \/>\n<meta name=\"twitter:card\" content=\"summary_large_image\" \/>\n<!-- \/ Yoast SEO plugin. -->","yoast_head_json":{"title":"Clorador autom\u00e1tico en l\u00ednea de 4 Kg (18 pastillas) marca PANDA con v\u00e1lvula de control para una presi\u00f3n m\u00e1xima de 50 PSI - Maba Water","description":"Clorador autom\u00e1tico en l\u00ednea de 4 Kg (18 pastillas) marca PANDA con v\u00e1lvula de control para una presi\u00f3n m\u00e1xima de 50 PSI. Para una instalaci\u00f3n permanente.","robots":{"index":"index","follow":"follow","max-snippet":"max-snippet:-1","max-image-preview":"max-image-preview:large","max-video-preview":"max-video-preview:-1"},"canonical":"https:\/\/mabawater.com\/en\/product\/clorador-automatico-en-linea-de-4-kg-18-pastillas-marca-panda-con-valvula-de-control-para-una-presion-maxima-de-50-psi\/","og_locale":"en_US","og_type":"article","og_title":"Clorador autom\u00e1tico en l\u00ednea de 4 Kg (18 pastillas) marca PANDA con v\u00e1lvula de control para una presi\u00f3n m\u00e1xima de 50 PSI - Maba Water","og_description":"Clorador autom\u00e1tico en l\u00ednea de 4 Kg (18 pastillas) marca PANDA con v\u00e1lvula de control para una presi\u00f3n m\u00e1xima de 50 PSI. Para una instalaci\u00f3n permanente.","og_url":"https:\/\/mabawater.com\/en\/product\/clorador-automatico-en-linea-de-4-kg-18-pastillas-marca-panda-con-valvula-de-control-para-una-presion-maxima-de-50-psi\/","og_site_name":"Maba Water","article_publisher":"https:\/\/www.facebook.com\/mabawater\/","article_modified_time":"2024-06-17T19:08:23+00:00","og_image":[{"width":1000,"height":1000,"url":"https:\/\/mabawater.com\/wp-content\/uploads\/2022\/07\/clorador-4k.jpeg","type":"image\/jpeg"}],"twitter_card":"summary_large_image","schema":{"@context":"https:\/\/schema.org","@graph":[{"@type":"WebPage","@id":"https:\/\/mabawater.com\/producto\/clorador-automatico-en-linea-de-4-kg-18-pastillas-marca-panda-con-valvula-de-control-para-una-presion-maxima-de-50-psi\/","url":"https:\/\/mabawater.com\/producto\/clorador-automatico-en-linea-de-4-kg-18-pastillas-marca-panda-con-valvula-de-control-para-una-presion-maxima-de-50-psi\/","name":"Clorador autom\u00e1tico en l\u00ednea de 4 Kg (18 pastillas) marca PANDA con v\u00e1lvula de control para una presi\u00f3n m\u00e1xima de 50 PSI - Maba Water","isPartOf":{"@id":"https:\/\/mabawater.com\/#website"},"primaryImageOfPage":{"@id":"https:\/\/mabawater.com\/producto\/clorador-automatico-en-linea-de-4-kg-18-pastillas-marca-panda-con-valvula-de-control-para-una-presion-maxima-de-50-psi\/#primaryimage"},"image":{"@id":"https:\/\/mabawater.com\/producto\/clorador-automatico-en-linea-de-4-kg-18-pastillas-marca-panda-con-valvula-de-control-para-una-presion-maxima-de-50-psi\/#primaryimage"},"thumbnailUrl":"https:\/\/mabawater.com\/wp-content\/uploads\/2022\/07\/clorador-4k.jpeg","datePublished":"2022-07-29T18:55:16+00:00","dateModified":"2024-06-17T19:08:23+00:00","description":"Clorador autom\u00e1tico en l\u00ednea de 4 Kg (18 pastillas) marca PANDA con v\u00e1lvula de control para una presi\u00f3n m\u00e1xima de 50 PSI. Para una instalaci\u00f3n permanente.","breadcrumb":{"@id":"https:\/\/mabawater.com\/producto\/clorador-automatico-en-linea-de-4-kg-18-pastillas-marca-panda-con-valvula-de-control-para-una-presion-maxima-de-50-psi\/#breadcrumb"},"inLanguage":"en-US","potentialAction":[{"@type":"ReadAction","target":["https:\/\/mabawater.com\/producto\/clorador-automatico-en-linea-de-4-kg-18-pastillas-marca-panda-con-valvula-de-control-para-una-presion-maxima-de-50-psi\/"]}]},{"@type":"ImageObject","inLanguage":"en-US","@id":"https:\/\/mabawater.com\/producto\/clorador-automatico-en-linea-de-4-kg-18-pastillas-marca-panda-con-valvula-de-control-para-una-presion-maxima-de-50-psi\/#primaryimage","url":"https:\/\/mabawater.com\/wp-content\/uploads\/2022\/07\/clorador-4k.jpeg","contentUrl":"https:\/\/mabawater.com\/wp-content\/uploads\/2022\/07\/clorador-4k.jpeg","width":1000,"height":1000},{"@type":"BreadcrumbList","@id":"https:\/\/mabawater.com\/producto\/clorador-automatico-en-linea-de-4-kg-18-pastillas-marca-panda-con-valvula-de-control-para-una-presion-maxima-de-50-psi\/#breadcrumb","itemListElement":[{"@type":"ListItem","position":1,"name":"Portada","item":"https:\/\/mabawater.com\/"},{"@type":"ListItem","position":2,"name":"Productos Para La Calidad Del Agua","item":"https:\/\/mabawater.com\/productos-para-la-calidad-del-agua\/"},{"@type":"ListItem","position":3,"name":"Clorador autom\u00e1tico en l\u00ednea de 4 Kg (18 pastillas) marca PANDA con v\u00e1lvula de control para una presi\u00f3n m\u00e1xima de 50 PSI"}]},{"@type":"WebSite","@id":"https:\/\/mabawater.com\/#website","url":"https:\/\/mabawater.com\/","name":"Maba Water","description":"Soluciones Hidr\u00e1ulicas Sustentables","publisher":{"@id":"https:\/\/mabawater.com\/#organization"},"potentialAction":[{"@type":"SearchAction","target":{"@type":"EntryPoint","urlTemplate":"https:\/\/mabawater.com\/?s={search_term_string}"},"query-input":{"@type":"PropertyValueSpecification","valueRequired":true,"valueName":"search_term_string"}}],"inLanguage":"en-US"},{"@type":"Organization","@id":"https:\/\/mabawater.com\/#organization","name":"Maba Water","url":"https:\/\/mabawater.com\/","logo":{"@type":"ImageObject","inLanguage":"en-US","@id":"https:\/\/mabawater.com\/#\/schema\/logo\/image\/","url":"https:\/\/mabawater.com\/wp-content\/uploads\/2021\/09\/water-icon.png","contentUrl":"https:\/\/mabawater.com\/wp-content\/uploads\/2021\/09\/water-icon.png","width":410,"height":176,"caption":"Maba Water"},"image":{"@id":"https:\/\/mabawater.com\/#\/schema\/logo\/image\/"},"sameAs":["https:\/\/www.facebook.com\/mabawater\/","https:\/\/www.instagram.com\/mabawater\/?hl=es-la"]}]}},"_links":{"self":[{"href":"https:\/\/mabawater.com\/en\/wp-json\/wp\/v2\/product\/19327","targetHints":{"allow":["GET"]}}],"collection":[{"href":"https:\/\/mabawater.com\/en\/wp-json\/wp\/v2\/product"}],"about":[{"href":"https:\/\/mabawater.com\/en\/wp-json\/wp\/v2\/types\/product"}],"replies":[{"embeddable":true,"href":"https:\/\/mabawater.com\/en\/wp-json\/wp\/v2\/comments?post=19327"}],"version-history":[{"count":3,"href":"https:\/\/mabawater.com\/en\/wp-json\/wp\/v2\/product\/19327\/revisions"}],"predecessor-version":[{"id":27948,"href":"https:\/\/mabawater.com\/en\/wp-json\/wp\/v2\/product\/19327\/revisions\/27948"}],"wp:featuredmedia":[{"embeddable":true,"href":"https:\/\/mabawater.com\/en\/wp-json\/wp\/v2\/media\/19203"}],"wp:attachment":[{"href":"https:\/\/mabawater.com\/en\/wp-json\/wp\/v2\/media?parent=19327"}],"wp:term":[{"taxonomy":"product_brand","embeddable":true,"href":"https:\/\/mabawater.com\/en\/wp-json\/wp\/v2\/product_brand?post=19327"},{"taxonomy":"product_cat","embeddable":true,"href":"https:\/\/mabawater.com\/en\/wp-json\/wp\/v2\/product_cat?post=19327"},{"taxonomy":"product_tag","embeddable":true,"href":"https:\/\/mabawater.com\/en\/wp-json\/wp\/v2\/product_tag?post=19327"}],"curies":[{"name":"wp","href":"https:\/\/api.w.org\/{rel}","templated":true}]}}