{"id":19336,"date":"2022-07-29T18:55:17","date_gmt":"2022-07-29T18:55:17","guid":{"rendered":"https:\/\/mabawater.com\/producto\/lampara-led-para-piscina-luminus-panda-rgb-18-watts-12-vca-plastico-abs-diametro-11\/"},"modified":"2025-06-10T02:34:11","modified_gmt":"2025-06-10T02:34:11","slug":"lampara-led-para-piscina-luminus-panda-rgb-18-watts-12-vca-plastico-abs-diametro-11","status":"publish","type":"product","link":"https:\/\/mabawater.com\/en\/product\/lampara-led-para-piscina-luminus-panda-rgb-18-watts-12-vca-plastico-abs-diametro-11\/","title":{"rendered":"L\u00e1mpara LED para piscina, Luminus, PANDA, RGB, 18 Watts, 12 Vca, pl\u00e1stico ABS, di\u00e1metro 11&#8243;"},"content":{"rendered":"<p>L\u00e1mpara LED para piscina, Luminus, PANDA, RGB, 18 Watts, 12 Vca, pl\u00e1stico ABS, di\u00e1metro 11&#8243;<\/p>\n<p>Descarga la ficha t\u00e9cnica <a href=\"https:\/\/mabawater.com\/wp-content\/uploads\/2022\/07\/ft_ficha_tecnica_luminus_compressed.pdf\">aqu\u00ed<\/a><\/p>","protected":false},"excerpt":{"rendered":"<p>L\u00e1mpara LED para piscina, Luminus, PANDA, RGB, 18 Watts, 12 Vca, pl\u00e1stico ABS, di\u00e1metro 11&#8243;<\/p>\n<p>PANDA serie LUMINUS le ofrece 3 modelos de l\u00e1mparas con tecnolog\u00eda LED, construidas en pl\u00e1stico de alta resistencia (ABS) y con di\u00e1metros de 4\u201d, 8\u201d y 11\u201d. Le invitamos a conocer lo que LUMINUS tiene para usted.<\/p>","protected":false},"featured_media":24250,"comment_status":"open","ping_status":"closed","template":"","meta":[],"product_brand":[],"product_cat":[181],"product_tag":[994,995,984,985,797,796,986,991],"class_list":{"0":"post-19336","1":"product","2":"type-product","3":"status-publish","4":"has-post-thumbnail","6":"product_cat-lamparas-led-de-alberca","7":"product_tag-18-watts","8":"product_tag-diametro-11","9":"product_tag-lampara-led","10":"product_tag-luminus","11":"product_tag-panda","12":"product_tag-para-piscina","13":"product_tag-plastico-abs","14":"product_tag-rgb","16":"first","17":"instock","18":"shipping-taxable","19":"product-type-simple"},"yoast_head":"<!-- This site is optimized with the Yoast SEO plugin v26.6 - https:\/\/yoast.com\/wordpress\/plugins\/seo\/ -->\n<title>L\u00e1mpara LED para piscina, Luminus, PANDA, RGB, 18 Watts, 12 Vca, pl\u00e1stico ABS, di\u00e1metro 11&quot; - Maba Water<\/title>\n<meta name=\"robots\" content=\"index, follow, max-snippet:-1, max-image-preview:large, max-video-preview:-1\" \/>\n<link rel=\"canonical\" href=\"https:\/\/mabawater.com\/en\/product\/lampara-led-para-piscina-luminus-panda-rgb-18-watts-12-vca-plastico-abs-diametro-11\/\" \/>\n<meta property=\"og:locale\" content=\"en_US\" \/>\n<meta property=\"og:type\" content=\"article\" \/>\n<meta property=\"og:title\" content=\"L\u00e1mpara LED para piscina, Luminus, PANDA, RGB, 18 Watts, 12 Vca, pl\u00e1stico ABS, di\u00e1metro 11&quot; - Maba Water\" \/>\n<meta property=\"og:description\" content=\"L\u00e1mpara LED para piscina, Luminus, PANDA, RGB, 18 Watts, 12 Vca, pl\u00e1stico ABS, di\u00e1metro 11&quot;  PANDA serie LUMINUS le ofrece 3 modelos de l\u00e1mparas con tecnolog\u00eda LED, construidas en pl\u00e1stico de alta resistencia (ABS) y con di\u00e1metros de 4\u201d, 8\u201d y 11\u201d. Le invitamos a conocer lo que LUMINUS tiene para usted.\" \/>\n<meta property=\"og:url\" content=\"https:\/\/mabawater.com\/en\/product\/lampara-led-para-piscina-luminus-panda-rgb-18-watts-12-vca-plastico-abs-diametro-11\/\" \/>\n<meta property=\"og:site_name\" content=\"Maba Water\" \/>\n<meta property=\"article:publisher\" content=\"https:\/\/www.facebook.com\/mabawater\/\" \/>\n<meta property=\"article:modified_time\" content=\"2025-06-10T02:34:11+00:00\" \/>\n<meta property=\"og:image\" content=\"https:\/\/mabawater.com\/wp-content\/uploads\/2022\/07\/Lampara-LED-para-piscina-Luminus-PANDA.png\" \/>\n\t<meta property=\"og:image:width\" content=\"1000\" \/>\n\t<meta property=\"og:image:height\" content=\"1000\" \/>\n\t<meta property=\"og:image:type\" content=\"image\/png\" \/>\n<meta name=\"twitter:card\" content=\"summary_large_image\" \/>\n<!-- \/ Yoast SEO plugin. -->","yoast_head_json":{"title":"L\u00e1mpara LED para piscina, Luminus, PANDA, RGB, 18 Watts, 12 Vca, pl\u00e1stico ABS, di\u00e1metro 11\" - Maba Water","robots":{"index":"index","follow":"follow","max-snippet":"max-snippet:-1","max-image-preview":"max-image-preview:large","max-video-preview":"max-video-preview:-1"},"canonical":"https:\/\/mabawater.com\/en\/product\/lampara-led-para-piscina-luminus-panda-rgb-18-watts-12-vca-plastico-abs-diametro-11\/","og_locale":"en_US","og_type":"article","og_title":"L\u00e1mpara LED para piscina, Luminus, PANDA, RGB, 18 Watts, 12 Vca, pl\u00e1stico ABS, di\u00e1metro 11\" - Maba Water","og_description":"L\u00e1mpara LED para piscina, Luminus, PANDA, RGB, 18 Watts, 12 Vca, pl\u00e1stico ABS, di\u00e1metro 11\"  PANDA serie LUMINUS le ofrece 3 modelos de l\u00e1mparas con tecnolog\u00eda LED, construidas en pl\u00e1stico de alta resistencia (ABS) y con di\u00e1metros de 4\u201d, 8\u201d y 11\u201d. Le invitamos a conocer lo que LUMINUS tiene para usted.","og_url":"https:\/\/mabawater.com\/en\/product\/lampara-led-para-piscina-luminus-panda-rgb-18-watts-12-vca-plastico-abs-diametro-11\/","og_site_name":"Maba Water","article_publisher":"https:\/\/www.facebook.com\/mabawater\/","article_modified_time":"2025-06-10T02:34:11+00:00","og_image":[{"width":1000,"height":1000,"url":"https:\/\/mabawater.com\/wp-content\/uploads\/2022\/07\/Lampara-LED-para-piscina-Luminus-PANDA.png","type":"image\/png"}],"twitter_card":"summary_large_image","schema":{"@context":"https:\/\/schema.org","@graph":[{"@type":"WebPage","@id":"https:\/\/mabawater.com\/producto\/lampara-led-para-piscina-luminus-panda-rgb-18-watts-12-vca-plastico-abs-diametro-11\/","url":"https:\/\/mabawater.com\/producto\/lampara-led-para-piscina-luminus-panda-rgb-18-watts-12-vca-plastico-abs-diametro-11\/","name":"L\u00e1mpara LED para piscina, Luminus, PANDA, RGB, 18 Watts, 12 Vca, pl\u00e1stico ABS, di\u00e1metro 11\" - Maba Water","isPartOf":{"@id":"https:\/\/mabawater.com\/#website"},"primaryImageOfPage":{"@id":"https:\/\/mabawater.com\/producto\/lampara-led-para-piscina-luminus-panda-rgb-18-watts-12-vca-plastico-abs-diametro-11\/#primaryimage"},"image":{"@id":"https:\/\/mabawater.com\/producto\/lampara-led-para-piscina-luminus-panda-rgb-18-watts-12-vca-plastico-abs-diametro-11\/#primaryimage"},"thumbnailUrl":"https:\/\/mabawater.com\/wp-content\/uploads\/2022\/07\/Lampara-LED-para-piscina-Luminus-PANDA.png","datePublished":"2022-07-29T18:55:17+00:00","dateModified":"2025-06-10T02:34:11+00:00","breadcrumb":{"@id":"https:\/\/mabawater.com\/producto\/lampara-led-para-piscina-luminus-panda-rgb-18-watts-12-vca-plastico-abs-diametro-11\/#breadcrumb"},"inLanguage":"en-US","potentialAction":[{"@type":"ReadAction","target":["https:\/\/mabawater.com\/producto\/lampara-led-para-piscina-luminus-panda-rgb-18-watts-12-vca-plastico-abs-diametro-11\/"]}]},{"@type":"ImageObject","inLanguage":"en-US","@id":"https:\/\/mabawater.com\/producto\/lampara-led-para-piscina-luminus-panda-rgb-18-watts-12-vca-plastico-abs-diametro-11\/#primaryimage","url":"https:\/\/mabawater.com\/wp-content\/uploads\/2022\/07\/Lampara-LED-para-piscina-Luminus-PANDA.png","contentUrl":"https:\/\/mabawater.com\/wp-content\/uploads\/2022\/07\/Lampara-LED-para-piscina-Luminus-PANDA.png","width":1000,"height":1000},{"@type":"BreadcrumbList","@id":"https:\/\/mabawater.com\/producto\/lampara-led-para-piscina-luminus-panda-rgb-18-watts-12-vca-plastico-abs-diametro-11\/#breadcrumb","itemListElement":[{"@type":"ListItem","position":1,"name":"Portada","item":"https:\/\/mabawater.com\/"},{"@type":"ListItem","position":2,"name":"Productos Para La Calidad Del Agua","item":"https:\/\/mabawater.com\/productos-para-la-calidad-del-agua\/"},{"@type":"ListItem","position":3,"name":"L\u00e1mpara LED para piscina, Luminus, PANDA, RGB, 18 Watts, 12 Vca, pl\u00e1stico ABS, di\u00e1metro 11&#8243;"}]},{"@type":"WebSite","@id":"https:\/\/mabawater.com\/#website","url":"https:\/\/mabawater.com\/","name":"Maba Water","description":"Soluciones Hidr\u00e1ulicas Sustentables","publisher":{"@id":"https:\/\/mabawater.com\/#organization"},"potentialAction":[{"@type":"SearchAction","target":{"@type":"EntryPoint","urlTemplate":"https:\/\/mabawater.com\/?s={search_term_string}"},"query-input":{"@type":"PropertyValueSpecification","valueRequired":true,"valueName":"search_term_string"}}],"inLanguage":"en-US"},{"@type":"Organization","@id":"https:\/\/mabawater.com\/#organization","name":"Maba Water","url":"https:\/\/mabawater.com\/","logo":{"@type":"ImageObject","inLanguage":"en-US","@id":"https:\/\/mabawater.com\/#\/schema\/logo\/image\/","url":"https:\/\/mabawater.com\/wp-content\/uploads\/2021\/09\/water-icon.png","contentUrl":"https:\/\/mabawater.com\/wp-content\/uploads\/2021\/09\/water-icon.png","width":410,"height":176,"caption":"Maba Water"},"image":{"@id":"https:\/\/mabawater.com\/#\/schema\/logo\/image\/"},"sameAs":["https:\/\/www.facebook.com\/mabawater\/","https:\/\/www.instagram.com\/mabawater\/?hl=es-la"]}]}},"_links":{"self":[{"href":"https:\/\/mabawater.com\/en\/wp-json\/wp\/v2\/product\/19336","targetHints":{"allow":["GET"]}}],"collection":[{"href":"https:\/\/mabawater.com\/en\/wp-json\/wp\/v2\/product"}],"about":[{"href":"https:\/\/mabawater.com\/en\/wp-json\/wp\/v2\/types\/product"}],"replies":[{"embeddable":true,"href":"https:\/\/mabawater.com\/en\/wp-json\/wp\/v2\/comments?post=19336"}],"version-history":[{"count":1,"href":"https:\/\/mabawater.com\/en\/wp-json\/wp\/v2\/product\/19336\/revisions"}],"predecessor-version":[{"id":24251,"href":"https:\/\/mabawater.com\/en\/wp-json\/wp\/v2\/product\/19336\/revisions\/24251"}],"wp:featuredmedia":[{"embeddable":true,"href":"https:\/\/mabawater.com\/en\/wp-json\/wp\/v2\/media\/24250"}],"wp:attachment":[{"href":"https:\/\/mabawater.com\/en\/wp-json\/wp\/v2\/media?parent=19336"}],"wp:term":[{"taxonomy":"product_brand","embeddable":true,"href":"https:\/\/mabawater.com\/en\/wp-json\/wp\/v2\/product_brand?post=19336"},{"taxonomy":"product_cat","embeddable":true,"href":"https:\/\/mabawater.com\/en\/wp-json\/wp\/v2\/product_cat?post=19336"},{"taxonomy":"product_tag","embeddable":true,"href":"https:\/\/mabawater.com\/en\/wp-json\/wp\/v2\/product_tag?post=19336"}],"curies":[{"name":"wp","href":"https:\/\/api.w.org\/{rel}","templated":true}]}}