{"id":19339,"date":"2022-07-29T18:55:17","date_gmt":"2022-07-29T18:55:17","guid":{"rendered":"https:\/\/mabawater.com\/producto\/lampara-led-para-piscina-deluxe-panda-blanco-frio-12-watts-12-vca-acero-inoxidable-316-diametro-9\/"},"modified":"2022-07-29T18:55:17","modified_gmt":"2022-07-29T18:55:17","slug":"lampara-led-para-piscina-deluxe-panda-blanco-frio-12-watts-12-vca-acero-inoxidable-316-diametro-9","status":"publish","type":"product","link":"https:\/\/mabawater.com\/en\/product\/lampara-led-para-piscina-deluxe-panda-blanco-frio-12-watts-12-vca-acero-inoxidable-316-diametro-9\/","title":{"rendered":"L\u00e1mpara LED para piscina, Deluxe, PANDA, blanco frio, 12 Watts, 12 Vca, acero inoxidable 316, di\u00e1metro 9&#8243;"},"content":{"rendered":"<p>L\u00e1mpara LED para piscina, Deluxe, PANDA, blanco frio, 12 Watts, 12 Vca, acero inoxidable 316, di\u00e1metro 9&#8243;<\/p>\n<p> Descarga la ficha t\u00e9cnica <a href=\"https:\/\/mabawater.com\/wp-content\/uploads\/2022\/07\/ft_ficha_tecnica_deluxe_compressed.pdf\">aqu\u00ed<\/a><\/p>","protected":false},"excerpt":{"rendered":"<p>L\u00e1mpara LED para piscina, Deluxe, PANDA, blanco frio, 12 Watts, 12 Vca, acero inoxidable 316, di\u00e1metro 9&#8243;<\/p>\n<p> PANDA en su serie DELUXE lanza una nueva gama de l\u00e1mparas LED en acero inoxidable 316 con dise\u00f1o innovador, elegante, de m\u00e1xima iluminaci\u00f3n y bajo consumo de energ\u00eda gracias a su tecnolog\u00eda LED. Gracias a su amplia gama de modelos que comprenden 2\u201d, 3\u201d, 5\u201d, 9\u201d y 10\u201d de di\u00e1metro, as\u00ed como las opciones de iluminaci\u00f3n en blanca y color, es posible iluminar cada espacio de su piscina.<\/p>","protected":false},"featured_media":19266,"comment_status":"open","ping_status":"closed","template":"","meta":[],"product_brand":[],"product_cat":[181],"product_tag":[990,997,1000,996,999,984,797,796],"class_list":{"0":"post-19339","1":"product","2":"type-product","3":"status-publish","4":"has-post-thumbnail","6":"product_cat-lamparas-led-de-alberca","7":"product_tag-12-watts","8":"product_tag-acero-inoxidable-316","9":"product_tag-blanco-frio","10":"product_tag-deluxe","11":"product_tag-diametro-9","12":"product_tag-lampara-led","13":"product_tag-panda","14":"product_tag-para-piscina","16":"first","17":"instock","18":"shipping-taxable","19":"product-type-simple"},"yoast_head":"<!-- This site is optimized with the Yoast SEO plugin v26.6 - https:\/\/yoast.com\/wordpress\/plugins\/seo\/ -->\n<title>L\u00e1mpara LED para piscina, Deluxe, PANDA, blanco frio, 12 Watts, 12 Vca, acero inoxidable 316, di\u00e1metro 9&quot; - Maba Water<\/title>\n<meta name=\"robots\" content=\"index, follow, max-snippet:-1, max-image-preview:large, max-video-preview:-1\" \/>\n<link rel=\"canonical\" href=\"https:\/\/mabawater.com\/en\/product\/lampara-led-para-piscina-deluxe-panda-blanco-frio-12-watts-12-vca-acero-inoxidable-316-diametro-9\/\" \/>\n<meta property=\"og:locale\" content=\"en_US\" \/>\n<meta property=\"og:type\" content=\"article\" \/>\n<meta property=\"og:title\" content=\"L\u00e1mpara LED para piscina, Deluxe, PANDA, blanco frio, 12 Watts, 12 Vca, acero inoxidable 316, di\u00e1metro 9&quot; - Maba Water\" \/>\n<meta property=\"og:description\" content=\"L\u00e1mpara LED para piscina, Deluxe, PANDA, blanco frio, 12 Watts, 12 Vca, acero inoxidable 316, di\u00e1metro 9&quot;  PANDA en su serie DELUXE lanza una nueva gama de l\u00e1mparas LED en acero inoxidable 316 con dise\u00f1o innovador, elegante, de m\u00e1xima iluminaci\u00f3n y bajo consumo de energ\u00eda gracias a su tecnolog\u00eda LED. Gracias a su amplia gama de modelos que comprenden 2\u201d, 3\u201d, 5\u201d, 9\u201d y 10\u201d de di\u00e1metro, as\u00ed como las opciones de iluminaci\u00f3n en blanca y color, es posible iluminar cada espacio de su piscina.\" \/>\n<meta property=\"og:url\" content=\"https:\/\/mabawater.com\/en\/product\/lampara-led-para-piscina-deluxe-panda-blanco-frio-12-watts-12-vca-acero-inoxidable-316-diametro-9\/\" \/>\n<meta property=\"og:site_name\" content=\"Maba Water\" \/>\n<meta property=\"article:publisher\" content=\"https:\/\/www.facebook.com\/mabawater\/\" \/>\n<meta property=\"og:image\" content=\"https:\/\/mabawater.com\/wp-content\/uploads\/2022\/07\/dlx-9-b-12w-12a_y_dlx-9-c-12w-12a_y_dlx-9-c-18w-12a_1.jpeg\" \/>\n\t<meta property=\"og:image:width\" content=\"1000\" \/>\n\t<meta property=\"og:image:height\" content=\"1000\" \/>\n\t<meta property=\"og:image:type\" content=\"image\/jpeg\" \/>\n<meta name=\"twitter:card\" content=\"summary_large_image\" \/>\n<!-- \/ Yoast SEO plugin. -->","yoast_head_json":{"title":"L\u00e1mpara LED para piscina, Deluxe, PANDA, blanco frio, 12 Watts, 12 Vca, acero inoxidable 316, di\u00e1metro 9\" - Maba Water","robots":{"index":"index","follow":"follow","max-snippet":"max-snippet:-1","max-image-preview":"max-image-preview:large","max-video-preview":"max-video-preview:-1"},"canonical":"https:\/\/mabawater.com\/en\/product\/lampara-led-para-piscina-deluxe-panda-blanco-frio-12-watts-12-vca-acero-inoxidable-316-diametro-9\/","og_locale":"en_US","og_type":"article","og_title":"L\u00e1mpara LED para piscina, Deluxe, PANDA, blanco frio, 12 Watts, 12 Vca, acero inoxidable 316, di\u00e1metro 9\" - Maba Water","og_description":"L\u00e1mpara LED para piscina, Deluxe, PANDA, blanco frio, 12 Watts, 12 Vca, acero inoxidable 316, di\u00e1metro 9\"  PANDA en su serie DELUXE lanza una nueva gama de l\u00e1mparas LED en acero inoxidable 316 con dise\u00f1o innovador, elegante, de m\u00e1xima iluminaci\u00f3n y bajo consumo de energ\u00eda gracias a su tecnolog\u00eda LED. Gracias a su amplia gama de modelos que comprenden 2\u201d, 3\u201d, 5\u201d, 9\u201d y 10\u201d de di\u00e1metro, as\u00ed como las opciones de iluminaci\u00f3n en blanca y color, es posible iluminar cada espacio de su piscina.","og_url":"https:\/\/mabawater.com\/en\/product\/lampara-led-para-piscina-deluxe-panda-blanco-frio-12-watts-12-vca-acero-inoxidable-316-diametro-9\/","og_site_name":"Maba Water","article_publisher":"https:\/\/www.facebook.com\/mabawater\/","og_image":[{"width":1000,"height":1000,"url":"https:\/\/mabawater.com\/wp-content\/uploads\/2022\/07\/dlx-9-b-12w-12a_y_dlx-9-c-12w-12a_y_dlx-9-c-18w-12a_1.jpeg","type":"image\/jpeg"}],"twitter_card":"summary_large_image","schema":{"@context":"https:\/\/schema.org","@graph":[{"@type":"WebPage","@id":"https:\/\/mabawater.com\/en\/product\/lampara-led-para-piscina-deluxe-panda-blanco-frio-12-watts-12-vca-acero-inoxidable-316-diametro-9\/","url":"https:\/\/mabawater.com\/en\/product\/lampara-led-para-piscina-deluxe-panda-blanco-frio-12-watts-12-vca-acero-inoxidable-316-diametro-9\/","name":"L\u00e1mpara LED para piscina, Deluxe, PANDA, blanco frio, 12 Watts, 12 Vca, acero inoxidable 316, di\u00e1metro 9\" - Maba Water","isPartOf":{"@id":"https:\/\/mabawater.com\/#website"},"primaryImageOfPage":{"@id":"https:\/\/mabawater.com\/en\/product\/lampara-led-para-piscina-deluxe-panda-blanco-frio-12-watts-12-vca-acero-inoxidable-316-diametro-9\/#primaryimage"},"image":{"@id":"https:\/\/mabawater.com\/en\/product\/lampara-led-para-piscina-deluxe-panda-blanco-frio-12-watts-12-vca-acero-inoxidable-316-diametro-9\/#primaryimage"},"thumbnailUrl":"https:\/\/mabawater.com\/wp-content\/uploads\/2022\/07\/dlx-9-b-12w-12a_y_dlx-9-c-12w-12a_y_dlx-9-c-18w-12a_1.jpeg","datePublished":"2022-07-29T18:55:17+00:00","breadcrumb":{"@id":"https:\/\/mabawater.com\/en\/product\/lampara-led-para-piscina-deluxe-panda-blanco-frio-12-watts-12-vca-acero-inoxidable-316-diametro-9\/#breadcrumb"},"inLanguage":"en-US","potentialAction":[{"@type":"ReadAction","target":["https:\/\/mabawater.com\/en\/product\/lampara-led-para-piscina-deluxe-panda-blanco-frio-12-watts-12-vca-acero-inoxidable-316-diametro-9\/"]}]},{"@type":"ImageObject","inLanguage":"en-US","@id":"https:\/\/mabawater.com\/en\/product\/lampara-led-para-piscina-deluxe-panda-blanco-frio-12-watts-12-vca-acero-inoxidable-316-diametro-9\/#primaryimage","url":"https:\/\/mabawater.com\/wp-content\/uploads\/2022\/07\/dlx-9-b-12w-12a_y_dlx-9-c-12w-12a_y_dlx-9-c-18w-12a_1.jpeg","contentUrl":"https:\/\/mabawater.com\/wp-content\/uploads\/2022\/07\/dlx-9-b-12w-12a_y_dlx-9-c-12w-12a_y_dlx-9-c-18w-12a_1.jpeg","width":1000,"height":1000},{"@type":"BreadcrumbList","@id":"https:\/\/mabawater.com\/en\/product\/lampara-led-para-piscina-deluxe-panda-blanco-frio-12-watts-12-vca-acero-inoxidable-316-diametro-9\/#breadcrumb","itemListElement":[{"@type":"ListItem","position":1,"name":"Portada","item":"https:\/\/mabawater.com\/"},{"@type":"ListItem","position":2,"name":"Productos Para La Calidad Del Agua","item":"https:\/\/mabawater.com\/productos-para-la-calidad-del-agua\/"},{"@type":"ListItem","position":3,"name":"L\u00e1mpara LED para piscina, Deluxe, PANDA, blanco frio, 12 Watts, 12 Vca, acero inoxidable 316, di\u00e1metro 9&#8243;"}]},{"@type":"WebSite","@id":"https:\/\/mabawater.com\/#website","url":"https:\/\/mabawater.com\/","name":"Maba Water","description":"Soluciones Hidr\u00e1ulicas Sustentables","publisher":{"@id":"https:\/\/mabawater.com\/#organization"},"potentialAction":[{"@type":"SearchAction","target":{"@type":"EntryPoint","urlTemplate":"https:\/\/mabawater.com\/?s={search_term_string}"},"query-input":{"@type":"PropertyValueSpecification","valueRequired":true,"valueName":"search_term_string"}}],"inLanguage":"en-US"},{"@type":"Organization","@id":"https:\/\/mabawater.com\/#organization","name":"Maba Water","url":"https:\/\/mabawater.com\/","logo":{"@type":"ImageObject","inLanguage":"en-US","@id":"https:\/\/mabawater.com\/#\/schema\/logo\/image\/","url":"https:\/\/mabawater.com\/wp-content\/uploads\/2021\/09\/water-icon.png","contentUrl":"https:\/\/mabawater.com\/wp-content\/uploads\/2021\/09\/water-icon.png","width":410,"height":176,"caption":"Maba Water"},"image":{"@id":"https:\/\/mabawater.com\/#\/schema\/logo\/image\/"},"sameAs":["https:\/\/www.facebook.com\/mabawater\/","https:\/\/www.instagram.com\/mabawater\/?hl=es-la"]}]}},"_links":{"self":[{"href":"https:\/\/mabawater.com\/en\/wp-json\/wp\/v2\/product\/19339","targetHints":{"allow":["GET"]}}],"collection":[{"href":"https:\/\/mabawater.com\/en\/wp-json\/wp\/v2\/product"}],"about":[{"href":"https:\/\/mabawater.com\/en\/wp-json\/wp\/v2\/types\/product"}],"replies":[{"embeddable":true,"href":"https:\/\/mabawater.com\/en\/wp-json\/wp\/v2\/comments?post=19339"}],"version-history":[{"count":0,"href":"https:\/\/mabawater.com\/en\/wp-json\/wp\/v2\/product\/19339\/revisions"}],"wp:featuredmedia":[{"embeddable":true,"href":"https:\/\/mabawater.com\/en\/wp-json\/wp\/v2\/media\/19266"}],"wp:attachment":[{"href":"https:\/\/mabawater.com\/en\/wp-json\/wp\/v2\/media?parent=19339"}],"wp:term":[{"taxonomy":"product_brand","embeddable":true,"href":"https:\/\/mabawater.com\/en\/wp-json\/wp\/v2\/product_brand?post=19339"},{"taxonomy":"product_cat","embeddable":true,"href":"https:\/\/mabawater.com\/en\/wp-json\/wp\/v2\/product_cat?post=19339"},{"taxonomy":"product_tag","embeddable":true,"href":"https:\/\/mabawater.com\/en\/wp-json\/wp\/v2\/product_tag?post=19339"}],"curies":[{"name":"wp","href":"https:\/\/api.w.org\/{rel}","templated":true}]}}