{"id":19391,"date":"2022-07-29T21:43:10","date_gmt":"2022-07-29T21:43:10","guid":{"rendered":"https:\/\/mabawater.com\/producto\/pack-antisarro-smart-de-2-etapas-carbon-activado-y-2-kg-aprox-de-polifosfato-en-el-otro\/"},"modified":"2026-03-09T20:19:44","modified_gmt":"2026-03-09T20:19:44","slug":"pack-antisarro-smart-de-2-etapas-carbon-activado-y-2-kg-aprox-de-polifosfato-en-el-otro","status":"publish","type":"product","link":"https:\/\/mabawater.com\/en\/product\/pack-antisarro-smart-de-2-etapas-carbon-activado-y-2-kg-aprox-de-polifosfato-en-el-otro\/","title":{"rendered":"PACK ANTISARRO SMART DE 2 ETAPAS (CARBON ACTIVADO Y 2 KG APROX DE POLIFOSFATO EN EL OTRO)"},"content":{"rendered":"","protected":false},"excerpt":{"rendered":"<p data-start=\"206\" data-end=\"562\">El <strong data-start=\"209\" data-end=\"245\">Pack Antisarro Smart de 2 etapas<\/strong> es un sistema de filtraci\u00f3n dise\u00f1ado para <strong data-start=\"288\" data-end=\"356\">proteger instalaciones hidr\u00e1ulicas y mejorar la calidad del agua<\/strong>, combinando dos tecnolog\u00edas efectivas: <strong data-start=\"396\" data-end=\"429\">carb\u00f3n activado y polifosfato<\/strong>. Este sistema ayuda a reducir cloro, sedimentos y prevenir la formaci\u00f3n de sarro en tuber\u00edas, boilers, llaves y electrodom\u00e9sticos.<\/p>\n<p data-start=\"564\" data-end=\"923\">","protected":false},"featured_media":19346,"comment_status":"open","ping_status":"closed","template":"","meta":[],"product_brand":[],"product_cat":[145,76],"product_tag":[],"class_list":{"0":"post-19391","1":"product","2":"type-product","3":"status-publish","4":"has-post-thumbnail","6":"product_cat-tratamiento-de-agua","7":"product_cat-linea-anti-sarro","9":"first","10":"instock","11":"shipping-taxable","12":"product-type-simple"},"yoast_head":"<!-- This site is optimized with the Yoast SEO plugin v26.6 - https:\/\/yoast.com\/wordpress\/plugins\/seo\/ -->\n<title>PACK ANTISARRO SMART DE 2 ETAPAS (CARBON ACTIVADO Y 2 KG APROX DE POLIFOSFATO EN EL OTRO) - Maba Water<\/title>\n<meta name=\"description\" content=\"Pack Antisarro Smart de 2 etapas es un sistema de filtraci\u00f3n dise\u00f1ado para proteger instalaciones hidr\u00e1ulicas\" \/>\n<meta name=\"robots\" content=\"index, follow, max-snippet:-1, max-image-preview:large, max-video-preview:-1\" \/>\n<link rel=\"canonical\" href=\"https:\/\/mabawater.com\/en\/product\/pack-antisarro-smart-de-2-etapas-carbon-activado-y-2-kg-aprox-de-polifosfato-en-el-otro\/\" \/>\n<meta property=\"og:locale\" content=\"en_US\" \/>\n<meta property=\"og:type\" content=\"article\" \/>\n<meta property=\"og:title\" content=\"PACK ANTISARRO SMART DE 2 ETAPAS (CARBON ACTIVADO Y 2 KG APROX DE POLIFOSFATO EN EL OTRO) - Maba Water\" \/>\n<meta property=\"og:description\" content=\"Pack Antisarro Smart de 2 etapas es un sistema de filtraci\u00f3n dise\u00f1ado para proteger instalaciones hidr\u00e1ulicas\" \/>\n<meta property=\"og:url\" content=\"https:\/\/mabawater.com\/en\/product\/pack-antisarro-smart-de-2-etapas-carbon-activado-y-2-kg-aprox-de-polifosfato-en-el-otro\/\" \/>\n<meta property=\"og:site_name\" content=\"Maba Water\" \/>\n<meta property=\"article:publisher\" content=\"https:\/\/www.facebook.com\/mabawater\/\" \/>\n<meta property=\"article:modified_time\" content=\"2026-03-09T20:19:44+00:00\" \/>\n<meta property=\"og:image\" content=\"https:\/\/mabawater.com\/wp-content\/uploads\/2022\/07\/MABA18-1.jpeg\" \/>\n\t<meta property=\"og:image:width\" content=\"1512\" \/>\n\t<meta property=\"og:image:height\" content=\"1512\" \/>\n\t<meta property=\"og:image:type\" content=\"image\/jpeg\" \/>\n<meta name=\"twitter:card\" content=\"summary_large_image\" \/>\n<!-- \/ Yoast SEO plugin. -->","yoast_head_json":{"title":"PACK ANTISARRO SMART DE 2 ETAPAS (CARBON ACTIVADO Y 2 KG APROX DE POLIFOSFATO EN EL OTRO) - Maba Water","description":"Pack Antisarro Smart de 2 etapas es un sistema de filtraci\u00f3n dise\u00f1ado para proteger instalaciones hidr\u00e1ulicas","robots":{"index":"index","follow":"follow","max-snippet":"max-snippet:-1","max-image-preview":"max-image-preview:large","max-video-preview":"max-video-preview:-1"},"canonical":"https:\/\/mabawater.com\/en\/product\/pack-antisarro-smart-de-2-etapas-carbon-activado-y-2-kg-aprox-de-polifosfato-en-el-otro\/","og_locale":"en_US","og_type":"article","og_title":"PACK ANTISARRO SMART DE 2 ETAPAS (CARBON ACTIVADO Y 2 KG APROX DE POLIFOSFATO EN EL OTRO) - Maba Water","og_description":"Pack Antisarro Smart de 2 etapas es un sistema de filtraci\u00f3n dise\u00f1ado para proteger instalaciones hidr\u00e1ulicas","og_url":"https:\/\/mabawater.com\/en\/product\/pack-antisarro-smart-de-2-etapas-carbon-activado-y-2-kg-aprox-de-polifosfato-en-el-otro\/","og_site_name":"Maba Water","article_publisher":"https:\/\/www.facebook.com\/mabawater\/","article_modified_time":"2026-03-09T20:19:44+00:00","og_image":[{"width":1512,"height":1512,"url":"https:\/\/mabawater.com\/wp-content\/uploads\/2022\/07\/MABA18-1.jpeg","type":"image\/jpeg"}],"twitter_card":"summary_large_image","schema":{"@context":"https:\/\/schema.org","@graph":[{"@type":"WebPage","@id":"https:\/\/mabawater.com\/producto\/pack-antisarro-smart-de-2-etapas-carbon-activado-y-2-kg-aprox-de-polifosfato-en-el-otro\/","url":"https:\/\/mabawater.com\/producto\/pack-antisarro-smart-de-2-etapas-carbon-activado-y-2-kg-aprox-de-polifosfato-en-el-otro\/","name":"PACK ANTISARRO SMART DE 2 ETAPAS (CARBON ACTIVADO Y 2 KG APROX DE POLIFOSFATO EN EL OTRO) - Maba Water","isPartOf":{"@id":"https:\/\/mabawater.com\/#website"},"primaryImageOfPage":{"@id":"https:\/\/mabawater.com\/producto\/pack-antisarro-smart-de-2-etapas-carbon-activado-y-2-kg-aprox-de-polifosfato-en-el-otro\/#primaryimage"},"image":{"@id":"https:\/\/mabawater.com\/producto\/pack-antisarro-smart-de-2-etapas-carbon-activado-y-2-kg-aprox-de-polifosfato-en-el-otro\/#primaryimage"},"thumbnailUrl":"https:\/\/mabawater.com\/wp-content\/uploads\/2022\/07\/MABA18-1.jpeg","datePublished":"2022-07-29T21:43:10+00:00","dateModified":"2026-03-09T20:19:44+00:00","description":"Pack Antisarro Smart de 2 etapas es un sistema de filtraci\u00f3n dise\u00f1ado para proteger instalaciones hidr\u00e1ulicas","breadcrumb":{"@id":"https:\/\/mabawater.com\/producto\/pack-antisarro-smart-de-2-etapas-carbon-activado-y-2-kg-aprox-de-polifosfato-en-el-otro\/#breadcrumb"},"inLanguage":"en-US","potentialAction":[{"@type":"ReadAction","target":["https:\/\/mabawater.com\/producto\/pack-antisarro-smart-de-2-etapas-carbon-activado-y-2-kg-aprox-de-polifosfato-en-el-otro\/"]}]},{"@type":"ImageObject","inLanguage":"en-US","@id":"https:\/\/mabawater.com\/producto\/pack-antisarro-smart-de-2-etapas-carbon-activado-y-2-kg-aprox-de-polifosfato-en-el-otro\/#primaryimage","url":"https:\/\/mabawater.com\/wp-content\/uploads\/2022\/07\/MABA18-1.jpeg","contentUrl":"https:\/\/mabawater.com\/wp-content\/uploads\/2022\/07\/MABA18-1.jpeg","width":1512,"height":1512},{"@type":"BreadcrumbList","@id":"https:\/\/mabawater.com\/producto\/pack-antisarro-smart-de-2-etapas-carbon-activado-y-2-kg-aprox-de-polifosfato-en-el-otro\/#breadcrumb","itemListElement":[{"@type":"ListItem","position":1,"name":"Portada","item":"https:\/\/mabawater.com\/"},{"@type":"ListItem","position":2,"name":"Productos Para La Calidad Del Agua","item":"https:\/\/mabawater.com\/productos-para-la-calidad-del-agua\/"},{"@type":"ListItem","position":3,"name":"PACK ANTISARRO SMART DE 2 ETAPAS (CARBON ACTIVADO Y 2 KG APROX DE POLIFOSFATO EN EL OTRO)"}]},{"@type":"WebSite","@id":"https:\/\/mabawater.com\/#website","url":"https:\/\/mabawater.com\/","name":"Maba Water","description":"Soluciones Hidr\u00e1ulicas Sustentables","publisher":{"@id":"https:\/\/mabawater.com\/#organization"},"potentialAction":[{"@type":"SearchAction","target":{"@type":"EntryPoint","urlTemplate":"https:\/\/mabawater.com\/?s={search_term_string}"},"query-input":{"@type":"PropertyValueSpecification","valueRequired":true,"valueName":"search_term_string"}}],"inLanguage":"en-US"},{"@type":"Organization","@id":"https:\/\/mabawater.com\/#organization","name":"Maba Water","url":"https:\/\/mabawater.com\/","logo":{"@type":"ImageObject","inLanguage":"en-US","@id":"https:\/\/mabawater.com\/#\/schema\/logo\/image\/","url":"https:\/\/mabawater.com\/wp-content\/uploads\/2021\/09\/water-icon.png","contentUrl":"https:\/\/mabawater.com\/wp-content\/uploads\/2021\/09\/water-icon.png","width":410,"height":176,"caption":"Maba Water"},"image":{"@id":"https:\/\/mabawater.com\/#\/schema\/logo\/image\/"},"sameAs":["https:\/\/www.facebook.com\/mabawater\/","https:\/\/www.instagram.com\/mabawater\/?hl=es-la"]}]}},"_links":{"self":[{"href":"https:\/\/mabawater.com\/en\/wp-json\/wp\/v2\/product\/19391","targetHints":{"allow":["GET"]}}],"collection":[{"href":"https:\/\/mabawater.com\/en\/wp-json\/wp\/v2\/product"}],"about":[{"href":"https:\/\/mabawater.com\/en\/wp-json\/wp\/v2\/types\/product"}],"replies":[{"embeddable":true,"href":"https:\/\/mabawater.com\/en\/wp-json\/wp\/v2\/comments?post=19391"}],"version-history":[{"count":1,"href":"https:\/\/mabawater.com\/en\/wp-json\/wp\/v2\/product\/19391\/revisions"}],"predecessor-version":[{"id":30286,"href":"https:\/\/mabawater.com\/en\/wp-json\/wp\/v2\/product\/19391\/revisions\/30286"}],"wp:featuredmedia":[{"embeddable":true,"href":"https:\/\/mabawater.com\/en\/wp-json\/wp\/v2\/media\/19346"}],"wp:attachment":[{"href":"https:\/\/mabawater.com\/en\/wp-json\/wp\/v2\/media?parent=19391"}],"wp:term":[{"taxonomy":"product_brand","embeddable":true,"href":"https:\/\/mabawater.com\/en\/wp-json\/wp\/v2\/product_brand?post=19391"},{"taxonomy":"product_cat","embeddable":true,"href":"https:\/\/mabawater.com\/en\/wp-json\/wp\/v2\/product_cat?post=19391"},{"taxonomy":"product_tag","embeddable":true,"href":"https:\/\/mabawater.com\/en\/wp-json\/wp\/v2\/product_tag?post=19391"}],"curies":[{"name":"wp","href":"https:\/\/api.w.org\/{rel}","templated":true}]}}