{"id":19392,"date":"2022-07-29T21:43:10","date_gmt":"2022-07-29T21:43:10","guid":{"rendered":"https:\/\/mabawater.com\/producto\/equipo-suavizador-de-agua-purikor-ensamblado-en-gabinete-1ft%c2%b3-tanque-10-1-galones-110-volts\/"},"modified":"2026-01-12T17:06:36","modified_gmt":"2026-01-12T17:06:36","slug":"equipo-suavizador-de-agua-purikor-ensamblado-en-gabinete-1ft%c2%b3-tanque-10-1-galones-110-volts","status":"publish","type":"product","link":"https:\/\/mabawater.com\/en\/product\/equipo-suavizador-de-agua-purikor-ensamblado-en-gabinete-1ft%c2%b3-tanque-10-1-galones-110-volts\/","title":{"rendered":"Equipo suavizador de agua PURIKOR ensamblado en gabinete, 1ft\u00b3, tanque 10.1 galones, 110 volts"},"content":{"rendered":"","protected":false},"excerpt":{"rendered":"<p>El sistema <strong>PURIKOR<\/strong> para <strong>suavizaci\u00f3n de agua<\/strong> le ofrece una soluci\u00f3n para <strong>prevenir la formaci\u00f3n de sarro<\/strong> ocasionada por los minerales de calcio y magnesio disueltos en el agua.<\/p>\n<p>El equipo esta ensamblado en una sola unidad compuesto por una v\u00e1lvula de control autom\u00e1tico por demanda de alta calidad, un tanque de fibra de vidrio con resina y con el dep\u00f3sito de salmuera integrado en el mismo gabinete.<\/p>\n<p>Equipo<strong> suavizador de agua PURIKOR<\/strong> ensamblado en gabinete, 1ft\u00b3, tanque 10.1 galones, 110 volts<\/p>\n<p><a href=\"https:\/\/mabawater.com\/wp-content\/uploads\/2022\/07\/ft_ficha_tecnica-1-5.pdf\"><strong>Descarga la ficha t\u00e9cnica aqu\u00ed<\/strong><\/a><\/p>","protected":false},"featured_media":19354,"comment_status":"open","ping_status":"closed","template":"","meta":[],"product_brand":[],"product_cat":[145,76],"product_tag":[],"class_list":{"0":"post-19392","1":"product","2":"type-product","3":"status-publish","4":"has-post-thumbnail","6":"product_cat-tratamiento-de-agua","7":"product_cat-linea-anti-sarro","9":"first","10":"instock","11":"shipping-taxable","12":"product-type-simple"},"yoast_head":"<!-- This site is optimized with the Yoast SEO plugin v26.6 - https:\/\/yoast.com\/wordpress\/plugins\/seo\/ -->\n<title>Equipo suavizador de agua PURIKOR ensamblado en gabinete, 1ft\u00b3, tanque 10.1 galones, 110 volts - Maba Water<\/title>\n<meta name=\"description\" content=\"Equipo suavizador de agua PURIKOR ensamblado en una sola unidad compuesto por una v\u00e1lvula de control autom\u00e1tico por demanda de alta calidad\" \/>\n<meta name=\"robots\" content=\"index, follow, max-snippet:-1, max-image-preview:large, max-video-preview:-1\" \/>\n<link rel=\"canonical\" href=\"https:\/\/mabawater.com\/en\/product\/equipo-suavizador-de-agua-purikor-ensamblado-en-gabinete-1ft\u00b3-tanque-10-1-galones-110-volts\/\" \/>\n<meta property=\"og:locale\" content=\"en_US\" \/>\n<meta property=\"og:type\" content=\"article\" \/>\n<meta property=\"og:title\" content=\"Equipo suavizador de agua PURIKOR ensamblado en gabinete, 1ft\u00b3, tanque 10.1 galones, 110 volts - Maba Water\" \/>\n<meta property=\"og:description\" content=\"Equipo suavizador de agua PURIKOR ensamblado en una sola unidad compuesto por una v\u00e1lvula de control autom\u00e1tico por demanda de alta calidad\" \/>\n<meta property=\"og:url\" content=\"https:\/\/mabawater.com\/en\/product\/equipo-suavizador-de-agua-purikor-ensamblado-en-gabinete-1ft\u00b3-tanque-10-1-galones-110-volts\/\" \/>\n<meta property=\"og:site_name\" content=\"Maba Water\" \/>\n<meta property=\"article:publisher\" content=\"https:\/\/www.facebook.com\/mabawater\/\" \/>\n<meta property=\"article:modified_time\" content=\"2026-01-12T17:06:36+00:00\" \/>\n<meta property=\"og:image\" content=\"https:\/\/mabawater.com\/wp-content\/uploads\/2022\/07\/pksoft1035-1g-1.jpeg\" \/>\n\t<meta property=\"og:image:width\" content=\"1000\" \/>\n\t<meta property=\"og:image:height\" content=\"1000\" \/>\n\t<meta property=\"og:image:type\" content=\"image\/jpeg\" \/>\n<meta name=\"twitter:card\" content=\"summary_large_image\" \/>\n<!-- \/ Yoast SEO plugin. -->","yoast_head_json":{"title":"Equipo suavizador de agua PURIKOR ensamblado en gabinete, 1ft\u00b3, tanque 10.1 galones, 110 volts - Maba Water","description":"Equipo suavizador de agua PURIKOR ensamblado en una sola unidad compuesto por una v\u00e1lvula de control autom\u00e1tico por demanda de alta calidad","robots":{"index":"index","follow":"follow","max-snippet":"max-snippet:-1","max-image-preview":"max-image-preview:large","max-video-preview":"max-video-preview:-1"},"canonical":"https:\/\/mabawater.com\/en\/product\/equipo-suavizador-de-agua-purikor-ensamblado-en-gabinete-1ft\u00b3-tanque-10-1-galones-110-volts\/","og_locale":"en_US","og_type":"article","og_title":"Equipo suavizador de agua PURIKOR ensamblado en gabinete, 1ft\u00b3, tanque 10.1 galones, 110 volts - Maba Water","og_description":"Equipo suavizador de agua PURIKOR ensamblado en una sola unidad compuesto por una v\u00e1lvula de control autom\u00e1tico por demanda de alta calidad","og_url":"https:\/\/mabawater.com\/en\/product\/equipo-suavizador-de-agua-purikor-ensamblado-en-gabinete-1ft\u00b3-tanque-10-1-galones-110-volts\/","og_site_name":"Maba Water","article_publisher":"https:\/\/www.facebook.com\/mabawater\/","article_modified_time":"2026-01-12T17:06:36+00:00","og_image":[{"width":1000,"height":1000,"url":"https:\/\/mabawater.com\/wp-content\/uploads\/2022\/07\/pksoft1035-1g-1.jpeg","type":"image\/jpeg"}],"twitter_card":"summary_large_image","schema":{"@context":"https:\/\/schema.org","@graph":[{"@type":"WebPage","@id":"https:\/\/mabawater.com\/producto\/equipo-suavizador-de-agua-purikor-ensamblado-en-gabinete-1ft%c2%b3-tanque-10-1-galones-110-volts\/","url":"https:\/\/mabawater.com\/producto\/equipo-suavizador-de-agua-purikor-ensamblado-en-gabinete-1ft%c2%b3-tanque-10-1-galones-110-volts\/","name":"Equipo suavizador de agua PURIKOR ensamblado en gabinete, 1ft\u00b3, tanque 10.1 galones, 110 volts - Maba Water","isPartOf":{"@id":"https:\/\/mabawater.com\/#website"},"primaryImageOfPage":{"@id":"https:\/\/mabawater.com\/producto\/equipo-suavizador-de-agua-purikor-ensamblado-en-gabinete-1ft%c2%b3-tanque-10-1-galones-110-volts\/#primaryimage"},"image":{"@id":"https:\/\/mabawater.com\/producto\/equipo-suavizador-de-agua-purikor-ensamblado-en-gabinete-1ft%c2%b3-tanque-10-1-galones-110-volts\/#primaryimage"},"thumbnailUrl":"https:\/\/mabawater.com\/wp-content\/uploads\/2022\/07\/pksoft1035-1g-1.jpeg","datePublished":"2022-07-29T21:43:10+00:00","dateModified":"2026-01-12T17:06:36+00:00","description":"Equipo suavizador de agua PURIKOR ensamblado en una sola unidad compuesto por una v\u00e1lvula de control autom\u00e1tico por demanda de alta calidad","breadcrumb":{"@id":"https:\/\/mabawater.com\/producto\/equipo-suavizador-de-agua-purikor-ensamblado-en-gabinete-1ft%c2%b3-tanque-10-1-galones-110-volts\/#breadcrumb"},"inLanguage":"en-US","potentialAction":[{"@type":"ReadAction","target":["https:\/\/mabawater.com\/producto\/equipo-suavizador-de-agua-purikor-ensamblado-en-gabinete-1ft%c2%b3-tanque-10-1-galones-110-volts\/"]}]},{"@type":"ImageObject","inLanguage":"en-US","@id":"https:\/\/mabawater.com\/producto\/equipo-suavizador-de-agua-purikor-ensamblado-en-gabinete-1ft%c2%b3-tanque-10-1-galones-110-volts\/#primaryimage","url":"https:\/\/mabawater.com\/wp-content\/uploads\/2022\/07\/pksoft1035-1g-1.jpeg","contentUrl":"https:\/\/mabawater.com\/wp-content\/uploads\/2022\/07\/pksoft1035-1g-1.jpeg","width":1000,"height":1000},{"@type":"BreadcrumbList","@id":"https:\/\/mabawater.com\/producto\/equipo-suavizador-de-agua-purikor-ensamblado-en-gabinete-1ft%c2%b3-tanque-10-1-galones-110-volts\/#breadcrumb","itemListElement":[{"@type":"ListItem","position":1,"name":"Portada","item":"https:\/\/mabawater.com\/"},{"@type":"ListItem","position":2,"name":"Productos Para La Calidad Del Agua","item":"https:\/\/mabawater.com\/productos-para-la-calidad-del-agua\/"},{"@type":"ListItem","position":3,"name":"Equipo suavizador de agua PURIKOR ensamblado en gabinete, 1ft\u00b3, tanque 10.1 galones, 110 volts"}]},{"@type":"WebSite","@id":"https:\/\/mabawater.com\/#website","url":"https:\/\/mabawater.com\/","name":"Maba Water","description":"Soluciones Hidr\u00e1ulicas Sustentables","publisher":{"@id":"https:\/\/mabawater.com\/#organization"},"potentialAction":[{"@type":"SearchAction","target":{"@type":"EntryPoint","urlTemplate":"https:\/\/mabawater.com\/?s={search_term_string}"},"query-input":{"@type":"PropertyValueSpecification","valueRequired":true,"valueName":"search_term_string"}}],"inLanguage":"en-US"},{"@type":"Organization","@id":"https:\/\/mabawater.com\/#organization","name":"Maba Water","url":"https:\/\/mabawater.com\/","logo":{"@type":"ImageObject","inLanguage":"en-US","@id":"https:\/\/mabawater.com\/#\/schema\/logo\/image\/","url":"https:\/\/mabawater.com\/wp-content\/uploads\/2021\/09\/water-icon.png","contentUrl":"https:\/\/mabawater.com\/wp-content\/uploads\/2021\/09\/water-icon.png","width":410,"height":176,"caption":"Maba Water"},"image":{"@id":"https:\/\/mabawater.com\/#\/schema\/logo\/image\/"},"sameAs":["https:\/\/www.facebook.com\/mabawater\/","https:\/\/www.instagram.com\/mabawater\/?hl=es-la"]}]}},"_links":{"self":[{"href":"https:\/\/mabawater.com\/en\/wp-json\/wp\/v2\/product\/19392","targetHints":{"allow":["GET"]}}],"collection":[{"href":"https:\/\/mabawater.com\/en\/wp-json\/wp\/v2\/product"}],"about":[{"href":"https:\/\/mabawater.com\/en\/wp-json\/wp\/v2\/types\/product"}],"replies":[{"embeddable":true,"href":"https:\/\/mabawater.com\/en\/wp-json\/wp\/v2\/comments?post=19392"}],"version-history":[{"count":2,"href":"https:\/\/mabawater.com\/en\/wp-json\/wp\/v2\/product\/19392\/revisions"}],"predecessor-version":[{"id":30155,"href":"https:\/\/mabawater.com\/en\/wp-json\/wp\/v2\/product\/19392\/revisions\/30155"}],"wp:featuredmedia":[{"embeddable":true,"href":"https:\/\/mabawater.com\/en\/wp-json\/wp\/v2\/media\/19354"}],"wp:attachment":[{"href":"https:\/\/mabawater.com\/en\/wp-json\/wp\/v2\/media?parent=19392"}],"wp:term":[{"taxonomy":"product_brand","embeddable":true,"href":"https:\/\/mabawater.com\/en\/wp-json\/wp\/v2\/product_brand?post=19392"},{"taxonomy":"product_cat","embeddable":true,"href":"https:\/\/mabawater.com\/en\/wp-json\/wp\/v2\/product_cat?post=19392"},{"taxonomy":"product_tag","embeddable":true,"href":"https:\/\/mabawater.com\/en\/wp-json\/wp\/v2\/product_tag?post=19392"}],"curies":[{"name":"wp","href":"https:\/\/api.w.org\/{rel}","templated":true}]}}